{"id":1002,"date":"2023-10-01T19:22:33","date_gmt":"2023-10-01T17:22:33","guid":{"rendered":"https:\/\/istikametburasi.com\/?page_id=1002"},"modified":"2023-11-12T13:25:12","modified_gmt":"2023-11-12T11:25:12","slug":"avusturya-2","status":"publish","type":"page","link":"https:\/\/istikametburasi.com\/index.php\/avusturya-2\/","title":{"rendered":"AVUSTURYA"},"content":{"rendered":"\n<p>Avrupa&#8217;n\u0131n en g\u00fcvenli, d\u00fczenli ve temiz \u00fclkelerinden biri olarak bilinen Avusturya&#8217;y\u0131 ke\u015ffederken size yard\u0131mc\u0131 olacak rotalar bu ba\u015fl\u0131kta \ud83c\udde6\ud83c\uddf9<\/p>\n\n\n\n<p>Masallardan f\u0131rlam\u0131\u015f gibi hissettiren <strong>Hallstatt<\/strong> K\u00f6y\u00fc, D\u00fczenli ve \u015f\u0131k atmosferlere sahip sokaklar\u0131 ile <strong>Viyana<\/strong>, Mozart&#8217;\u0131n \u015fehri <strong>Salzburg<\/strong> ve daha fazlas\u0131 sizleri bekliyor&#8230; <\/p>\n\n\n\n<figure class=\"wp-block-image aligncenter size-large\"><img decoding=\"async\" loading=\"lazy\" width=\"576\" height=\"1024\" src=\"https:\/\/istikametburasi.com\/wp-content\/uploads\/2023\/11\/Viyana-siteRota-576x1024.png\" alt=\"\" class=\"wp-image-1656\" srcset=\"https:\/\/istikametburasi.com\/wp-content\/uploads\/2023\/11\/Viyana-siteRota-576x1024.png 576w, https:\/\/istikametburasi.com\/wp-content\/uploads\/2023\/11\/Viyana-siteRota-169x300.png 169w, https:\/\/istikametburasi.com\/wp-content\/uploads\/2023\/11\/Viyana-siteRota-768x1365.png 768w, https:\/\/istikametburasi.com\/wp-content\/uploads\/2023\/11\/Viyana-siteRota-864x1536.png 864w, https:\/\/istikametburasi.com\/wp-content\/uploads\/2023\/11\/Viyana-siteRota.png 1080w\" sizes=\"(max-width: 576px) 100vw, 576px\" \/><\/figure>\n\n\n\n<figure class=\"wp-block-image aligncenter size-large\"><img decoding=\"async\" loading=\"lazy\" width=\"576\" height=\"1024\" src=\"https:\/\/istikametburasi.com\/wp-content\/uploads\/2023\/11\/Salzburg-siteRota-576x1024.png\" alt=\"\" class=\"wp-image-1657\" srcset=\"https:\/\/istikametburasi.com\/wp-content\/uploads\/2023\/11\/Salzburg-siteRota-576x1024.png 576w, https:\/\/istikametburasi.com\/wp-content\/uploads\/2023\/11\/Salzburg-siteRota-169x300.png 169w, https:\/\/istikametburasi.com\/wp-content\/uploads\/2023\/11\/Salzburg-siteRota-768x1365.png 768w, https:\/\/istikametburasi.com\/wp-content\/uploads\/2023\/11\/Salzburg-siteRota-864x1536.png 864w, https:\/\/istikametburasi.com\/wp-content\/uploads\/2023\/11\/Salzburg-siteRota.png 1080w\" sizes=\"(max-width: 576px) 100vw, 576px\" \/><\/figure>\n","protected":false},"excerpt":{"rendered":"<p>Avrupa&#8217;n\u0131n en g\u00fcvenli, d\u00fczenli ve temiz \u00fclkelerinden biri olarak bilinen Avusturya&#8217;y\u0131 ke\u015ffederken size yard\u0131mc\u0131 olacak rotalar bu ba\u015fl\u0131kta \ud83c\udde6\ud83c\uddf9 Masallardan<\/p>\n","protected":false},"author":1,"featured_media":0,"parent":0,"menu_order":0,"comment_status":"closed","ping_status":"closed","template":"","meta":{"om_disable_all_campaigns":false,"_mi_skip_tracking":false},"_links":{"self":[{"href":"https:\/\/istikametburasi.com\/index.php\/wp-json\/wp\/v2\/pages\/1002"}],"collection":[{"href":"https:\/\/istikametburasi.com\/index.php\/wp-json\/wp\/v2\/pages"}],"about":[{"href":"https:\/\/istikametburasi.com\/index.php\/wp-json\/wp\/v2\/types\/page"}],"author":[{"embeddable":true,"href":"https:\/\/istikametburasi.com\/index.php\/wp-json\/wp\/v2\/users\/1"}],"replies":[{"embeddable":true,"href":"https:\/\/istikametburasi.com\/index.php\/wp-json\/wp\/v2\/comments?post=1002"}],"version-history":[{"count":4,"href":"https:\/\/istikametburasi.com\/index.php\/wp-json\/wp\/v2\/pages\/1002\/revisions"}],"predecessor-version":[{"id":1658,"href":"https:\/\/istikametburasi.com\/index.php\/wp-json\/wp\/v2\/pages\/1002\/revisions\/1658"}],"wp:attachment":[{"href":"https:\/\/istikametburasi.com\/index.php\/wp-json\/wp\/v2\/media?parent=1002"}],"curies":[{"name":"wp","href":"https:\/\/api.w.org\/{rel}","templated":true}]}}