{"id":1003,"date":"2023-10-01T19:22:33","date_gmt":"2023-10-01T17:22:33","guid":{"rendered":"https:\/\/istikametburasi.com\/?page_id=1003"},"modified":"2023-10-05T14:32:47","modified_gmt":"2023-10-05T12:32:47","slug":"kosova","status":"publish","type":"page","link":"https:\/\/istikametburasi.com\/index.php\/kosova\/","title":{"rendered":"KOSOVA"},"content":{"rendered":"\n<p>\u00d6zellikle kom\u015fu \u00fclkelerine yap\u0131lacak seyahatlerde u\u00e7ak biletleri daha uygun fiyatl\u0131 oldu\u011fu i\u00e7in tercih edilen Kosova&#8217;n\u0131n 2 b\u00fcy\u00fck \u015fehrini ke\u015ffetmek i\u00e7in 1 g\u00fcn ay\u0131rsan\u0131z yeterli olacakt\u0131r \ud83c\uddfd\ud83c\uddf0<\/p>\n\n\n\n<p>Ba\u015fkent Pri\u015ftine ve bir di\u011fer pop\u00fcler \u015fehir Prizren aras\u0131 arabayla yakla\u015f\u0131k 1 saat s\u00fcr\u00fcyor. E\u011fer Kosova&#8217;dan ara\u00e7 kiralay\u0131p yak\u0131ndaki \u00fclkelere ge\u00e7i\u015f yapmayacaksan\u0131z, otob\u00fcs ile de ula\u015f\u0131m\u0131 sa\u011flaman\u0131z m\u00fcmk\u00fcn.<\/p>\n\n\n\n<figure class=\"wp-block-image size-large is-resized\"><img decoding=\"async\" loading=\"lazy\" src=\"https:\/\/istikametburasi.com\/wp-content\/uploads\/2023\/10\/Pristine-siteRota-Kopyasi-576x1024.png\" alt=\"\" class=\"wp-image-1148\" width=\"1139\" height=\"2025\" srcset=\"https:\/\/istikametburasi.com\/wp-content\/uploads\/2023\/10\/Pristine-siteRota-Kopyasi-576x1024.png 576w, https:\/\/istikametburasi.com\/wp-content\/uploads\/2023\/10\/Pristine-siteRota-Kopyasi-169x300.png 169w, https:\/\/istikametburasi.com\/wp-content\/uploads\/2023\/10\/Pristine-siteRota-Kopyasi-768x1365.png 768w, https:\/\/istikametburasi.com\/wp-content\/uploads\/2023\/10\/Pristine-siteRota-Kopyasi-864x1536.png 864w, https:\/\/istikametburasi.com\/wp-content\/uploads\/2023\/10\/Pristine-siteRota-Kopyasi.png 1080w\" sizes=\"(max-width: 1139px) 100vw, 1139px\" \/><\/figure>\n","protected":false},"excerpt":{"rendered":"<p>\u00d6zellikle kom\u015fu \u00fclkelerine yap\u0131lacak seyahatlerde u\u00e7ak biletleri daha uygun fiyatl\u0131 oldu\u011fu i\u00e7in tercih edilen Kosova&#8217;n\u0131n 2 b\u00fcy\u00fck \u015fehrini ke\u015ffetmek i\u00e7in<\/p>\n","protected":false},"author":1,"featured_media":0,"parent":0,"menu_order":0,"comment_status":"closed","ping_status":"closed","template":"","meta":{"om_disable_all_campaigns":false,"_mi_skip_tracking":false},"_links":{"self":[{"href":"https:\/\/istikametburasi.com\/index.php\/wp-json\/wp\/v2\/pages\/1003"}],"collection":[{"href":"https:\/\/istikametburasi.com\/index.php\/wp-json\/wp\/v2\/pages"}],"about":[{"href":"https:\/\/istikametburasi.com\/index.php\/wp-json\/wp\/v2\/types\/page"}],"author":[{"embeddable":true,"href":"https:\/\/istikametburasi.com\/index.php\/wp-json\/wp\/v2\/users\/1"}],"replies":[{"embeddable":true,"href":"https:\/\/istikametburasi.com\/index.php\/wp-json\/wp\/v2\/comments?post=1003"}],"version-history":[{"count":2,"href":"https:\/\/istikametburasi.com\/index.php\/wp-json\/wp\/v2\/pages\/1003\/revisions"}],"predecessor-version":[{"id":1150,"href":"https:\/\/istikametburasi.com\/index.php\/wp-json\/wp\/v2\/pages\/1003\/revisions\/1150"}],"wp:attachment":[{"href":"https:\/\/istikametburasi.com\/index.php\/wp-json\/wp\/v2\/media?parent=1003"}],"curies":[{"name":"wp","href":"https:\/\/api.w.org\/{rel}","templated":true}]}}