{"id":1351,"date":"2023-10-08T17:12:03","date_gmt":"2023-10-08T15:12:03","guid":{"rendered":"https:\/\/istikametburasi.com\/?page_id=1351"},"modified":"2023-10-08T17:21:23","modified_gmt":"2023-10-08T15:21:23","slug":"fadima","status":"publish","type":"page","link":"https:\/\/istikametburasi.com\/index.php\/fadima\/","title":{"rendered":"FAD\u0130MA"},"content":{"rendered":"\n<figure class=\"is-layout-flex wp-block-gallery-1 wp-block-gallery has-nested-images columns-default is-cropped\">\n<figure class=\"wp-block-image size-large\"><img decoding=\"async\" loading=\"lazy\" width=\"1024\" height=\"1024\" data-id=\"1357\"  src=\"https:\/\/istikametburasi.com\/wp-content\/uploads\/2023\/10\/fadima-2-1024x1024.png\" alt=\"\" class=\"wp-image-1357\" srcset=\"https:\/\/istikametburasi.com\/wp-content\/uploads\/2023\/10\/fadima-2-1024x1024.png 1024w, https:\/\/istikametburasi.com\/wp-content\/uploads\/2023\/10\/fadima-2-300x300.png 300w, https:\/\/istikametburasi.com\/wp-content\/uploads\/2023\/10\/fadima-2-150x150.png 150w, https:\/\/istikametburasi.com\/wp-content\/uploads\/2023\/10\/fadima-2-768x768.png 768w, https:\/\/istikametburasi.com\/wp-content\/uploads\/2023\/10\/fadima-2.png 1080w\" sizes=\"(max-width: 1024px) 100vw, 1024px\" \/><\/figure>\n\n\n\n<figure class=\"wp-block-image size-large\"><img decoding=\"async\" loading=\"lazy\" width=\"1024\" height=\"1024\" data-id=\"1356\"  src=\"https:\/\/istikametburasi.com\/wp-content\/uploads\/2023\/10\/fadima-1-1024x1024.png\" alt=\"\" class=\"wp-image-1356\" srcset=\"https:\/\/istikametburasi.com\/wp-content\/uploads\/2023\/10\/fadima-1-1024x1024.png 1024w, https:\/\/istikametburasi.com\/wp-content\/uploads\/2023\/10\/fadima-1-300x300.png 300w, https:\/\/istikametburasi.com\/wp-content\/uploads\/2023\/10\/fadima-1-150x150.png 150w, https:\/\/istikametburasi.com\/wp-content\/uploads\/2023\/10\/fadima-1-768x768.png 768w, https:\/\/istikametburasi.com\/wp-content\/uploads\/2023\/10\/fadima-1.png 1080w\" sizes=\"(max-width: 1024px) 100vw, 1024px\" \/><figcaption class=\"wp-element-caption\">\u00c7ile Yolu<\/figcaption><\/figure>\n\n\n\n<figure class=\"wp-block-image size-large\"><img decoding=\"async\" loading=\"lazy\" width=\"1024\" height=\"1024\" data-id=\"1358\"  src=\"https:\/\/istikametburasi.com\/wp-content\/uploads\/2023\/10\/fadima-3-1024x1024.png\" alt=\"\" class=\"wp-image-1358\" srcset=\"https:\/\/istikametburasi.com\/wp-content\/uploads\/2023\/10\/fadima-3-1024x1024.png 1024w, https:\/\/istikametburasi.com\/wp-content\/uploads\/2023\/10\/fadima-3-300x300.png 300w, https:\/\/istikametburasi.com\/wp-content\/uploads\/2023\/10\/fadima-3-150x150.png 150w, https:\/\/istikametburasi.com\/wp-content\/uploads\/2023\/10\/fadima-3-768x768.png 768w, https:\/\/istikametburasi.com\/wp-content\/uploads\/2023\/10\/fadima-3.png 1080w\" sizes=\"(max-width: 1024px) 100vw, 1024px\" \/><\/figure>\n<\/figure>\n\n\n\n<p>Porto veya Lizbon seyahatlerinizde 1 g\u00fcn ay\u0131rarak ke\u015ffetmenizi \u00f6nerece\u011fimiz mistik bir \u015fehir. \u0130ki \u015fehirden de tren, otob\u00fcs v eya g\u00fcn\u00fcbirlik turlara kat\u0131larak \u015fehri ke\u015ffedebilirsiniz. Benim \u00f6nerim g\u00fcnl\u00fck turlara kat\u0131larak gitmeniz olacak \u00e7\u00fcnk\u00fc gezerken tarihi ve efsanelerini dinlemek \u00e7ok daha keyifli oluyor.<\/p>\n\n\n\n<p>Portekiz&#8217;in mistik \u015fehri Fatima, pop\u00fcleritesini ger\u00e7ekli\u011fi hala tart\u0131\u015f\u0131lan mucizelere bor\u00e7lu.<\/p>\n\n\n\n<p>Buras\u0131, Hristiyanlar\u0131n hac ibadetlerini yerine getirdikleri bir durak.<\/p>\n\n\n\n<p>\u015eehirde me\u015fhur bir kilise bulunuyor. Bu kilisenin \u00f6n\u00fcnde ise uzun bir <strong>\u00e7ile yolu<\/strong> var. \u0130nsanlar bu yolda dizleri \u00fczerinde y\u00fcr\u00fcyor ve \u0130sa&#8217;n\u0131n \u00e7arm\u0131ha gerildi\u011finde hissetti\u011fi ac\u0131y\u0131 hissetmeyi ama\u00e7l\u0131yormu\u015f.<\/p>\n\n\n\n<p>Normalde dizlerinde bir koruma olmadan, dizleri a\u00e7\u0131k bir \u015fekilde diz \u00fcst\u00fc y\u00fcr\u00fcrken g\u00fcn\u00fcm\u00fczde art\u0131k \u00e7o\u011funlukla dizlik takarak y\u00fcr\u00fcyorlarm\u0131\u015f. Asl\u0131nda bu durum diz \u00fcst\u00fc y\u00fcr\u00fcmelerindeki amac\u0131 ortadan kald\u0131rm\u0131\u015f oluyor ama halen daha bu \u015fekilde ibadet etmeye devam ediyorlar.<\/p>\n\n\n\n<p>Fatima k\u00fc\u00e7\u00fck bir \u015fehir olmas\u0131na ra\u011fmen, y\u0131lda milyonlarca ziyaret\u00e7i \u00e7ekiyor. Bir\u00e7ok turist ve hac yapmak i\u00e7in gelerek ibadetini ger\u00e7ekle\u015ftiren insan \u015fehri hi\u00e7 bo\u015f b\u0131rakm\u0131yor.<\/p>\n\n\n\n<p>Fatima\u2019y\u0131 bu kadar \u00fcnl\u00fc yapan ise 1917 y\u0131l\u0131nda ya\u015fanan <strong>Meryem Ana Efsanesi<\/strong>. 1917 y\u0131l\u0131nda Meryem Ana 3 \u00e7oban \u00e7ocu\u011fa g\u00f6z\u00fck\u00fcr. \u00c7ocuklar\u0131n anlatt\u0131\u011f\u0131 bu hikaye k\u0131sa s\u00fcrede kulaktan kula\u011fa bir dalga gibi yay\u0131l\u0131r. D\u00f6nemin yaz\u0131l\u0131 kaynaklar\u0131na g\u00f6re 1917 y\u0131l\u0131n\u0131n Ekim ay\u0131nda binlerce ki\u015fi Meryem Ana\u2019y\u0131 beklemek \u00fczere Fatima\u2019da toplan\u0131r ve yaz\u0131lanlara g\u00f6re son derece olumsuz hava \u015fartlar\u0131na ra\u011fmen bulutlar da\u011f\u0131l\u0131r, g\u00fcne\u015f \u00e7\u0131kar ve yakla\u015f\u0131k 12 dakika kadar havai fi\u015fek g\u00f6sterisini and\u0131ran bir \u0131\u015f\u0131k g\u00f6sterisine \u015fahit olurlar. Ya\u015fanan bu olay\u0131n ard\u0131ndan bu noktaya kilise yap\u0131l\u0131r.<\/p>\n\n\n\n<p>Bahsi ge\u00e7en \u00fc\u00e7 \u00e7oban \u00e7ocuktan ikisi k\u00fc\u00e7\u00fck ya\u015fta \u00f6l\u00fcr. Lucia ise 2005 y\u0131l\u0131nda 97 ya\u015f\u0131nda \u00f6lm\u00fc\u015f. Vatikan Lucia\u2019n\u0131n \u00f6l\u00fcm\u00fcn\u00fcn ard\u0131ndan kendisini azizelik ile onurland\u0131rm\u0131\u015f. Y\u0131llar i\u00e7erisinde Fatima Hristiyanlar\u0131n en kutsal hac merkezlerinden birisi haline gelmi\u015f.<\/p>\n\n\n\n<p><\/p>\n","protected":false},"excerpt":{"rendered":"<p>Porto veya Lizbon seyahatlerinizde 1 g\u00fcn ay\u0131rarak ke\u015ffetmenizi \u00f6nerece\u011fimiz mistik bir \u015fehir. \u0130ki \u015fehirden de tren, otob\u00fcs v eya g\u00fcn\u00fcbirlik<\/p>\n","protected":false},"author":1,"featured_media":0,"parent":0,"menu_order":0,"comment_status":"closed","ping_status":"closed","template":"","meta":{"om_disable_all_campaigns":false,"_mi_skip_tracking":false},"_links":{"self":[{"href":"https:\/\/istikametburasi.com\/index.php\/wp-json\/wp\/v2\/pages\/1351"}],"collection":[{"href":"https:\/\/istikametburasi.com\/index.php\/wp-json\/wp\/v2\/pages"}],"about":[{"href":"https:\/\/istikametburasi.com\/index.php\/wp-json\/wp\/v2\/types\/page"}],"author":[{"embeddable":true,"href":"https:\/\/istikametburasi.com\/index.php\/wp-json\/wp\/v2\/users\/1"}],"replies":[{"embeddable":true,"href":"https:\/\/istikametburasi.com\/index.php\/wp-json\/wp\/v2\/comments?post=1351"}],"version-history":[{"count":2,"href":"https:\/\/istikametburasi.com\/index.php\/wp-json\/wp\/v2\/pages\/1351\/revisions"}],"predecessor-version":[{"id":1359,"href":"https:\/\/istikametburasi.com\/index.php\/wp-json\/wp\/v2\/pages\/1351\/revisions\/1359"}],"wp:attachment":[{"href":"https:\/\/istikametburasi.com\/index.php\/wp-json\/wp\/v2\/media?parent=1351"}],"curies":[{"name":"wp","href":"https:\/\/api.w.org\/{rel}","templated":true}]}}