{"id":1401,"date":"2023-10-09T19:16:06","date_gmt":"2023-10-09T17:16:06","guid":{"rendered":"https:\/\/istikametburasi.com\/?page_id=1401"},"modified":"2023-12-30T15:11:12","modified_gmt":"2023-12-30T13:11:12","slug":"vatikan-4","status":"publish","type":"page","link":"https:\/\/istikametburasi.com\/index.php\/vatikan-4\/","title":{"rendered":"VAT\u0130KAN"},"content":{"rendered":"\n<figure class=\"is-layout-flex wp-block-gallery-1 wp-block-gallery has-nested-images columns-default is-cropped\">\n<figure class=\"wp-block-image size-large\"><img decoding=\"async\" loading=\"lazy\" width=\"1024\" height=\"1024\" data-id=\"1407\"  src=\"https:\/\/istikametburasi.com\/wp-content\/uploads\/2023\/10\/vatikan-1-1024x1024.png\" alt=\"\" class=\"wp-image-1407\" srcset=\"https:\/\/istikametburasi.com\/wp-content\/uploads\/2023\/10\/vatikan-1-1024x1024.png 1024w, https:\/\/istikametburasi.com\/wp-content\/uploads\/2023\/10\/vatikan-1-300x300.png 300w, https:\/\/istikametburasi.com\/wp-content\/uploads\/2023\/10\/vatikan-1-150x150.png 150w, https:\/\/istikametburasi.com\/wp-content\/uploads\/2023\/10\/vatikan-1-768x768.png 768w, https:\/\/istikametburasi.com\/wp-content\/uploads\/2023\/10\/vatikan-1.png 1080w\" sizes=\"(max-width: 1024px) 100vw, 1024px\" \/><\/figure>\n\n\n\n<figure class=\"wp-block-image size-large\"><img decoding=\"async\" loading=\"lazy\" width=\"1024\" height=\"1024\" data-id=\"1406\"  src=\"https:\/\/istikametburasi.com\/wp-content\/uploads\/2023\/10\/vatikan-2-1024x1024.png\" alt=\"\" class=\"wp-image-1406\" srcset=\"https:\/\/istikametburasi.com\/wp-content\/uploads\/2023\/10\/vatikan-2-1024x1024.png 1024w, https:\/\/istikametburasi.com\/wp-content\/uploads\/2023\/10\/vatikan-2-300x300.png 300w, https:\/\/istikametburasi.com\/wp-content\/uploads\/2023\/10\/vatikan-2-150x150.png 150w, https:\/\/istikametburasi.com\/wp-content\/uploads\/2023\/10\/vatikan-2-768x768.png 768w, https:\/\/istikametburasi.com\/wp-content\/uploads\/2023\/10\/vatikan-2.png 1080w\" sizes=\"(max-width: 1024px) 100vw, 1024px\" \/><\/figure>\n\n\n\n<figure class=\"wp-block-image size-large\"><img decoding=\"async\" loading=\"lazy\" width=\"1024\" height=\"1024\" data-id=\"1408\"  src=\"https:\/\/istikametburasi.com\/wp-content\/uploads\/2023\/10\/vatikan-3-1024x1024.png\" alt=\"\" class=\"wp-image-1408\" srcset=\"https:\/\/istikametburasi.com\/wp-content\/uploads\/2023\/10\/vatikan-3-1024x1024.png 1024w, https:\/\/istikametburasi.com\/wp-content\/uploads\/2023\/10\/vatikan-3-300x300.png 300w, https:\/\/istikametburasi.com\/wp-content\/uploads\/2023\/10\/vatikan-3-150x150.png 150w, https:\/\/istikametburasi.com\/wp-content\/uploads\/2023\/10\/vatikan-3-768x768.png 768w, https:\/\/istikametburasi.com\/wp-content\/uploads\/2023\/10\/vatikan-3.png 1080w\" sizes=\"(max-width: 1024px) 100vw, 1024px\" \/><\/figure>\n<\/figure>\n\n\n\n<p>\u0130talya s\u0131n\u0131rlar\u0131 i\u00e7erisinde kalan, 1000 ki\u015fi n\u00fcfusu olan, d\u00fcnyan\u0131n Katolik merkezi olarak kabul edilen bir \u00fclke.<\/p>\n\n\n\n<p>\ud83c\uddfb\ud83c\udde6Vatikan, Roma s\u0131n\u0131rlar\u0131 i\u00e7erisinde yer alan Hristiyanl\u0131k dininin Katolik mezhebinin y\u00f6netim merkezi olan ba\u011f\u0131ms\u0131z bir devlet. Devlet ba\u015fkan\u0131 Papa\u2019n\u0131n s\u00f6zleri yasa h\u00fckm\u00fcnde. Papa, hem devlet ba\u015fkan\u0131 hem de Katolik mezhebinin ruhani lideridir.<\/p>\n\n\n\n<p>\ud83c\udfdb\ufe0fBurada en etkileyici k\u0131s\u0131m kesinlikle Vatikan M\u00fczesi, giri\u015f biletlerini internet \u00fczerinden alabilirsiniz. Bileti al\u0131rken se\u00e7ti\u011finiz saatte giderek m\u00fczeye giri\u015f yapabiliyorsunuz. Bilet fiyat\u0131 17\u20ac.<\/p>\n\n\n\n<p>\ud83d\udc68\ud83c\udffc\u200d\ud83c\udf93Normalde Avrupa\u2019da pek \u00e7ok m\u00fcze sadece Avrupa Birli\u011fi \u00fclkelerindeki \u00f6\u011frencilere \u00fccretsiz veya indirimli bilet hakk\u0131 veriyor. Fakat Vatikan\u2019da \u00f6\u011frenci indirimi 26 ya\u015f alt\u0131 her milletten \u00f6\u011frenci i\u00e7in ge\u00e7erli ve \u00fccreti 8\u20ac.&nbsp;ISIC card veya E-devlet\u2019ten \u00f6\u011frenci belgenizi g\u00f6stererek indirimden faydalanabilirsiniz.<\/p>\n\n\n\n<p>\ud83d\udcc5Vatikan M\u00fczeleri, Pazartesi ve Cumartesi g\u00fcnleri aras\u0131nda her g\u00fcn 09:00\u201318:00 aras\u0131 a\u00e7\u0131k ancak en ge\u00e7 giri\u015f saati 16:00.<\/p>\n\n\n\n<p>\u26ea\ufe0fSistina \u015eapeli, Vatikan M\u00fczesi\u2019ni&nbsp;gezerken g\u00f6rece\u011finiz en \u00f6zel noktalardan biri. Buras\u0131 papal\u0131kde yap\u0131ld\u0131\u011f\u0131 yer. Bir papa \u00f6ld\u00fc\u011f\u00fcnde ya da istifa etti\u011finde, d\u00fcnyan\u0131n d\u00f6rt bir yan\u0131ndan kardinaller buraya gelir ve papal\u0131k se\u00e7imleri yap\u0131l\u0131r. Yap\u0131lan oylamadan sonra Sistina \u015eapeli\u2019in bacas\u0131ndan; Papa se\u00e7ilebilmi\u015fse beyaz duman, se\u00e7ilememi\u015f ve bir tur daha oylama yap\u0131lacaksa siyah duman \u00e7\u0131kar.<\/p>\n\n\n\n<p>\ud83d\udd14Videoda \u00e7e\u015fme arkas\u0131nda g\u00f6z\u00fcken St. Pietro Bazilikas\u0131\u2019na&nbsp;ise giri\u015f \u00fccretsiz, fakat \u00e7ok uzun bir s\u0131ra beklemeniz gerekiyor. E\u011fer sabah erken giderseniz nispeten daha az bir yo\u011funluk olabilir.<\/p>\n\n\n\n<p>\ud83d\uddfa\ufe0fRoma seyahatinizde 1 tam g\u00fcn\u00fcn\u00fcz\u00fc Vatikan\u2019\u0131 ke\u015ffetmeye ay\u0131rabilirsiniz. \u00d6zellikle m\u00fczede o kadar g\u00fczel detaylar var ki, gezerken zaman\u0131n nas\u0131l ge\u00e7ti\u011fini anlamayacaks\u0131n\u0131z.<\/p>\n\n\n\n<p>\u26a0\ufe0fBir konuda \u015fimdiden uyaray\u0131m, erkek ya da kad\u0131n olman\u0131z farketmez k\u0131sa bir k\u0131yafetle gitti\u011finiz zaman al\u0131nmama ihtimaliniz var. Genelde diz \u00fcst\u00fc \u015fort veya etekte sorun \u00e7\u0131kar\u0131yorlar, yani k\u0131sa bir \u015fey giyerek gitmeyin&nbsp;ya da yan\u0131n\u0131zda bacaklar\u0131n\u0131z\u0131 \u00f6rtebilece\u011finiz bir \u015fey al\u0131n.<\/p>\n\n\n\n<p>Daha detayl\u0131 g\u00f6rseller ve payla\u015f\u0131mlar\u0131 <a rel=\"noreferrer noopener\" href=\"http:\/\/www.instagram.com\/istikametburasi\/\" data-type=\"URL\" data-id=\"www.instagram.com\/istikametburasi\/\" target=\"_blank\">Instagram profilimde<\/a> \u00f6ne \u00e7\u0131kanlar k\u0131sm\u0131ndaki &#8220;\ud83c\uddfb\ud83c\udde6Vatikan&#8221; ba\u015fl\u0131\u011f\u0131 alt\u0131nda bulabilirsiniz.<\/p>\n\n\n\n<p><strong>A\u015fa\u011f\u0131da Vatikan seyahatinizde ihtiyac\u0131n\u0131z olabilecek giri\u015f biletleri ve turlar i\u00e7in linkleri bulabilirsiniz<\/strong><\/p>\n\n\n\n<p><a href=\"https:\/\/gyg.me\/MzDaRICe\" target=\"_blank\" rel=\"noreferrer noopener\"><strong><mark style=\"background-color:rgba(0, 0, 0, 0)\" class=\"has-inline-color has-vivid-red-color\">VAT\u0130KAN M\u00dcZES\u0130, SISTINE CHAPEL VE BAZ\u0130L\u0130KA TURU<\/mark><\/strong><\/a><\/p>\n\n\n\n<p><a rel=\"noreferrer noopener\" href=\"https:\/\/gyg.me\/YfrkDuGu\" target=\"_blank\"><strong><mark style=\"background-color:rgba(0, 0, 0, 0)\" class=\"has-inline-color has-vivid-red-color\">VAT\u0130KAN M\u00dcZES\u0130 VE SISTINE CHAPEL G\u0130R\u0130\u015e B\u0130LET\u0130<\/mark><\/strong><\/a><\/p>\n","protected":false},"excerpt":{"rendered":"<p>\u0130talya s\u0131n\u0131rlar\u0131 i\u00e7erisinde kalan, 1000 ki\u015fi n\u00fcfusu olan, d\u00fcnyan\u0131n Katolik merkezi olarak kabul edilen bir \u00fclke. \ud83c\uddfb\ud83c\udde6Vatikan, Roma s\u0131n\u0131rlar\u0131 i\u00e7erisinde<\/p>\n","protected":false},"author":1,"featured_media":0,"parent":0,"menu_order":0,"comment_status":"closed","ping_status":"closed","template":"","meta":{"om_disable_all_campaigns":false,"_mi_skip_tracking":false},"_links":{"self":[{"href":"https:\/\/istikametburasi.com\/index.php\/wp-json\/wp\/v2\/pages\/1401"}],"collection":[{"href":"https:\/\/istikametburasi.com\/index.php\/wp-json\/wp\/v2\/pages"}],"about":[{"href":"https:\/\/istikametburasi.com\/index.php\/wp-json\/wp\/v2\/types\/page"}],"author":[{"embeddable":true,"href":"https:\/\/istikametburasi.com\/index.php\/wp-json\/wp\/v2\/users\/1"}],"replies":[{"embeddable":true,"href":"https:\/\/istikametburasi.com\/index.php\/wp-json\/wp\/v2\/comments?post=1401"}],"version-history":[{"count":3,"href":"https:\/\/istikametburasi.com\/index.php\/wp-json\/wp\/v2\/pages\/1401\/revisions"}],"predecessor-version":[{"id":1839,"href":"https:\/\/istikametburasi.com\/index.php\/wp-json\/wp\/v2\/pages\/1401\/revisions\/1839"}],"wp:attachment":[{"href":"https:\/\/istikametburasi.com\/index.php\/wp-json\/wp\/v2\/media?parent=1401"}],"curies":[{"name":"wp","href":"https:\/\/api.w.org\/{rel}","templated":true}]}}