{"id":1494,"date":"2023-10-11T10:55:32","date_gmt":"2023-10-11T08:55:32","guid":{"rendered":"https:\/\/istikametburasi.com\/?page_id=1494"},"modified":"2023-10-11T11:19:28","modified_gmt":"2023-10-11T09:19:28","slug":"amalfi","status":"publish","type":"page","link":"https:\/\/istikametburasi.com\/index.php\/amalfi\/","title":{"rendered":"AMALFI"},"content":{"rendered":"\n<figure class=\"is-layout-flex wp-block-gallery-1 wp-block-gallery has-nested-images columns-default is-cropped\">\n<figure class=\"wp-block-image size-large\"><img decoding=\"async\" loading=\"lazy\" width=\"1024\" height=\"1024\" data-id=\"1501\"  src=\"https:\/\/istikametburasi.com\/wp-content\/uploads\/2023\/10\/amalfi-1-1024x1024.png\" alt=\"\" class=\"wp-image-1501\" srcset=\"https:\/\/istikametburasi.com\/wp-content\/uploads\/2023\/10\/amalfi-1-1024x1024.png 1024w, https:\/\/istikametburasi.com\/wp-content\/uploads\/2023\/10\/amalfi-1-300x300.png 300w, https:\/\/istikametburasi.com\/wp-content\/uploads\/2023\/10\/amalfi-1-150x150.png 150w, https:\/\/istikametburasi.com\/wp-content\/uploads\/2023\/10\/amalfi-1-768x768.png 768w, https:\/\/istikametburasi.com\/wp-content\/uploads\/2023\/10\/amalfi-1.png 1080w\" sizes=\"(max-width: 1024px) 100vw, 1024px\" \/><\/figure>\n\n\n\n<figure class=\"wp-block-image size-large\"><img decoding=\"async\" loading=\"lazy\" width=\"1024\" height=\"1024\" data-id=\"1500\"  src=\"https:\/\/istikametburasi.com\/wp-content\/uploads\/2023\/10\/amalfi-2-1024x1024.png\" alt=\"\" class=\"wp-image-1500\" srcset=\"https:\/\/istikametburasi.com\/wp-content\/uploads\/2023\/10\/amalfi-2-1024x1024.png 1024w, https:\/\/istikametburasi.com\/wp-content\/uploads\/2023\/10\/amalfi-2-300x300.png 300w, https:\/\/istikametburasi.com\/wp-content\/uploads\/2023\/10\/amalfi-2-150x150.png 150w, https:\/\/istikametburasi.com\/wp-content\/uploads\/2023\/10\/amalfi-2-768x768.png 768w, https:\/\/istikametburasi.com\/wp-content\/uploads\/2023\/10\/amalfi-2.png 1080w\" sizes=\"(max-width: 1024px) 100vw, 1024px\" \/><\/figure>\n\n\n\n<figure class=\"wp-block-image size-large\"><img decoding=\"async\" loading=\"lazy\" width=\"1024\" height=\"1024\" data-id=\"1499\"  src=\"https:\/\/istikametburasi.com\/wp-content\/uploads\/2023\/10\/amalfi-3-1024x1024.png\" alt=\"\" class=\"wp-image-1499\" srcset=\"https:\/\/istikametburasi.com\/wp-content\/uploads\/2023\/10\/amalfi-3-1024x1024.png 1024w, https:\/\/istikametburasi.com\/wp-content\/uploads\/2023\/10\/amalfi-3-300x300.png 300w, https:\/\/istikametburasi.com\/wp-content\/uploads\/2023\/10\/amalfi-3-150x150.png 150w, https:\/\/istikametburasi.com\/wp-content\/uploads\/2023\/10\/amalfi-3-768x768.png 768w, https:\/\/istikametburasi.com\/wp-content\/uploads\/2023\/10\/amalfi-3.png 1080w\" sizes=\"(max-width: 1024px) 100vw, 1024px\" \/><\/figure>\n<\/figure>\n\n\n\n<p>\u0130talya\u2019n\u0131n en pop\u00fcler sahil kasabalar\u0131ndan biri olan Amalfi\u2019ye gitmeden mutlaka bilmeniz gereken notlar\u0131 a\u015fa\u011f\u0131ya ekledim. \u00d6zellikle konaklama ve ula\u015f\u0131m ile ilgili t\u00fcyolar\u0131n i\u015finize yarayaca\u011f\u0131n\u0131 d\u00fc\u015f\u00fcn\u00fcyorum.<\/p>\n\n\n\n<p>Di\u011fer turistik kasabalar gibi Amalfi\u2019de konaklamak, yemek ve i\u00e7mek de u\u00e7uk fiyatlarda. Fakat birka\u00e7 k\u00fc\u00e7\u00fck taktikle daha ekonomik hale getirebiliyoruz \ud83d\ude42<\/p>\n\n\n\n<p><strong><mark style=\"background-color:rgba(0, 0, 0, 0)\" class=\"has-inline-color has-luminous-vivid-orange-color\">\ud83c\udfe1Konaklama<\/mark><\/strong><\/p>\n\n\n\n<p>\u00d6ncelikle konaklaman\u0131z\u0131 Amalfi yerine <strong><mark style=\"background-color:rgba(0, 0, 0, 0)\" class=\"has-inline-color has-vivid-red-color\">Salerno<\/mark><\/strong> taraflar\u0131nda se\u00e7in. Salerno, bir G\u00fcney \u0130talya \u015fehri ve gezmesi de olduk\u00e7a keyifli.<br><strong><a href=\"https:\/\/www.instagram.com\/istikametburasi\/\" data-type=\"URL\" data-id=\"https:\/\/www.instagram.com\/istikametburasi\/\" target=\"_blank\" rel=\"noreferrer noopener\">Instagram profilimde<\/a><\/strong> &#8220;\ud83c\uddee\ud83c\uddf9 Amalfi&#8221; ba\u015fl\u0131\u011f\u0131 alt\u0131ndaki hikeyelerde Salerno hakk\u0131ndaki payla\u015f\u0131mlar\u0131m\u0131 g\u00f6rebilirsiniz. Hikayemde payla\u015ft\u0131\u011f\u0131m, odas\u0131 ve manzaras\u0131yla takip\u00e7ilerim taraf\u0131ndan da \u00e7ok be\u011fenilen otelin ad\u0131 \u201cRarityart minihotel\u201d, benim videosunu payla\u015ft\u0131\u011f\u0131m odan\u0131n ismi \u201cVan Gogh\u201d. Otelin konsepti \u00fcnl\u00fc ressamlar, her oda farkl\u0131 bir konseptte, bu sebeple de\u011fi\u015fkenlik g\u00f6sterebilir.<\/p>\n\n\n\n<p><mark style=\"background-color:rgba(0, 0, 0, 0)\" class=\"has-inline-color has-luminous-vivid-orange-color\"><strong>\ud83d\udef3Ula\u015f\u0131m<\/strong><\/mark><\/p>\n\n\n\n<p>Salerno\u2019dan Amalfi\u2019ye ula\u015f\u0131m i\u00e7in iki se\u00e7ene\u011finiz var: otob\u00fcs veya feribot.<br><strong>Sita otob\u00fcsleri<\/strong> Salerno tren istasyonunun yak\u0131n\u0131ndan kalk\u0131yor, Travel Mar feribotu ise marinadan kalk\u0131yor. Otob\u00fcsle yakla\u015f\u0131k 1.30 saat s\u00fcren yolculuk feribot ile yar\u0131m saat s\u00fcr\u00fcyor. Gidi\u015f-geli\u015f \u00fccreti ise 20\u20ac.<br>\u00d6zellikle feribotla yolculuk boyu \u00e7ok g\u00fczel manzalar g\u00f6receksiniz \ud83d\ude0d<\/p>\n\n\n\n<p>Amalfi\u2019ye ula\u015ft\u0131\u011f\u0131n\u0131zda ise hemen ana meydan\u0131 ve Amalfi Katedrali\u2019ni g\u00f6receksiniz. Fakat oradaki mekanlara oturman\u0131z\u0131 tavsiye etmem, tahmin edece\u011finiz gibi biraz daha pahal\u0131 oluyorlar.<\/p>\n\n\n\n<p>Meydandan yukar\u0131 y\u00fcr\u00fcd\u00fc\u011f\u00fcn\u00fczde sa\u011fl\u0131 sollu pek \u00e7ok mekan sizi kar\u015f\u0131layacak, men\u00fcleri kar\u015f\u0131la\u015ft\u0131rarak karar verebilirsiniz.<\/p>\n\n\n\n<p><strong>Mutlaka yapman\u0131z gerekenler:<\/strong><\/p>\n\n\n\n<p>\ud83c\udf64C.I.C.A veya Cuoppo d\u2019Amalfi\u2019de k\u00fclahta k\u0131zarm\u0131\u015f deniz \u00fcr\u00fcnlerini denemek<br>\ud83c\udf4bAmalfi Limonu i\u00e7inde dondurma yemek<br>\u2615\ufe0fAndrea Pansa\u2019da kahve i\u00e7mek<br>\ud83c\udfde\ufe0fPiazza Municipio\u2019daki asans\u00f6r ile yukar\u0131 \u00e7\u0131karak manzaran\u0131n keyfini \u00e7\u0131karmak (ilk foto\u011fraftaki yer buras\u0131)<\/p>\n\n\n\n<p>E\u011fer \u0130talya&#8217;da araba kiralayarak gezmeyi d\u00fc\u015f\u00fcn\u00fcyorsan\u0131z ve Amalfi&#8217;ye de u\u011frayacaksan\u0131z mutlaka yapmam gereken bir uyar\u0131m var. Amalfi&#8217;ye giri\u015f yolunda saatler boyu beklenilen ara\u00e7 trafi\u011fi olabiliyor ve g\u00fcn\u00fcn\u00fcz\u00fcn b\u00fcy\u00fck k\u0131sm\u0131n\u0131 alabiliyor. Bu sebeple de asl\u0131nda otob\u00fcs yerine feribot ile gitmenizi tavsiye ediyorum. Amalfi&#8217;ye kara ylu ile gitmek, \u00f6zellikle de May\u0131s-Eyl\u00fcl d\u00f6neminde, b\u00fcy\u00fck bir risk.<\/p>\n\n\n\n<p>Daha fazla detay\u0131 <a rel=\"noreferrer noopener\" href=\"https:\/\/www.instagram.com\/istikametburasi\/\" data-type=\"URL\" data-id=\"https:\/\/www.instagram.com\/istikametburasi\/\" target=\"_blank\"><strong>Instagram profilimde<\/strong><\/a> &#8220;\ud83c\uddee\ud83c\uddf9 Amalfi&#8221; ba\u015fl\u0131\u011f\u0131 alt\u0131ndaki hikeyelerde bulabilirsiniz.<\/p>\n","protected":false},"excerpt":{"rendered":"<p>\u0130talya\u2019n\u0131n en pop\u00fcler sahil kasabalar\u0131ndan biri olan Amalfi\u2019ye gitmeden mutlaka bilmeniz gereken notlar\u0131 a\u015fa\u011f\u0131ya ekledim. \u00d6zellikle konaklama ve ula\u015f\u0131m ile<\/p>\n","protected":false},"author":1,"featured_media":0,"parent":0,"menu_order":0,"comment_status":"closed","ping_status":"closed","template":"","meta":{"om_disable_all_campaigns":false,"_mi_skip_tracking":false},"_links":{"self":[{"href":"https:\/\/istikametburasi.com\/index.php\/wp-json\/wp\/v2\/pages\/1494"}],"collection":[{"href":"https:\/\/istikametburasi.com\/index.php\/wp-json\/wp\/v2\/pages"}],"about":[{"href":"https:\/\/istikametburasi.com\/index.php\/wp-json\/wp\/v2\/types\/page"}],"author":[{"embeddable":true,"href":"https:\/\/istikametburasi.com\/index.php\/wp-json\/wp\/v2\/users\/1"}],"replies":[{"embeddable":true,"href":"https:\/\/istikametburasi.com\/index.php\/wp-json\/wp\/v2\/comments?post=1494"}],"version-history":[{"count":2,"href":"https:\/\/istikametburasi.com\/index.php\/wp-json\/wp\/v2\/pages\/1494\/revisions"}],"predecessor-version":[{"id":1502,"href":"https:\/\/istikametburasi.com\/index.php\/wp-json\/wp\/v2\/pages\/1494\/revisions\/1502"}],"wp:attachment":[{"href":"https:\/\/istikametburasi.com\/index.php\/wp-json\/wp\/v2\/media?parent=1494"}],"curies":[{"name":"wp","href":"https:\/\/api.w.org\/{rel}","templated":true}]}}