{"id":1745,"date":"2023-11-29T12:55:26","date_gmt":"2023-11-29T10:55:26","guid":{"rendered":"https:\/\/istikametburasi.com\/?page_id=1745"},"modified":"2023-11-29T13:12:09","modified_gmt":"2023-11-29T11:12:09","slug":"polonya-2","status":"publish","type":"page","link":"https:\/\/istikametburasi.com\/index.php\/polonya-2\/","title":{"rendered":"POLONYA"},"content":{"rendered":"\n<p>Belki de Avrupa&#8217;n\u0131n en ucuz istikametlerinin ba\u015f\u0131nda gelen Polonya&#8217;da en pop\u00fcler 3 \u015fehir i\u00e7in rotalar\u0131n\u0131z haz\u0131r, keyifli seyahatler \ud83c\uddf5\ud83c\uddf1<\/p>\n\n\n\n<p>Ba\u015fkent <strong>Var\u015fova<\/strong>, eski ve yeni \u015fehir diye adland\u0131r\u0131lan k\u0131s\u0131mlar\u0131 ile pek \u00e7ok turistin arad\u0131\u011f\u0131 t\u00fcm imkanlar\u0131 sunuyor. Eski \u015fehir taraf\u0131nda, mimari g\u00fczellikler ve pazar alan\u0131 bulunurken, yeni \u015fehir taraf\u0131 daha modernize edilmi\u015f mimariler, hareketli hayat\u0131 ile ilgi \u00e7ekiyor. \u00dclkenin en kuzey noktas\u0131nda yer al\u0131yor diyebilece\u011fim <strong>Gdansk<\/strong> ise dokusu bozulmam\u0131\u015f sokaklar\u0131 ile, her ad\u0131m\u0131n\u0131zda sizi b\u00fcy\u00fcl\u00fcyor. <strong>Krakow<\/strong> ise, herkesin favorisi diyebilirim \ud83d\ude42 \u00d6zellikle yak\u0131n\u0131nda bulunan Auschwitz-Birkenau toplama kamp\u0131na mutlaka 1 g\u00fcn ay\u0131rmal\u0131s\u0131n\u0131z.<\/p>\n\n\n\n<figure class=\"wp-block-image aligncenter size-large\"><img decoding=\"async\" loading=\"lazy\" width=\"576\" height=\"1024\" src=\"https:\/\/istikametburasi.com\/wp-content\/uploads\/2023\/11\/Varsova-siteRota-576x1024.png\" alt=\"\" class=\"wp-image-1754\" srcset=\"https:\/\/istikametburasi.com\/wp-content\/uploads\/2023\/11\/Varsova-siteRota-576x1024.png 576w, https:\/\/istikametburasi.com\/wp-content\/uploads\/2023\/11\/Varsova-siteRota-169x300.png 169w, https:\/\/istikametburasi.com\/wp-content\/uploads\/2023\/11\/Varsova-siteRota-768x1365.png 768w, https:\/\/istikametburasi.com\/wp-content\/uploads\/2023\/11\/Varsova-siteRota-864x1536.png 864w, https:\/\/istikametburasi.com\/wp-content\/uploads\/2023\/11\/Varsova-siteRota.png 1080w\" sizes=\"(max-width: 576px) 100vw, 576px\" \/><\/figure>\n\n\n\n<figure class=\"wp-block-image aligncenter size-large\"><img decoding=\"async\" loading=\"lazy\" width=\"576\" height=\"1024\" src=\"https:\/\/istikametburasi.com\/wp-content\/uploads\/2023\/11\/Krakow-siteRota-576x1024.png\" alt=\"\" class=\"wp-image-1755\" srcset=\"https:\/\/istikametburasi.com\/wp-content\/uploads\/2023\/11\/Krakow-siteRota-576x1024.png 576w, https:\/\/istikametburasi.com\/wp-content\/uploads\/2023\/11\/Krakow-siteRota-169x300.png 169w, https:\/\/istikametburasi.com\/wp-content\/uploads\/2023\/11\/Krakow-siteRota-768x1365.png 768w, https:\/\/istikametburasi.com\/wp-content\/uploads\/2023\/11\/Krakow-siteRota-864x1536.png 864w, https:\/\/istikametburasi.com\/wp-content\/uploads\/2023\/11\/Krakow-siteRota.png 1080w\" sizes=\"(max-width: 576px) 100vw, 576px\" \/><\/figure>\n\n\n\n<figure class=\"wp-block-image aligncenter size-large\"><img decoding=\"async\" loading=\"lazy\" width=\"576\" height=\"1024\" src=\"https:\/\/istikametburasi.com\/wp-content\/uploads\/2023\/11\/Gdansk-siteRota-576x1024.png\" alt=\"\" class=\"wp-image-1756\" srcset=\"https:\/\/istikametburasi.com\/wp-content\/uploads\/2023\/11\/Gdansk-siteRota-576x1024.png 576w, https:\/\/istikametburasi.com\/wp-content\/uploads\/2023\/11\/Gdansk-siteRota-169x300.png 169w, https:\/\/istikametburasi.com\/wp-content\/uploads\/2023\/11\/Gdansk-siteRota-768x1365.png 768w, https:\/\/istikametburasi.com\/wp-content\/uploads\/2023\/11\/Gdansk-siteRota-864x1536.png 864w, https:\/\/istikametburasi.com\/wp-content\/uploads\/2023\/11\/Gdansk-siteRota.png 1080w\" sizes=\"(max-width: 576px) 100vw, 576px\" \/><\/figure>\n","protected":false},"excerpt":{"rendered":"<p>Belki de Avrupa&#8217;n\u0131n en ucuz istikametlerinin ba\u015f\u0131nda gelen Polonya&#8217;da en pop\u00fcler 3 \u015fehir i\u00e7in rotalar\u0131n\u0131z haz\u0131r, keyifli seyahatler \ud83c\uddf5\ud83c\uddf1 Ba\u015fkent<\/p>\n","protected":false},"author":1,"featured_media":0,"parent":0,"menu_order":0,"comment_status":"closed","ping_status":"closed","template":"","meta":{"om_disable_all_campaigns":false,"_mi_skip_tracking":false},"_links":{"self":[{"href":"https:\/\/istikametburasi.com\/index.php\/wp-json\/wp\/v2\/pages\/1745"}],"collection":[{"href":"https:\/\/istikametburasi.com\/index.php\/wp-json\/wp\/v2\/pages"}],"about":[{"href":"https:\/\/istikametburasi.com\/index.php\/wp-json\/wp\/v2\/types\/page"}],"author":[{"embeddable":true,"href":"https:\/\/istikametburasi.com\/index.php\/wp-json\/wp\/v2\/users\/1"}],"replies":[{"embeddable":true,"href":"https:\/\/istikametburasi.com\/index.php\/wp-json\/wp\/v2\/comments?post=1745"}],"version-history":[{"count":2,"href":"https:\/\/istikametburasi.com\/index.php\/wp-json\/wp\/v2\/pages\/1745\/revisions"}],"predecessor-version":[{"id":1757,"href":"https:\/\/istikametburasi.com\/index.php\/wp-json\/wp\/v2\/pages\/1745\/revisions\/1757"}],"wp:attachment":[{"href":"https:\/\/istikametburasi.com\/index.php\/wp-json\/wp\/v2\/media?parent=1745"}],"curies":[{"name":"wp","href":"https:\/\/api.w.org\/{rel}","templated":true}]}}