{"id":1787,"date":"2023-12-06T14:46:57","date_gmt":"2023-12-06T12:46:57","guid":{"rendered":"https:\/\/istikametburasi.com\/?page_id=1787"},"modified":"2023-12-06T14:56:58","modified_gmt":"2023-12-06T12:56:58","slug":"hallstatt","status":"publish","type":"page","link":"https:\/\/istikametburasi.com\/index.php\/hallstatt\/","title":{"rendered":"HALLSTATT"},"content":{"rendered":"\n<figure class=\"is-layout-flex wp-block-gallery-1 wp-block-gallery has-nested-images columns-default is-cropped\">\n<figure class=\"wp-block-image size-large\"><img decoding=\"async\" loading=\"lazy\" width=\"1024\" height=\"1024\" data-id=\"1791\"  src=\"https:\/\/istikametburasi.com\/wp-content\/uploads\/2023\/12\/hallstatt-2-1024x1024.png\" alt=\"\" class=\"wp-image-1791\" srcset=\"https:\/\/istikametburasi.com\/wp-content\/uploads\/2023\/12\/hallstatt-2-1024x1024.png 1024w, https:\/\/istikametburasi.com\/wp-content\/uploads\/2023\/12\/hallstatt-2-300x300.png 300w, https:\/\/istikametburasi.com\/wp-content\/uploads\/2023\/12\/hallstatt-2-150x150.png 150w, https:\/\/istikametburasi.com\/wp-content\/uploads\/2023\/12\/hallstatt-2-768x768.png 768w, https:\/\/istikametburasi.com\/wp-content\/uploads\/2023\/12\/hallstatt-2.png 1080w\" sizes=\"(max-width: 1024px) 100vw, 1024px\" \/><\/figure>\n\n\n\n<figure class=\"wp-block-image size-large\"><img decoding=\"async\" loading=\"lazy\" width=\"1024\" height=\"1024\" data-id=\"1794\"  src=\"https:\/\/istikametburasi.com\/wp-content\/uploads\/2023\/12\/hallstatt-5-1024x1024.png\" alt=\"\" class=\"wp-image-1794\" srcset=\"https:\/\/istikametburasi.com\/wp-content\/uploads\/2023\/12\/hallstatt-5-1024x1024.png 1024w, https:\/\/istikametburasi.com\/wp-content\/uploads\/2023\/12\/hallstatt-5-300x300.png 300w, https:\/\/istikametburasi.com\/wp-content\/uploads\/2023\/12\/hallstatt-5-150x150.png 150w, https:\/\/istikametburasi.com\/wp-content\/uploads\/2023\/12\/hallstatt-5-768x768.png 768w, https:\/\/istikametburasi.com\/wp-content\/uploads\/2023\/12\/hallstatt-5.png 1080w\" sizes=\"(max-width: 1024px) 100vw, 1024px\" \/><\/figure>\n\n\n\n<figure class=\"wp-block-image size-large\"><img decoding=\"async\" loading=\"lazy\" width=\"1024\" height=\"1024\" data-id=\"1793\"  src=\"https:\/\/istikametburasi.com\/wp-content\/uploads\/2023\/12\/hallstatt-6-1024x1024.png\" alt=\"\" class=\"wp-image-1793\" srcset=\"https:\/\/istikametburasi.com\/wp-content\/uploads\/2023\/12\/hallstatt-6-1024x1024.png 1024w, https:\/\/istikametburasi.com\/wp-content\/uploads\/2023\/12\/hallstatt-6-300x300.png 300w, https:\/\/istikametburasi.com\/wp-content\/uploads\/2023\/12\/hallstatt-6-150x150.png 150w, https:\/\/istikametburasi.com\/wp-content\/uploads\/2023\/12\/hallstatt-6-768x768.png 768w, https:\/\/istikametburasi.com\/wp-content\/uploads\/2023\/12\/hallstatt-6.png 1080w\" sizes=\"(max-width: 1024px) 100vw, 1024px\" \/><\/figure>\n<\/figure>\n\n\n\n<p>Avusturya\u2019da bulunan bu kasaba, sanki bir masal\u0131n i\u00e7indeymi\u015f gibi sizi ger\u00e7eklikten uzakla\u015ft\u0131r\u0131yor ve bamba\u015fka bir diyara g\u00f6t\u00fcr\u00fcyor.<\/p>\n\n\n\n<p>Bir\u00e7ok ki\u015finin hayallerini s\u00fcsleyen Hallstatt kasabas\u0131n\u0131 gelin beraber gezelim\u00a0\ud83e\udd29<\/p>\n\n\n\n<p>Nas\u0131l gidilir, \u00fccretler neler, ne kadar zaman ayr\u0131lmal\u0131 gibi t\u00fcm detaylar\u0131 a\u015fa\u011f\u0131da payla\u015ft\u0131m.<\/p>\n\n\n\n<p>\ud83d\ude89 Viyana\u2019dan tek aktarma yaparak yakla\u015f\u0131k 3 saatte Hallstatt tren istasyonuna ula\u015fabilirsiniz. Trenden iner inmez bir bot sizi kar\u015f\u0131l\u0131yor olacak, gidi\u015f-geli\u015f \u00fccreti 7\u20ac.<\/p>\n\n\n\n<p>Gelelim Hallstat\u2019a, abart\u0131ld\u0131\u011f\u0131 kadar var, her soka\u011f\u0131n\u0131 hayran kalarak gezdim\u00a0\u2728<\/p>\n\n\n\n<p>\ud83d\udcb6 Avusturya\u2019n\u0131n turist kazan\u0131 oldu\u011fu i\u00e7in restoran ve kafelerde genelde fiyatlar ortalama \u00fcst\u00fc. \u00c7o\u011fu restoranda bir \u00f6\u011f\u00fcne ortalama 30\u20ac civar\u0131 verebilirsiniz.<\/p>\n\n\n\n<p>\ud83c\udf72 Benim \u00f6nerim \u201c<strong>Marktbeisl Zur Ruth<\/strong>\u201d adl\u0131 mekan olacak. Hem bar\/kafe hem de restoran olarak hizmet veriyor ve kilisenin bulundu\u011fu meydanda yer al\u0131yor. Yemekler (\u00f6zellikle balkaba\u011f\u0131 \u00e7orbas\u0131) \u00e7ok lezzetliydi ve \u00e7ok daha uygun fiyatl\u0131yd\u0131. Ayr\u0131ca daha sabahtan gidip \u00e7antalar\u0131m\u0131z\u0131 b\u0131rakabilir miyiz diye rica etti\u011fimizde tek kabul eden yerdi. \u00c7al\u0131\u015fanlar\u0131 da \u00e7ok g\u00fcler y\u00fczl\u00fc ve yard\u0131msever.<\/p>\n\n\n\n<p>\ud83c\udfe1 Burada bulunan evlerin bir k\u0131sm\u0131nda insanlar halen daha ya\u015f\u0131yor, geri kalan\u0131 da kafe veya restoran olarak hizmet veriyor.<br>Bu sebeple \u201cyasak\u201d veya \u201cgirmeyiniz\u201d yazan bah\u00e7elere girmeyin, \u00e7\u00fcnk\u00fc ba\u015fkalar\u0131n\u0131n evine izinsiz girmi\u015f oluyorsunuz. Buradaki en b\u00fcy\u00fck sorun turistlerin bu bah\u00e7elere girip, evlerin dibine kadar giderek foto\u011fraf \u00e7ekilmesiymi\u015f\u00a0<\/p>\n\n\n\n<p>\u23f0G\u00fcn\u00fcn\u00fczden 4 saat civar\u0131 ay\u0131rsan\u0131z yeterli olur bence, biz Viyana\u2019dan sabah 05.50 trenine bindik ve 09.20\u2019de Hallstatt\u2019dayd\u0131k. D\u00f6n\u00fc\u015f\u00fcm\u00fcz\u00fc de 18.50 treni ile yapt\u0131k ve saat 21.45\u2019te Salzburg\u2019a vard\u0131k. Bu yazd\u0131\u011f\u0131m tren saatleri en erken ve en ge\u00e7 trenler, e\u011fer ko\u015fturmadan rahat rahat gezeyim derseniz bu saatleri tercih edebilirsiniz. Trenler direkt gitmiyor aktarma yap\u0131yorsunuz ama tren saatleri buna g\u00f6re ayarland\u0131\u011f\u0131 i\u00e7in hi\u00e7bir sorun ya\u015famadan rahat\u00e7a yolculuk yap\u0131yorsunuz. A\u015fa\u011f\u0131ya tren ve trene gitmenizi sa\u011flayan tekne saatlerini ekliyorum. Bu trenler g\u00fcncelde bazen de\u011fi\u015fiklik g\u00f6sterebiliyor fakat fikir olu\u015fmas\u0131 a\u00e7\u0131s\u0131ndan g\u00f6z atabilirsiniz.<\/p>\n\n\n\n<figure class=\"wp-block-image aligncenter size-large is-resized\"><img decoding=\"async\" loading=\"lazy\" src=\"https:\/\/istikametburasi.com\/wp-content\/uploads\/2023\/12\/Hallstatt-tren-saatleri-1024x1024.png\" alt=\"\" class=\"wp-image-1795\" width=\"346\" height=\"346\" srcset=\"https:\/\/istikametburasi.com\/wp-content\/uploads\/2023\/12\/Hallstatt-tren-saatleri-1024x1024.png 1024w, https:\/\/istikametburasi.com\/wp-content\/uploads\/2023\/12\/Hallstatt-tren-saatleri-300x300.png 300w, https:\/\/istikametburasi.com\/wp-content\/uploads\/2023\/12\/Hallstatt-tren-saatleri-150x150.png 150w, https:\/\/istikametburasi.com\/wp-content\/uploads\/2023\/12\/Hallstatt-tren-saatleri-768x768.png 768w, https:\/\/istikametburasi.com\/wp-content\/uploads\/2023\/12\/Hallstatt-tren-saatleri.png 1080w\" sizes=\"(max-width: 346px) 100vw, 346px\" \/><\/figure>\n\n\n\n<p>Hallstatt\u2019\u0131 g\u00f6rmek i\u00e7in en g\u00fczel d\u00f6nem bence k\u0131\u015f aylar\u0131, olu\u015fturdu\u011fu mistik atmosfer ile gezmesi \u00e7ok keyifli oluyor. Tabii havan\u0131n ciddi so\u011fuk olaca\u011f\u0131n\u0131 hesaba kat\u0131p iyi giyinmenizi \u00f6neririm. E\u011fer daha canl\u0131, renkli bir d\u00f6neminde g\u00f6reyim derseniz de May\u0131s veya Eyl\u00fcl aylar\u0131n\u0131 tercih edebilirsiniz. Haziran-Temmuz-A\u011fustos aylar\u0131nda gitmemenizi tavsiye ediyorum, \u00e7\u00fcnk\u00fc \u00f6zellikle turlar bu aylarda s\u0131k\u00e7a gidiyor ve olu\u015fan a\u015f\u0131r\u0131 kalabal\u0131kta gezmek \u00e7ok da keyifli olmuyor.<\/p>\n\n\n\n<p>Daha fazla detay\u0131\u00a0<a rel=\"noreferrer noopener\" href=\"https:\/\/www.instagram.com\/istikametburasi\/\" target=\"_blank\">Instagram profilimde<\/a>\u00a0\u00f6ne \u00e7\u0131kanlar k\u0131sm\u0131ndaki \u201c\ud83c\udde6\ud83c\uddf9 Hallstatt\u201d ba\u015fl\u0131\u011f\u0131 alt\u0131nda bulabilirsiniz<\/p>\n","protected":false},"excerpt":{"rendered":"<p>Avusturya\u2019da bulunan bu kasaba, sanki bir masal\u0131n i\u00e7indeymi\u015f gibi sizi ger\u00e7eklikten uzakla\u015ft\u0131r\u0131yor ve bamba\u015fka bir diyara g\u00f6t\u00fcr\u00fcyor. Bir\u00e7ok ki\u015finin hayallerini<\/p>\n","protected":false},"author":1,"featured_media":0,"parent":0,"menu_order":0,"comment_status":"closed","ping_status":"closed","template":"","meta":{"om_disable_all_campaigns":false,"_mi_skip_tracking":false},"_links":{"self":[{"href":"https:\/\/istikametburasi.com\/index.php\/wp-json\/wp\/v2\/pages\/1787"}],"collection":[{"href":"https:\/\/istikametburasi.com\/index.php\/wp-json\/wp\/v2\/pages"}],"about":[{"href":"https:\/\/istikametburasi.com\/index.php\/wp-json\/wp\/v2\/types\/page"}],"author":[{"embeddable":true,"href":"https:\/\/istikametburasi.com\/index.php\/wp-json\/wp\/v2\/users\/1"}],"replies":[{"embeddable":true,"href":"https:\/\/istikametburasi.com\/index.php\/wp-json\/wp\/v2\/comments?post=1787"}],"version-history":[{"count":2,"href":"https:\/\/istikametburasi.com\/index.php\/wp-json\/wp\/v2\/pages\/1787\/revisions"}],"predecessor-version":[{"id":1796,"href":"https:\/\/istikametburasi.com\/index.php\/wp-json\/wp\/v2\/pages\/1787\/revisions\/1796"}],"wp:attachment":[{"href":"https:\/\/istikametburasi.com\/index.php\/wp-json\/wp\/v2\/media?parent=1787"}],"curies":[{"name":"wp","href":"https:\/\/api.w.org\/{rel}","templated":true}]}}