{"id":1799,"date":"2023-12-18T23:44:16","date_gmt":"2023-12-18T21:44:16","guid":{"rendered":"https:\/\/istikametburasi.com\/?page_id=1799"},"modified":"2025-01-01T21:53:16","modified_gmt":"2025-01-01T19:53:16","slug":"krakow","status":"publish","type":"page","link":"https:\/\/istikametburasi.com\/index.php\/krakow\/","title":{"rendered":"KRAKOW"},"content":{"rendered":"\n<figure class=\"is-layout-flex wp-block-gallery-1 wp-block-gallery has-nested-images columns-default is-cropped\">\n<figure class=\"wp-block-image size-large\"><img decoding=\"async\" loading=\"lazy\" width=\"1024\" height=\"1024\" data-id=\"1805\"  src=\"https:\/\/istikametburasi.com\/wp-content\/uploads\/2023\/12\/krakow1-1024x1024.png\" alt=\"\" class=\"wp-image-1805\" srcset=\"https:\/\/istikametburasi.com\/wp-content\/uploads\/2023\/12\/krakow1-1024x1024.png 1024w, https:\/\/istikametburasi.com\/wp-content\/uploads\/2023\/12\/krakow1-300x300.png 300w, https:\/\/istikametburasi.com\/wp-content\/uploads\/2023\/12\/krakow1-150x150.png 150w, https:\/\/istikametburasi.com\/wp-content\/uploads\/2023\/12\/krakow1-768x768.png 768w, https:\/\/istikametburasi.com\/wp-content\/uploads\/2023\/12\/krakow1.png 1080w\" sizes=\"(max-width: 1024px) 100vw, 1024px\" \/><\/figure>\n\n\n\n<figure class=\"wp-block-image size-large\"><img decoding=\"async\" loading=\"lazy\" width=\"1024\" height=\"1024\" data-id=\"1804\"  src=\"https:\/\/istikametburasi.com\/wp-content\/uploads\/2023\/12\/krakow2-1024x1024.png\" alt=\"\" class=\"wp-image-1804\" srcset=\"https:\/\/istikametburasi.com\/wp-content\/uploads\/2023\/12\/krakow2-1024x1024.png 1024w, https:\/\/istikametburasi.com\/wp-content\/uploads\/2023\/12\/krakow2-300x300.png 300w, https:\/\/istikametburasi.com\/wp-content\/uploads\/2023\/12\/krakow2-150x150.png 150w, https:\/\/istikametburasi.com\/wp-content\/uploads\/2023\/12\/krakow2-768x768.png 768w, https:\/\/istikametburasi.com\/wp-content\/uploads\/2023\/12\/krakow2.png 1080w\" sizes=\"(max-width: 1024px) 100vw, 1024px\" \/><\/figure>\n\n\n\n<figure class=\"wp-block-image size-large\"><img decoding=\"async\" loading=\"lazy\" width=\"1024\" height=\"1024\" data-id=\"1806\"  src=\"https:\/\/istikametburasi.com\/wp-content\/uploads\/2023\/12\/krakow3-1024x1024.png\" alt=\"\" class=\"wp-image-1806\" srcset=\"https:\/\/istikametburasi.com\/wp-content\/uploads\/2023\/12\/krakow3-1024x1024.png 1024w, https:\/\/istikametburasi.com\/wp-content\/uploads\/2023\/12\/krakow3-300x300.png 300w, https:\/\/istikametburasi.com\/wp-content\/uploads\/2023\/12\/krakow3-150x150.png 150w, https:\/\/istikametburasi.com\/wp-content\/uploads\/2023\/12\/krakow3-768x768.png 768w, https:\/\/istikametburasi.com\/wp-content\/uploads\/2023\/12\/krakow3.png 1080w\" sizes=\"(max-width: 1024px) 100vw, 1024px\" \/><\/figure>\n<\/figure>\n\n\n\n<p><strong>Krakow: Polonya\u2019n\u0131n Tarihi ve K\u00fclt\u00fcrel Kalbi<\/strong><\/p>\n\n\n\n<p>Krakow, Polonya\u2019n\u0131n en eski ve en b\u00fcy\u00fcleyici \u015fehirlerinden biri. Orta \u00c7a\u011f\u2019dan kalma atmosferi, zarif mimarisi ve etkileyici tarih\u00ee mekanlar\u0131yla Krakow, her ziyaret\u00e7iye unutulmaz bir deneyim sunuyor. \u015eehrin hareketli meydanlar\u0131nda y\u00fcr\u00fcyebilir, Wawel Kalesi\u2019nde tarihin izlerini s\u00fcrebilir ya da Planty Park\u2019\u0131n huzur dolu atmosferinde dinlenebilirsiniz. Polonya mutfa\u011f\u0131n\u0131n e\u015fsiz lezzetleriyle de tan\u0131\u015faca\u011f\u0131n\u0131z Krakow, hem tarih hem de k\u00fclt\u00fcr dolu bir yolculuk i\u00e7in ideal.<\/p>\n\n\n\n<p><strong><mark style=\"background-color:rgba(0, 0, 0, 0)\" class=\"has-inline-color has-vivid-red-color\">Krakow Yap\u0131lacaklar Listesi<\/mark><\/strong><mark style=\"background-color:rgba(0, 0, 0, 0)\" class=\"has-inline-color has-vivid-red-color\">:<\/mark><\/p>\n\n\n\n<p>\ud83c\udff0 Krakow Barbican\u2019\u0131&nbsp;g\u00f6r\u00fcn<br>\u2728 Aziz Florian Kap\u0131s\u0131\u2019n\u0131 foto\u011fraflay\u0131n<br>\ud83d\udc63 Florianska Caddesi boyunca y\u00fcr\u00fcy\u00fcn<br>\ud83d\udcf8 Rynek Glowsy\u2019da foto\u011fraf \u00e7ekilin<br>\ud83c\udfdb Rynek Underground M\u00fczesi\u2019ni gezin<br>\ud83e\udd5f Pierogi tad\u0131n<br>\ud83d\udd14 St.Mary\u2019s Bazilikas\u0131\u2019n\u0131&nbsp;g\u00f6r\u00fcn<br>\ud83c\udf33 Planty Park\u2019da&nbsp;y\u00fcr\u00fcy\u00fcn<br>\ud83c\udf9f Wawel Kalesi\u2019ni gezin<br>\ud83e\udd6f Obwarzanek ile at\u0131\u015ft\u0131r\u0131n<br>\u2b50\ufe0f Wawel Katedrali\u2019ni&nbsp;ziyaret edin<br>\ud83d\ude8c G\u00fcn\u00fcbirlik Auschwitz-Birkenau\u2019ya&nbsp;gidin<br>\u26cf Wieliczka Tuz Madeni\u2019ne&nbsp;gidin<br>\ud83c\udf2d Zapiekanki\u2019yi&nbsp;deneyin<\/p>\n\n\n\n<p><strong>\ud83c\udf7d Nerede Yenir?<\/strong><\/p>\n\n\n\n<p>\ud83d\udccc <strong><mark style=\"background-color:rgba(0, 0, 0, 0)\" class=\"has-inline-color has-vivid-red-color\">Restauracja Pod Baranem<\/mark><\/strong> (Wawel Kalesi\u2019ne yak\u0131n bir restoran. Yemeklerini \u00e7ok be\u011fenmi\u015ftim ve \u00f6zellikle ekmek i\u00e7inde sunulan Kremal\u0131 Mantar \u00c7orbas\u0131\u2019n\u0131\u00a0denemenizi \u00f6neririm)<br>\ud83d\udccc <strong><mark style=\"background-color:rgba(0, 0, 0, 0)\" class=\"has-inline-color has-vivid-red-color\">Kogel Mogel Restoran<\/mark><\/strong> (Michelin Y\u0131ld\u0131zl\u0131 bir restoran, fiyatlar\u0131 di\u011fer Michelin Y\u0131ld\u0131zl\u0131 restoranlara g\u00f6re daha uygun. Men\u00fcde tavsiye edilen yemekleri yemenizi\u00a0\u00f6neririm. Ben hepsini \u00e7ok be\u011fenmi\u015ftim)<br>\ud83d\udccc <strong><mark style=\"background-color:rgba(0, 0, 0, 0)\" class=\"has-inline-color has-vivid-red-color\">Domowe Przysmaki<\/mark><\/strong> (Y\u00f6resel Lezzetleri daha uygun\u00a0fiyatl\u0131 denemek isterseniz tavsiyem buras\u0131 olacak)<\/p>\n\n\n\n<p>\u2708\ufe0f Krakow\u2019a \u0130stanbul\u2019dan direkt u\u00e7u\u015f ile gidebiliyorsunuz. Ayr\u0131ca, Var\u015fova \u00fczerinden de 3 saate yak\u0131n bir tren yolculu\u011fu ile gitmek m\u00fcmk\u00fcn. Bilet fiyatlar\u0131na g\u00f6re Var\u015fova veya Krakow\u2019a u\u00e7arak \u015fehre ula\u015fabilirsiniz.<\/p>\n\n\n\n<p>\u2744\ufe0f K\u0131\u015f aylar\u0131nda so\u011fuk oldu\u011fu do\u011frudur \ud83d\ude42 Fakat karlar alt\u0131nda gezmek de ayr\u0131 g\u00fczel, bu sebeple k\u0131\u015f\u0131n da gitmenizi tavsiye ederim. En kalabal\u0131k sezon ise yaz aylar\u0131.<\/p>\n\n\n\n<p>\ud83d\udccc A\u015fa\u011f\u0131da birka\u00e7 turistik durak i\u00e7in\u00a0<strong>k\u0131sa bilgileri<\/strong>\u00a0ekliyorum, \u015fehri gezerken bu duraklar\u0131n tarihi \u00f6nemi gibi detaylar\u0131 bulabilirsiniz.<\/p>\n\n\n\n<p><strong>\ud83c\udff0 Krakow Barbican<\/strong><\/p>\n\n\n\n<p>Orta \u00c7a\u011f\u2019da \u015fehri korumak i\u00e7in in\u015fa edilmi\u015f Krakow Barbican, \u015fehrin savunma sisteminin en iyi korunmu\u015f par\u00e7alar\u0131ndan biri. Dairesel yap\u0131s\u0131 ve etkileyici kuleleriyle dikkat \u00e7eken bu yap\u0131, hem mimarisi hem de tarihi \u00f6nemiyle b\u00fcy\u00fcleyici. G\u00fcn\u00fcm\u00fczde sergilere ve etkinliklere ev sahipli\u011fi yap\u0131yor.<\/p>\n\n\n\n<p><strong>\ud83d\udcf8 Rynek Glowsy (Ana Meydan)<\/strong><\/p>\n\n\n\n<p>Avrupa\u2019n\u0131n en b\u00fcy\u00fck Orta \u00c7a\u011f meydan\u0131 olan Rynek Glowsy, Krakow\u2019un kalbi. Meydan, rengarenk tarihi binalar, etkileyici an\u0131tlar ve hareketli atmosferiyle ziyaret\u00e7ileri kendine \u00e7ekiyor. Burada bol bol foto\u011fraf \u00e7ekebilir, kafelerde oturarak meydan\u0131n enerjisini hissedebilirsiniz.<\/p>\n\n\n\n<p><strong>\ud83d\udd14 St. Mary\u2019s Bazilikas\u0131<\/strong><\/p>\n\n\n\n<p>Rynek Glowsy Meydan\u0131\u2019nda yer alan St. Mary\u2019s Bazilikas\u0131, gotik mimarinin en g\u00fczel \u00f6rneklerinden biri. \u0130\u00e7indeki ah\u015fap oymal\u0131 altar ve vitray pencereler b\u00fcy\u00fcleyici. Ayr\u0131ca, saat ba\u015f\u0131 \u00e7al\u0131nan trompet sesi, bazilikan\u0131n unutulmaz detaylar\u0131ndan diyebilirim.<\/p>\n\n\n\n<p><strong>\ud83c\udf9f Wawel Kalesi<\/strong><\/p>\n\n\n\n<p>Krakow\u2019un en \u00f6nemli simgelerinden biri olan Wawel Kalesi, Polonya\u2019n\u0131n tarihindeki \u00f6nemli anlara ev sahipli\u011fi yapm\u0131\u015f. Kraliyet saraylar\u0131n\u0131, m\u00fczeleri ve muhte\u015fem bah\u00e7eleri gezerek tarihe tan\u0131kl\u0131k edebilirsiniz. Kaleden Vist\u00fcl Nehri\u2019nin muhte\u015fem manzaras\u0131n\u0131 izlemeyi unutmay\u0131n.<\/p>\n\n\n\n<p><strong>\ud83d\ude8c Auschwitz-Birkenau Turu<\/strong><\/p>\n\n\n\n<p>Krakow\u2019a sadece bir saat uzakl\u0131ktaki Auschwitz-Birkenau, \u0130kinci D\u00fcnya Sava\u015f\u0131\u2019n\u0131n trajik tarihini anlamak i\u00e7in \u00f6nemli bir yer. Bu tarihi alan, insanl\u0131k tarihindeki en karanl\u0131k d\u00f6nemlerden birine tan\u0131kl\u0131k etme f\u0131rsat\u0131 sunar. Rehberli turlar, buradaki deneyimi daha anlaml\u0131 hale getiriyor.<\/p>\n\n\n\n<p><strong>\ud83e\udd6f Obwarzanek<\/strong><\/p>\n\n\n\n<p>Krakow\u2019un sokak lezzetlerinden biri olan Obwarzanek, simit benzeri bir hamur i\u015fi. Genellikle sokak tezgahlar\u0131nda sat\u0131l\u0131r ve taze, \u00e7\u0131t\u0131r dokusuyla hem hafif bir at\u0131\u015ft\u0131rmal\u0131k hem de Krakow\u2019un geleneksel tatlar\u0131ndan biri.<\/p>\n\n\n\n<p><strong>\ud83c\udf2d Zapiekanki<\/strong><\/p>\n\n\n\n<p>Polonya sokak lezzetlerinin vazge\u00e7ilmezi olan Zapiekanki, baget ekme\u011fi \u00fczerine \u00e7e\u015fitli malzemeler konularak haz\u0131rlan\u0131yor. Mantar, peynir, et ve soslarla zenginle\u015ftirilen bu lezzet, h\u0131zl\u0131 bir at\u0131\u015ft\u0131rmal\u0131k i\u00e7in harika bir se\u00e7enek. Kazimierz b\u00f6lgesindeki sokak tezgahlar\u0131nda en lezzetli \u00f6rneklerini bulabilirsiniz.<\/p>\n\n\n\n<p><strong>A\u015fa\u011f\u0131da Viyana seyahatinizde ihtiyac\u0131n\u0131z olabilecek Saray giri\u015f biletleri ve turlar i\u00e7in linkleri bulabilirsiniz<\/strong><\/p>\n\n\n\n<p><a href=\"https:\/\/gyg.me\/Jvl61Ivt\"><strong><mark style=\"background-color:rgba(0, 0, 0, 0)\" class=\"has-inline-color has-vivid-red-color\">REHBERL\u0130 AUSCHWITZ-BIRKENAU TURU<\/mark><\/strong><\/a><\/p>\n\n\n\n<p>Krakow hakk\u0131nda daha fazla detay\u0131 <a rel=\"noreferrer noopener\" href=\"https:\/\/www.instagram.com\/istikametburasi\/\" data-type=\"URL\" data-id=\"https:\/\/www.instagram.com\/istikametburasi\/\" target=\"_blank\">Instagramda<\/a> profilimde \u00f6ne \u00e7\u0131kanlar k\u0131sm\u0131nda \u201c\ud83c\uddf5\ud83c\uddf1 Krakow\u201d ba\u015fl\u0131\u011f\u0131 alt\u0131nda bulabilirsiniz.<\/p>\n","protected":false},"excerpt":{"rendered":"<p>Krakow: Polonya\u2019n\u0131n Tarihi ve K\u00fclt\u00fcrel Kalbi Krakow, Polonya\u2019n\u0131n en eski ve en b\u00fcy\u00fcleyici \u015fehirlerinden biri. Orta \u00c7a\u011f\u2019dan kalma atmosferi, zarif<\/p>\n","protected":false},"author":1,"featured_media":0,"parent":0,"menu_order":0,"comment_status":"closed","ping_status":"closed","template":"","meta":{"om_disable_all_campaigns":false,"_mi_skip_tracking":false},"_links":{"self":[{"href":"https:\/\/istikametburasi.com\/index.php\/wp-json\/wp\/v2\/pages\/1799"}],"collection":[{"href":"https:\/\/istikametburasi.com\/index.php\/wp-json\/wp\/v2\/pages"}],"about":[{"href":"https:\/\/istikametburasi.com\/index.php\/wp-json\/wp\/v2\/types\/page"}],"author":[{"embeddable":true,"href":"https:\/\/istikametburasi.com\/index.php\/wp-json\/wp\/v2\/users\/1"}],"replies":[{"embeddable":true,"href":"https:\/\/istikametburasi.com\/index.php\/wp-json\/wp\/v2\/comments?post=1799"}],"version-history":[{"count":4,"href":"https:\/\/istikametburasi.com\/index.php\/wp-json\/wp\/v2\/pages\/1799\/revisions"}],"predecessor-version":[{"id":2307,"href":"https:\/\/istikametburasi.com\/index.php\/wp-json\/wp\/v2\/pages\/1799\/revisions\/2307"}],"wp:attachment":[{"href":"https:\/\/istikametburasi.com\/index.php\/wp-json\/wp\/v2\/media?parent=1799"}],"curies":[{"name":"wp","href":"https:\/\/api.w.org\/{rel}","templated":true}]}}