{"id":1808,"date":"2023-12-29T14:51:08","date_gmt":"2023-12-29T12:51:08","guid":{"rendered":"https:\/\/istikametburasi.com\/?page_id=1808"},"modified":"2023-12-29T14:57:53","modified_gmt":"2023-12-29T12:57:53","slug":"macaristan","status":"publish","type":"page","link":"https:\/\/istikametburasi.com\/index.php\/macaristan\/","title":{"rendered":"MACAR\u0130STAN"},"content":{"rendered":"\n<p>Avrupa&#8217;da ucuz ya\u015fam\u0131 ve gece hayat\u0131 ile nam salm\u0131\u015f olan Macaristan&#8217;\u0131n ba\u015fkenti Budape\u015fte&#8217;ye yapaca\u011f\u0131n\u0131z seyahatte size yard\u0131mc\u0131 olacak rotan\u0131 haz\u0131r \ud83c\udded\ud83c\uddfa<\/p>\n\n\n\n<p>\u015eehrin iki yakas\u0131n\u0131 olu\u015fturan Buda ve Pe\u015fte b\u00f6lgeleri, kapl\u0131calar\u0131, lezzetli Macar yemekleri ve daha bir\u00e7ok konuda ziyaret\u00e7ilerini etkileyen Budape\u015fte&#8217;yi gezerken 3 g\u00fcn ay\u0131rman\u0131z yeterli olacakt\u0131r. A\u015fa\u011f\u0131da g\u00f6rd\u00fc\u011f\u00fcn\u00fcz rota seyahatimde Pe\u015fte taraf\u0131nda bir otelde kald\u0131\u011f\u0131m i\u00e7in ona g\u00f6re planland\u0131, siz otelinizin konumuna g\u00f6re de\u011fi\u015fikliklere gidebilirsiniz. 1. ve 3. g\u00fcn duraklar\u0131 pe\u015fte taraf\u0131nda, 2. g\u00fcn ise Buda taraf\u0131ndaki duraklar.<\/p>\n\n\n\n<figure class=\"wp-block-image aligncenter size-large\"><img decoding=\"async\" loading=\"lazy\" width=\"576\" height=\"1024\" src=\"https:\/\/istikametburasi.com\/wp-content\/uploads\/2023\/12\/Budapeste-siteRota-576x1024.png\" alt=\"\" class=\"wp-image-1819\" srcset=\"https:\/\/istikametburasi.com\/wp-content\/uploads\/2023\/12\/Budapeste-siteRota-576x1024.png 576w, https:\/\/istikametburasi.com\/wp-content\/uploads\/2023\/12\/Budapeste-siteRota-169x300.png 169w, https:\/\/istikametburasi.com\/wp-content\/uploads\/2023\/12\/Budapeste-siteRota-768x1365.png 768w, https:\/\/istikametburasi.com\/wp-content\/uploads\/2023\/12\/Budapeste-siteRota-864x1536.png 864w, https:\/\/istikametburasi.com\/wp-content\/uploads\/2023\/12\/Budapeste-siteRota.png 1080w\" sizes=\"(max-width: 576px) 100vw, 576px\" \/><\/figure>\n","protected":false},"excerpt":{"rendered":"<p>Avrupa&#8217;da ucuz ya\u015fam\u0131 ve gece hayat\u0131 ile nam salm\u0131\u015f olan Macaristan&#8217;\u0131n ba\u015fkenti Budape\u015fte&#8217;ye yapaca\u011f\u0131n\u0131z seyahatte size yard\u0131mc\u0131 olacak rotan\u0131 haz\u0131r<\/p>\n","protected":false},"author":1,"featured_media":0,"parent":0,"menu_order":0,"comment_status":"closed","ping_status":"closed","template":"","meta":{"om_disable_all_campaigns":false,"_mi_skip_tracking":false},"_links":{"self":[{"href":"https:\/\/istikametburasi.com\/index.php\/wp-json\/wp\/v2\/pages\/1808"}],"collection":[{"href":"https:\/\/istikametburasi.com\/index.php\/wp-json\/wp\/v2\/pages"}],"about":[{"href":"https:\/\/istikametburasi.com\/index.php\/wp-json\/wp\/v2\/types\/page"}],"author":[{"embeddable":true,"href":"https:\/\/istikametburasi.com\/index.php\/wp-json\/wp\/v2\/users\/1"}],"replies":[{"embeddable":true,"href":"https:\/\/istikametburasi.com\/index.php\/wp-json\/wp\/v2\/comments?post=1808"}],"version-history":[{"count":2,"href":"https:\/\/istikametburasi.com\/index.php\/wp-json\/wp\/v2\/pages\/1808\/revisions"}],"predecessor-version":[{"id":1820,"href":"https:\/\/istikametburasi.com\/index.php\/wp-json\/wp\/v2\/pages\/1808\/revisions\/1820"}],"wp:attachment":[{"href":"https:\/\/istikametburasi.com\/index.php\/wp-json\/wp\/v2\/media?parent=1808"}],"curies":[{"name":"wp","href":"https:\/\/api.w.org\/{rel}","templated":true}]}}