{"id":1809,"date":"2023-12-29T14:51:08","date_gmt":"2023-12-29T12:51:08","guid":{"rendered":"https:\/\/istikametburasi.com\/?page_id=1809"},"modified":"2024-10-12T22:26:33","modified_gmt":"2024-10-12T20:26:33","slug":"macaristan-2","status":"publish","type":"page","link":"https:\/\/istikametburasi.com\/index.php\/macaristan-2\/","title":{"rendered":"MACAR\u0130STAN"},"content":{"rendered":"\n<p>Macaristan, Orta Avrupa\u2019n\u0131n kalbinde yer alan ve zengin bir k\u00fclt\u00fcrel mirasa sahip bir \u00fclke. <\/p>\n\n\n\n<p>Ba\u015fkent <strong>Budape\u015fte<\/strong>, Tuna Nehri\u2019nin iki yakas\u0131na yay\u0131lm\u0131\u015f, tarihi dokusu ve termal hamamlar\u0131yla tan\u0131n\u0131yor. Buda Kalesi, Parlamento Binas\u0131 ve Zincir K\u00f6pr\u00fc gibi yap\u0131lar \u015fehrin simgelerinden. \u00d6zellikle ak\u015fam saatlerinde nehir k\u0131y\u0131s\u0131nda yap\u0131lan y\u00fcr\u00fcy\u00fc\u015fler, Budape\u015fte\u2019nin romantik atmosferini en iyi \u015fekilde yans\u0131t\u0131yor. \u015eehir ayn\u0131 zamanda d\u00fcnyaca \u00fcnl\u00fc termal hamamlar\u0131yla da ziyaret\u00e7ilere sa\u011fl\u0131k ve rahatlama sunuyor. Macaristan\u2019\u0131n tarihi \u015fehirlerinden <strong>Eger<\/strong> ve <strong>Pecs<\/strong> de ziyaret edilmeye de\u011fer. Balaton G\u00f6l\u00fc ise hem yaz hem de k\u0131\u015f aylar\u0131nda farkl\u0131 etkinlikler sunarak do\u011faseverlerin ilgisini \u00e7ekiyor. Macar mutfa\u011f\u0131, \u00f6zellikle gula\u015f \u00e7orbas\u0131 ve langos gibi lezzetleriyle \u00fcnl\u00fc \ud83c\udded\ud83c\uddfa<\/p>\n","protected":false},"excerpt":{"rendered":"<p>Macaristan, Orta Avrupa\u2019n\u0131n kalbinde yer alan ve zengin bir k\u00fclt\u00fcrel mirasa sahip bir \u00fclke. Ba\u015fkent Budape\u015fte, Tuna Nehri\u2019nin iki yakas\u0131na<\/p>\n","protected":false},"author":1,"featured_media":0,"parent":0,"menu_order":0,"comment_status":"closed","ping_status":"closed","template":"","meta":{"om_disable_all_campaigns":false,"_mi_skip_tracking":false},"_links":{"self":[{"href":"https:\/\/istikametburasi.com\/index.php\/wp-json\/wp\/v2\/pages\/1809"}],"collection":[{"href":"https:\/\/istikametburasi.com\/index.php\/wp-json\/wp\/v2\/pages"}],"about":[{"href":"https:\/\/istikametburasi.com\/index.php\/wp-json\/wp\/v2\/types\/page"}],"author":[{"embeddable":true,"href":"https:\/\/istikametburasi.com\/index.php\/wp-json\/wp\/v2\/users\/1"}],"replies":[{"embeddable":true,"href":"https:\/\/istikametburasi.com\/index.php\/wp-json\/wp\/v2\/comments?post=1809"}],"version-history":[{"count":2,"href":"https:\/\/istikametburasi.com\/index.php\/wp-json\/wp\/v2\/pages\/1809\/revisions"}],"predecessor-version":[{"id":2056,"href":"https:\/\/istikametburasi.com\/index.php\/wp-json\/wp\/v2\/pages\/1809\/revisions\/2056"}],"wp:attachment":[{"href":"https:\/\/istikametburasi.com\/index.php\/wp-json\/wp\/v2\/media?parent=1809"}],"curies":[{"name":"wp","href":"https:\/\/api.w.org\/{rel}","templated":true}]}}