{"id":1855,"date":"2024-03-21T10:49:35","date_gmt":"2024-03-21T08:49:35","guid":{"rendered":"https:\/\/istikametburasi.com\/?page_id=1855"},"modified":"2024-12-28T16:09:09","modified_gmt":"2024-12-28T14:09:09","slug":"venedik","status":"publish","type":"page","link":"https:\/\/istikametburasi.com\/index.php\/venedik\/","title":{"rendered":"VENED\u0130K"},"content":{"rendered":"\n<figure class=\"is-layout-flex wp-block-gallery-1 wp-block-gallery has-nested-images columns-default is-cropped\">\n<figure class=\"wp-block-image size-large\"><img decoding=\"async\" loading=\"lazy\" width=\"1024\" height=\"1024\" data-id=\"1859\"  src=\"https:\/\/istikametburasi.com\/wp-content\/uploads\/2024\/03\/venedik-2-1024x1024.png\" alt=\"\" class=\"wp-image-1859\" srcset=\"https:\/\/istikametburasi.com\/wp-content\/uploads\/2024\/03\/venedik-2-1024x1024.png 1024w, https:\/\/istikametburasi.com\/wp-content\/uploads\/2024\/03\/venedik-2-300x300.png 300w, https:\/\/istikametburasi.com\/wp-content\/uploads\/2024\/03\/venedik-2-150x150.png 150w, https:\/\/istikametburasi.com\/wp-content\/uploads\/2024\/03\/venedik-2-768x768.png 768w, https:\/\/istikametburasi.com\/wp-content\/uploads\/2024\/03\/venedik-2.png 1080w\" sizes=\"(max-width: 1024px) 100vw, 1024px\" \/><\/figure>\n\n\n\n<figure class=\"wp-block-image size-large\"><img decoding=\"async\" loading=\"lazy\" width=\"1024\" height=\"1024\" data-id=\"1861\"  src=\"https:\/\/istikametburasi.com\/wp-content\/uploads\/2024\/03\/venedik-1-1024x1024.png\" alt=\"\" class=\"wp-image-1861\" srcset=\"https:\/\/istikametburasi.com\/wp-content\/uploads\/2024\/03\/venedik-1-1024x1024.png 1024w, https:\/\/istikametburasi.com\/wp-content\/uploads\/2024\/03\/venedik-1-300x300.png 300w, https:\/\/istikametburasi.com\/wp-content\/uploads\/2024\/03\/venedik-1-150x150.png 150w, https:\/\/istikametburasi.com\/wp-content\/uploads\/2024\/03\/venedik-1-768x768.png 768w, https:\/\/istikametburasi.com\/wp-content\/uploads\/2024\/03\/venedik-1.png 1080w\" sizes=\"(max-width: 1024px) 100vw, 1024px\" \/><\/figure>\n\n\n\n<figure class=\"wp-block-image size-large\"><img decoding=\"async\" loading=\"lazy\" width=\"1024\" height=\"1024\" data-id=\"1860\"  src=\"https:\/\/istikametburasi.com\/wp-content\/uploads\/2024\/03\/venedik-3-1024x1024.png\" alt=\"\" class=\"wp-image-1860\" srcset=\"https:\/\/istikametburasi.com\/wp-content\/uploads\/2024\/03\/venedik-3-1024x1024.png 1024w, https:\/\/istikametburasi.com\/wp-content\/uploads\/2024\/03\/venedik-3-300x300.png 300w, https:\/\/istikametburasi.com\/wp-content\/uploads\/2024\/03\/venedik-3-150x150.png 150w, https:\/\/istikametburasi.com\/wp-content\/uploads\/2024\/03\/venedik-3-768x768.png 768w, https:\/\/istikametburasi.com\/wp-content\/uploads\/2024\/03\/venedik-3.png 1080w\" sizes=\"(max-width: 1024px) 100vw, 1024px\" \/><\/figure>\n<\/figure>\n\n\n\n<p><strong>Venedik: Kanallar\u0131n B\u00fcy\u00fcl\u00fc \u015eehri<\/strong><\/p>\n\n\n\n<p>Venedik, suyun \u00fczerine kurulmu\u015f e\u015fsiz yap\u0131s\u0131yla her k\u00f6\u015fesinde sizi b\u00fcy\u00fcleyen bir \u015fehir. Kanallar\u0131, k\u00f6pr\u00fcleri ve saraylar\u0131yla bir masal diyar\u0131n\u0131 and\u0131ran bu yer, romantizm ve tarihle dolu bir atmosfer sunuyor. Gondol turlar\u0131nda \u015fehrin ritmini hissedebilir, dar sokaklar\u0131nda kaybolarak Venedik\u2019in ger\u00e7ek ruhunu ke\u015ffedebilirsiniz. Sanat, tarih ve gastronominin bir araya geldi\u011fi bu b\u00fcy\u00fcleyici \u015fehir, sizi hem dinlendirecek hem de ilham verecek an\u0131larla dolu bir yolculu\u011fa \u00e7\u0131kar\u0131yor.<\/p>\n\n\n\n<p><strong><mark style=\"background-color:rgba(0, 0, 0, 0)\" class=\"has-inline-color has-vivid-red-color\">Venedik Yap\u0131lacaklar Listesi<\/mark><\/strong>:<\/p>\n\n\n\n<p>\ud83d\udccd San Marco Meydan\u0131\u2019n\u0131 g\u00f6r\u00fcn<br>\u2728 D\u00fckler Saray\u0131\u2019n\u0131\u00a0gezin<br>\ud83d\udef6 Gondol Turu yap\u0131n<br>\ud83c\udfde\ufe0f T Fondaco dei Tedeschi\u2019nin\u00a0manzaral\u0131 teras\u0131na \u00e7\u0131k\u0131n<br>\u2b50\ufe0f Rialto K\u00f6pr\u00fcs\u00fc\u2019nden ge\u00e7in<br>\ud83d\udd17 Ahlar K\u00f6pr\u00fcs\u00fc\u2019n\u00fc\u00a0g\u00f6r\u00fcn<br>\ud83c\udfa8 Gallerie dell\u2019Accademia\u2019y\u0131\u00a0gezin<br>\ud83c\udfdb\ufe0f Palazzo Contarini del Bovolo\u2019yu\u00a0g\u00f6r\u00fcn<br>\ud83d\udc63 Venedik sokaklar\u0131n\u0131 y\u00fcr\u00fcy\u00fcn<br>\ud83e\udd59 Cicchetti yiyin<br>\ud83d\udcda Libreria Acqua Alta\u2019y\u0131 g\u00f6r\u00fcn<br>\ud83d\udcf8 Accademia K\u00f6pr\u00fcs\u00fc\u2019nden\u00a0\u015fehri foto\u011fraflay\u0131n<br>\ud83c\udfad Fenice Tiyatrosu\u2019nda bir etkinli\u011fe gidin<br>\ud83c\udf78 Aperol i\u00e7erek Aperitivo yap\u0131n<br>\ud83c\udf66 Gelatoteca Suso\u2019da dondurma deneyin<br>\u26f4\ufe0f Burano, Murano ve Torcello Adalar\u0131\u2019n\u0131 gezin<\/p>\n\n\n\n<p>\ud83d\udccc A\u015fa\u011f\u0131da birka\u00e7 turistik durak i\u00e7in\u00a0<strong>k\u0131sa bilgileri<\/strong>\u00a0ekliyorum, \u015fehri gezerken bu duraklar\u0131n tarihi \u00f6nemi gibi detaylar\u0131 bulabilirsiniz.<\/p>\n\n\n\n<p><strong>\ud83d\udccd San Marco Meydan\u0131<\/strong><\/p>\n\n\n\n<p>San Marco Meydan\u0131, Venedik\u2019in kalbi ve en ikonik noktas\u0131. Burada ihti\u015faml\u0131 San Marco Bazilikas\u0131 ve zarif D\u00fckler Saray\u0131 ile \u00e7evrelenmi\u015f bir tarih denizine dalabilirsiniz. Meydan\u0131n kafelerinden birine oturup bir kahve i\u00e7erken, ku\u015flar\u0131n ve canl\u0131 atmosferin tad\u0131n\u0131 \u00e7\u0131karabilirsiniz. \u00d6zellikle sabah erken saatlerde meydan\u0131n daha sakin oldu\u011fu zamanlarda, bu e\u015fsiz g\u00fczellikteki alan\u0131 ke\u015ffetmek daha keyifli.<\/p>\n\n\n\n<p><strong>\ud83d\udef6 Gondol Turu<\/strong><\/p>\n\n\n\n<p>Venedik\u2019teyken bir gondol turuna \u00e7\u0131kmak, bu \u015fehrin olmazsa olmaz deneyimlerinden biri. Kanallar boyunca s\u00fcz\u00fclen gondolda, \u015fehrin tarih kokan binalar\u0131n\u0131 ve su \u00fczerindeki ya\u015fam\u0131n\u0131 yak\u0131ndan g\u00f6rebilirsiniz. \u00d6zellikle g\u00fcn bat\u0131m\u0131nda yap\u0131lan turlar, romantik bir atmosfer sunar. Gondolculardan dinleyece\u011finiz hikayeler, Venedik\u2019in ge\u00e7mi\u015fine dair ho\u015f anekdotlarla yolculu\u011funuzu renklendirecek.<\/p>\n\n\n\n<p><strong>\u2b50\ufe0f Rialto K\u00f6pr\u00fcs\u00fc<\/strong><\/p>\n\n\n\n<p>Rialto K\u00f6pr\u00fcs\u00fc, Venedik\u2019in en eski ve en \u00fcnl\u00fc k\u00f6pr\u00fclerinden biri. B\u00fcy\u00fck Kanal \u00fczerinde yer alan bu k\u00f6pr\u00fc, \u015fehrin canl\u0131 ticaret ge\u00e7mi\u015fine tan\u0131kl\u0131k etmi\u015f. K\u00f6pr\u00fcn\u00fcn \u00fczerindeki d\u00fckkanlar hediyelik e\u015fya al\u0131\u015fveri\u015fi i\u00e7in harika bir yer. Ayr\u0131ca k\u00f6pr\u00fc \u00fczerinden B\u00fcy\u00fck Kanal\u2019\u0131 izlemek, hem g\u00fcnd\u00fcz hem de gece unutulmaz bir manzara sunuyor.<\/p>\n\n\n\n<p><strong>\u2b50\ufe0f<\/strong> <strong>Ahlar K\u00f6pr\u00fcs\u00fc (Ponte dei Sospiri)<\/strong><\/p>\n\n\n\n<p>Ahlar K\u00f6pr\u00fcs\u00fc, D\u00fckler Saray\u0131\u2019n\u0131 eski hapishane binas\u0131na ba\u011flayan bir ge\u00e7i\u015f k\u00f6pr\u00fcs\u00fc. 17. y\u00fczy\u0131lda in\u015fa edilen bu kapal\u0131 k\u00f6pr\u00fc, ad\u0131n\u0131 mahkumlar\u0131n burada ge\u00e7erken d\u0131\u015far\u0131daki son manzaray\u0131 g\u00f6r\u00fcp i\u00e7 \u00e7ekmelerinden alm\u0131\u015f. Mahkumlar i\u00e7in bu k\u00f6pr\u00fc, \u00f6zg\u00fcrl\u00fc\u011fe veda ettikleri yermi\u015f. Ancak romantik bir s\u00f6ylentiye g\u00f6re, g\u00fcn\u00fcm\u00fczde bu k\u00f6pr\u00fcn\u00fcn alt\u0131ndan ge\u00e7en bir gondolda \u00f6p\u00fc\u015fen \u00e7iftlerin a\u015fk\u0131 \u00f6l\u00fcms\u00fczle\u015firmi\u015f. K\u00f6pr\u00fc, hem tarihsel bir trajediyi hem de romantik bir efsaneyi bir arada bar\u0131nd\u0131r\u0131yor.<\/p>\n\n\n\n<p><strong>\u2b50\ufe0f<\/strong> <strong>Accademia K\u00f6pr\u00fcs\u00fc (Ponte dell\u2019Accademia)<\/strong><\/p>\n\n\n\n<p>Accademia K\u00f6pr\u00fcs\u00fc, B\u00fcy\u00fck Kanal \u00fczerindeki d\u00f6rt k\u00f6pr\u00fcden biri ve 1854 y\u0131l\u0131nda ah\u015fap olarak in\u015fa edilmi\u015f. K\u00f6pr\u00fcn\u00fcn ad\u0131, yak\u0131n\u0131nda bulunan Gallerie dell\u2019Accademia sanat galerisinden geliyor. K\u00f6pr\u00fc, Venedik\u2019in modern bir simgesi haline gelse de, tarih boyunca tart\u0131\u015fmalar\u0131n merkezinde yer alm\u0131\u015f. Ah\u015fap olmas\u0131 nedeniyle zamanla y\u0131pranm\u0131\u015f ve bir\u00e7ok kez restorasyon g\u00f6rm\u00fc\u015f. Accademia K\u00f6pr\u00fcs\u00fc\u2019n\u00fcn \u00fczerinde durdu\u011funuzda, B\u00fcy\u00fck Kanal\u2019\u0131n en g\u00fczel manzaralar\u0131ndan birine \u015fahit olabilirsiniz. Romantik bir Venedik deneyimi ya\u015famak isteyen \u00e7iftler i\u00e7in de \u00f6zel bir durak.<\/p>\n\n\n\n<p><strong>\ud83d\udcda Libreria Acqua Alta<\/strong><\/p>\n\n\n\n<p>Libreria Acqua Alta, Venedik\u2019in en ilgin\u00e7 kitap\u00e7\u0131lar\u0131ndan biri. Kitaplar, odalar\u0131n i\u00e7inde gondollar, k\u00fcvetler ve di\u011fer yarat\u0131c\u0131 d\u00fczenlemelerle sergileniyor. Buras\u0131 sadece bir kitap\u00e7\u0131 de\u011fil, ayn\u0131 zamanda foto\u011fraf \u00e7ekmek ve farkl\u0131 bir deneyim ya\u015famak isteyenler i\u00e7in de harika bir mekan. Ayr\u0131ca su bask\u0131nlar\u0131na kar\u015f\u0131 tasarlanm\u0131\u015f ilgin\u00e7 yap\u0131s\u0131yla, Venedik\u2019in karakteristik \u00f6zelliklerini tam anlam\u0131yla yans\u0131t\u0131yor.<\/p>\n\n\n\n<p><strong>\ud83d\udef4 Burano, Murano ve Torcello Adalar\u0131<\/strong><\/p>\n\n\n\n<p>Venedik\u2019in \u00e7evresindeki bu \u00fc\u00e7 ada, \u015fehrin farkl\u0131 y\u00fczlerini ke\u015ffetmek i\u00e7in harika bir f\u0131rsat sunuyor. <strong>Burano<\/strong>, rengarenk evleri ve dantel i\u015fleriyle b\u00fcy\u00fclerken, <strong>Murano<\/strong>, cam sanat\u0131ndaki ustal\u0131\u011f\u0131yla tan\u0131n\u0131r. <strong>Torcello<\/strong> ise sakin atmosferi ve tarihi yap\u0131lar\u0131yla adeta bir zaman yolculu\u011funa \u00e7\u0131kar\u0131r. Bu adalara yap\u0131lan tekne turlar\u0131, Venedik gezinizde bir de\u011fi\u015fiklik yapmak i\u00e7in harika bir se\u00e7enek.<\/p>\n\n\n\n<p><strong>\ud83e\udd59 Cicchetti ve Aperol<\/strong><\/p>\n\n\n\n<p>Venedik\u2019in geleneksel tad\u0131ml\u0131k aperatifleri olan Cicchetti\u2019yi, \u015fehrin barlar\u0131nda (bacari) deneyimleyebilirsiniz. Yan\u0131nda bir Aperol Spritz i\u00e7erek aperitivo saatinin keyfini \u00e7\u0131kar\u0131n. Deniz \u00fcr\u00fcnlerinden haz\u0131rlanan cicchetti\u2019ler, hem lezzetli hem de hafif bir at\u0131\u015ft\u0131rmal\u0131k olarak ideal. Venedik\u2019in yerel lezzetlerini ke\u015ffetmek i\u00e7in bu deneyim mutlaka yap\u0131lmal\u0131.<\/p>\n\n\n\n<p>Venedik ile ilgili t\u00fcm detaylar\u0131 <a href=\"https:\/\/www.instagram.com\/istikametburasi\/\">Instagram profilimde<\/a> \u00f6ne \u00e7\u0131kanlar k\u0131sm\u0131ndaki \u201c\ud83c\uddee\ud83c\uddf9 Venedik\u201d ba\u015fl\u0131\u011f\u0131 alt\u0131nda, ayr\u0131ca keyifli bir tur olan Adalar turunu da \u00f6ne \u00e7\u0131kanlarda \u201cTurlar\u201d ba\u015fl\u0131\u011f\u0131 alt\u0131nda bulabilirsiniz.<\/p>\n","protected":false},"excerpt":{"rendered":"<p>Venedik: Kanallar\u0131n B\u00fcy\u00fcl\u00fc \u015eehri Venedik, suyun \u00fczerine kurulmu\u015f e\u015fsiz yap\u0131s\u0131yla her k\u00f6\u015fesinde sizi b\u00fcy\u00fcleyen bir \u015fehir. Kanallar\u0131, k\u00f6pr\u00fcleri ve saraylar\u0131yla<\/p>\n","protected":false},"author":1,"featured_media":0,"parent":0,"menu_order":0,"comment_status":"closed","ping_status":"closed","template":"","meta":{"om_disable_all_campaigns":false,"_mi_skip_tracking":false},"_links":{"self":[{"href":"https:\/\/istikametburasi.com\/index.php\/wp-json\/wp\/v2\/pages\/1855"}],"collection":[{"href":"https:\/\/istikametburasi.com\/index.php\/wp-json\/wp\/v2\/pages"}],"about":[{"href":"https:\/\/istikametburasi.com\/index.php\/wp-json\/wp\/v2\/types\/page"}],"author":[{"embeddable":true,"href":"https:\/\/istikametburasi.com\/index.php\/wp-json\/wp\/v2\/users\/1"}],"replies":[{"embeddable":true,"href":"https:\/\/istikametburasi.com\/index.php\/wp-json\/wp\/v2\/comments?post=1855"}],"version-history":[{"count":3,"href":"https:\/\/istikametburasi.com\/index.php\/wp-json\/wp\/v2\/pages\/1855\/revisions"}],"predecessor-version":[{"id":2254,"href":"https:\/\/istikametburasi.com\/index.php\/wp-json\/wp\/v2\/pages\/1855\/revisions\/2254"}],"wp:attachment":[{"href":"https:\/\/istikametburasi.com\/index.php\/wp-json\/wp\/v2\/media?parent=1855"}],"curies":[{"name":"wp","href":"https:\/\/api.w.org\/{rel}","templated":true}]}}