{"id":1864,"date":"2024-03-21T11:12:11","date_gmt":"2024-03-21T09:12:11","guid":{"rendered":"https:\/\/istikametburasi.com\/?page_id=1864"},"modified":"2024-10-12T22:30:35","modified_gmt":"2024-10-12T20:30:35","slug":"isvicre","status":"publish","type":"page","link":"https:\/\/istikametburasi.com\/index.php\/isvicre\/","title":{"rendered":"\u0130SV\u0130\u00c7RE"},"content":{"rendered":"\n<p>\u0130svi\u00e7re, muhte\u015fem do\u011fas\u0131, Alpler\u2019in karla kapl\u0131 zirveleri ve p\u0131r\u0131l p\u0131r\u0131l g\u00f6lleriyle do\u011fa severler i\u00e7in bir cennet. <\/p>\n\n\n\n<p><strong>Z\u00fcrih<\/strong> ve <strong>Cenevre<\/strong>, \u00fclkenin k\u00fclt\u00fcrel ve finansal merkezleri olarak dikkat \u00e7ekerken, k\u00fc\u00e7\u00fck ve sevimli \u015fehirler olan <strong>Luzern<\/strong> ve <strong>Interlaken<\/strong> do\u011fayla i\u00e7 i\u00e7e vakit ge\u00e7irmek isteyenler i\u00e7in ideal. \u0130svi\u00e7re\u2019nin en me\u015fhur noktalar\u0131ndan biri olan <strong>Zermatt<\/strong> kasabas\u0131ndan \u00fcnl\u00fc Matterhorn Da\u011f\u0131\u2019n\u0131 g\u00f6rebilir, kayak yapman\u0131n tad\u0131n\u0131 \u00e7\u0131karabilirsiniz. <strong>Grindelwald<\/strong> and <strong>Lauterbrunnen<\/strong> rotalar\u0131 da \u0130svi\u00e7re&#8217;de en az\u0131ndan 1 g\u00fcn ay\u0131rarak g\u00f6r\u00fclmesi gereken duraklardan birka\u00e7\u0131.<\/p>\n\n\n\n<p>\u0130svi\u00e7re, ayr\u0131ca \u015felaleleri, k\u00f6yleri ve do\u011fa y\u00fcr\u00fcy\u00fc\u015fleri ile outdoor aktiviteleri sevenler i\u00e7in ideal bir destinasyon. Bunun yan\u0131 s\u0131ra, \u00e7ikolatas\u0131 ve fond\u00fcs\u00fc ile \u00fcnl\u00fc \u0130svi\u00e7re mutfa\u011f\u0131, ziyaret\u00e7ilere lezzetli deneyimler sunuyor\ud83c\udde8\ud83c\udded<\/p>\n","protected":false},"excerpt":{"rendered":"<p>\u0130svi\u00e7re, muhte\u015fem do\u011fas\u0131, Alpler\u2019in karla kapl\u0131 zirveleri ve p\u0131r\u0131l p\u0131r\u0131l g\u00f6lleriyle do\u011fa severler i\u00e7in bir cennet. Z\u00fcrih ve Cenevre, \u00fclkenin<\/p>\n","protected":false},"author":1,"featured_media":0,"parent":0,"menu_order":0,"comment_status":"closed","ping_status":"closed","template":"","meta":{"om_disable_all_campaigns":false,"_mi_skip_tracking":false},"_links":{"self":[{"href":"https:\/\/istikametburasi.com\/index.php\/wp-json\/wp\/v2\/pages\/1864"}],"collection":[{"href":"https:\/\/istikametburasi.com\/index.php\/wp-json\/wp\/v2\/pages"}],"about":[{"href":"https:\/\/istikametburasi.com\/index.php\/wp-json\/wp\/v2\/types\/page"}],"author":[{"embeddable":true,"href":"https:\/\/istikametburasi.com\/index.php\/wp-json\/wp\/v2\/users\/1"}],"replies":[{"embeddable":true,"href":"https:\/\/istikametburasi.com\/index.php\/wp-json\/wp\/v2\/comments?post=1864"}],"version-history":[{"count":3,"href":"https:\/\/istikametburasi.com\/index.php\/wp-json\/wp\/v2\/pages\/1864\/revisions"}],"predecessor-version":[{"id":2061,"href":"https:\/\/istikametburasi.com\/index.php\/wp-json\/wp\/v2\/pages\/1864\/revisions\/2061"}],"wp:attachment":[{"href":"https:\/\/istikametburasi.com\/index.php\/wp-json\/wp\/v2\/media?parent=1864"}],"curies":[{"name":"wp","href":"https:\/\/api.w.org\/{rel}","templated":true}]}}