{"id":1865,"date":"2024-03-21T11:12:11","date_gmt":"2024-03-21T09:12:11","guid":{"rendered":"https:\/\/istikametburasi.com\/?page_id=1865"},"modified":"2025-01-01T20:46:10","modified_gmt":"2025-01-01T18:46:10","slug":"zurih","status":"publish","type":"page","link":"https:\/\/istikametburasi.com\/index.php\/zurih\/","title":{"rendered":"Z\u00dcR\u0130H"},"content":{"rendered":"\n<figure class=\"is-layout-flex wp-block-gallery-1 wp-block-gallery has-nested-images columns-default is-cropped\">\n<figure class=\"wp-block-image size-large\"><img decoding=\"async\" loading=\"lazy\" width=\"1024\" height=\"1024\" data-id=\"1897\"  src=\"https:\/\/istikametburasi.com\/wp-content\/uploads\/2024\/03\/zurih-1-1024x1024.png\" alt=\"\" class=\"wp-image-1897\" srcset=\"https:\/\/istikametburasi.com\/wp-content\/uploads\/2024\/03\/zurih-1-1024x1024.png 1024w, https:\/\/istikametburasi.com\/wp-content\/uploads\/2024\/03\/zurih-1-300x300.png 300w, https:\/\/istikametburasi.com\/wp-content\/uploads\/2024\/03\/zurih-1-150x150.png 150w, https:\/\/istikametburasi.com\/wp-content\/uploads\/2024\/03\/zurih-1-768x768.png 768w, https:\/\/istikametburasi.com\/wp-content\/uploads\/2024\/03\/zurih-1.png 1080w\" sizes=\"(max-width: 1024px) 100vw, 1024px\" \/><\/figure>\n\n\n\n<figure class=\"wp-block-image size-large\"><img decoding=\"async\" loading=\"lazy\" width=\"1024\" height=\"1024\" data-id=\"1899\"  src=\"https:\/\/istikametburasi.com\/wp-content\/uploads\/2024\/03\/zurih-2-1024x1024.png\" alt=\"\" class=\"wp-image-1899\" srcset=\"https:\/\/istikametburasi.com\/wp-content\/uploads\/2024\/03\/zurih-2-1024x1024.png 1024w, https:\/\/istikametburasi.com\/wp-content\/uploads\/2024\/03\/zurih-2-300x300.png 300w, https:\/\/istikametburasi.com\/wp-content\/uploads\/2024\/03\/zurih-2-150x150.png 150w, https:\/\/istikametburasi.com\/wp-content\/uploads\/2024\/03\/zurih-2-768x768.png 768w, https:\/\/istikametburasi.com\/wp-content\/uploads\/2024\/03\/zurih-2.png 1080w\" sizes=\"(max-width: 1024px) 100vw, 1024px\" \/><\/figure>\n\n\n\n<figure class=\"wp-block-image size-large\"><img decoding=\"async\" loading=\"lazy\" width=\"1024\" height=\"1024\" data-id=\"1898\"  src=\"https:\/\/istikametburasi.com\/wp-content\/uploads\/2024\/03\/zurih-3-1024x1024.png\" alt=\"\" class=\"wp-image-1898\" srcset=\"https:\/\/istikametburasi.com\/wp-content\/uploads\/2024\/03\/zurih-3-1024x1024.png 1024w, https:\/\/istikametburasi.com\/wp-content\/uploads\/2024\/03\/zurih-3-300x300.png 300w, https:\/\/istikametburasi.com\/wp-content\/uploads\/2024\/03\/zurih-3-150x150.png 150w, https:\/\/istikametburasi.com\/wp-content\/uploads\/2024\/03\/zurih-3-768x768.png 768w, https:\/\/istikametburasi.com\/wp-content\/uploads\/2024\/03\/zurih-3.png 1080w\" sizes=\"(max-width: 1024px) 100vw, 1024px\" \/><\/figure>\n<\/figure>\n\n\n\n<p><strong>Z\u00fcrih: Do\u011fan\u0131n ve K\u00fclt\u00fcr\u00fcn Kalbi<\/strong><\/p>\n\n\n\n<p>Z\u00fcrih, \u0130svi\u00e7re\u2019nin finans merkezi olmas\u0131n\u0131n yan\u0131 s\u0131ra do\u011fal g\u00fczellikleri, tarihi yap\u0131lar\u0131 ve k\u00fclt\u00fcrel zenginlikleriyle ziyaret\u00e7ilerini b\u00fcy\u00fcl\u00fcyor. Z\u00fcrih G\u00f6l\u00fc\u2019n\u00fcn huzur veren manzaras\u0131, \u015fehrin yemye\u015fil tepeleri ve hareketli \u015fehir hayat\u0131, burada zaman ge\u00e7irirken farkl\u0131 deneyimler sunuyor. Ayr\u0131ca \u00fcnl\u00fc \u00e7ikolatalar\u0131 ve \u0130svi\u00e7re mutfa\u011f\u0131n\u0131n lezzetleri de bu \u015fehri unutulmaz k\u0131lan unsurlar aras\u0131nda. Z\u00fcrih\u2019te her ad\u0131mda modernlik ve tarihin uyumunu hissedeceksiniz.<\/p>\n\n\n\n<p>\u0130svi\u00e7re&#8217;nin en pop\u00fcler \u015fehirlerinin ba\u015f\u0131nda gelen Z\u00fcrih i\u00e7in tavsiyelerimi a\u015fa\u011f\u0131da bulabilirsiniz. Ayr\u0131ca belirtmeden ge\u00e7mek istemiyorum, Z\u00fcrih \u0130svi\u00e7re&#8217;nin ba\u015fkenti de\u011fil \ud83d\ude42 Ba\u015fkent Bern, bu durum yabanc\u0131 turistlerin \u0130stanbul&#8217;u ba\u015fkent sanmas\u0131 gibi bir durum \ud83d\ude02<\/p>\n\n\n\n<p><strong><mark style=\"background-color:rgba(0, 0, 0, 0)\" class=\"has-inline-color has-vivid-red-color\">Z\u00fcrih Yap\u0131lacaklar Listesi:<\/mark><\/strong><\/p>\n\n\n\n<p>\ud83d\udc63Bahnhofstrasse&#8217;de y\u00fcr\u00fcy\u00fcn<br>\ud83c\udf6b Lindt M\u00fczesi&#8217;ne gidin<br>\ud83d\udcf8 Grossm\u00fcnster&#8217;i foto\u011fraflay\u0131n<br>\ud83d\udd14 Fraum\u00fcnster Kilisesi&#8217;ni g\u00f6r\u00fcn<br>\ud83e\udd58 Zeughauskeller&#8217;de y\u00f6resel yemekleri tad\u0131n<br>\ud83c\udfde Lindenhof Tepesi&#8217;ne \u00e7\u0131k\u0131n<br>\ud83c\udfdb Landesmuseum&#8217;u mutlaka ziyaret edin<br>\ud83d\udea0 Uetliberg&#8217;e \u00e7\u0131k\u0131n <br>\u2728 Niederdorf&#8217;da gezinin<br>\ud83e\uded5 \u0130svi\u00e7re Fond\u00fcs\u00fc&#8217;n\u00fc deneyin<br>\ud83c\udfb6 Opernhaus Zurich&#8217;i g\u00f6r\u00fcn<br>\ud83d\udc86\ud83c\udffb\u200d\u2642\ufe0f Z\u00fcrih G\u00f6l\u00fc manzaras\u0131 ile dinlenin<br>\u26bd\ufe0f FIFA M\u00fczesi&#8217;ni gezin<br>\ud83c\udf33 Chinagarten&#8217;da y\u00fcr\u00fcy\u00fc\u015f yap\u0131n<br>\ud83c\udf6a Bol bol \u00e7ikolata yiyin \ud83d\ude42<br>\ud83c\udf3f Z\u00fcrih Botanik Bah\u00e7esi&#8217;ni gezin<\/p>\n\n\n\n<p>\ud83d\uddd3\ufe0f Z\u00fcrih&#8217;i gezmek i\u00e7in 2-3 g\u00fcn ay\u0131rsan\u0131z olduk\u00e7a yeterli olacakt\u0131r<\/p>\n\n\n\n<p>\u2693\ufe0f Bahar veya yaz aylar\u0131nda gidiyorsan\u0131z g\u00f6lde tekne turlar\u0131na kat\u0131lman\u0131z\u0131 \u00f6neririm. \u015eehri ve do\u011fay\u0131 bu perspektiften g\u00f6rmek de olduk\u00e7a keyifli oluyor<\/p>\n\n\n\n<p>\u26a0\ufe0f \u00dclkeyi gezerken, Bernina Ekspres, Glacier Ekspres veya bir\u00e7ok tren kullanacaksan\u0131z, benim tavsiyem \u201c<a href=\"https:\/\/gyg.me\/gRsc8JNA\">Swiss Travel Pass<\/a>\u201d alman\u0131z y\u00f6n\u00fcnde olacak. 3 g\u00fcnl\u00fck se\u00e7ene\u011fi ile Bernina Express ve Glacier Express\u2019in yan\u0131 s\u0131ra, \u0130svi\u00e7re\u2019deki t\u00fcm t\u00fcm trenlere \u00fccretsiz binebiliyorsunuz. Ayr\u0131ca yukar\u0131daki Lindt M\u00fczesi hari\u00e7 t\u00fcm \u015fehirlerdeki m\u00fczelere de giri\u015f \u00fccretsiz oluyor. M\u00fczelere giri\u015fin en uygun fiyatl\u0131s\u0131n\u0131n 15\u20ac&#8217;dan ba\u015flad\u0131\u011f\u0131n\u0131 ve 30\u20ac&#8217;ya kadar \u00e7\u0131kt\u0131\u011f\u0131n\u0131 d\u00fc\u015f\u00fcn\u00fcrsek bence iyi bir f\u0131rsat. K\u0131sacas\u0131 \u00e7ok daha avantajl\u0131 bir duruma ge\u00e7iyorsunuz\u00a0<\/p>\n\n\n\n<p>\ud83d\ude89 Z\u00fcrih&#8217;i ziyaret etti\u011finiz zaman <strong>Luzern<\/strong> ve <strong>Basel<\/strong>&#8216;e g\u00fcn\u00fcbirlik gidebilirsiniz. Ayr\u0131ca <strong>Liechtenstein<\/strong>&#8216;a da olduk\u00e7a rahat gidebilirsiniz. T\u00fcm bu detaylar\u0131 da a\u015fa\u011f\u0131da belirtti\u011fim Instagram hesab\u0131mda bulabilirsiniz.<\/p>\n\n\n\n<p>\ud83d\udccc A\u015fa\u011f\u0131da birka\u00e7 turistik durak i\u00e7in\u00a0<strong>k\u0131sa bilgileri<\/strong>\u00a0ekliyorum, \u015fehri gezerken bu duraklar\u0131n tarihi \u00f6nemi gibi detaylar\u0131 bulabilirsiniz.<\/p>\n\n\n\n<p><strong>\ud83d\udc63 Bahnhofstrasse<\/strong><\/p>\n\n\n\n<p>Bahnhofstrasse, Z\u00fcrih\u2019in en \u00fcnl\u00fc al\u0131\u015fveri\u015f caddesi. L\u00fcks butikler, \u00fcnl\u00fc markalar ve tarihi ma\u011fazalarla dolu bu cadde, al\u0131\u015fveri\u015f yapmay\u0131 sevmeseniz bile etkileyici atmosferiyle gezilmeye de\u011fer. Caddenin sonunda yer alan B\u00fcrkliplatz Meydan\u0131\u2019nda, Z\u00fcrih G\u00f6l\u00fc\u2019n\u00fcn huzur veren manzaras\u0131n\u0131 seyredebilirsiniz.<\/p>\n\n\n\n<p><strong>\ud83c\udf6b Lindt M\u00fczesi<\/strong><\/p>\n\n\n\n<p>D\u00fcnyaca \u00fcnl\u00fc \u0130svi\u00e7re \u00e7ikolatas\u0131n\u0131n hikayesini \u00f6\u011frenmek ve lezzetlerini denemek i\u00e7in Lindt M\u00fczesi ideal bir durak. M\u00fcze, \u00e7ikolata \u00fcretim s\u00fcrecini detayl\u0131 bir \u015fekilde anlat\u0131rken, ziyaret\u00e7ilere \u00e7ikolata yapma deneyimi sunuyor. \u00d6zellikle devasa \u00e7ikolata \u00e7e\u015fmesi, m\u00fczenin en dikkat \u00e7ekici b\u00f6l\u00fcmlerinden biri. \u0130\u00e7eride s\u0131n\u0131rs\u0131z say\u0131da \u00e7ikolata yiyece\u011finizi de belirtmeden ge\u00e7meyece\u011fim. M\u00fczeye sadece online bilet al\u0131narak gidiliyor. Ayr\u0131ca yukar\u0131da bahsetti\u011fim &#8220;Swiss Pass&#8221; biletine dahil olmayan tek m\u00fcze buras\u0131, sebebi de \u00f6zel bir m\u00fcze olmas\u0131.<\/p>\n\n\n\n<p><strong>\ud83d\udcf8 Grossm\u00fcnster<\/strong><\/p>\n\n\n\n<p>Grossm\u00fcnster, Z\u00fcrih\u2019in simge yap\u0131lar\u0131ndan biri ve \u015fehrin tarihine tan\u0131kl\u0131k eden bir kilise. Romanesk tarzda in\u015fa edilmi\u015f bu etkileyici yap\u0131, 12. y\u00fczy\u0131ldan g\u00fcn\u00fcm\u00fcze kadar ayakta kalm\u0131\u015f. Kilisenin kulelerinden birine \u00e7\u0131karak, Z\u00fcrih\u2019in panoramik manzaras\u0131n\u0131 izleyebilirsiniz.<\/p>\n\n\n\n<p><strong>\ud83d\udd14 Fraum\u00fcnster Kilisesi<\/strong><\/p>\n\n\n\n<p>Fraum\u00fcnster Kilisesi, \u00f6zellikle Marc Chagall taraf\u0131ndan tasarlanm\u0131\u015f renkli vitray pencereleriyle \u00fcnl\u00fc. Bu tarihi kilise, Gotik mimarisi ve zarif detaylar\u0131yla dikkat \u00e7ekiyor. Hem sanat hem de tarih merakl\u0131lar\u0131 i\u00e7in mutlaka g\u00f6r\u00fclmesi gereken bir yer.<\/p>\n\n\n\n<p><strong>\ud83c\udfde Lindenhof Tepesi<\/strong><\/p>\n\n\n\n<p>Lindenhof Tepesi, Z\u00fcrih\u2019in tarihi kalbinde yer alan sakin ve huzurlu bir nokta. Bu tepe, hem \u015fehrin manzaras\u0131n\u0131 izlemek hem de tarihi bir atmosferde y\u00fcr\u00fcy\u00fc\u015f yapmak i\u00e7in harika bir yer. Roma d\u00f6nemine ait kal\u0131nt\u0131larla dolu bu alan, Z\u00fcrih\u2019in en eski b\u00f6lgelerinden biri.<\/p>\n\n\n\n<p><strong>\ud83c\udfdb\ufe0f Landesmuseum (\u0130svi\u00e7re Ulusal M\u00fczesi)<\/strong><\/p>\n\n\n\n<p>\u0130svi\u00e7re\u2019nin tarihini ve k\u00fclt\u00fcr\u00fcn\u00fc ke\u015ffetmek i\u00e7in Landesmuseum m\u00fckemmel bir durak. Orta \u00c7a\u011f\u2019dan modern d\u00f6neme kadar uzanan geni\u015f koleksiyonlar\u0131, ziyaret\u00e7ilere \u00fclkenin zengin ge\u00e7mi\u015fini sunuyor. M\u00fczenin b\u00fcy\u00fcleyici mimarisi de dikkat \u00e7eken bir di\u011fer unsur. \u0130\u00e7eride interaktif olarak d\u00fczenlenmi\u015f b\u00f6l\u00fcmleri gezerken zaman\u0131n nas\u0131l ge\u00e7ti\u011fini fark etmeyeceksiniz, di\u011fer \u015fehirlerdeki benzer m\u00fczelerden \u00e7ok daha keyifli ve donan\u0131ml\u0131.<\/p>\n\n\n\n<p>Z\u00fcrih hakk\u0131ndaki t\u00fcm detaylar\u0131\u00a0<a href=\"https:\/\/www.instagram.com\/istikametburasi\/\">Instagram profilimde<\/a>\u00a0\u00f6ne \u00e7\u0131kan hikayeler k\u0131sm\u0131ndaki \u201c\ud83c\udde8\ud83c\uddedZurich\u201d ba\u015fl\u0131\u011f\u0131 alt\u0131nda bulabilirsiniz.<\/p>\n","protected":false},"excerpt":{"rendered":"<p>Z\u00fcrih: Do\u011fan\u0131n ve K\u00fclt\u00fcr\u00fcn Kalbi Z\u00fcrih, \u0130svi\u00e7re\u2019nin finans merkezi olmas\u0131n\u0131n yan\u0131 s\u0131ra do\u011fal g\u00fczellikleri, tarihi yap\u0131lar\u0131 ve k\u00fclt\u00fcrel zenginlikleriyle ziyaret\u00e7ilerini<\/p>\n","protected":false},"author":1,"featured_media":0,"parent":0,"menu_order":0,"comment_status":"closed","ping_status":"closed","template":"","meta":{"om_disable_all_campaigns":false,"_mi_skip_tracking":false},"_links":{"self":[{"href":"https:\/\/istikametburasi.com\/index.php\/wp-json\/wp\/v2\/pages\/1865"}],"collection":[{"href":"https:\/\/istikametburasi.com\/index.php\/wp-json\/wp\/v2\/pages"}],"about":[{"href":"https:\/\/istikametburasi.com\/index.php\/wp-json\/wp\/v2\/types\/page"}],"author":[{"embeddable":true,"href":"https:\/\/istikametburasi.com\/index.php\/wp-json\/wp\/v2\/users\/1"}],"replies":[{"embeddable":true,"href":"https:\/\/istikametburasi.com\/index.php\/wp-json\/wp\/v2\/comments?post=1865"}],"version-history":[{"count":5,"href":"https:\/\/istikametburasi.com\/index.php\/wp-json\/wp\/v2\/pages\/1865\/revisions"}],"predecessor-version":[{"id":2293,"href":"https:\/\/istikametburasi.com\/index.php\/wp-json\/wp\/v2\/pages\/1865\/revisions\/2293"}],"wp:attachment":[{"href":"https:\/\/istikametburasi.com\/index.php\/wp-json\/wp\/v2\/media?parent=1865"}],"curies":[{"name":"wp","href":"https:\/\/api.w.org\/{rel}","templated":true}]}}