{"id":1866,"date":"2024-03-21T11:12:11","date_gmt":"2024-03-21T09:12:11","guid":{"rendered":"https:\/\/istikametburasi.com\/?page_id=1866"},"modified":"2025-01-01T21:03:53","modified_gmt":"2025-01-01T19:03:53","slug":"lucerne","status":"publish","type":"page","link":"https:\/\/istikametburasi.com\/index.php\/lucerne\/","title":{"rendered":"LUZERN"},"content":{"rendered":"\n<figure class=\"is-layout-flex wp-block-gallery-1 wp-block-gallery has-nested-images columns-default is-cropped\">\n<figure class=\"wp-block-image size-large\"><img decoding=\"async\" loading=\"lazy\" width=\"1024\" height=\"1024\" data-id=\"1883\"  src=\"https:\/\/istikametburasi.com\/wp-content\/uploads\/2024\/03\/Luzern-1-1024x1024.png\" alt=\"\" class=\"wp-image-1883\" srcset=\"https:\/\/istikametburasi.com\/wp-content\/uploads\/2024\/03\/Luzern-1-1024x1024.png 1024w, https:\/\/istikametburasi.com\/wp-content\/uploads\/2024\/03\/Luzern-1-300x300.png 300w, https:\/\/istikametburasi.com\/wp-content\/uploads\/2024\/03\/Luzern-1-150x150.png 150w, https:\/\/istikametburasi.com\/wp-content\/uploads\/2024\/03\/Luzern-1-768x768.png 768w, https:\/\/istikametburasi.com\/wp-content\/uploads\/2024\/03\/Luzern-1.png 1080w\" sizes=\"(max-width: 1024px) 100vw, 1024px\" \/><\/figure>\n\n\n\n<figure class=\"wp-block-image size-large\"><img decoding=\"async\" loading=\"lazy\" width=\"1024\" height=\"1024\" data-id=\"1885\"  src=\"https:\/\/istikametburasi.com\/wp-content\/uploads\/2024\/03\/Luzern-3-1024x1024.png\" alt=\"\" class=\"wp-image-1885\" srcset=\"https:\/\/istikametburasi.com\/wp-content\/uploads\/2024\/03\/Luzern-3-1024x1024.png 1024w, https:\/\/istikametburasi.com\/wp-content\/uploads\/2024\/03\/Luzern-3-300x300.png 300w, https:\/\/istikametburasi.com\/wp-content\/uploads\/2024\/03\/Luzern-3-150x150.png 150w, https:\/\/istikametburasi.com\/wp-content\/uploads\/2024\/03\/Luzern-3-768x768.png 768w, https:\/\/istikametburasi.com\/wp-content\/uploads\/2024\/03\/Luzern-3.png 1080w\" sizes=\"(max-width: 1024px) 100vw, 1024px\" \/><\/figure>\n\n\n\n<figure class=\"wp-block-image size-large\"><img decoding=\"async\" loading=\"lazy\" width=\"1024\" height=\"1024\" data-id=\"1884\"  src=\"https:\/\/istikametburasi.com\/wp-content\/uploads\/2024\/03\/Luzern-2-1024x1024.png\" alt=\"\" class=\"wp-image-1884\" srcset=\"https:\/\/istikametburasi.com\/wp-content\/uploads\/2024\/03\/Luzern-2-1024x1024.png 1024w, https:\/\/istikametburasi.com\/wp-content\/uploads\/2024\/03\/Luzern-2-300x300.png 300w, https:\/\/istikametburasi.com\/wp-content\/uploads\/2024\/03\/Luzern-2-150x150.png 150w, https:\/\/istikametburasi.com\/wp-content\/uploads\/2024\/03\/Luzern-2-768x768.png 768w, https:\/\/istikametburasi.com\/wp-content\/uploads\/2024\/03\/Luzern-2.png 1080w\" sizes=\"(max-width: 1024px) 100vw, 1024px\" \/><\/figure>\n<\/figure>\n\n\n\n<p><strong>Luzern: Masal Gibi Bir \u0130svi\u00e7re \u015eehri<\/strong><\/p>\n\n\n\n<p>Luzern, b\u00fcy\u00fcleyici do\u011fas\u0131, tarihi yap\u0131lar\u0131 ve \u015firin atmosferiyle \u0130svi\u00e7re\u2019nin en g\u00fczel \u015fehirlerinden biri. Etraf\u0131n\u0131 \u00e7evreleyen da\u011flar, berrak Luzern G\u00f6l\u00fc ve Orta \u00c7a\u011f\u2019dan kalma yap\u0131lar, buray\u0131 tam bir kartpostal \u015fehri haline getiriyor. \u015eehirde y\u00fcr\u00fcrken Kapell K\u00f6pr\u00fcs\u00fc\u2019nden Spreuer K\u00f6pr\u00fcs\u00fc\u2019ne, Eski \u015eehir\u2019den Musegg Duvar\u0131\u2019na kadar her k\u00f6\u015fe tarih ve do\u011fayla i\u00e7 i\u00e7e bir deneyim sunuyor. \u0130svi\u00e7re\u2019nin \u00fcnl\u00fc mutfa\u011f\u0131n\u0131 ve etkileyici manzaralar\u0131n\u0131 ke\u015ffetmek i\u00e7in Luzern, unutulmaz bir durak.<\/p>\n\n\n\n<p><strong><mark style=\"background-color:rgba(0, 0, 0, 0)\" class=\"has-inline-color has-vivid-red-color\">Luzern Yap\u0131lacaklar Listesi:<\/mark><\/strong><\/p>\n\n\n\n<p>\u2b50\ufe0f Kapell K\u00f6pr\u00fcs\u00fc\u2019nde y\u00fcr\u00fcy\u00fcn<br>\ud83c\udf33 Glacier Bah\u00e7esi\u2019nde zaman ge\u00e7irin<br>\ud83e\udd81 Aslan An\u0131t\u0131\u2019n\u0131 g\u00f6r\u00fcn<br>\ud83c\udf6a B\u00e4ckerei Moos\u2019da bir \u015feyler at\u0131\u015ft\u0131r\u0131n<br>\ud83d\uddfe Luzern G\u00f6l\u00fc\u2019nde foto\u011fraf \u00e7ekilin<br>\ud83d\udea0 Pilatus Da\u011f\u0131\u2019na \u00e7\u0131k\u0131n<br>\ud83d\udcdc Spreuer\u00a0K\u00f6pr\u00fcs\u00fc\u2019n\u00fc gezin<br>\ud83c\udfa8 Me\u015fhur evleri foto\u011fraflay\u0131n<br>\ud83d\udd14 Aziz Leodegar Kilisesi\u2019ni\u00a0g\u00f6r\u00fcn<br>\ud83e\udd59 Raclette yiyin<br>\u2694\ufe0f Bourbaki Panorama M\u00fczesi\u2019ni gezin<br>\ud83d\udc63 Eski \u015eehir Merkezi\u2019nde sokaklar\u0131 ke\u015ffedin<br>\ud83d\udcf8 Musegg Duvar\u0131\u2019n\u0131 g\u00f6r\u00fcn<br>\ud83e\uded5 Me\u015fhur \u0130svi\u00e7re Fond\u00fc\u2019y\u00fc deneyin\u00a0<br>\ud83d\ude83 \u0130svi\u00e7re Ula\u015ft\u0131rma M\u00fczesi\u2019ni gezin<br>\ud83c\udfde\ufe0f Rigi Da\u011f\u0131\u2019na \u00e7\u0131k\u0131n<br>\u2728 Richard Wagner M\u00fczesi\u2019ni g\u00f6r\u00fcn<\/p>\n\n\n\n<p>\ud83d\uddd3\ufe0f Luzern\u2019i 1 g\u00fcn ay\u0131rarak gezmeniz yeterli olacakt\u0131r<\/p>\n\n\n\n<p>\ud83c\udfa8 Luzern festivaller \u015fehri olarak bilindi\u011fi i\u00e7in binalar\u0131n d\u0131\u015f cepheleri de buna uygun olarak tasarlanm\u0131\u015f. \u00c7o\u011fu binan\u0131n d\u0131\u015f cephesi olduk\u00e7a g\u00fczel ve renkli \u00e7izimler ile dolu. Bu me\u015fhur evler tren istasyonunun bulundu\u011fu yakan\u0131n kar\u015f\u0131s\u0131nda yer al\u0131yor. \u00c7o\u011fu turistik noktada bu tarafta kal\u0131yor.\u00a0<\/p>\n\n\n\n<p>\ud83d\udccdTren istasyonundan indikten sonra y\u00fcr\u00fcyerek 15 dakikada Eski \u015eehir\u00a0Merkezi\u2019ne varabilirsiniz. Burada rastgele sokaklar\u0131 gezerken bir\u00e7ok g\u00fczel bina ve meydan sizi kar\u015f\u0131layacak.<\/p>\n\n\n\n<p>\ud83c\udf8a Bu renkli evlerin bulundu\u011fu\u00a0meydanlardan bir tanesi, \u201c<strong>Sternenplatz Square<\/strong>\u201d. Google Maps\u2019te bu \u015fekilde aratarak bulabilirsiniz. Me\u015fhur meydanlardan bir di\u011feri ise \u201c<strong>Weinmarkt-Brunnen<\/strong>\u201d, yine Google Maps\u2019te bu isim ile aratarak bulabilirsiniz.<\/p>\n\n\n\n<p>\ud83c\udf8a Baz\u0131 festivallerin denk geldi\u011fi tarihleri a\u015fa\u011f\u0131ya listeledim:<br>\u2022Ocak ay\u0131 ortas\u0131 I\u015f\u0131k Festivali<br>\u2022\u015eubat\/Mart Karnaval<br>\u2022Haziran sonu Eski \u015eehir\u00a0Festivali<\/p>\n\n\n\n<p>\ud83e\uded5 Me\u015fhur \u0130svi\u00e7re Fond\u00fcs\u00fc&#8217;n\u00fc denemek i\u00e7in Kapell K\u00f6pr\u00fcs\u00fc yak\u0131n\u0131ndaki &#8220;<strong>Fondue House du Point<\/strong>&#8221; adl\u0131 mekan\u0131 tercih edebilirsiniz. <\/p>\n\n\n\n<p>\ud83d\udccc A\u015fa\u011f\u0131da birka\u00e7 turistik durak i\u00e7in\u00a0<strong>k\u0131sa bilgileri<\/strong>\u00a0ekliyorum, \u015fehri gezerken bu duraklar\u0131n tarihi \u00f6nemi gibi detaylar\u0131 bulabilirsiniz.<\/p>\n\n\n\n<p><strong>\u2b50\ufe0f Kapell K\u00f6pr\u00fcs\u00fc<\/strong><\/p>\n\n\n\n<p>Kapell K\u00f6pr\u00fcs\u00fc, Luzern\u2019in en \u00fcnl\u00fc yap\u0131lar\u0131ndan biri ve \u015fehrin sembol\u00fc. 14. y\u00fczy\u0131lda in\u015fa edilen bu ah\u015fap k\u00f6pr\u00fc, \u00fczerindeki \u00fc\u00e7gen panellerde \u0130svi\u00e7re tarihinden sahneleri resmediyor. Kulesiyle birlikte Luzern\u2019in kartpostal manzaras\u0131n\u0131 tamaml\u0131yor. G\u00fcnd\u00fcz veya gece, k\u00f6pr\u00fcden ge\u00e7mek her zaman b\u00fcy\u00fcleyici bir deneyim.<\/p>\n\n\n\n<p><strong>\ud83c\udf33 Glacier Bah\u00e7esi<\/strong><\/p>\n\n\n\n<p>Glacier Bah\u00e7esi, 20.000 y\u0131l \u00f6ncesine ait buzul kal\u0131nt\u0131lar\u0131n\u0131n sergilendi\u011fi etkileyici bir do\u011fal alan. Buras\u0131, hem e\u011fitici hem de huzurlu bir atmosfer sunuyor. Labirenti, ta\u015f oymalar\u0131 ve etkileyici manzaras\u0131yla buras\u0131 her ya\u015f i\u00e7in keyifli bir durak.<\/p>\n\n\n\n<p><strong>\ud83e\udd81 Aslan An\u0131t\u0131<\/strong><\/p>\n\n\n\n<p>Aslan An\u0131t\u0131, Luzern\u2019in en anlaml\u0131 ve duygusal noktalar\u0131ndan biri. Bu devasa ta\u015f an\u0131t, 18. y\u00fczy\u0131lda hayat\u0131n\u0131 kaybeden \u0130svi\u00e7reli askerlerin an\u0131s\u0131na yap\u0131lm\u0131\u015f. Mark Twain, bu an\u0131t\u0131 \u201cd\u00fcnyan\u0131n en \u00fcz\u00fcc\u00fc ve etkileyici heykeli\u201d olarak tan\u0131mlam\u0131\u015f. An\u0131t\u0131 g\u00f6rmek, \u015fehrin tarihine farkl\u0131 bir perspektiften bakmak i\u00e7in \u00f6nemli bir f\u0131rsat.<\/p>\n\n\n\n<p><strong>\ud83d\udcdc Spreuer K\u00f6pr\u00fcs\u00fc<\/strong><\/p>\n\n\n\n<p>Kapell K\u00f6pr\u00fcs\u00fc kadar \u00fcnl\u00fc olmasa da Spreuer K\u00f6pr\u00fcs\u00fc, Luzern\u2019in bir di\u011fer tarihi yap\u0131s\u0131. 15. y\u00fczy\u0131lda in\u015fa edilen bu ah\u015fap k\u00f6pr\u00fc, \u00f6l\u00fcm temal\u0131 resimleriyle dikkat \u00e7ekiyor. K\u00f6pr\u00fcden ge\u00e7erken hem \u015fehrin tarihine tan\u0131kl\u0131k edebilir hem de Luzern Nehri\u2019nin g\u00fczel manzaras\u0131n\u0131 izleyebilirsiniz.<\/p>\n\n\n\n<p><strong>\ud83d\uddfe Luzern G\u00f6l\u00fc<\/strong><\/p>\n\n\n\n<p>Luzern G\u00f6l\u00fc, \u015fehrin do\u011fal g\u00fczelliklerinin en \u00f6nemli par\u00e7alar\u0131ndan biri. G\u00f6lde bir tekne turu yaparak \u00e7evredeki k\u00f6yleri ve da\u011flar\u0131 ke\u015ffedebilirsiniz. Ayr\u0131ca g\u00f6l k\u0131y\u0131s\u0131nda y\u00fcr\u00fcy\u00fc\u015f yap\u0131p bu e\u015fsiz do\u011fan\u0131n tad\u0131n\u0131 \u00e7\u0131karabilirsiniz.<\/p>\n\n\n\n<p>Luzern hakk\u0131ndaki t\u00fcm detaylar\u0131 <a href=\"https:\/\/www.instagram.com\/istikametburasi\/\">Instagram profilimde<\/a> \u00f6ne \u00e7\u0131kan hikayeler k\u0131sm\u0131ndaki \u201c\ud83c\udde8\ud83c\uddedLucerne\u201d ba\u015fl\u0131\u011f\u0131 alt\u0131nda bulabilirsiniz.<\/p>\n","protected":false},"excerpt":{"rendered":"<p>Luzern: Masal Gibi Bir \u0130svi\u00e7re \u015eehri Luzern, b\u00fcy\u00fcleyici do\u011fas\u0131, tarihi yap\u0131lar\u0131 ve \u015firin atmosferiyle \u0130svi\u00e7re\u2019nin en g\u00fczel \u015fehirlerinden biri. Etraf\u0131n\u0131<\/p>\n","protected":false},"author":1,"featured_media":0,"parent":0,"menu_order":0,"comment_status":"closed","ping_status":"closed","template":"","meta":{"om_disable_all_campaigns":false,"_mi_skip_tracking":false},"_links":{"self":[{"href":"https:\/\/istikametburasi.com\/index.php\/wp-json\/wp\/v2\/pages\/1866"}],"collection":[{"href":"https:\/\/istikametburasi.com\/index.php\/wp-json\/wp\/v2\/pages"}],"about":[{"href":"https:\/\/istikametburasi.com\/index.php\/wp-json\/wp\/v2\/types\/page"}],"author":[{"embeddable":true,"href":"https:\/\/istikametburasi.com\/index.php\/wp-json\/wp\/v2\/users\/1"}],"replies":[{"embeddable":true,"href":"https:\/\/istikametburasi.com\/index.php\/wp-json\/wp\/v2\/comments?post=1866"}],"version-history":[{"count":3,"href":"https:\/\/istikametburasi.com\/index.php\/wp-json\/wp\/v2\/pages\/1866\/revisions"}],"predecessor-version":[{"id":2295,"href":"https:\/\/istikametburasi.com\/index.php\/wp-json\/wp\/v2\/pages\/1866\/revisions\/2295"}],"wp:attachment":[{"href":"https:\/\/istikametburasi.com\/index.php\/wp-json\/wp\/v2\/media?parent=1866"}],"curies":[{"name":"wp","href":"https:\/\/api.w.org\/{rel}","templated":true}]}}