{"id":1867,"date":"2024-03-21T11:12:11","date_gmt":"2024-03-21T09:12:11","guid":{"rendered":"https:\/\/istikametburasi.com\/?page_id=1867"},"modified":"2024-03-21T11:23:03","modified_gmt":"2024-03-21T09:23:03","slug":"bernina-ekspress","status":"publish","type":"page","link":"https:\/\/istikametburasi.com\/index.php\/bernina-ekspress\/","title":{"rendered":"BERNINA EKSPRES"},"content":{"rendered":"\n<figure class=\"is-layout-flex wp-block-gallery-1 wp-block-gallery has-nested-images columns-default is-cropped\">\n<figure class=\"wp-block-image size-large\"><img decoding=\"async\" loading=\"lazy\" width=\"1024\" height=\"1024\" data-id=\"1879\"  src=\"https:\/\/istikametburasi.com\/wp-content\/uploads\/2024\/03\/bernina-ekspress-1-1024x1024.png\" alt=\"\" class=\"wp-image-1879\" srcset=\"https:\/\/istikametburasi.com\/wp-content\/uploads\/2024\/03\/bernina-ekspress-1-1024x1024.png 1024w, https:\/\/istikametburasi.com\/wp-content\/uploads\/2024\/03\/bernina-ekspress-1-300x300.png 300w, https:\/\/istikametburasi.com\/wp-content\/uploads\/2024\/03\/bernina-ekspress-1-150x150.png 150w, https:\/\/istikametburasi.com\/wp-content\/uploads\/2024\/03\/bernina-ekspress-1-768x768.png 768w, https:\/\/istikametburasi.com\/wp-content\/uploads\/2024\/03\/bernina-ekspress-1.png 1080w\" sizes=\"(max-width: 1024px) 100vw, 1024px\" \/><\/figure>\n\n\n\n<figure class=\"wp-block-image size-large\"><img decoding=\"async\" loading=\"lazy\" width=\"1024\" height=\"1024\" data-id=\"1881\"  src=\"https:\/\/istikametburasi.com\/wp-content\/uploads\/2024\/03\/bernina-ekspress-2-1024x1024.png\" alt=\"\" class=\"wp-image-1881\" srcset=\"https:\/\/istikametburasi.com\/wp-content\/uploads\/2024\/03\/bernina-ekspress-2-1024x1024.png 1024w, https:\/\/istikametburasi.com\/wp-content\/uploads\/2024\/03\/bernina-ekspress-2-300x300.png 300w, https:\/\/istikametburasi.com\/wp-content\/uploads\/2024\/03\/bernina-ekspress-2-150x150.png 150w, https:\/\/istikametburasi.com\/wp-content\/uploads\/2024\/03\/bernina-ekspress-2-768x768.png 768w, https:\/\/istikametburasi.com\/wp-content\/uploads\/2024\/03\/bernina-ekspress-2.png 1080w\" sizes=\"(max-width: 1024px) 100vw, 1024px\" \/><\/figure>\n\n\n\n<figure class=\"wp-block-image size-large\"><img decoding=\"async\" loading=\"lazy\" width=\"1024\" height=\"1024\" data-id=\"1880\"  src=\"https:\/\/istikametburasi.com\/wp-content\/uploads\/2024\/03\/bernina-ekspress-3-1024x1024.png\" alt=\"\" class=\"wp-image-1880\" srcset=\"https:\/\/istikametburasi.com\/wp-content\/uploads\/2024\/03\/bernina-ekspress-3-1024x1024.png 1024w, https:\/\/istikametburasi.com\/wp-content\/uploads\/2024\/03\/bernina-ekspress-3-300x300.png 300w, https:\/\/istikametburasi.com\/wp-content\/uploads\/2024\/03\/bernina-ekspress-3-150x150.png 150w, https:\/\/istikametburasi.com\/wp-content\/uploads\/2024\/03\/bernina-ekspress-3-768x768.png 768w, https:\/\/istikametburasi.com\/wp-content\/uploads\/2024\/03\/bernina-ekspress-3.png 1080w\" sizes=\"(max-width: 1024px) 100vw, 1024px\" \/><\/figure>\n<\/figure>\n\n\n\n<p>Masals\u0131 bir atmosferde yap\u0131lan yolculu\u011fu ile \u00f6zellikle son d\u00f6nemlerde pop\u00fclerli\u011fi olduk\u00e7a artan Bernina Ekspres hakk\u0131nda t\u00fcm detaylar\u0131 a\u015fa\u011f\u0131da payla\u015f\u0131yorum. \u015eimdiden en \u00f6nemli k\u0131sm\u0131n alt\u0131n\u0131 \u00e7izeyim; seyahatinize karar verdi\u011finiz an biletinizi alt\u0131n ve \u00f6zellikle koltuk rezervasyonunuzu tamamlay\u0131n.<\/p>\n\n\n\n<p>\ud83d\uddfa\ufe0fUNESCO D\u00fcnya Miras\u0131 Listesi\u2019nde bulunan Bernina Ekspres, \u0130svi\u00e7re\u2019nin Chur \u015fehri ile \u0130talya\u2019n\u0131n Tirano \u015fehirleri aras\u0131nda ilerleyen bir tren. Yolculuk yakla\u015f\u0131k 4.30 saat s\u00fcr\u00fcyor.<\/p>\n\n\n\n<p>\ud83d\ude89Bu d\u00fcnyaca \u00fcnl\u00fc panoramik tren ile seyahat ederken 196 viyad\u00fck ve 55 t\u00fcnelden ge\u00e7iyorsunuz. Dahas\u0131, Alp da\u011flar\u0131n\u0131n e\u015fsiz manzaralar\u0131n\u0131 izliyorsunuz.<\/p>\n\n\n\n<p>\ud83c\udf9f\ufe0fBiletlerinizi a\u015fa\u011f\u0131daki linkten alabilirsiniz\ud83d\udc47\ud83c\udffc<br>https:\/\/tickets.rhb.ch\/de\/pages\/bernina-express<\/p>\n\n\n\n<p>\ud83d\udcbaE\u011fer Swiss Travel Pass veya Interrail Pass gibi biletleriniz varsa a\u015fa\u011f\u0131daki linkten koltuk rezervasyonu yapmal\u0131s\u0131n\u0131z\ud83d\udc47\ud83c\udffc(Resmi siteden de bilet alsan\u0131z koltuk rezervasyonu her daim zorunlu)<br>https:\/\/shop.rhb.ch\/de\/catalog\/product\/view\/id\/18<\/p>\n\n\n\n<p>\ud83d\udcb6Koltuk rezervasyon \u00fccreti 33\u20ac.<\/p>\n\n\n\n<p>\u27281. ve 2. s\u0131n\u0131f aras\u0131ndaki tek fark koltuk say\u0131s\u0131n\u0131n 1.s\u0131n\u0131f vagonlarda daha az olmas\u0131. Fakat 2.s\u0131n\u0131ftaki koltuklarda olduk\u00e7a geni\u015f ve rahat. Manzara ve panoramik camlar a\u00e7\u0131s\u0131ndan hi\u00e7bir fark yok<\/p>\n\n\n\n<p>\ud83c\udde8\ud83c\uddedBenim tavsiyem \u201c<a href=\"https:\/\/gyg.me\/gRsc8JNA\">Swiss Travel Pass<\/a>\u201d alman\u0131z y\u00f6n\u00fcnde olacak. 3 g\u00fcnl\u00fck se\u00e7ene\u011fi ile Bernina Express ve Glacier Express\u2019in yan\u0131 s\u0131ra, \u0130svi\u00e7re\u2019deki t\u00fcm t\u00fcm trenlere \u00fccretsiz binebiliyorsunuz. Ayr\u0131ca birka\u00e7 m\u00fcze hari\u00e7 t\u00fcm \u015fehirlerdeki m\u00fczelere de giri\u015f \u00fccretsiz oluyor. K\u0131sacas\u0131 \u00e7ok daha avantajl\u0131 bir duruma ge\u00e7iyorsunuz \ud83d\ude42 &#8211;<\/p>\n\n\n\n<p>\ud83c\udfde\ufe0fHangi taraftaki manzaralar daha iyi diyecek olursan\u0131z, hemen hemen ayn\u0131 olsa da bence Tirano-Chur y\u00f6n\u00fcndeki tren i\u00e7in koltuk rezervasyon ekran\u0131n\u0131 a\u00e7\u0131nda a\u015fa\u011f\u0131da bulunan koltuklar\u0131 se\u00e7in.<br>Bunu site \u00fczerinde \u00e7izerek g\u00f6sterdi\u011fim halini de Instagram&#8217;da hikayelerime ekledim, oradan kontrol edebilirsiniz<\/p>\n\n\n\n<p>\ud83d\udd1c T\u00fcm seyahati hikayelerimde detaylar ile payla\u015ft\u0131m, tren ve m\u00fczelerin \u00fccretleri ile birlikte payla\u015faca\u011f\u0131m i\u00e7in de \u201cSwiss Travel Pass\u201d ekonomik anlamda nas\u0131l yard\u0131mc\u0131 oluyor daha rahat g\u00f6rebilirsiniz \ud83d\ude4c\ud83c\udffc<\/p>\n\n\n\n<p>Bahsetti\u011fim bilet ve di\u011fer detaylar\u0131 <a href=\"https:\/\/www.instagram.com\/istikametburasi\/\">Instagram profilimde<\/a> \u00f6ne \u00e7\u0131kan hikayeler k\u0131sm\u0131ndaki \u201c\ud83d\ude82Bernina\u201d ba\u015fl\u0131\u011f\u0131nda bulabilirsiniz.<\/p>\n\n\n\n<p><\/p>\n","protected":false},"excerpt":{"rendered":"<p>Masals\u0131 bir atmosferde yap\u0131lan yolculu\u011fu ile \u00f6zellikle son d\u00f6nemlerde pop\u00fclerli\u011fi olduk\u00e7a artan Bernina Ekspres hakk\u0131nda t\u00fcm detaylar\u0131 a\u015fa\u011f\u0131da payla\u015f\u0131yorum. \u015eimdiden<\/p>\n","protected":false},"author":1,"featured_media":0,"parent":0,"menu_order":0,"comment_status":"closed","ping_status":"closed","template":"","meta":{"om_disable_all_campaigns":false,"_mi_skip_tracking":false},"_links":{"self":[{"href":"https:\/\/istikametburasi.com\/index.php\/wp-json\/wp\/v2\/pages\/1867"}],"collection":[{"href":"https:\/\/istikametburasi.com\/index.php\/wp-json\/wp\/v2\/pages"}],"about":[{"href":"https:\/\/istikametburasi.com\/index.php\/wp-json\/wp\/v2\/types\/page"}],"author":[{"embeddable":true,"href":"https:\/\/istikametburasi.com\/index.php\/wp-json\/wp\/v2\/users\/1"}],"replies":[{"embeddable":true,"href":"https:\/\/istikametburasi.com\/index.php\/wp-json\/wp\/v2\/comments?post=1867"}],"version-history":[{"count":2,"href":"https:\/\/istikametburasi.com\/index.php\/wp-json\/wp\/v2\/pages\/1867\/revisions"}],"predecessor-version":[{"id":1882,"href":"https:\/\/istikametburasi.com\/index.php\/wp-json\/wp\/v2\/pages\/1867\/revisions\/1882"}],"wp:attachment":[{"href":"https:\/\/istikametburasi.com\/index.php\/wp-json\/wp\/v2\/media?parent=1867"}],"curies":[{"name":"wp","href":"https:\/\/api.w.org\/{rel}","templated":true}]}}