{"id":1888,"date":"2024-03-21T11:37:44","date_gmt":"2024-03-21T09:37:44","guid":{"rendered":"https:\/\/istikametburasi.com\/?page_id=1888"},"modified":"2024-03-24T23:24:55","modified_gmt":"2024-03-24T21:24:55","slug":"isvicre-2","status":"publish","type":"page","link":"https:\/\/istikametburasi.com\/index.php\/isvicre-2\/","title":{"rendered":"\u0130SV\u0130\u00c7RE"},"content":{"rendered":"\n<p>Avrupa\u2019n\u0131n en huzurlu \u00fclkelerinin ba\u015f\u0131nda gelen ve do\u011fas\u0131yla her gideni b\u00fcy\u00fcleyen \u0130svi\u00e7re&#8217;yi ke\u015ffederken size yard\u0131mc\u0131 olacak rotalar\u0131 bu ba\u015fl\u0131kta\u00a0bulabilirsiniz<\/p>\n\n\n\n<p>En pop\u00fcler \u015fehri olan <strong>Z\u00fcrih<\/strong>, Huzur veren atmosferi ile <strong>Luzern<\/strong>, Ba\u015fkent <strong>Bern<\/strong> ve <strong>Basel<\/strong>, <strong>Cenevre<\/strong>, <strong>Lozan<\/strong> gibi bir\u00e7ok di\u011fer g\u00fczel \u015fehir\u00a0ve daha fazlas\u0131 sizleri bekliyor\u2026<\/p>\n\n\n\n<figure class=\"wp-block-image aligncenter size-large is-resized\"><img decoding=\"async\" loading=\"lazy\" src=\"https:\/\/istikametburasi.com\/wp-content\/uploads\/2024\/03\/Zurih-SITERota-576x1024.png\" alt=\"\" class=\"wp-image-1892\" width=\"521\" height=\"927\" srcset=\"https:\/\/istikametburasi.com\/wp-content\/uploads\/2024\/03\/Zurih-SITERota-576x1024.png 576w, https:\/\/istikametburasi.com\/wp-content\/uploads\/2024\/03\/Zurih-SITERota-169x300.png 169w, https:\/\/istikametburasi.com\/wp-content\/uploads\/2024\/03\/Zurih-SITERota-768x1365.png 768w, https:\/\/istikametburasi.com\/wp-content\/uploads\/2024\/03\/Zurih-SITERota-864x1536.png 864w, https:\/\/istikametburasi.com\/wp-content\/uploads\/2024\/03\/Zurih-SITERota.png 1080w\" sizes=\"(max-width: 521px) 100vw, 521px\" \/><\/figure>\n","protected":false},"excerpt":{"rendered":"<p>Avrupa\u2019n\u0131n en huzurlu \u00fclkelerinin ba\u015f\u0131nda gelen ve do\u011fas\u0131yla her gideni b\u00fcy\u00fcleyen \u0130svi\u00e7re&#8217;yi ke\u015ffederken size yard\u0131mc\u0131 olacak rotalar\u0131 bu ba\u015fl\u0131kta\u00a0bulabilirsiniz En<\/p>\n","protected":false},"author":1,"featured_media":0,"parent":0,"menu_order":0,"comment_status":"closed","ping_status":"closed","template":"","meta":{"om_disable_all_campaigns":false,"_mi_skip_tracking":false},"_links":{"self":[{"href":"https:\/\/istikametburasi.com\/index.php\/wp-json\/wp\/v2\/pages\/1888"}],"collection":[{"href":"https:\/\/istikametburasi.com\/index.php\/wp-json\/wp\/v2\/pages"}],"about":[{"href":"https:\/\/istikametburasi.com\/index.php\/wp-json\/wp\/v2\/types\/page"}],"author":[{"embeddable":true,"href":"https:\/\/istikametburasi.com\/index.php\/wp-json\/wp\/v2\/users\/1"}],"replies":[{"embeddable":true,"href":"https:\/\/istikametburasi.com\/index.php\/wp-json\/wp\/v2\/comments?post=1888"}],"version-history":[{"count":3,"href":"https:\/\/istikametburasi.com\/index.php\/wp-json\/wp\/v2\/pages\/1888\/revisions"}],"predecessor-version":[{"id":1906,"href":"https:\/\/istikametburasi.com\/index.php\/wp-json\/wp\/v2\/pages\/1888\/revisions\/1906"}],"wp:attachment":[{"href":"https:\/\/istikametburasi.com\/index.php\/wp-json\/wp\/v2\/media?parent=1888"}],"curies":[{"name":"wp","href":"https:\/\/api.w.org\/{rel}","templated":true}]}}