{"id":1908,"date":"2024-04-13T12:16:10","date_gmt":"2024-04-13T10:16:10","guid":{"rendered":"https:\/\/istikametburasi.com\/?page_id=1908"},"modified":"2024-04-13T12:24:56","modified_gmt":"2024-04-13T10:24:56","slug":"isvec-2","status":"publish","type":"page","link":"https:\/\/istikametburasi.com\/index.php\/isvec-2\/","title":{"rendered":"\u0130SVE\u00c7"},"content":{"rendered":"\n<p>Kuzey Avrupa&#8217;n\u0131n \u00f6nde gelen \u00fclkelerinden biri olan \u0130sve\u00e7, k\u0131\u015f\u0131 sert yaz\u0131 ise ayd\u0131nl\u0131\u011f\u0131 ile enerjinizi tavan yapan bir rota. K\u0131\u015f aylar\u0131nda kar\u015f\u0131 manzaralar\u0131 ve so\u011fu\u011fu ile sizi kar\u015f\u0131larken, yaz aylar\u0131nda batmak bilmeyen g\u00fcne\u015fi ve renki do\u011fa manzaralar\u0131 ile kendine hayran b\u0131rak\u0131yor \ud83c\uddf8\ud83c\uddea<\/p>\n\n\n\n<p>En pop\u00fcler \u015fehri ve ba\u015fkent olan\u00a0<strong>Stockholm<\/strong>\u00a0mutlaka g\u00f6r\u00fclmesi gereken ilk durak oluyor. Stockholm&#8217;un ard\u0131nda <strong>Malm\u00f6<\/strong>, <strong>Uppsala<\/strong>, <strong>Lund<\/strong> ve <strong>Gothenburg<\/strong> gibi \u015fehirler de g\u00f6r\u00fclmeye de\u011fer g\u00fczellikte. Kuzey I\u015f\u0131klar\u0131&#8217;n\u0131 g\u00f6rebilmenin m\u00fcmk\u00fcn oldu\u011fu fakat kesin bir lokasyondan ziyade \u015fans\u0131n\u0131z\u0131n yard\u0131m\u0131na ihtiya\u00e7 duyaca\u011f\u0131n\u0131z bir \u00fclke. Kuzey Avrupa tarihi, mimarisi, temiz sokaklar\u0131, tarihi Eski \u015eehri ve do\u011fa manzaralar\u0131 ile sizi bekliyor&#8230;<\/p>\n\n\n\n<figure class=\"wp-block-image aligncenter size-large\"><img decoding=\"async\" loading=\"lazy\" width=\"576\" height=\"1024\" src=\"https:\/\/istikametburasi.com\/wp-content\/uploads\/2024\/04\/Stockholm-siteRota-576x1024.png\" alt=\"\" class=\"wp-image-1916\" srcset=\"https:\/\/istikametburasi.com\/wp-content\/uploads\/2024\/04\/Stockholm-siteRota-576x1024.png 576w, https:\/\/istikametburasi.com\/wp-content\/uploads\/2024\/04\/Stockholm-siteRota-169x300.png 169w, https:\/\/istikametburasi.com\/wp-content\/uploads\/2024\/04\/Stockholm-siteRota-768x1365.png 768w, https:\/\/istikametburasi.com\/wp-content\/uploads\/2024\/04\/Stockholm-siteRota-864x1536.png 864w, https:\/\/istikametburasi.com\/wp-content\/uploads\/2024\/04\/Stockholm-siteRota.png 1080w\" sizes=\"(max-width: 576px) 100vw, 576px\" \/><\/figure>\n","protected":false},"excerpt":{"rendered":"<p>Kuzey Avrupa&#8217;n\u0131n \u00f6nde gelen \u00fclkelerinden biri olan \u0130sve\u00e7, k\u0131\u015f\u0131 sert yaz\u0131 ise ayd\u0131nl\u0131\u011f\u0131 ile enerjinizi tavan yapan bir rota. K\u0131\u015f<\/p>\n","protected":false},"author":1,"featured_media":0,"parent":0,"menu_order":0,"comment_status":"closed","ping_status":"closed","template":"","meta":{"om_disable_all_campaigns":false,"_mi_skip_tracking":false},"_links":{"self":[{"href":"https:\/\/istikametburasi.com\/index.php\/wp-json\/wp\/v2\/pages\/1908"}],"collection":[{"href":"https:\/\/istikametburasi.com\/index.php\/wp-json\/wp\/v2\/pages"}],"about":[{"href":"https:\/\/istikametburasi.com\/index.php\/wp-json\/wp\/v2\/types\/page"}],"author":[{"embeddable":true,"href":"https:\/\/istikametburasi.com\/index.php\/wp-json\/wp\/v2\/users\/1"}],"replies":[{"embeddable":true,"href":"https:\/\/istikametburasi.com\/index.php\/wp-json\/wp\/v2\/comments?post=1908"}],"version-history":[{"count":3,"href":"https:\/\/istikametburasi.com\/index.php\/wp-json\/wp\/v2\/pages\/1908\/revisions"}],"predecessor-version":[{"id":1918,"href":"https:\/\/istikametburasi.com\/index.php\/wp-json\/wp\/v2\/pages\/1908\/revisions\/1918"}],"wp:attachment":[{"href":"https:\/\/istikametburasi.com\/index.php\/wp-json\/wp\/v2\/media?parent=1908"}],"curies":[{"name":"wp","href":"https:\/\/api.w.org\/{rel}","templated":true}]}}