{"id":1925,"date":"2024-04-17T08:47:15","date_gmt":"2024-04-17T06:47:15","guid":{"rendered":"https:\/\/istikametburasi.com\/?page_id=1925"},"modified":"2024-10-12T21:58:29","modified_gmt":"2024-10-12T19:58:29","slug":"isvec-3","status":"publish","type":"page","link":"https:\/\/istikametburasi.com\/index.php\/isvec-3\/","title":{"rendered":"\u0130SVE\u00c7"},"content":{"rendered":"\n<p>\u0130sve\u00e7, huzur dolu do\u011fas\u0131, modern \u015fehirleri ve zengin k\u00fclt\u00fcrel miras\u0131yla ke\u015ffedilmeye de\u011fer bir \u00fclke!<\/p>\n\n\n\n<p>Bu kuzey Avrupa \u00fclkesi, g\u00f6lleri, ormanlar\u0131 ve etkileyici mimarisiyle \u00f6ne \u00e7\u0131k\u0131yor. <strong>Stockholm<\/strong>, tarihi Gamla Stan b\u00f6lgesi ve m\u00fczeleriyle b\u00fcy\u00fclerken, <strong>Malm\u00f6<\/strong> ve <strong>G\u00f6teborg<\/strong> modern ya\u015fam\u0131n canl\u0131l\u0131\u011f\u0131yla do\u011fayla i\u00e7 i\u00e7e bir deneyim sunuyor.<\/p>\n\n\n\n<p>Kuzey I\u015f\u0131klar\u0131\u2019n\u0131n b\u00fcy\u00fcleyici dans\u0131n\u0131 izleyebilece\u011finiz Kiruna, do\u011fa severler i\u00e7in unutulmaz bir macera sunuyor. \u0130sve\u00e7 mutfa\u011f\u0131n\u0131n tad\u0131n\u0131 \u00e7\u0131karabilece\u011finiz geleneksel \u201cfika\u201d molalar\u0131, do\u011fan\u0131n ortas\u0131nda sakin y\u00fcr\u00fcy\u00fc\u015fler ve \u0130skandinav tasar\u0131m\u0131n\u0131n zarafeti, \u0130sve\u00e7\u2019i benzersiz k\u0131l\u0131yor. \u0130sve\u00e7, her mevsim farkl\u0131 bir g\u00fczelli\u011fe sahip olan ve sakinli\u011fiyle huzur veren bir \u00fclke! \ud83c\uddf8\ud83c\uddea<\/p>\n","protected":false},"excerpt":{"rendered":"<p>\u0130sve\u00e7, huzur dolu do\u011fas\u0131, modern \u015fehirleri ve zengin k\u00fclt\u00fcrel miras\u0131yla ke\u015ffedilmeye de\u011fer bir \u00fclke! Bu kuzey Avrupa \u00fclkesi, g\u00f6lleri, ormanlar\u0131<\/p>\n","protected":false},"author":1,"featured_media":0,"parent":0,"menu_order":0,"comment_status":"closed","ping_status":"closed","template":"","meta":{"om_disable_all_campaigns":false,"_mi_skip_tracking":false},"_links":{"self":[{"href":"https:\/\/istikametburasi.com\/index.php\/wp-json\/wp\/v2\/pages\/1925"}],"collection":[{"href":"https:\/\/istikametburasi.com\/index.php\/wp-json\/wp\/v2\/pages"}],"about":[{"href":"https:\/\/istikametburasi.com\/index.php\/wp-json\/wp\/v2\/types\/page"}],"author":[{"embeddable":true,"href":"https:\/\/istikametburasi.com\/index.php\/wp-json\/wp\/v2\/users\/1"}],"replies":[{"embeddable":true,"href":"https:\/\/istikametburasi.com\/index.php\/wp-json\/wp\/v2\/comments?post=1925"}],"version-history":[{"count":3,"href":"https:\/\/istikametburasi.com\/index.php\/wp-json\/wp\/v2\/pages\/1925\/revisions"}],"predecessor-version":[{"id":2050,"href":"https:\/\/istikametburasi.com\/index.php\/wp-json\/wp\/v2\/pages\/1925\/revisions\/2050"}],"wp:attachment":[{"href":"https:\/\/istikametburasi.com\/index.php\/wp-json\/wp\/v2\/media?parent=1925"}],"curies":[{"name":"wp","href":"https:\/\/api.w.org\/{rel}","templated":true}]}}