{"id":1926,"date":"2024-04-17T08:47:15","date_gmt":"2024-04-17T06:47:15","guid":{"rendered":"https:\/\/istikametburasi.com\/?page_id=1926"},"modified":"2025-11-12T20:14:14","modified_gmt":"2025-11-12T18:14:14","slug":"stockholm-2","status":"publish","type":"page","link":"https:\/\/istikametburasi.com\/index.php\/stockholm-2\/","title":{"rendered":"STOCKHOLM"},"content":{"rendered":"\n<figure class=\"is-layout-flex wp-block-gallery-1 wp-block-gallery has-nested-images columns-default is-cropped\">\n<figure class=\"wp-block-image size-large\"><img decoding=\"async\" loading=\"lazy\" width=\"1024\" height=\"1024\" data-id=\"1933\"  src=\"https:\/\/istikametburasi.com\/wp-content\/uploads\/2024\/04\/stockholm-1-1-1024x1024.png\" alt=\"\" class=\"wp-image-1933\" srcset=\"https:\/\/istikametburasi.com\/wp-content\/uploads\/2024\/04\/stockholm-1-1-1024x1024.png 1024w, https:\/\/istikametburasi.com\/wp-content\/uploads\/2024\/04\/stockholm-1-1-300x300.png 300w, https:\/\/istikametburasi.com\/wp-content\/uploads\/2024\/04\/stockholm-1-1-150x150.png 150w, https:\/\/istikametburasi.com\/wp-content\/uploads\/2024\/04\/stockholm-1-1-768x768.png 768w, https:\/\/istikametburasi.com\/wp-content\/uploads\/2024\/04\/stockholm-1-1.png 1080w\" sizes=\"(max-width: 1024px) 100vw, 1024px\" \/><\/figure>\n\n\n\n<figure class=\"wp-block-image size-large\"><img decoding=\"async\" loading=\"lazy\" width=\"1024\" height=\"1024\" data-id=\"1932\"  src=\"https:\/\/istikametburasi.com\/wp-content\/uploads\/2024\/04\/stockholm-4-1024x1024.png\" alt=\"\" class=\"wp-image-1932\" srcset=\"https:\/\/istikametburasi.com\/wp-content\/uploads\/2024\/04\/stockholm-4-1024x1024.png 1024w, https:\/\/istikametburasi.com\/wp-content\/uploads\/2024\/04\/stockholm-4-300x300.png 300w, https:\/\/istikametburasi.com\/wp-content\/uploads\/2024\/04\/stockholm-4-150x150.png 150w, https:\/\/istikametburasi.com\/wp-content\/uploads\/2024\/04\/stockholm-4-768x768.png 768w, https:\/\/istikametburasi.com\/wp-content\/uploads\/2024\/04\/stockholm-4.png 1080w\" sizes=\"(max-width: 1024px) 100vw, 1024px\" \/><\/figure>\n\n\n\n<figure class=\"wp-block-image size-large\"><img decoding=\"async\" loading=\"lazy\" width=\"1024\" height=\"1024\" data-id=\"1934\"  src=\"https:\/\/istikametburasi.com\/wp-content\/uploads\/2024\/04\/stockholm-3-1024x1024.png\" alt=\"\" class=\"wp-image-1934\" srcset=\"https:\/\/istikametburasi.com\/wp-content\/uploads\/2024\/04\/stockholm-3-1024x1024.png 1024w, https:\/\/istikametburasi.com\/wp-content\/uploads\/2024\/04\/stockholm-3-300x300.png 300w, https:\/\/istikametburasi.com\/wp-content\/uploads\/2024\/04\/stockholm-3-150x150.png 150w, https:\/\/istikametburasi.com\/wp-content\/uploads\/2024\/04\/stockholm-3-768x768.png 768w, https:\/\/istikametburasi.com\/wp-content\/uploads\/2024\/04\/stockholm-3.png 1080w\" sizes=\"(max-width: 1024px) 100vw, 1024px\" \/><\/figure>\n<\/figure>\n\n\n\n<p><strong>Stockholm: Kuzey\u2019in Zarif Ba\u015fkenti<\/strong><\/p>\n\n\n\n<p>Stockholm, hem tarihi hem de modern y\u00fcz\u00fcyle b\u00fcy\u00fcleyen bir \u015fehir. Adalar\u0131 birle\u015ftiren k\u00f6pr\u00fcleri, rengarenk tarihi binalar\u0131 ve zengin k\u00fclt\u00fcrel miras\u0131yla Kuzey Avrupa\u2019n\u0131n parlayan y\u0131ld\u0131zlar\u0131ndan biri. Gamla Stan\u2019\u0131n dar sokaklar\u0131nda kaybolurken, \u0130sve\u00e7 k\u00f6ftesinin tad\u0131n\u0131 \u00e7\u0131karabilir, ard\u0131ndan Vasa M\u00fczesi\u2019nde tarihe tan\u0131kl\u0131k edebilirsiniz. Stockholm, do\u011fayla \u015fehir hayat\u0131n\u0131n m\u00fckemmel bir denge i\u00e7inde oldu\u011fu bir yer.<\/p>\n\n\n\n<p><strong><mark style=\"background-color:rgba(0, 0, 0, 0)\" class=\"has-inline-color has-vivid-red-color\">Stockholm Yap\u0131lacaklar Listesi:<\/mark><\/strong><\/p>\n\n\n\n<p>\ud83d\udc63 Gamla Stan\u2019da&nbsp;dola\u015f\u0131n<br>\u2615\ufe0f Fika molas\u0131 verin<br>\ud83e\udd67 Kanelbulle tatl\u0131s\u0131n\u0131 tad\u0131n<br>\u2693\ufe0f Vasa M\u00fczesi\u2019ni gezin<br>\ud83c\udfa3 Str\u00f6mming\u2019i&nbsp;tad\u0131n<br>\u2694\ufe0f Viking M\u00fczesi\u2019ne gidin<br>\ud83c\udfb6 ABBA M\u00fczesi\u2019ni ke\u015ffedin<br>\ud83d\udcf8 Metro duraklar\u0131n\u0131 foto\u011fraflay\u0131n<br>\ud83d\uddfa\ufe0f Skansen A\u00e7\u0131k Hava M\u00fczesi\u2019ne gidin<br>\ud83c\udfa2 Gr\u00f6na Lund\u2019da&nbsp;e\u011flenin<br>\ud83c\udf72 \u0130sve\u00e7 K\u00f6ftesi\u2019ni tad\u0131n<br>\ud83c\udfc6 Nobel M\u00fczesi\u2019ni g\u00f6r\u00fcn<br>\u2728 Stockholm Kraliyet Saray\u0131\u2019n\u0131&nbsp;gezin<\/p>\n\n\n\n<p>\ud83d\udccd\u015eehir, M\u00e4laren G\u00f6l\u00fc ve Balt\u0131k Denizi\u2019nin kesi\u015fti\u011fi noktada <strong>14 ada<\/strong> \u00fczerine kurulu. Ancak \u00e7o\u011fu turistik nokta 3 ana adada bulunuyor diyebilirim:&nbsp;<\/p>\n\n\n\n<p>          &#8211;<strong>Norrmalm (Center):<\/strong>\u00a0Stockholm\u2019\u00fcn \u015fehir merkezi. \u015eehrin ana al\u0131\u015fveri\u015f b\u00f6lgesi, her yere ba\u011flant\u0131s\u0131 olan bir b\u00f6lge<\/p>\n\n\n\n<p>          &#8211;<strong>Gamla Stan:<\/strong>&nbsp;\u015eehrin tarihi kalbi<\/p>\n\n\n\n<p>          &#8211;<strong>Djurgarden:<\/strong>&nbsp;En iyi m\u00fczelerin oldu\u011fu b\u00f6lge<\/p>\n\n\n\n<p>\ud83c\udfe6 \u0130sve\u00e7\u2019in&nbsp;ba\u015fkenti Stockholm\u2019da para birimi \u0130sve\u00e7 Kronu. Fakat \u015fehirde kredi kart\u0131 kullan\u0131m\u0131 \u00e7ok yayg\u0131n, hatta nakit kabul etmeyen pek \u00e7ok i\u015fletme ve m\u00fcze bulunuyor.<\/p>\n\n\n\n<p>\ud83d\udcc5 2 tam g\u00fcn Stockholm gezisi i\u00e7in yeterli olacakt\u0131r.<\/p>\n\n\n\n<p>\ud83c\udf9f\ufe0f Stockholm di\u011fer Kuzey Avrupa \u015fehirleri gibi pahal\u0131 bir \u015fehir. Bu durumu daha ekonomik bir hale getirmek i\u00e7inse \u00f6nerim kesinlikle \u201c<a href=\"https:\/\/gyg.me\/KytJ1PL3\">Stockholm Pass<\/a>\u201d alman\u0131z. <\/p>\n\n\n\n<p>E\u011fer Stockholm\u2019e bir seyahat planl\u0131yorsan\u0131z tren ile Oslo\ud83c\uddf3\ud83c\uddf4 veya <a href=\"https:\/\/istikametburasi.com\/index.php\/kopenhag-2\/\">Kopenhag<\/a>\ud83c\udde9\ud83c\uddf0 rotas\u0131 yapabilirsiniz. Ayr\u0131ca feribot ile Balt\u0131k Denizi\u2019nde yolculuk yaparak Helsinki\ud83c\uddeb\ud83c\uddee veya Tallin\ud83c\uddea\ud83c\uddea rotas\u0131 da olu\u015fturabilirsiniz.<\/p>\n\n\n\n<p>\ud83c\udf7d\ufe0f Me\u015fhur \u0130sve\u00e7 K\u00f6ftesi\u2019ni tatman\u0131z i\u00e7in \u00f6nerim \u201c<strong>Slingerbulten<\/strong>\u201d olacak. Old Town\u2019a yak\u0131n konumda bulunan ve turistik olmayan bir durak. Yemekler \u00e7ok lezzetliydi. Ayr\u0131ca, \u201c<strong>Restaurang Kryp In<\/strong>\u201d ve \u201c<strong>Restaurangen Bl\u00e5 porten<\/strong>\u201d de g\u00fczel duraklar.<\/p>\n\n\n\n<p>\u2615\ufe0f Stockholm seyahatiniz boyunca kahvenizi i\u00e7ip y\u00f6resel \u0130sve\u00e7 tatl\u0131lar\u0131n\u0131 deneyebilece\u011finiz Fika mekanlar\u0131; <strong>Kaffekoppen<\/strong>, <strong>Cafe<\/strong> <strong>Schweizer<\/strong> ve <strong>Cafe<\/strong> <strong>Petissan<\/strong>.<\/p>\n\n\n\n<p>\ud83d\udeb0 Musluk suyunu rahatl\u0131kla i\u00e7ebilirsiniz. Zaten \u015fehirde her \u015fey \u00e7ok pahal\u0131, her g\u00fcn ekstra su almaktan tasarruf etmi\u015f olursunuz \ud83d\ude42<\/p>\n\n\n\n<p>\ud83c\udfdb\ufe0f M\u00fczeler genelde 16.00 veya 17.00\u2019da kapanm\u0131\u015f oluyor. Avrupa\u2019da 19.00\u2019a kadar uzanan saatler oldu\u011fu i\u00e7in Stockholm\u2019da daha k\u0131s\u0131tl\u0131 bir zaman oluyor.<\/p>\n\n\n\n<p>\ud83d\ude89 Stockholm Havaliman\u0131ndan merkeze do\u011frudan giden \u201cArlanda Ekspres\u201d bulunuyor. Tek y\u00f6n bilet fiyat\u0131 ki\u015fi ba\u015f\u0131 340 SEK (30\u20ac), her 15 dakikada bir tren oluyor. Havaliman\u0131nda bulunan makinalardan bilet alabiliyorsunuz.<br>E\u011fer grup\u00e7a seyahat ediyorsan\u0131z otelinize direkt Uber ile gitmenizi \u00f6neriyorum, daha ekonomik oluyor. Stockholm\u2019da Uber bekledi\u011fimin aksine \u00e7ok daha uygun fiyatl\u0131.<\/p>\n\n\n\n<p>\ud83c\udfe8 Stockholm seyahatlerimin ikisinde de Best Western Plus Time Hotel\u2019de kald\u0131m, benzeri otel standartlar\u0131na g\u00f6re \u00e7ok daha uygun fiyatl\u0131yd\u0131 ve rezervasyonunuza dahil kahvalt\u0131 da bulunuyor. Benim bu zamana kadar Avrupa\u2019da g\u00f6rd\u00fc\u011f\u00fcm en iyi kahvalt\u0131yd\u0131 diyebilirim \ud83d\ude42 T\u00fcrkiye\u2019de bile \u00e7o\u011fu otelin kahvalt\u0131s\u0131ndan \u00e7ok daha iyi ve geni\u015f bir kahvalt\u0131s\u0131 vard\u0131. Sabahlar\u0131 ekstra \u00fccret \u00f6demeden \u00e7ok iyi bir kahvalt\u0131 yaparak g\u00fcne ba\u015flamak iyi oluyor \ud83c\udf73<\/p>\n\n\n\n<p>\ud83d\udccc A\u015fa\u011f\u0131da birka\u00e7 turistik durak i\u00e7in&nbsp;<strong>k\u0131sa bilgileri<\/strong>&nbsp;ekliyorum, \u015fehri gezerken bu duraklar\u0131n tarihi \u00f6nemi gibi detaylar\u0131 bulabilirsiniz.<\/p>\n\n\n\n<p><strong>\ud83d\udc63 Gamla Stan<\/strong><\/p>\n\n\n\n<p>Stockholm\u2019\u00fcn tarihi kalbi olan Gamla Stan, dar ta\u015f sokaklar\u0131, renkli binalar\u0131 ve tarihi atmosferiyle b\u00fcy\u00fcleyici. Burada dola\u015f\u0131rken Stortorget Meydan\u0131\u2019na u\u011frayabilir, bir\u00e7ok butik d\u00fckkan ve kafede vakit ge\u00e7irebilirsiniz. Stockholm Kraliyet Saray\u0131 da bu b\u00f6lgede yer al\u0131yor.<\/p>\n\n\n\n<p><strong>\u2693\ufe0f Vasa M\u00fczesi<\/strong><\/p>\n\n\n\n<p>Vasa M\u00fczesi, d\u00fcnyada tamamen korunmu\u015f tek 17. y\u00fczy\u0131l gemisine ev sahipli\u011fi yap\u0131yor. 1628\u2019de batt\u0131ktan sonra kurtar\u0131lan bu devasa gemi, \u0130sve\u00e7\u2019in denizcilik tarihine \u0131\u015f\u0131k tutuyor. M\u00fcze, geminin yan\u0131 s\u0131ra o d\u00f6neme dair bir\u00e7ok ilgin\u00e7 detay sunuyor. Online bilet alarak gitmenizi \u00f6neririm.<\/p>\n\n\n\n<p><strong>\ud83d\uddfa\ufe0f Skansen A\u00e7\u0131k Hava M\u00fczesi<\/strong><\/p>\n\n\n\n<p>D\u00fcnyan\u0131n ilk a\u00e7\u0131k hava m\u00fczesi olan Skansen, \u0130sve\u00e7\u2019in tarihini ve k\u00fclt\u00fcr\u00fcn\u00fc ke\u015ffetmek i\u00e7in harika bir yer. Burada geleneksel \u0130sve\u00e7 evlerini g\u00f6rebilir, yerel hayvanlar\u0131 tan\u0131yabilir ve geleneksel el sanatlar\u0131 at\u00f6lyelerine kat\u0131labilirsiniz. \u00d6zellikle \u00e7ocuklu aileler i\u00e7in m\u00fckemmel bir durak. Online bilet alarak gitmenizi \u00f6neririm.<\/p>\n\n\n\n<p><strong>\ud83c\udfb6 ABBA M\u00fczesi<\/strong><\/p>\n\n\n\n<p>Efsanevi \u0130sve\u00e7li m\u00fczik grubu ABBA\u2019ya adanm\u0131\u015f bu m\u00fcze, hem nostaljik hem de e\u011flenceli bir deneyim sunuyor. Grup \u00fcyelerinin kost\u00fcmleri, \u00f6d\u00fclleri ve hikayeleri sergileniyor. Hatta sahnede ABBA \u015fark\u0131lar\u0131 e\u015fli\u011finde dans edebilirsiniz!<\/p>\n\n\n\n<p><strong>\u2728 Stockholm Kraliyet Saray\u0131<\/strong><\/p>\n\n\n\n<p>Avrupa\u2019n\u0131n en b\u00fcy\u00fck kraliyet saraylar\u0131ndan biri olan Stockholm Kraliyet Saray\u0131, hem mimarisi hem de i\u00e7 mekan tasar\u0131m\u0131yla etkileyici. Sarayda yer alan Hazine Odas\u0131 ve Antika Galerisi gibi b\u00f6l\u00fcmler, tarihi zenginlikleri ke\u015ffetmek isteyenler i\u00e7in ideal.<\/p>\n\n\n\n<p>\u2694\ufe0f <strong>Viking M\u00fczesi (Vikingaliv)<\/strong><\/p>\n\n\n\n<p>Stockholm\u2019de yer alan <strong>Vikingaliv<\/strong>, Vikinglerin ya\u015fam\u0131na dair kapsaml\u0131 bilgiler sunan modern bir m\u00fcze. Tarihseverler ve merakl\u0131lar i\u00e7in, bu etkileyici d\u00f6nem hakk\u0131nda hem e\u011fitici hem de e\u011flenceli bir deneyim sunuyor. M\u00fcze, Viking tarihini yaln\u0131zca sava\u015flar ve ke\u015fiflerle de\u011fil, g\u00fcnl\u00fck ya\u015famlar\u0131, inan\u00e7lar\u0131 ve sosyal yap\u0131lar\u0131na dair detaylarla da ele al\u0131yor. E\u011fer me\u015fhur Viking dizilerini izleyip sevenlerdenseniz, bu m\u00fczeyi gezerken o dizilerin platolar\u0131ndaym\u0131\u015f gibi hissedeceksiniz.<\/p>\n\n\n\n<p>Stockholm hakk\u0131nda daha fazla detay\u0131 <a href=\"https:\/\/www.instagram.com\/istikametburasi\/\">Instagram profilimde<\/a> \u00f6ne \u00e7\u0131kanlar k\u0131sm\u0131ndaki \u201c\ud83c\uddf8\ud83c\uddea Stockholm\u201d ba\u015fl\u0131\u011f\u0131 alt\u0131nda bulabilirsiniz.<\/p>\n","protected":false},"excerpt":{"rendered":"<p>Stockholm: Kuzey\u2019in Zarif Ba\u015fkenti Stockholm, hem tarihi hem de modern y\u00fcz\u00fcyle b\u00fcy\u00fcleyen bir \u015fehir. Adalar\u0131 birle\u015ftiren k\u00f6pr\u00fcleri, rengarenk tarihi binalar\u0131<\/p>\n","protected":false},"author":1,"featured_media":0,"parent":0,"menu_order":0,"comment_status":"closed","ping_status":"closed","template":"","meta":{"om_disable_all_campaigns":false,"_mi_skip_tracking":false},"_links":{"self":[{"href":"https:\/\/istikametburasi.com\/index.php\/wp-json\/wp\/v2\/pages\/1926"}],"collection":[{"href":"https:\/\/istikametburasi.com\/index.php\/wp-json\/wp\/v2\/pages"}],"about":[{"href":"https:\/\/istikametburasi.com\/index.php\/wp-json\/wp\/v2\/types\/page"}],"author":[{"embeddable":true,"href":"https:\/\/istikametburasi.com\/index.php\/wp-json\/wp\/v2\/users\/1"}],"replies":[{"embeddable":true,"href":"https:\/\/istikametburasi.com\/index.php\/wp-json\/wp\/v2\/comments?post=1926"}],"version-history":[{"count":5,"href":"https:\/\/istikametburasi.com\/index.php\/wp-json\/wp\/v2\/pages\/1926\/revisions"}],"predecessor-version":[{"id":2398,"href":"https:\/\/istikametburasi.com\/index.php\/wp-json\/wp\/v2\/pages\/1926\/revisions\/2398"}],"wp:attachment":[{"href":"https:\/\/istikametburasi.com\/index.php\/wp-json\/wp\/v2\/media?parent=1926"}],"curies":[{"name":"wp","href":"https:\/\/api.w.org\/{rel}","templated":true}]}}