{"id":1937,"date":"2024-04-17T09:34:04","date_gmt":"2024-04-17T07:34:04","guid":{"rendered":"https:\/\/istikametburasi.com\/?page_id=1937"},"modified":"2024-10-12T21:58:07","modified_gmt":"2024-10-12T19:58:07","slug":"danimarka-4","status":"publish","type":"page","link":"https:\/\/istikametburasi.com\/index.php\/danimarka-4\/","title":{"rendered":"DAN\u0130MARKA"},"content":{"rendered":"\n<p>Danimarka, masals\u0131 \u015fehirleri, huzurlu ya\u015fam tarz\u0131 ve etkileyici do\u011fas\u0131yla \u0130skandinavya\u2019n\u0131n en cazip \u00fclkelerinden biri!<\/p>\n\n\n\n<p>Modern ve s\u00fcrd\u00fcr\u00fclebilir \u015fehirleriyle tan\u0131n\u0131r. Ba\u015fkent <strong>Kopenhag<\/strong>, renkli Nyhavn Liman\u0131, d\u00fcnyaca \u00fcnl\u00fc Tivoli Bah\u00e7eleri ve Little Mermaid Heykeli ile ziyaret\u00e7ilerini b\u00fcy\u00fcl\u00fcyor. Tarihi sokaklar\u0131nda bisiklet s\u00fcrerek \u015fehri ke\u015ffetmek, Danimarka\u2019n\u0131n ya\u015fam tarz\u0131n\u0131 deneyimlemenin en keyifli yollar\u0131ndan biri.<\/p>\n\n\n\n<p><strong>Aarhus<\/strong>, modern sanat galerileri ve Viking miras\u0131yla \u00f6ne \u00e7\u0131karken, <strong>Odense<\/strong>, masal yazar\u0131 Hans Christian Andersen\u2019in do\u011fdu\u011fu \u015fehir olarak biliniyor. Ayr\u0131ca, Danimarka\u2019n\u0131n do\u011fal g\u00fczellikleri de ke\u015ffe de\u011fer: Kuzey Denizi\u2019nin k\u0131y\u0131lar\u0131nda y\u00fcr\u00fcy\u00fc\u015f yapabilir, Jutland\u2019\u0131n bozulmam\u0131\u015f kumsallar\u0131nda do\u011fan\u0131n tad\u0131n\u0131 \u00e7\u0131karabilirsiniz. Hygge k\u00fclt\u00fcr\u00fcyle bilinen Danimarka, size huzur ve keyif dolu bir tatil vadediyor! \ud83c\udde9\ud83c\uddf0<\/p>\n","protected":false},"excerpt":{"rendered":"<p>Danimarka, masals\u0131 \u015fehirleri, huzurlu ya\u015fam tarz\u0131 ve etkileyici do\u011fas\u0131yla \u0130skandinavya\u2019n\u0131n en cazip \u00fclkelerinden biri! Modern ve s\u00fcrd\u00fcr\u00fclebilir \u015fehirleriyle tan\u0131n\u0131r. Ba\u015fkent<\/p>\n","protected":false},"author":1,"featured_media":0,"parent":0,"menu_order":0,"comment_status":"closed","ping_status":"closed","template":"","meta":{"om_disable_all_campaigns":false,"_mi_skip_tracking":false},"_links":{"self":[{"href":"https:\/\/istikametburasi.com\/index.php\/wp-json\/wp\/v2\/pages\/1937"}],"collection":[{"href":"https:\/\/istikametburasi.com\/index.php\/wp-json\/wp\/v2\/pages"}],"about":[{"href":"https:\/\/istikametburasi.com\/index.php\/wp-json\/wp\/v2\/types\/page"}],"author":[{"embeddable":true,"href":"https:\/\/istikametburasi.com\/index.php\/wp-json\/wp\/v2\/users\/1"}],"replies":[{"embeddable":true,"href":"https:\/\/istikametburasi.com\/index.php\/wp-json\/wp\/v2\/comments?post=1937"}],"version-history":[{"count":3,"href":"https:\/\/istikametburasi.com\/index.php\/wp-json\/wp\/v2\/pages\/1937\/revisions"}],"predecessor-version":[{"id":2049,"href":"https:\/\/istikametburasi.com\/index.php\/wp-json\/wp\/v2\/pages\/1937\/revisions\/2049"}],"wp:attachment":[{"href":"https:\/\/istikametburasi.com\/index.php\/wp-json\/wp\/v2\/media?parent=1937"}],"curies":[{"name":"wp","href":"https:\/\/api.w.org\/{rel}","templated":true}]}}