{"id":1949,"date":"2024-04-21T15:35:22","date_gmt":"2024-04-21T13:35:22","guid":{"rendered":"https:\/\/istikametburasi.com\/?page_id=1949"},"modified":"2024-04-21T15:38:10","modified_gmt":"2024-04-21T13:38:10","slug":"seyahat-planlama","status":"publish","type":"page","link":"https:\/\/istikametburasi.com\/index.php\/seyahat-planlama\/","title":{"rendered":"SEYAHAT PLANLAMA"},"content":{"rendered":"\n<p>Planlamas\u0131 benden, gezmesi sizden \u2708\ufe0f<\/p>\n\n\n\n<p>Seyahatlerinizi her detay\u0131yla planl\u0131yorum, daha \u00f6nce seyahat planlamas\u0131 hizmetini alm\u0131\u015f dan\u0131\u015fanlar\u0131n yorumlar\u0131n\u0131 a\u015fa\u011f\u0131da bulabilirsiniz<\/p>\n\n\n\n<p><\/p>\n","protected":false},"excerpt":{"rendered":"<p>Planlamas\u0131 benden, gezmesi sizden \u2708\ufe0f Seyahatlerinizi her detay\u0131yla planl\u0131yorum, daha \u00f6nce seyahat planlamas\u0131 hizmetini alm\u0131\u015f dan\u0131\u015fanlar\u0131n yorumlar\u0131n\u0131 a\u015fa\u011f\u0131da bulabilirsiniz<\/p>\n","protected":false},"author":1,"featured_media":0,"parent":0,"menu_order":0,"comment_status":"open","ping_status":"closed","template":"","meta":{"om_disable_all_campaigns":false,"_mi_skip_tracking":false},"_links":{"self":[{"href":"https:\/\/istikametburasi.com\/index.php\/wp-json\/wp\/v2\/pages\/1949"}],"collection":[{"href":"https:\/\/istikametburasi.com\/index.php\/wp-json\/wp\/v2\/pages"}],"about":[{"href":"https:\/\/istikametburasi.com\/index.php\/wp-json\/wp\/v2\/types\/page"}],"author":[{"embeddable":true,"href":"https:\/\/istikametburasi.com\/index.php\/wp-json\/wp\/v2\/users\/1"}],"replies":[{"embeddable":true,"href":"https:\/\/istikametburasi.com\/index.php\/wp-json\/wp\/v2\/comments?post=1949"}],"version-history":[{"count":2,"href":"https:\/\/istikametburasi.com\/index.php\/wp-json\/wp\/v2\/pages\/1949\/revisions"}],"predecessor-version":[{"id":1957,"href":"https:\/\/istikametburasi.com\/index.php\/wp-json\/wp\/v2\/pages\/1949\/revisions\/1957"}],"wp:attachment":[{"href":"https:\/\/istikametburasi.com\/index.php\/wp-json\/wp\/v2\/media?parent=1949"}],"curies":[{"name":"wp","href":"https:\/\/api.w.org\/{rel}","templated":true}]}}