{"id":1959,"date":"2024-06-20T23:04:04","date_gmt":"2024-06-20T21:04:04","guid":{"rendered":"https:\/\/istikametburasi.com\/?page_id=1959"},"modified":"2024-06-20T23:09:25","modified_gmt":"2024-06-20T21:09:25","slug":"cek-cumhuriyeti-2","status":"publish","type":"page","link":"https:\/\/istikametburasi.com\/index.php\/cek-cumhuriyeti-2\/","title":{"rendered":"\u00c7EK CUMHUR\u0130YET\u0130"},"content":{"rendered":"\n<p>Benim Avrupa\u2019da en sevdi\u011fim \u015fehirlerin ba\u015f\u0131nda gelen Prag&#8217;\u0131n ba\u015fkenti oldu\u011fu \u00c7ek Cumhuriyeti, di\u011fer \u00e7o\u011fu Avrupa \u015fehrine g\u00f6re daha ucuz diyebiliriz. Prag harici pek \u00e7ok k\u00fc\u00e7\u00fck \u015fehride g\u00fcn\u00fcbirlik seyahatler i\u00e7in olduk\u00e7a ideal, keyifli gezmeler \ud83c\udde8\ud83c\uddff<\/p>\n\n\n\n<p>Ba\u015fkent\u00a0<strong>Prag<\/strong>, me\u015fhur Charles K\u00f6pr\u00fcs\u00fc&#8217;n\u00fcn iki yakas\u0131 da pek \u00e7ok turistin arad\u0131\u011f\u0131 t\u00fcm imkanlar\u0131 sunuyor. \u015eehir mimari g\u00fczellikleri, tarihi dokusu, pazar alanlar\u0131 ve hareketli hayat\u0131 ile ilgi \u00e7ekiyor. Prag&#8217;dan Dresden, Viyana ve \u00c7ek Cumhuriyeti i\u00e7erisindeki pek \u00e7ok \u015fehre g\u00fcn\u00fcbirlik seyahat edebilirsiniz.<\/p>\n\n\n\n<p> <\/p>\n\n\n\n<figure class=\"wp-block-image aligncenter size-large\"><img decoding=\"async\" loading=\"lazy\" width=\"576\" height=\"1024\" src=\"https:\/\/istikametburasi.com\/wp-content\/uploads\/2024\/06\/Prag-siteRota-576x1024.png\" alt=\"\" class=\"wp-image-1970\" srcset=\"https:\/\/istikametburasi.com\/wp-content\/uploads\/2024\/06\/Prag-siteRota-576x1024.png 576w, https:\/\/istikametburasi.com\/wp-content\/uploads\/2024\/06\/Prag-siteRota-169x300.png 169w, https:\/\/istikametburasi.com\/wp-content\/uploads\/2024\/06\/Prag-siteRota-768x1365.png 768w, https:\/\/istikametburasi.com\/wp-content\/uploads\/2024\/06\/Prag-siteRota-864x1536.png 864w, https:\/\/istikametburasi.com\/wp-content\/uploads\/2024\/06\/Prag-siteRota.png 1080w\" sizes=\"(max-width: 576px) 100vw, 576px\" \/><\/figure>\n","protected":false},"excerpt":{"rendered":"<p>Benim Avrupa\u2019da en sevdi\u011fim \u015fehirlerin ba\u015f\u0131nda gelen Prag&#8217;\u0131n ba\u015fkenti oldu\u011fu \u00c7ek Cumhuriyeti, di\u011fer \u00e7o\u011fu Avrupa \u015fehrine g\u00f6re daha ucuz diyebiliriz.<\/p>\n","protected":false},"author":1,"featured_media":0,"parent":0,"menu_order":0,"comment_status":"closed","ping_status":"closed","template":"","meta":{"om_disable_all_campaigns":false,"_mi_skip_tracking":false},"_links":{"self":[{"href":"https:\/\/istikametburasi.com\/index.php\/wp-json\/wp\/v2\/pages\/1959"}],"collection":[{"href":"https:\/\/istikametburasi.com\/index.php\/wp-json\/wp\/v2\/pages"}],"about":[{"href":"https:\/\/istikametburasi.com\/index.php\/wp-json\/wp\/v2\/types\/page"}],"author":[{"embeddable":true,"href":"https:\/\/istikametburasi.com\/index.php\/wp-json\/wp\/v2\/users\/1"}],"replies":[{"embeddable":true,"href":"https:\/\/istikametburasi.com\/index.php\/wp-json\/wp\/v2\/comments?post=1959"}],"version-history":[{"count":2,"href":"https:\/\/istikametburasi.com\/index.php\/wp-json\/wp\/v2\/pages\/1959\/revisions"}],"predecessor-version":[{"id":1971,"href":"https:\/\/istikametburasi.com\/index.php\/wp-json\/wp\/v2\/pages\/1959\/revisions\/1971"}],"wp:attachment":[{"href":"https:\/\/istikametburasi.com\/index.php\/wp-json\/wp\/v2\/media?parent=1959"}],"curies":[{"name":"wp","href":"https:\/\/api.w.org\/{rel}","templated":true}]}}