{"id":1960,"date":"2024-06-20T23:04:04","date_gmt":"2024-06-20T21:04:04","guid":{"rendered":"https:\/\/istikametburasi.com\/?page_id=1960"},"modified":"2024-10-12T21:57:41","modified_gmt":"2024-10-12T19:57:41","slug":"cek-cumhuriyeti-3","status":"publish","type":"page","link":"https:\/\/istikametburasi.com\/index.php\/cek-cumhuriyeti-3\/","title":{"rendered":"\u00c7EK CUMHUR\u0130YET\u0130"},"content":{"rendered":"\n<p>\u00c7ek Cumhuriyeti, tarihi dokusu, masals\u0131 \u015fehirleri ve Orta Avrupa\u2019n\u0131n kalbindeki konumuyla ke\u015ffedilmeyi bekleyen bir cennet!<\/p>\n\n\n\n<p>Ba\u015fkent <strong>Prag<\/strong>, \u201cAlt\u0131n \u015eehir\u201d olarak bilinir ve d\u00fcnyan\u0131n en iyi korunmu\u015f Orta \u00c7a\u011f kentlerinden biri. Prag Kalesi, Charles K\u00f6pr\u00fcs\u00fc ve Astronomik Saat gibi simge yap\u0131lar, bu b\u00fcy\u00fcleyici \u015fehrin tarihi dokusunu ke\u015ffetmenizi sa\u011fl\u0131yor. Prag\u2019\u0131n gotik mimarisi ve ta\u015f sokaklar\u0131nda dola\u015f\u0131rken kendinizi adeta bir masal\u0131n i\u00e7inde hissedeceksiniz.<\/p>\n\n\n\n<p><strong>Karlovy Vary<\/strong>\u2019nin kapl\u0131calar\u0131 ve spa k\u00fclt\u00fcr\u00fc, \u015fifa arayanlar i\u00e7in bir huzur noktas\u0131 sunarken, <strong>\u010cesk\u00fd Krumlov<\/strong>, dar sokaklar\u0131 ve renkli evleriyle sizi ge\u00e7mi\u015fe g\u00f6t\u00fcr\u00fcyor. Ayr\u0131ca, \u00c7ek biralar\u0131yla \u00fcnl\u00fc olan \u00fclkenin <strong>Pilsen<\/strong> ve <strong>Budweis<\/strong> \u015fehirleri, bira severler i\u00e7in ideal duraklar. \u00c7ek mutfa\u011f\u0131n\u0131 denemeyi unutmay\u0131n, \u00f6zellikle \u201csv\u00ed\u010dkov\u00e1\u201d ve \u201ctrdeln\u00edk\u201d gibi geleneksel tatlar dama\u011f\u0131n\u0131z\u0131 \u015fenlendirecek. \u00c7ek Cumhuriyeti, tarih ve k\u00fclt\u00fcr dolu bir seyahat i\u00e7in m\u00fckemmel bir destinasyon! \ud83c\udde8\ud83c\uddff<\/p>\n","protected":false},"excerpt":{"rendered":"<p>\u00c7ek Cumhuriyeti, tarihi dokusu, masals\u0131 \u015fehirleri ve Orta Avrupa\u2019n\u0131n kalbindeki konumuyla ke\u015ffedilmeyi bekleyen bir cennet! Ba\u015fkent Prag, \u201cAlt\u0131n \u015eehir\u201d olarak<\/p>\n","protected":false},"author":1,"featured_media":0,"parent":0,"menu_order":0,"comment_status":"closed","ping_status":"closed","template":"","meta":{"om_disable_all_campaigns":false,"_mi_skip_tracking":false},"_links":{"self":[{"href":"https:\/\/istikametburasi.com\/index.php\/wp-json\/wp\/v2\/pages\/1960"}],"collection":[{"href":"https:\/\/istikametburasi.com\/index.php\/wp-json\/wp\/v2\/pages"}],"about":[{"href":"https:\/\/istikametburasi.com\/index.php\/wp-json\/wp\/v2\/types\/page"}],"author":[{"embeddable":true,"href":"https:\/\/istikametburasi.com\/index.php\/wp-json\/wp\/v2\/users\/1"}],"replies":[{"embeddable":true,"href":"https:\/\/istikametburasi.com\/index.php\/wp-json\/wp\/v2\/comments?post=1960"}],"version-history":[{"count":2,"href":"https:\/\/istikametburasi.com\/index.php\/wp-json\/wp\/v2\/pages\/1960\/revisions"}],"predecessor-version":[{"id":2048,"href":"https:\/\/istikametburasi.com\/index.php\/wp-json\/wp\/v2\/pages\/1960\/revisions\/2048"}],"wp:attachment":[{"href":"https:\/\/istikametburasi.com\/index.php\/wp-json\/wp\/v2\/media?parent=1960"}],"curies":[{"name":"wp","href":"https:\/\/api.w.org\/{rel}","templated":true}]}}