{"id":1979,"date":"2024-07-26T12:10:43","date_gmt":"2024-07-26T10:10:43","guid":{"rendered":"https:\/\/istikametburasi.com\/?page_id=1979"},"modified":"2024-07-26T12:23:37","modified_gmt":"2024-07-26T10:23:37","slug":"portofino","status":"publish","type":"page","link":"https:\/\/istikametburasi.com\/index.php\/portofino\/","title":{"rendered":"PORTOFINO"},"content":{"rendered":"\n<figure class=\"is-layout-flex wp-block-gallery-1 wp-block-gallery has-nested-images columns-default is-cropped\">\n<figure class=\"wp-block-image size-large\"><img decoding=\"async\" loading=\"lazy\" width=\"1024\" height=\"1024\" data-id=\"1987\"  src=\"https:\/\/istikametburasi.com\/wp-content\/uploads\/2024\/07\/portofino-1-1024x1024.png\" alt=\"\" class=\"wp-image-1987\" srcset=\"https:\/\/istikametburasi.com\/wp-content\/uploads\/2024\/07\/portofino-1-1024x1024.png 1024w, https:\/\/istikametburasi.com\/wp-content\/uploads\/2024\/07\/portofino-1-300x300.png 300w, https:\/\/istikametburasi.com\/wp-content\/uploads\/2024\/07\/portofino-1-150x150.png 150w, https:\/\/istikametburasi.com\/wp-content\/uploads\/2024\/07\/portofino-1-768x768.png 768w, https:\/\/istikametburasi.com\/wp-content\/uploads\/2024\/07\/portofino-1.png 1080w\" sizes=\"(max-width: 1024px) 100vw, 1024px\" \/><\/figure>\n\n\n\n<figure class=\"wp-block-image size-large\"><img decoding=\"async\" loading=\"lazy\" width=\"1024\" height=\"1024\" data-id=\"1988\"  src=\"https:\/\/istikametburasi.com\/wp-content\/uploads\/2024\/07\/portofino-3-1024x1024.png\" alt=\"\" class=\"wp-image-1988\" srcset=\"https:\/\/istikametburasi.com\/wp-content\/uploads\/2024\/07\/portofino-3-1024x1024.png 1024w, https:\/\/istikametburasi.com\/wp-content\/uploads\/2024\/07\/portofino-3-300x300.png 300w, https:\/\/istikametburasi.com\/wp-content\/uploads\/2024\/07\/portofino-3-150x150.png 150w, https:\/\/istikametburasi.com\/wp-content\/uploads\/2024\/07\/portofino-3-768x768.png 768w, https:\/\/istikametburasi.com\/wp-content\/uploads\/2024\/07\/portofino-3.png 1080w\" sizes=\"(max-width: 1024px) 100vw, 1024px\" \/><\/figure>\n\n\n\n<figure class=\"wp-block-image size-large\"><img decoding=\"async\" loading=\"lazy\" width=\"1024\" height=\"1024\" data-id=\"1986\"  src=\"https:\/\/istikametburasi.com\/wp-content\/uploads\/2024\/07\/portofino-2-1024x1024.png\" alt=\"\" class=\"wp-image-1986\" srcset=\"https:\/\/istikametburasi.com\/wp-content\/uploads\/2024\/07\/portofino-2-1024x1024.png 1024w, https:\/\/istikametburasi.com\/wp-content\/uploads\/2024\/07\/portofino-2-300x300.png 300w, https:\/\/istikametburasi.com\/wp-content\/uploads\/2024\/07\/portofino-2-150x150.png 150w, https:\/\/istikametburasi.com\/wp-content\/uploads\/2024\/07\/portofino-2-768x768.png 768w, https:\/\/istikametburasi.com\/wp-content\/uploads\/2024\/07\/portofino-2.png 1080w\" sizes=\"(max-width: 1024px) 100vw, 1024px\" \/><\/figure>\n<\/figure>\n\n\n\n<p>\u0130talya\u2019n\u0131n Genova \u015fehrine ba\u011fl\u0131 bir kasaba olan Portofino, belkide en turistik noktalardan birisi. Sundu\u011fu manzaralar, denizi, atmosferi ve kaliteli restoranlar\u0131 ile giden herkesi kendine hayran b\u0131rakan bir kasaba.<\/p>\n\n\n\n<p>Kasaban\u0131n tamam\u0131n\u0131 gezmek istedi\u011finizde birka\u00e7 saat olduk\u00e7a yeterli olacakt\u0131r fakat ben yine de 1 tam g\u00fcn ay\u0131rarak tad\u0131n\u0131 \u00e7\u0131karman\u0131z\u0131, e\u011fer uygun bir mevsimde gidiyorsan\u0131z da denizinin tad\u0131n\u0131 \u00e7\u0131karman\u0131z\u0131 \u00f6neririm.<\/p>\n\n\n\n<p>Portofino&#8217;ya ula\u015f\u0131m belki de tek \u00f6neri verebilece\u011fim konu olabilir, \u00e7\u00fcnk\u00fc gezilecek yer olarak zaten k\u00fc\u00e7\u00fck bir kasaba oldu\u011fundan dolay\u0131 her yerini y\u00fcr\u00fcyerek 2-3 saat i\u00e7inde g\u00f6rebilirsiniz. A\u015fa\u011f\u0131da t\u00fcm bu se\u00e7enekleri a\u00e7\u0131klayaca\u011f\u0131m. <\/p>\n\n\n\n<p>Portofino\u2019ya nas\u0131l gidilir? \ud83c\uddee\ud83c\uddf9<\/p>\n\n\n\n<p>\ud83d\ude89Genova\u2019dan&nbsp;Santa Margherita Ligure-Portofino tren istasyonuna&nbsp;30 dakikal\u0131k tren yolculu\u011fu ile 5\u20ac \u00fccret \u00f6deyerek ula\u015fabiliyorsunuz.<\/p>\n\n\n\n<p>\ud83d\ude8cTren istasyonundan 782 nolu otob\u00fcs ile 20 dakikada Portofino merkezine direkt ula\u015fabiliyorsunuz. Tren istasyonuna d\u00f6n\u00fc\u015f i\u00e7in de ayn\u0131 noktadan bu otob\u00fcse biniyorsunuz.&nbsp;<br>\ud83d\udcb6Tek y\u00f6n bilet \u00fccreti 5\u20ac, biletleri tren istasyonu \u00e7\u0131k\u0131\u015f\u0131ndaki b\u00fcfeden nakit \u00f6deyerek alabilirsiniz veya otob\u00fcs i\u00e7inde kart ile \u00f6deyebilirsiniz.<\/p>\n\n\n\n<p>\ud83d\udc63Tren istasyonundan 1 saat&nbsp;civar\u0131 y\u00fcr\u00fcyerek de Portofino\u2019ya varabilirsiniz. Yol boyu sakin ve \u00e7ok g\u00fczel atmosferi olan pek \u00e7ok koy g\u00f6recekseniz. Halka a\u00e7\u0131k olan koylara inerek denize girebiliyorsunuz, kesin \u00f6neriyorum.<\/p>\n\n\n\n<p>\u26f4\ufe0fTrenden indikten sonra S.Margharita&nbsp;liman\u0131ndan feribot ile de 15 dakikada Portofino\u2019ya varabiliyorsunuz. Tek y\u00f6n \u00fccret 9\u20ac.<\/p>\n\n\n\n<p>\ud83d\ude98Tren harici di\u011fer se\u00e7enek tabii ki arac\u0131n\u0131z ile ula\u015fmak. Portofino giri\u015finde bir kapal\u0131 otopark bulunuyor fakat sabah erken saatlerde gitmenizi \u00f6neririm. Di\u011fer durumda park yeri i\u00e7in s\u0131ra beklemeniz gerekebilir.<br>1 saat otopark \u00fccreti 10\u20ac, 5 saat 30\u20ac.<\/p>\n\n\n\n<p>\ud83d\udef6\u201dBaia Cannone Portofino\u201d lokasyonu bahsetti\u011fim temiz ve sakin koylar i\u00e7in u\u011frayabilece\u011finiz bir yer. Bu konum ve etraf\u0131 Portofino\u2019ya g\u00f6re \u00e7ok daha sakin ve denize girmesi keyifli<\/p>\n\n\n\n<p>\ud83c\udf05\u201dPiccolo Hotel\u201d \u00f6nerece\u011fim di\u011fer lokasyon. E\u011fer Portofino\u2019da konaklamak isterseniz de olduk\u00e7a keyifli bir otel. Ayr\u0131ca tam \u00f6n\u00fcnde bahsetti\u011fim g\u00fczel manzaras\u0131 ve atmosferi olan bir koy&nbsp;bulunuyor. Gitti\u011finiz zaman bol foto\u011fraf \u00e7ekece\u011finize eminim \ud83d\ude42<\/p>\n\n\n\n<p>T\u00fcm s\u00fcrecin ve daha detayl\u0131 planlaman\u0131n dahil oldu\u011fu \u201cseyahat planlamas\u0131\u201d hizmetim i\u00e7in <strong><a href=\"https:\/\/www.instagram.com\/istikametseyahat\/\">istikametseyahat<\/a><\/strong>\u00a0hesab\u0131m ile ileti\u015fime ge\u00e7ebilirsiniz.<\/p>\n\n\n\n<p>T\u00fcm detayl\u0131 payla\u015f\u0131mlar\u0131 <strong><a href=\"https:\/\/www.instagram.com\/istikametburasi\/\">Instagram<\/a><\/strong> profilimde \u00f6ne \u00e7\u0131kan hikayeler k\u0131sm\u0131ndaki &#8220;\ud83c\uddee\ud83c\uddf9Portofino&#8221; ba\u015fl\u0131\u011f\u0131 alt\u0131nda bulabilirsiniz<\/p>\n","protected":false},"excerpt":{"rendered":"<p>\u0130talya\u2019n\u0131n Genova \u015fehrine ba\u011fl\u0131 bir kasaba olan Portofino, belkide en turistik noktalardan birisi. Sundu\u011fu manzaralar, denizi, atmosferi ve kaliteli restoranlar\u0131<\/p>\n","protected":false},"author":1,"featured_media":0,"parent":0,"menu_order":0,"comment_status":"closed","ping_status":"closed","template":"","meta":{"om_disable_all_campaigns":false,"_mi_skip_tracking":false},"_links":{"self":[{"href":"https:\/\/istikametburasi.com\/index.php\/wp-json\/wp\/v2\/pages\/1979"}],"collection":[{"href":"https:\/\/istikametburasi.com\/index.php\/wp-json\/wp\/v2\/pages"}],"about":[{"href":"https:\/\/istikametburasi.com\/index.php\/wp-json\/wp\/v2\/types\/page"}],"author":[{"embeddable":true,"href":"https:\/\/istikametburasi.com\/index.php\/wp-json\/wp\/v2\/users\/1"}],"replies":[{"embeddable":true,"href":"https:\/\/istikametburasi.com\/index.php\/wp-json\/wp\/v2\/comments?post=1979"}],"version-history":[{"count":2,"href":"https:\/\/istikametburasi.com\/index.php\/wp-json\/wp\/v2\/pages\/1979\/revisions"}],"predecessor-version":[{"id":1989,"href":"https:\/\/istikametburasi.com\/index.php\/wp-json\/wp\/v2\/pages\/1979\/revisions\/1989"}],"wp:attachment":[{"href":"https:\/\/istikametburasi.com\/index.php\/wp-json\/wp\/v2\/media?parent=1979"}],"curies":[{"name":"wp","href":"https:\/\/api.w.org\/{rel}","templated":true}]}}