{"id":1995,"date":"2024-10-12T21:00:57","date_gmt":"2024-10-12T19:00:57","guid":{"rendered":"https:\/\/istikametburasi.com\/?page_id=1995"},"modified":"2024-10-12T21:13:04","modified_gmt":"2024-10-12T19:13:04","slug":"kazakistan","status":"publish","type":"page","link":"https:\/\/istikametburasi.com\/index.php\/kazakistan\/","title":{"rendered":"KAZAK\u0130STAN"},"content":{"rendered":"\n<p>Bozk\u0131r\u0131n kalbi, u\u00e7suz bucaks\u0131z manzaralar\u0131 ve zengin k\u00fclt\u00fcr\u00fcyle Kazakistan, do\u011fayla i\u00e7 i\u00e7e bir ke\u015fif deneyimi sunuyor. <\/p>\n\n\n\n<p>Vize derdi olmayan, ula\u015f\u0131m ve ya\u015fam\u0131 ucuz olan bu \u00fclkeyi ke\u015ffetmemek i\u00e7in hi\u00e7bir sebebiniz yok!<\/p>\n\n\n\n<p>B\u00fcy\u00fcleyici Charyn Kanyonu ve e\u015fsiz Kolsay G\u00f6lleri ile macera tutkunlar\u0131na unutulmaz anlar ya\u015fatan bu \u00fclke, tarihin izlerini ta\u015f\u0131yan \u0130pek Yolu\u2019nun \u00f6nemli duraklar\u0131ndan biri. Kazakistan\u2019\u0131n ba\u015fkenti Astana, modern mimarisiyle dikkat \u00e7ekerken, k\u00fclt\u00fcrel miras\u0131n ba\u015fkenti Almat\u0131 ise karl\u0131 da\u011flar\u0131 ve \u00e7ar\u015f\u0131lar\u0131yla ziyaret\u00e7ilerini b\u00fcy\u00fcl\u00fcyor. G\u00f6zlerden uzak bir ke\u015fif arayanlar i\u00e7in, Altay Da\u011flar\u0131 ve Balka\u015f G\u00f6l\u00fc gibi do\u011fa harikalar\u0131 Kazakistan\u2019da sizi bekliyor \ud83c\uddf0\ud83c\uddff<\/p>\n","protected":false},"excerpt":{"rendered":"<p>Bozk\u0131r\u0131n kalbi, u\u00e7suz bucaks\u0131z manzaralar\u0131 ve zengin k\u00fclt\u00fcr\u00fcyle Kazakistan, do\u011fayla i\u00e7 i\u00e7e bir ke\u015fif deneyimi sunuyor. Vize derdi olmayan, ula\u015f\u0131m<\/p>\n","protected":false},"author":1,"featured_media":0,"parent":0,"menu_order":0,"comment_status":"closed","ping_status":"closed","template":"","meta":{"om_disable_all_campaigns":false,"_mi_skip_tracking":false},"_links":{"self":[{"href":"https:\/\/istikametburasi.com\/index.php\/wp-json\/wp\/v2\/pages\/1995"}],"collection":[{"href":"https:\/\/istikametburasi.com\/index.php\/wp-json\/wp\/v2\/pages"}],"about":[{"href":"https:\/\/istikametburasi.com\/index.php\/wp-json\/wp\/v2\/types\/page"}],"author":[{"embeddable":true,"href":"https:\/\/istikametburasi.com\/index.php\/wp-json\/wp\/v2\/users\/1"}],"replies":[{"embeddable":true,"href":"https:\/\/istikametburasi.com\/index.php\/wp-json\/wp\/v2\/comments?post=1995"}],"version-history":[{"count":3,"href":"https:\/\/istikametburasi.com\/index.php\/wp-json\/wp\/v2\/pages\/1995\/revisions"}],"predecessor-version":[{"id":2021,"href":"https:\/\/istikametburasi.com\/index.php\/wp-json\/wp\/v2\/pages\/1995\/revisions\/2021"}],"wp:attachment":[{"href":"https:\/\/istikametburasi.com\/index.php\/wp-json\/wp\/v2\/media?parent=1995"}],"curies":[{"name":"wp","href":"https:\/\/api.w.org\/{rel}","templated":true}]}}