{"id":1996,"date":"2024-10-12T21:00:57","date_gmt":"2024-10-12T19:00:57","guid":{"rendered":"https:\/\/istikametburasi.com\/?page_id=1996"},"modified":"2024-10-12T21:34:29","modified_gmt":"2024-10-12T19:34:29","slug":"ozbekistan","status":"publish","type":"page","link":"https:\/\/istikametburasi.com\/index.php\/ozbekistan\/","title":{"rendered":"\u00d6ZBEK\u0130STAN"},"content":{"rendered":"\n<p>Tarihin izinde, \u0130pek Yolu\u2019nun kalbinde yer alan \u00d6zbekistan, b\u00fcy\u00fcleyici mimarisi ve zengin k\u00fclt\u00fcr\u00fcyle adeta bir a\u00e7\u0131k hava m\u00fczesi. <\/p>\n\n\n\n<p>Her k\u00f6\u015fesi tarih kokan Semerkand, g\u00f6z al\u0131c\u0131 Registan Meydan\u0131 ve devasa medreseleri ile hayranl\u0131k uyand\u0131r\u0131rken, Buhara \u015fehri, Orta Asya\u2019n\u0131n ruhunu hissettiren dar sokaklar\u0131 ve tarihi yap\u0131lar\u0131yla sizi ge\u00e7mi\u015fe g\u00f6t\u00fcr\u00fcyor. Ta\u015fkent\u2019in modern dokunu\u015flar\u0131, Hiva\u2019n\u0131n mistik atmosferi ve renkli pazarlar\u0131 da bu ke\u015fif dolu yolculu\u011fun bir par\u00e7as\u0131. \u00d6zbek pilav\u0131 ve nefis yerel tatlarla damaklar\u0131 \u015fenlendiren bu e\u015fsiz \u00fclke, tarih severleri ve maceraperestleri bekliyor \ud83c\uddfa\ud83c\uddff<\/p>\n\n\n\n<p>\ud83d\udcddGitmeden \u00d6nce Bilinmesi Gerekenler:<\/p>\n\n\n\n<p>\u274c T\u00fcrkiye vatanda\u015flar\u0131 i\u00e7in vize gerekmiyor<br>\ud83d\udcb5 \u00d6zbekistan\u2019da para birimi olarak Sum kullan\u0131l\u0131yor. Ancak \u015fehirde dolar da kabul ediliyor, yan\u0131n\u0131zda bir miktar nakit bulundurman\u0131z faydal\u0131 olabilir<br>\ud83d\udde3\ufe0f Halk\u0131n \u00e7o\u011fu \u00d6zbek\u00e7e konu\u015fuyor, fakat T\u00fcrk\u00e7e konu\u015farak da seyahatinizi sorun ya\u015famadan tamamlars\u0131n\u0131z<\/p>\n","protected":false},"excerpt":{"rendered":"<p>Tarihin izinde, \u0130pek Yolu\u2019nun kalbinde yer alan \u00d6zbekistan, b\u00fcy\u00fcleyici mimarisi ve zengin k\u00fclt\u00fcr\u00fcyle adeta bir a\u00e7\u0131k hava m\u00fczesi. Her k\u00f6\u015fesi<\/p>\n","protected":false},"author":1,"featured_media":0,"parent":0,"menu_order":0,"comment_status":"closed","ping_status":"closed","template":"","meta":{"om_disable_all_campaigns":false,"_mi_skip_tracking":false},"_links":{"self":[{"href":"https:\/\/istikametburasi.com\/index.php\/wp-json\/wp\/v2\/pages\/1996"}],"collection":[{"href":"https:\/\/istikametburasi.com\/index.php\/wp-json\/wp\/v2\/pages"}],"about":[{"href":"https:\/\/istikametburasi.com\/index.php\/wp-json\/wp\/v2\/types\/page"}],"author":[{"embeddable":true,"href":"https:\/\/istikametburasi.com\/index.php\/wp-json\/wp\/v2\/users\/1"}],"replies":[{"embeddable":true,"href":"https:\/\/istikametburasi.com\/index.php\/wp-json\/wp\/v2\/comments?post=1996"}],"version-history":[{"count":3,"href":"https:\/\/istikametburasi.com\/index.php\/wp-json\/wp\/v2\/pages\/1996\/revisions"}],"predecessor-version":[{"id":2035,"href":"https:\/\/istikametburasi.com\/index.php\/wp-json\/wp\/v2\/pages\/1996\/revisions\/2035"}],"wp:attachment":[{"href":"https:\/\/istikametburasi.com\/index.php\/wp-json\/wp\/v2\/media?parent=1996"}],"curies":[{"name":"wp","href":"https:\/\/api.w.org\/{rel}","templated":true}]}}