{"id":1997,"date":"2024-10-12T21:00:57","date_gmt":"2024-10-12T19:00:57","guid":{"rendered":"https:\/\/istikametburasi.com\/?page_id=1997"},"modified":"2025-01-03T19:12:03","modified_gmt":"2025-01-03T17:12:03","slug":"taskent","status":"publish","type":"page","link":"https:\/\/istikametburasi.com\/index.php\/taskent\/","title":{"rendered":"TA\u015eKENT"},"content":{"rendered":"\n<figure class=\"is-layout-flex wp-block-gallery-1 wp-block-gallery has-nested-images columns-default is-cropped\">\n<figure class=\"wp-block-image size-large\"><img decoding=\"async\" loading=\"lazy\" width=\"1024\" height=\"1024\" data-id=\"2026\"  src=\"https:\/\/istikametburasi.com\/wp-content\/uploads\/2024\/10\/TASKENT-2-1024x1024.png\" alt=\"\" class=\"wp-image-2026\" srcset=\"https:\/\/istikametburasi.com\/wp-content\/uploads\/2024\/10\/TASKENT-2-1024x1024.png 1024w, https:\/\/istikametburasi.com\/wp-content\/uploads\/2024\/10\/TASKENT-2-300x300.png 300w, https:\/\/istikametburasi.com\/wp-content\/uploads\/2024\/10\/TASKENT-2-150x150.png 150w, https:\/\/istikametburasi.com\/wp-content\/uploads\/2024\/10\/TASKENT-2-768x768.png 768w, https:\/\/istikametburasi.com\/wp-content\/uploads\/2024\/10\/TASKENT-2.png 1080w\" sizes=\"(max-width: 1024px) 100vw, 1024px\" \/><\/figure>\n\n\n\n<figure class=\"wp-block-image size-large\"><img decoding=\"async\" loading=\"lazy\" width=\"1024\" height=\"1024\" data-id=\"2027\"  src=\"https:\/\/istikametburasi.com\/wp-content\/uploads\/2024\/10\/TASKENT-1-1024x1024.png\" alt=\"\" class=\"wp-image-2027\" srcset=\"https:\/\/istikametburasi.com\/wp-content\/uploads\/2024\/10\/TASKENT-1-1024x1024.png 1024w, https:\/\/istikametburasi.com\/wp-content\/uploads\/2024\/10\/TASKENT-1-300x300.png 300w, https:\/\/istikametburasi.com\/wp-content\/uploads\/2024\/10\/TASKENT-1-150x150.png 150w, https:\/\/istikametburasi.com\/wp-content\/uploads\/2024\/10\/TASKENT-1-768x768.png 768w, https:\/\/istikametburasi.com\/wp-content\/uploads\/2024\/10\/TASKENT-1.png 1080w\" sizes=\"(max-width: 1024px) 100vw, 1024px\" \/><\/figure>\n\n\n\n<figure class=\"wp-block-image size-large\"><img decoding=\"async\" loading=\"lazy\" width=\"1024\" height=\"1024\" data-id=\"2025\"  src=\"https:\/\/istikametburasi.com\/wp-content\/uploads\/2024\/10\/TASKENT-3-1024x1024.png\" alt=\"\" class=\"wp-image-2025\" srcset=\"https:\/\/istikametburasi.com\/wp-content\/uploads\/2024\/10\/TASKENT-3-1024x1024.png 1024w, https:\/\/istikametburasi.com\/wp-content\/uploads\/2024\/10\/TASKENT-3-300x300.png 300w, https:\/\/istikametburasi.com\/wp-content\/uploads\/2024\/10\/TASKENT-3-150x150.png 150w, https:\/\/istikametburasi.com\/wp-content\/uploads\/2024\/10\/TASKENT-3-768x768.png 768w, https:\/\/istikametburasi.com\/wp-content\/uploads\/2024\/10\/TASKENT-3.png 1080w\" sizes=\"(max-width: 1024px) 100vw, 1024px\" \/><\/figure>\n<\/figure>\n\n\n\n<p><strong>Ta\u015fkent: Tarih ve Modernizmin Birle\u015fti\u011fi \u015eehir<\/strong><\/p>\n\n\n\n<p>Ta\u015fkent, Orta Asya\u2019n\u0131n en b\u00fcy\u00fck ve etkileyici \u015fehirlerinden biri. Tarihi \u0130pek Yolu\u2019nun \u00f6nemli duraklar\u0131ndan biri olan \u015fehir, medreseler, camiler ve modern yap\u0131larla dolu. Ayr\u0131ca zengin \u00d6zbek mutfa\u011f\u0131, hareketli pazarlar\u0131 ve k\u00fclt\u00fcrel mekanlar\u0131yla ziyaret\u00e7ilerine hem tarihi hem de modern bir deneyim sunuyor. Ta\u015fkent\u2019in geni\u015f bulvarlar\u0131nda y\u00fcr\u00fcrken, ge\u00e7mi\u015fin izlerini ve gelece\u011fin enerjisini hissedebilirsiniz. Geni\u015f caddeleri, parklar\u0131 ve modern mimarisi ile dikkat \u00e7ekerken, \u015fehrin kalbinde yer alan Khast Imam Meydan\u0131 gibi tarihi alanlar, \u0130slam k\u00fclt\u00fcr\u00fcn\u00fcn izlerini ta\u015f\u0131yor. \u00c7ar\u015f\u0131larda gezerken yerel dokuma \u00fcr\u00fcnlerinden baharatlara kadar bir\u00e7ok farkl\u0131 \u00fcr\u00fcn\u00fc ke\u015ffedebilir, \u00d6zbek mutfa\u011f\u0131n\u0131n leziz tatlar\u0131n\u0131 tadabilirsiniz.<\/p>\n\n\n\n<p>Hem Sovyet etkisi hem de geleneksel \u00d6zbek k\u00fclt\u00fcr\u00fcn\u00fcn izlerini ta\u015f\u0131yan bu \u015fehirde, g\u00f6z kama\u015ft\u0131r\u0131c\u0131 pazarlar, b\u00fcy\u00fcleyici an\u0131tlar ve zengin bir mutfak sizi bekliyor.<\/p>\n\n\n\n<p><strong><mark style=\"background-color:rgba(0, 0, 0, 0)\" class=\"has-inline-color has-vivid-red-color\">Ta\u015fkent Yap\u0131lacaklar Listesi:<\/mark><\/strong><\/p>\n\n\n\n<p>\ud83c\udfa8\u00a0Uygulamal\u0131 Sanatlar M\u00fczesi\u2019ni gezin<br>\ud83d\udcdc Kukeldash Medresesi\u2019ni g\u00f6r\u00fcn<br>\ud83d\udecd\ufe0f Chorsu Bazaar\u2019da\u00a0al\u0131\u015fveri\u015f yap\u0131n<br>\ud83d\udd14 Hazrati Imam\u00a0Kompleksi\u2019ni ke\u015ffedin<br>\ud83c\udfdb\ufe0f Amir Temur Meydan\u0131\u2019na gidin<br>\ud83e\udd5f\u00a0Somsa yiyin<br>\ud83d\udd4c Minor Camisi\u2019ni g\u00f6r\u00fcn<br>\ud83c\udf62 Shashlik deneyin<br>\ud83c\udf05\u00a0Ta\u015fkent Kulesi\u2019ne \u00e7\u0131k\u0131n<br>\ud83c\udf89\u00a0Broadway Bulvar\u0131\u2019nda dola\u015f\u0131n<br>\ud83c\udf7d\ufe0f Lagman tad\u0131n<br>\ud83c\udf5a \u00d6zbek Pilav\u0131 yiyin<br>\ud83c\udfa2\u00a0Magic City Parkta y\u00fcr\u00fcy\u00fcn<br>\u2728\u00a0Holy Assumption Katedrali\u2019ni g\u00f6r\u00fcn<br>\ud83c\udffa State Museum of the Temurids\u2019i gezin<\/p>\n\n\n\n<p>\ud83d\udccc A\u015fa\u011f\u0131da birka\u00e7 turistik durak i\u00e7in\u00a0<strong>k\u0131sa bilgileri<\/strong>\u00a0ekliyorum, \u015fehri gezerken bu duraklar\u0131n tarihi \u00f6nemi gibi detaylar\u0131 bulabilirsiniz.<\/p>\n\n\n\n<p><strong>\ud83c\udfa8 Uygulamal\u0131 Sanatlar M\u00fczesi<\/strong><\/p>\n\n\n\n<p>Uygulamal\u0131 Sanatlar M\u00fczesi, \u00d6zbekistan\u2019\u0131n geleneksel sanat ve zanaat eserlerini sergileyen e\u015fsiz bir mekan. El yap\u0131m\u0131 hal\u0131lar, seramikler, tekstil \u00fcr\u00fcnleri ve minyat\u00fcr eserler, bu m\u00fczede ziyaret\u00e7ilerin be\u011fenisine sunuluyor. Ayr\u0131ca m\u00fczenin i\u00e7 mekan tasar\u0131m\u0131 da olduk\u00e7a etkileyici.<\/p>\n\n\n\n<p><strong>\ud83d\udecd\ufe0f Chorsu Bazaar<\/strong><\/p>\n\n\n\n<p>Ta\u015fkent\u2019in en hareketli noktalar\u0131ndan biri olan Chorsu Bazaar, hem yerel halk\u0131n hem de turistlerin u\u011frak yeri. Taze meyve ve sebzeler, geleneksel baharatlar, el yap\u0131m\u0131 \u00fcr\u00fcnler ve hediyelik e\u015fyalar bu pazarda bulunabilir. Pazar, Ta\u015fkent\u2019in g\u00fcnl\u00fck ya\u015fam\u0131n\u0131 g\u00f6rmek i\u00e7in harika bir f\u0131rsat sunuyor.<\/p>\n\n\n\n<p><strong>\ud83d\udd14 Hazrati Imam Kompleksi<\/strong><\/p>\n\n\n\n<p>Ta\u015fkent\u2019in tarihi kalbinin att\u0131\u011f\u0131 yerlerden biri olan Hazrati Imam Kompleksi, camiler, medreseler ve k\u00fct\u00fcphanesiyle dikkat \u00e7ekiyor. Burada, d\u00fcnyan\u0131n en eski Kuran-\u0131 Kerim n\u00fcshalar\u0131ndan birini g\u00f6rebilirsiniz. Mimari detaylar\u0131 ve huzurlu atmosferiyle b\u00fcy\u00fcleyici bir mekan.<\/p>\n\n\n\n<p><strong>\ud83c\udffa State Museum of the Temurids<\/strong><\/p>\n\n\n\n<p>Bu m\u00fcze, Amir Temur ve Timurlular d\u00f6nemine ait tarihi eserleri ve belgeleri sergiliyor. Alt\u0131n detaylarla s\u00fcslenmi\u015f etkileyici bir binada yer alan m\u00fcze, Orta Asya tarihine dair zengin bir bilgi birikimi sunuyor.<\/p>\n\n\n\n<p><strong>\ud83c\udf7d\ufe0f Lagman ve \u00d6zbek Pilav\u0131<\/strong><\/p>\n\n\n\n<p>Ta\u015fkent\u2019te \u00d6zbek mutfa\u011f\u0131n\u0131n en \u00fcnl\u00fc lezzetlerinden olan Lagman (el yap\u0131m\u0131 eri\u015fte) ve \u00d6zbek Pilav\u0131\u2019n\u0131 mutlaka deneyin. \u015eehirdeki yerel restoranlarda bu otantik tatlar\u0131 ke\u015ffedebilir ve Orta Asya mutfa\u011f\u0131n\u0131 daha yak\u0131ndan tan\u0131yabilirsiniz.<\/p>\n\n\n\n<p>Ta\u015fkent ile ilgili t\u00fcm detaylar\u0131 <a href=\"https:\/\/www.instagram.com\/istikametburasi\/\"><strong>Instagram<\/strong><\/a> profilimde \u00f6ne \u00e7\u0131kan hikayeler k\u0131sm\u0131ndaki \u201c\ud83c\uddfa\ud83c\uddff <strong>Ta\u015fkent<\/strong>\u201d ba\u015fl\u0131\u011f\u0131 alt\u0131nda bulabilirsiniz.<\/p>\n","protected":false},"excerpt":{"rendered":"<p>Ta\u015fkent: Tarih ve Modernizmin Birle\u015fti\u011fi \u015eehir Ta\u015fkent, Orta Asya\u2019n\u0131n en b\u00fcy\u00fck ve etkileyici \u015fehirlerinden biri. Tarihi \u0130pek Yolu\u2019nun \u00f6nemli duraklar\u0131ndan<\/p>\n","protected":false},"author":1,"featured_media":0,"parent":0,"menu_order":0,"comment_status":"closed","ping_status":"closed","template":"","meta":{"om_disable_all_campaigns":false,"_mi_skip_tracking":false},"_links":{"self":[{"href":"https:\/\/istikametburasi.com\/index.php\/wp-json\/wp\/v2\/pages\/1997"}],"collection":[{"href":"https:\/\/istikametburasi.com\/index.php\/wp-json\/wp\/v2\/pages"}],"about":[{"href":"https:\/\/istikametburasi.com\/index.php\/wp-json\/wp\/v2\/types\/page"}],"author":[{"embeddable":true,"href":"https:\/\/istikametburasi.com\/index.php\/wp-json\/wp\/v2\/users\/1"}],"replies":[{"embeddable":true,"href":"https:\/\/istikametburasi.com\/index.php\/wp-json\/wp\/v2\/comments?post=1997"}],"version-history":[{"count":3,"href":"https:\/\/istikametburasi.com\/index.php\/wp-json\/wp\/v2\/pages\/1997\/revisions"}],"predecessor-version":[{"id":2326,"href":"https:\/\/istikametburasi.com\/index.php\/wp-json\/wp\/v2\/pages\/1997\/revisions\/2326"}],"wp:attachment":[{"href":"https:\/\/istikametburasi.com\/index.php\/wp-json\/wp\/v2\/media?parent=1997"}],"curies":[{"name":"wp","href":"https:\/\/api.w.org\/{rel}","templated":true}]}}