{"id":2000,"date":"2024-10-12T21:00:57","date_gmt":"2024-10-12T19:00:57","guid":{"rendered":"https:\/\/istikametburasi.com\/?page_id=2000"},"modified":"2025-01-03T19:08:05","modified_gmt":"2025-01-03T17:08:05","slug":"almati","status":"publish","type":"page","link":"https:\/\/istikametburasi.com\/index.php\/almati\/","title":{"rendered":"ALMATI"},"content":{"rendered":"\n<figure class=\"is-layout-flex wp-block-gallery-1 wp-block-gallery has-nested-images columns-default is-cropped\">\n<figure class=\"wp-block-image size-large\"><img decoding=\"async\" loading=\"lazy\" width=\"1024\" height=\"1024\" data-id=\"2017\"  src=\"https:\/\/istikametburasi.com\/wp-content\/uploads\/2024\/10\/almati-1-1024x1024.png\" alt=\"\" class=\"wp-image-2017\" srcset=\"https:\/\/istikametburasi.com\/wp-content\/uploads\/2024\/10\/almati-1-1024x1024.png 1024w, https:\/\/istikametburasi.com\/wp-content\/uploads\/2024\/10\/almati-1-300x300.png 300w, https:\/\/istikametburasi.com\/wp-content\/uploads\/2024\/10\/almati-1-150x150.png 150w, https:\/\/istikametburasi.com\/wp-content\/uploads\/2024\/10\/almati-1-768x768.png 768w, https:\/\/istikametburasi.com\/wp-content\/uploads\/2024\/10\/almati-1.png 1080w\" sizes=\"(max-width: 1024px) 100vw, 1024px\" \/><\/figure>\n\n\n\n<figure class=\"wp-block-image size-large\"><img decoding=\"async\" loading=\"lazy\" width=\"1024\" height=\"1024\" data-id=\"2018\"  src=\"https:\/\/istikametburasi.com\/wp-content\/uploads\/2024\/10\/almati-2-1024x1024.png\" alt=\"\" class=\"wp-image-2018\" srcset=\"https:\/\/istikametburasi.com\/wp-content\/uploads\/2024\/10\/almati-2-1024x1024.png 1024w, https:\/\/istikametburasi.com\/wp-content\/uploads\/2024\/10\/almati-2-300x300.png 300w, https:\/\/istikametburasi.com\/wp-content\/uploads\/2024\/10\/almati-2-150x150.png 150w, https:\/\/istikametburasi.com\/wp-content\/uploads\/2024\/10\/almati-2-768x768.png 768w, https:\/\/istikametburasi.com\/wp-content\/uploads\/2024\/10\/almati-2.png 1080w\" sizes=\"(max-width: 1024px) 100vw, 1024px\" \/><\/figure>\n\n\n\n<figure class=\"wp-block-image size-large\"><img decoding=\"async\" loading=\"lazy\" width=\"1024\" height=\"1024\" data-id=\"2019\"  src=\"https:\/\/istikametburasi.com\/wp-content\/uploads\/2024\/10\/almati-3-1024x1024.png\" alt=\"\" class=\"wp-image-2019\" srcset=\"https:\/\/istikametburasi.com\/wp-content\/uploads\/2024\/10\/almati-3-1024x1024.png 1024w, https:\/\/istikametburasi.com\/wp-content\/uploads\/2024\/10\/almati-3-300x300.png 300w, https:\/\/istikametburasi.com\/wp-content\/uploads\/2024\/10\/almati-3-150x150.png 150w, https:\/\/istikametburasi.com\/wp-content\/uploads\/2024\/10\/almati-3-768x768.png 768w, https:\/\/istikametburasi.com\/wp-content\/uploads\/2024\/10\/almati-3.png 1080w\" sizes=\"(max-width: 1024px) 100vw, 1024px\" \/><\/figure>\n<\/figure>\n\n\n\n<p><strong>Almat\u0131: Da\u011flar\u0131n G\u00f6lgesinde K\u00fclt\u00fcr ve Do\u011fa Cenneti<\/strong><\/p>\n\n\n\n<p>Almat\u0131, Kazakistan\u2019\u0131n eski ba\u015fkenti ve en b\u00fcy\u00fck \u015fehirlerinden biri. Do\u011fal g\u00fczellikleriyle tan\u0131nan bu \u015fehir, etkileyici da\u011f manzaralar\u0131, geni\u015f parklar\u0131 ve zengin k\u00fclt\u00fcrel miras\u0131yla dikkat \u00e7ekiyor. \u015eehirde y\u00fcr\u00fcrken hem tarihi hissetmek hem de modern atmosferin tad\u0131n\u0131 \u00e7\u0131karmak m\u00fcmk\u00fcn. Almat\u0131, e\u015fsiz mutfa\u011f\u0131 ve misafirperver insanlar\u0131yla ziyaret\u00e7ilerine unutulmaz bir deneyim. Etraf\u0131n\u0131 saran heybetli Tien Shan Da\u011flar\u0131 ve yemye\u015fil do\u011fas\u0131yla sizi b\u00fcy\u00fcl\u00fcyor. \u015eehrin simgesi haline gelen Kok Tobe Tepesi\u2019nden b\u00fcy\u00fcleyici manzaralar\u0131 izleyebilir, B\u00fcy\u00fck Almat\u0131 G\u00f6l\u00fc\u2019n\u00fcn huzur verici atmosferinde do\u011fa y\u00fcr\u00fcy\u00fc\u015flerine \u00e7\u0131kabilirsiniz. Buras\u0131 ayn\u0131 zamanda zengin Kazak k\u00fclt\u00fcr\u00fcn\u00fc tan\u0131yabilece\u011finiz m\u00fczeler, renkli pazarlar ve nefis Kazak mutfa\u011f\u0131n\u0131 deneyimleyebilece\u011finiz restoranlarla dolu. Charyn Kanyonu ve Kolsay G\u00f6l\u00fc&#8217;ne bir g\u00fcn ay\u0131rmay\u0131 unutmay\u0131n. Almat\u0131, tarih, k\u00fclt\u00fcr ve do\u011fa sevenleri bekliyor!<\/p>\n\n\n\n<p><strong><mark style=\"background-color:rgba(0, 0, 0, 0)\" class=\"has-inline-color has-vivid-red-color\">Almat\u0131 Yap\u0131lacaklar Listesi:<\/mark><\/strong><\/p>\n\n\n\n<p>\u2728 Almati \u015eehir Meydan\u0131\u2019nda turlay\u0131n<br>\ud83d\udea1 K\u00f6k-T\u00f6be\u2019ye teleferikle \u00e7\u0131k\u0131n<br>\ud83c\udf62 K\u00f6kBazaar\u2019da yerel lezzetleri tad\u0131n<br>\ud83d\udeb6\u200d\u2640\ufe0f Panfilov Park\u0131\u2019nda y\u00fcr\u00fcy\u00fcn<br>\ud83d\udd14 Zenkov Katedrali\u2019ni g\u00f6r\u00fcn<br>\ud83c\udff0 Medeo Buz Pateni Pisti\u2019ni g\u00f6r\u00fcn<br>\ud83c\udfd4\ufe0f Shymbulak\u2019ta kayak yap\u0131n<br>\ud83e\udea8 Charyn Kanyonu\u2019na gidin<br>\ud83c\udf04 Kolsay G\u00f6lleri\u2019ni ke\u015ffedin<br>\ud83d\udd4c Merkez Cami\u2019yi gezin<br>\ud83c\udf47 Arbat Soka\u011f\u0131\u2019nda al\u0131\u015fveri\u015f yap\u0131n<br>\ud83e\udd60 Kokand Halva al\u0131n<br>\ud83c\udf7d\ufe0f Gorky Park\u2019ta piknik yap\u0131n<br>\ud83d\udca6 Big Almaty G\u00f6l\u00fc\u2019n\u00fc ziyaret edin<br>\ud83d\udcda Kazakistan Devlet M\u00fczesi\u2019nde tarihi ke\u015ffedin<br>\ud83c\udfa8 Kasteyev Devlet Sanat M\u00fczesi\u2019ni gezin<br>\ud83e\udeb4 Almati Botanik Bah\u00e7esi\u2019ne gidin<br>\ud83c\udf74 Navat restoranda Kazak mutfa\u011f\u0131n\u0131 deneyin<br>\ud83c\udfad Kazak Bale Tiyatrosu\u2019nda bir g\u00f6steri izleyin<br>\ud83d\udcf8 Republic Meydan\u0131\u2019nda foto\u011fraf \u00e7ekin<br>\ud83d\udca6 Butakovka \u015eelalesi\u2019ne do\u011fa y\u00fcr\u00fcy\u00fc\u015f\u00fc yap\u0131n<br>\u26f2 First President\u2019s Park\u2019ta y\u00fcr\u00fcy\u00fc\u015f yap\u0131n<\/p>\n\n\n\n<p>Almati\u2019ye kadar gelip bu do\u011fa harikalar\u0131n\u0131 g\u00f6rmeden d\u00f6nmek olmaz!<br>\ud83e\udea8 Charyn Kanyonu, g\u00f6z al\u0131c\u0131 kaya olu\u015fumlar\u0131 ve masals\u0131 atmosferiyle adeta Kazakistan\u2019\u0131n gizli hazinesi. Burada g\u00fcn bat\u0131m\u0131n\u0131 izlerken kendinizi bir tabloya bak\u0131yor gibi hissedeceksiniz<\/p>\n\n\n\n<p>\ud83c\udf04 Kolsay G\u00f6lleri ise huzurun adresi; temiz havas\u0131, yemye\u015fil do\u011fas\u0131 ve g\u00f6l manzaras\u0131yla kalbinizi \u00e7alacak. Burada do\u011fa y\u00fcr\u00fcy\u00fc\u015f\u00fc yapabilir, g\u00f6lde k\u00fcrek \u00e7ekebilir ve unutulmaz an\u0131lar biriktirebilirsiniz<\/p>\n\n\n\n<p>\ud83d\udccc A\u015fa\u011f\u0131da birka\u00e7 turistik durak i\u00e7in\u00a0<strong>k\u0131sa bilgileri<\/strong>\u00a0ekliyorum, \u015fehri gezerken bu duraklar\u0131n tarihi \u00f6nemi gibi detaylar\u0131 bulabilirsiniz.<\/p>\n\n\n\n<p><strong>\u2728 Almat\u0131 \u015eehir Meydan\u0131<\/strong><\/p>\n\n\n\n<p>Almat\u0131\u2019n\u0131n kalbinin att\u0131\u011f\u0131 bu meydan, Kazakistan\u2019\u0131n ba\u011f\u0131ms\u0131zl\u0131k tarihiyle dolu. An\u0131tlar ve modern yap\u0131larla \u00e7evrili meydan, hem foto\u011fraf \u00e7ekmek hem de \u015fehir atmosferini hissetmek i\u00e7in harika bir yer.<\/p>\n\n\n\n<p><strong>\ud83d\udea1 K\u00f6k-T\u00f6be\u2019ye Teleferikle \u00c7\u0131k\u0131n<\/strong><\/p>\n\n\n\n<p>K\u00f6k-T\u00f6be Tepesi, Almat\u0131\u2019n\u0131n en g\u00fczel manzaralar\u0131n\u0131 sunuyor. Teleferikle ula\u015fabilece\u011finiz bu tepe, y\u00fcr\u00fcy\u00fc\u015f yollar\u0131, k\u00fc\u00e7\u00fck bir e\u011flence park\u0131 ve restoranlarla dolu. Buradan \u015fehrin ve \u00e7evredeki da\u011flar\u0131n b\u00fcy\u00fcleyici manzaras\u0131n\u0131 izleyebilirsiniz.<\/p>\n\n\n\n<p><strong>\ud83d\udd14 Zenkov Katedrali<\/strong><\/p>\n\n\n\n<p>Panfilov Park\u0131\u2019nda yer alan bu ah\u015fap katedral, Orta Asya\u2019n\u0131n en etkileyici dini yap\u0131lar\u0131ndan biri. 20. y\u00fczy\u0131l\u0131n ba\u015f\u0131nda in\u015fa edilen katedral, tamamen \u00e7ivisiz ah\u015fap kullan\u0131larak yap\u0131lm\u0131\u015f. \u0130\u00e7erideki zarif detaylar ve vitray pencereler mutlaka g\u00f6r\u00fclmeli.<\/p>\n\n\n\n<p><strong>\ud83e\udd60 Kokand Halva ve Sokak Lezzetleri<\/strong><\/p>\n\n\n\n<p>K\u00f6kBazaar\u2019da yerel lezzetleri ke\u015ffederken mutlaka Kokand Halva tatl\u0131s\u0131n\u0131 deneyin. Ayr\u0131ca Almat\u0131\u2019n\u0131n sokak lezzetleri, Kazak mutfa\u011f\u0131n\u0131 tan\u0131mak i\u00e7in harika bir f\u0131rsat sunuyor. Navat Restoran gibi mekanlarda geleneksel yemeklerin tad\u0131na bakabilirsiniz.<\/p>\n\n\n\n<p>Bu 2 do\u011fa harikas\u0131n\u0131 g\u00fcn\u00fcbirlik turlara kat\u0131larak rahatl\u0131kla gezebilirsiniz, a\u015fa\u011f\u0131da iki farkl\u0131 se\u00e7enek i\u00e7in linkleri ekliyorum:<\/p>\n\n\n\n<p><a href=\"https:\/\/gyg.me\/2m7cUTA8\"><strong>2 Gece Kazak Yurt Konaklamal\u0131 Tur<\/strong><\/a><\/p>\n\n\n\n<p><strong><a href=\"https:\/\/gyg.me\/MLb1EOnH\">G\u00fcn\u00fcbirlik \u00d6zel Ara\u00e7 ile Kanyon ve G\u00f6l Turu<\/a><\/strong><\/p>\n\n\n\n<p>Almat\u0131 ile ilgili t\u00fcm detaylar\u0131&nbsp;<a href=\"https:\/\/www.instagram.com\/istikametburasi\/\"><strong>Instagram<\/strong><\/a>&nbsp;profilimde \u00f6ne \u00e7\u0131kan hikayeler k\u0131sm\u0131ndaki \u201c\ud83c\uddf0\ud83c\uddff <strong>Almat\u0131<\/strong>\u201d ba\u015fl\u0131\u011f\u0131 alt\u0131nda bulabilirsiniz.<\/p>\n","protected":false},"excerpt":{"rendered":"<p>Almat\u0131: Da\u011flar\u0131n G\u00f6lgesinde K\u00fclt\u00fcr ve Do\u011fa Cenneti Almat\u0131, Kazakistan\u2019\u0131n eski ba\u015fkenti ve en b\u00fcy\u00fck \u015fehirlerinden biri. Do\u011fal g\u00fczellikleriyle tan\u0131nan bu<\/p>\n","protected":false},"author":1,"featured_media":0,"parent":0,"menu_order":0,"comment_status":"closed","ping_status":"closed","template":"","meta":{"om_disable_all_campaigns":false,"_mi_skip_tracking":false},"_links":{"self":[{"href":"https:\/\/istikametburasi.com\/index.php\/wp-json\/wp\/v2\/pages\/2000"}],"collection":[{"href":"https:\/\/istikametburasi.com\/index.php\/wp-json\/wp\/v2\/pages"}],"about":[{"href":"https:\/\/istikametburasi.com\/index.php\/wp-json\/wp\/v2\/types\/page"}],"author":[{"embeddable":true,"href":"https:\/\/istikametburasi.com\/index.php\/wp-json\/wp\/v2\/users\/1"}],"replies":[{"embeddable":true,"href":"https:\/\/istikametburasi.com\/index.php\/wp-json\/wp\/v2\/comments?post=2000"}],"version-history":[{"count":5,"href":"https:\/\/istikametburasi.com\/index.php\/wp-json\/wp\/v2\/pages\/2000\/revisions"}],"predecessor-version":[{"id":2324,"href":"https:\/\/istikametburasi.com\/index.php\/wp-json\/wp\/v2\/pages\/2000\/revisions\/2324"}],"wp:attachment":[{"href":"https:\/\/istikametburasi.com\/index.php\/wp-json\/wp\/v2\/media?parent=2000"}],"curies":[{"name":"wp","href":"https:\/\/api.w.org\/{rel}","templated":true}]}}