{"id":2089,"date":"2024-12-09T16:08:50","date_gmt":"2024-12-09T14:08:50","guid":{"rendered":"https:\/\/istikametburasi.com\/?page_id=2089"},"modified":"2024-12-09T16:10:17","modified_gmt":"2024-12-09T14:10:17","slug":"almanya-2","status":"publish","type":"page","link":"https:\/\/istikametburasi.com\/index.php\/almanya-2\/","title":{"rendered":"ALMANYA"},"content":{"rendered":"\n<p>Almanya, hem tarih dolu \u015fehirleri hem de etkileyici do\u011fal g\u00fczellikleriyle ziyaret\u00e7ilerini b\u00fcy\u00fcl\u00fcyor. Orta \u00c7a\u011f kasabalar\u0131ndan modern metropollere, yemye\u015fil ormanlardan Alp manzaralar\u0131na kadar her zevke hitap eden bir zenginlik sunuyor.<\/p>\n\n\n\n<p>Ba\u015fkent Berlin, sanat, tarih ve k\u00fclt\u00fcr\u00fcn bulu\u015fma noktas\u0131. Brandenburg Kap\u0131s\u0131, Reichstag ve Checkpoint Charlie gibi \u00f6nemli yap\u0131lar, hem tarih merakl\u0131lar\u0131 hem de gezginler i\u00e7in mutlaka g\u00f6r\u00fclmeli. M\u00fcnih, Oktoberfest\u2019ten BMW M\u00fczesi\u2019ne kadar zengin bir deneyim sunarken, Marienplatz\u2019da tarihi atmosferin tad\u0131n\u0131 \u00e7\u0131karabilirsiniz. Hamburg, Elbe Nehri k\u0131y\u0131s\u0131ndaki e\u015fsiz liman\u0131 ve tarihi Speicherstadt b\u00f6lgesiyle \u00f6ne \u00e7\u0131k\u0131yor.<\/p>\n\n\n\n<p>Romantik Yol \u00fczerindeki Rothenburg ob der Tauber, masal kitaplar\u0131ndan f\u0131rlam\u0131\u015f gibi hissettiren bir Orta \u00c7a\u011f \u015fehri. Heidelberg ise Neckar Nehri k\u0131y\u0131s\u0131ndaki b\u00fcy\u00fcleyici kalesiyle, masals\u0131 bir g\u00fczellik sunuyor. Kara Orman b\u00f6lgesi, do\u011fa tutkunlar\u0131 i\u00e7in hem y\u00fcr\u00fcy\u00fc\u015f hem de gastronomi keyfi vaat ediyor. Almanya ayr\u0131ca, biras\u0131 ve pretzelleriyle \u00fcnl\u00fc mutfa\u011f\u0131yla da ziyaret\u00e7ilerini kendine hayran b\u0131rak\u0131yor.<\/p>\n\n\n\n<p>Bu \u00fclke, tarihi dokusuyla sizi ge\u00e7mi\u015fe ta\u015f\u0131rken modern y\u00fcz\u00fcyle de yenilik\u00e7i bir deneyim sunuyor. Almanya\u2019da ke\u015ffedilecek say\u0131s\u0131z g\u00fczellik var! \ud83c\udde9\ud83c\uddea<\/p>\n","protected":false},"excerpt":{"rendered":"<p>Almanya, hem tarih dolu \u015fehirleri hem de etkileyici do\u011fal g\u00fczellikleriyle ziyaret\u00e7ilerini b\u00fcy\u00fcl\u00fcyor. Orta \u00c7a\u011f kasabalar\u0131ndan modern metropollere, yemye\u015fil ormanlardan Alp<\/p>\n","protected":false},"author":1,"featured_media":0,"parent":0,"menu_order":0,"comment_status":"closed","ping_status":"closed","template":"","meta":{"om_disable_all_campaigns":false,"_mi_skip_tracking":false},"_links":{"self":[{"href":"https:\/\/istikametburasi.com\/index.php\/wp-json\/wp\/v2\/pages\/2089"}],"collection":[{"href":"https:\/\/istikametburasi.com\/index.php\/wp-json\/wp\/v2\/pages"}],"about":[{"href":"https:\/\/istikametburasi.com\/index.php\/wp-json\/wp\/v2\/types\/page"}],"author":[{"embeddable":true,"href":"https:\/\/istikametburasi.com\/index.php\/wp-json\/wp\/v2\/users\/1"}],"replies":[{"embeddable":true,"href":"https:\/\/istikametburasi.com\/index.php\/wp-json\/wp\/v2\/comments?post=2089"}],"version-history":[{"count":2,"href":"https:\/\/istikametburasi.com\/index.php\/wp-json\/wp\/v2\/pages\/2089\/revisions"}],"predecessor-version":[{"id":2106,"href":"https:\/\/istikametburasi.com\/index.php\/wp-json\/wp\/v2\/pages\/2089\/revisions\/2106"}],"wp:attachment":[{"href":"https:\/\/istikametburasi.com\/index.php\/wp-json\/wp\/v2\/media?parent=2089"}],"curies":[{"name":"wp","href":"https:\/\/api.w.org\/{rel}","templated":true}]}}