{"id":2204,"date":"2024-12-25T15:26:27","date_gmt":"2024-12-25T13:26:27","guid":{"rendered":"https:\/\/istikametburasi.com\/?page_id=2204"},"modified":"2024-12-25T15:47:58","modified_gmt":"2024-12-25T13:47:58","slug":"luksemburg","status":"publish","type":"page","link":"https:\/\/istikametburasi.com\/index.php\/luksemburg\/","title":{"rendered":"L\u00dcKSEMBURG"},"content":{"rendered":"\n<p>Avrupa\u2019n\u0131n kalbinde yer alan, k\u00fc\u00e7\u00fck ama etkileyici bir \u00fclke: L\u00fcksemburg. Tarih, modernlik ve do\u011fal g\u00fczelliklerin bulu\u015ftu\u011fu bu \u00fclke, b\u00fcy\u00fcleyici atmosferiyle ziyaret\u00e7ilerini kendine hayran b\u0131rak\u0131yor. Hem ba\u015fkentiyle hem de k\u00fc\u00e7\u00fck kasabalar\u0131yla L\u00fcksemburg, adeta bir a\u00e7\u0131k hava m\u00fczesi gibi \ud83c\uddf1\ud83c\uddfa<\/p>\n\n\n\n<p>L\u00fcksemburg, Avrupa Birli\u011fi\u2019nin kurucu \u00fclkelerinden biri olmas\u0131yla siyasi a\u00e7\u0131dan b\u00fcy\u00fck bir \u00f6neme sahip. 1952 y\u0131l\u0131nda Avrupa K\u00f6m\u00fcr ve \u00c7elik Toplulu\u011fu\u2019na ev sahipli\u011fi yaparak Avrupa\u2019n\u0131n birle\u015fmesinde ilk ad\u0131mlar\u0131n at\u0131ld\u0131\u011f\u0131 yerlerden biri olmu\u015f. Bug\u00fcn de Avrupa Birli\u011fi Adalet Divan\u0131 gibi \u00f6nemli kurumlara ev sahipli\u011fi yap\u0131yor.<\/p>\n\n\n\n<p>Ba\u015fkent <strong>L\u00fcksemburg<\/strong> \u015fehri, tarihi surlarla \u00e7evrili bir peri masal\u0131n\u0131 and\u0131r\u0131yor. UNESCO D\u00fcnya Miras\u0131 Listesi\u2019ndeki eski \u015fehir, tarihi yap\u0131lar\u0131, b\u00fcy\u00fcleyici k\u00f6pr\u00fcleri ve vadilerle \u00e7evrili benzersiz co\u011frafyas\u0131yla ke\u015ffetmeye de\u011fer. Bunun d\u0131\u015f\u0131nda <strong>Vianden<\/strong>, tarihi kalesiyle masals\u0131 bir k\u00f6y havas\u0131 sunarken; <strong>Echternach<\/strong>, \u00fclkenin en eski yerle\u015fim yerlerinden biri olarak Roma d\u00f6neminden kalma izlerle dolu. <strong>Schengen<\/strong> kasabas\u0131 ise ad\u0131n\u0131 s\u0131n\u0131rlar\u0131n anlam\u0131n\u0131 de\u011fi\u015ftiren <em>Schengen Anla\u015fmas\u0131<\/em> ile d\u00fcnyaya duyurmu\u015f.<\/p>\n\n\n\n<p>L\u00fcksemburg sadece tarih ve siyasetle de\u011fil, ayn\u0131 zamanda modern y\u00fcz\u00fcyle de dikkat \u00e7ekiyor. D\u00fcnyan\u0131n en g\u00fc\u00e7l\u00fc ekonomilerinden birine sahip olan \u00fclke, hem ya\u015fam kalitesi hem de g\u00fcvenli\u011fiyle tan\u0131n\u0131yor. \u00dcstelik toplu ta\u015f\u0131man\u0131n \u00fccretsiz olmas\u0131, \u00e7evre dostu ve ziyaret\u00e7i dostu bir politika izlediklerinin en g\u00fczel \u00f6rne\u011fi.<\/p>\n\n\n\n<p>Bu k\u00fc\u00e7\u00fck ama b\u00fcy\u00fcleyici \u00fclke, k\u0131sa bir seyahatle Avrupa tarihine tan\u0131kl\u0131k etmek, modern ya\u015fam\u0131n i\u00e7inde kaybolmak ve do\u011fan\u0131n keyfini \u00e7\u0131karmak isteyen herkes i\u00e7in ideal bir destinasyon!<\/p>\n","protected":false},"excerpt":{"rendered":"<p>Avrupa\u2019n\u0131n kalbinde yer alan, k\u00fc\u00e7\u00fck ama etkileyici bir \u00fclke: L\u00fcksemburg. Tarih, modernlik ve do\u011fal g\u00fczelliklerin bulu\u015ftu\u011fu bu \u00fclke, b\u00fcy\u00fcleyici atmosferiyle<\/p>\n","protected":false},"author":1,"featured_media":0,"parent":0,"menu_order":0,"comment_status":"closed","ping_status":"closed","template":"","meta":{"om_disable_all_campaigns":false,"_mi_skip_tracking":false},"_links":{"self":[{"href":"https:\/\/istikametburasi.com\/index.php\/wp-json\/wp\/v2\/pages\/2204"}],"collection":[{"href":"https:\/\/istikametburasi.com\/index.php\/wp-json\/wp\/v2\/pages"}],"about":[{"href":"https:\/\/istikametburasi.com\/index.php\/wp-json\/wp\/v2\/types\/page"}],"author":[{"embeddable":true,"href":"https:\/\/istikametburasi.com\/index.php\/wp-json\/wp\/v2\/users\/1"}],"replies":[{"embeddable":true,"href":"https:\/\/istikametburasi.com\/index.php\/wp-json\/wp\/v2\/comments?post=2204"}],"version-history":[{"count":2,"href":"https:\/\/istikametburasi.com\/index.php\/wp-json\/wp\/v2\/pages\/2204\/revisions"}],"predecessor-version":[{"id":2219,"href":"https:\/\/istikametburasi.com\/index.php\/wp-json\/wp\/v2\/pages\/2204\/revisions\/2219"}],"wp:attachment":[{"href":"https:\/\/istikametburasi.com\/index.php\/wp-json\/wp\/v2\/media?parent=2204"}],"curies":[{"name":"wp","href":"https:\/\/api.w.org\/{rel}","templated":true}]}}