{"id":2205,"date":"2024-12-25T15:26:27","date_gmt":"2024-12-25T13:26:27","guid":{"rendered":"https:\/\/istikametburasi.com\/?page_id=2205"},"modified":"2024-12-25T15:45:34","modified_gmt":"2024-12-25T13:45:34","slug":"luksemburg-2","status":"publish","type":"page","link":"https:\/\/istikametburasi.com\/index.php\/luksemburg-2\/","title":{"rendered":"L\u00dcKSEMBURG"},"content":{"rendered":"\n<figure class=\"is-layout-flex wp-block-gallery-1 wp-block-gallery has-nested-images columns-default is-cropped\">\n<figure class=\"wp-block-image size-large\"><img decoding=\"async\" loading=\"lazy\" width=\"1024\" height=\"1024\" data-id=\"2215\"  src=\"https:\/\/istikametburasi.com\/wp-content\/uploads\/2024\/12\/luksemburg-1-1024x1024.png\" alt=\"\" class=\"wp-image-2215\" srcset=\"https:\/\/istikametburasi.com\/wp-content\/uploads\/2024\/12\/luksemburg-1-1024x1024.png 1024w, https:\/\/istikametburasi.com\/wp-content\/uploads\/2024\/12\/luksemburg-1-300x300.png 300w, https:\/\/istikametburasi.com\/wp-content\/uploads\/2024\/12\/luksemburg-1-150x150.png 150w, https:\/\/istikametburasi.com\/wp-content\/uploads\/2024\/12\/luksemburg-1-768x768.png 768w, https:\/\/istikametburasi.com\/wp-content\/uploads\/2024\/12\/luksemburg-1.png 1080w\" sizes=\"(max-width: 1024px) 100vw, 1024px\" \/><\/figure>\n\n\n\n<figure class=\"wp-block-image size-large\"><img decoding=\"async\" loading=\"lazy\" width=\"1024\" height=\"1024\" data-id=\"2216\"  src=\"https:\/\/istikametburasi.com\/wp-content\/uploads\/2024\/12\/luksemburg-2-1024x1024.png\" alt=\"\" class=\"wp-image-2216\" srcset=\"https:\/\/istikametburasi.com\/wp-content\/uploads\/2024\/12\/luksemburg-2-1024x1024.png 1024w, https:\/\/istikametburasi.com\/wp-content\/uploads\/2024\/12\/luksemburg-2-300x300.png 300w, https:\/\/istikametburasi.com\/wp-content\/uploads\/2024\/12\/luksemburg-2-150x150.png 150w, https:\/\/istikametburasi.com\/wp-content\/uploads\/2024\/12\/luksemburg-2-768x768.png 768w, https:\/\/istikametburasi.com\/wp-content\/uploads\/2024\/12\/luksemburg-2.png 1080w\" sizes=\"(max-width: 1024px) 100vw, 1024px\" \/><\/figure>\n\n\n\n<figure class=\"wp-block-image size-large\"><img decoding=\"async\" loading=\"lazy\" width=\"1024\" height=\"1024\" data-id=\"2214\"  src=\"https:\/\/istikametburasi.com\/wp-content\/uploads\/2024\/12\/luksemburg-3-1024x1024.png\" alt=\"\" class=\"wp-image-2214\" srcset=\"https:\/\/istikametburasi.com\/wp-content\/uploads\/2024\/12\/luksemburg-3-1024x1024.png 1024w, https:\/\/istikametburasi.com\/wp-content\/uploads\/2024\/12\/luksemburg-3-300x300.png 300w, https:\/\/istikametburasi.com\/wp-content\/uploads\/2024\/12\/luksemburg-3-150x150.png 150w, https:\/\/istikametburasi.com\/wp-content\/uploads\/2024\/12\/luksemburg-3-768x768.png 768w, https:\/\/istikametburasi.com\/wp-content\/uploads\/2024\/12\/luksemburg-3.png 1080w\" sizes=\"(max-width: 1024px) 100vw, 1024px\" \/><\/figure>\n<\/figure>\n\n\n\n<p>L\u00fcksemburg: K\u00fc\u00e7\u00fck \u00dclkenin B\u00fcy\u00fck G\u00fczellikleri \ud83c\udf0d\u2728<\/p>\n\n\n\n<p>Zengin tarihi, modern dokusu ve nefes kesen do\u011fas\u0131yla Avrupa\u2019n\u0131n kalbinde yer alan bir masal diyar\u0131: L\u00fcksemburg\ud83c\uddf1\ud83c\uddfa<\/p>\n\n\n\n<p>Hem \u00fclkenin ad\u0131 hem de ba\u015fkenti olan bu b\u00fcy\u00fcleyici \u015fehir, sizi her k\u00f6\u015fesinde hayran b\u0131rakacak s\u00fcrprizlerle dolu\ud83d\uddfa\ufe0f<\/p>\n\n\n\n<p>Bu e\u015fsiz ba\u015fkentte neler yap\u0131l\u0131r, hangi detaylar\u0131 ka\u00e7\u0131rmamal\u0131s\u0131n\u0131z?<br><strong><mark style=\"background-color:rgba(0, 0, 0, 0)\" class=\"has-inline-color has-vivid-red-color\">L\u00fcksemburg<\/mark><\/strong> <strong><mark style=\"background-color:rgba(0, 0, 0, 0)\" class=\"has-inline-color has-vivid-red-color\">Yap\u0131lacaklar Listesi:<\/mark><\/strong><\/p>\n\n\n\n<p>\ud83d\udeb6\u200d\u2642\ufe0f Eski \u015eehir\u2019de y\u00fcr\u00fcy\u00fcn<br>\ud83c\udff0 Bock Kazamatlar\u0131\u2019n\u0131 ke\u015ffedin<br>\u26ea\ufe0f Notre Dame Katedrali\u2019ni ziyaret edin<br>\ud83c\udf33 P\u00e9trusse Vadisi\u2019nde do\u011fa y\u00fcr\u00fcy\u00fc\u015f\u00fc yap\u0131n<br>\ud83c\udfdb L\u00fcksemburg \u015eehir Tarihi M\u00fczesi\u2019ni gezin<br>\ud83c\udfa8 Modern Sanat M\u00fczesi\u2019nde eserleri g\u00f6r\u00fcn<br>\ud83d\udeb4\u200d\u2642\ufe0f Kirchberg b\u00f6lgesinde bisiklet turu yap\u0131n<br>\ud83d\udcf8 Grand Ducal Saray\u0131\u2019n\u0131n \u00f6n\u00fcnde foto\u011fraf \u00e7ekin<br>\ud83c\udf74 Grund b\u00f6lgesindeki restoranlarda yerel lezzetleri deneyin<br>\ud83c\udf1f Schengen\u2019e g\u00fcn\u00fcbirlik bir gezi planlay\u0131n<br>\ud83d\udecd Rue Philippe II\u2019de al\u0131\u015fveri\u015f yap\u0131n<br>\ud83d\udd14 Aziz Mihail Kilisesi\u2019ni g\u00f6r\u00fcn<br>\ud83c\udf38 Merkez Park\u0131\u2019nda (Parc de Merl) dinlenin<br>\ud83c\udf04 Chemin de la Corniche\u2019de g\u00fcn bat\u0131m\u0131n\u0131 izleyin<br>\ud83c\udf09 Adolphe K\u00f6pr\u00fcs\u00fc\u2019nde manzaran\u0131n keyfini \u00e7\u0131kar\u0131n<br>\ud83d\ude82 L\u00fcksemburg\u2019un \u00e7evresindeki k\u00fc\u00e7\u00fck k\u00f6ylere trenle ke\u015fif yap\u0131n<\/p>\n\n\n\n<p>\ud83d\udccc Gelelim birka\u00e7 ilgin\u00e7 bilgiye:<\/p>\n\n\n\n<p>\ud83d\udec2 <strong>Schengen Anla\u015fmas\u0131\u2019n\u0131n do\u011fum yeri:<\/strong> Pek \u00e7ok ki\u015finin korkulu r\u00fcyas\u0131 olan me\u015fhur Schengen Vizesi hakk\u0131n\u0131 sa\u011flayan \u00f6nemli anla\u015fma, L\u00fcksemburg\u2019un Schengen kasabas\u0131nda imzalanm\u0131\u015f<\/p>\n\n\n\n<p>\ud83d\ude8c <strong>\u00dccretsiz toplu ta\u015f\u0131ma: <\/strong>L\u00fcksemburg, d\u00fcnyada toplu ta\u015f\u0131man\u0131n tamamen \u00fccretsiz oldu\u011fu ilk \u00fclke! Metro, otob\u00fcs ve trenleri istedi\u011finiz gibi kullanabilirsiniz. Ayr\u0131ca ba\u015fkentte bulunan <strong><mark style=\"background-color:rgba(0, 0, 0, 0)\" class=\"has-inline-color has-vivid-red-color\">havaalan\u0131na ula\u015f\u0131m<\/mark><\/strong> da bu \u00fccretsiz kategorisine giriyor, <strong>16<\/strong> ve <strong>29 <\/strong>no&#8217;lu <strong>otob\u00fcsler<\/strong> ile merkez-havaalan\u0131 aras\u0131 ula\u015f\u0131m\u0131n\u0131z\u0131 \u00fccretsiz \u015fekilde ger\u00e7ekle\u015ftirebilirsiniz.<\/p>\n\n\n\n<p>\ud83d\udde3\ufe0f <strong>\u00dc\u00e7 resmi dil: <\/strong>L\u00fcksemburg\u2019da L\u00fcksemburgca, Frans\u0131zca ve Almanca konu\u015fuluyor<\/p>\n\n\n\n<p>\ud83c\udfdb\ufe0f <strong>UNESCO miras\u0131: <\/strong>Eski \u015eehir ve Kazamatlar, UNESCO D\u00fcnya Miras\u0131 listesinde yer al\u0131yor<\/p>\n\n\n\n<p>\ud83d\udccd<strong>Avrupa\u2019n\u0131n en k\u00fc\u00e7\u00fck 7. \u00fclkesi:<\/strong> D\u00fcnyada ise y\u00fcz\u00f6l\u00e7\u00fcm\u00fc a\u00e7\u0131s\u0131ndan 28. s\u0131rada yer al\u0131yor<\/p>\n\n\n\n<p>\ud83c\udfe6 K\u00fc\u00e7\u00fck ama etkileyici: L\u00fcksemburg, Avrupa\u2019n\u0131n en k\u00fc\u00e7\u00fck \u00fclkelerinden biri olmas\u0131na ra\u011fmen f<strong>inans ve k\u00fclt\u00fcr merkezi <\/strong>olarak dikkat \u00e7ekiyor<\/p>\n\n\n\n<p>Ba\u015fkent, beklentilerimin \u00e7ok \u00fczerinde keyif alarak gezdi\u011fim bir \u015fehir oldu. \u0130nternette genelde birka\u00e7 saat ge\u00e7irseniz yeterli olur gibi kli\u015feler bulunuyor ama bence bu \u015fehri ke\u015ffetmek i\u00e7in 1 tam g\u00fcn, ayr\u0131ca \u00fclkenin di\u011fer \u00f6nemli \u015fehir ve do\u011fa harikas\u0131 kasabalar\u0131n\u0131 ke\u015ffetmek i\u00e7in de 2-3 g\u00fcn ay\u0131rman\u0131z\u0131 \u00f6neririm. \u00c7\u00fcnk\u00fc L\u00fcksemburg \u00fclkesi sadece ba\u015fkent L\u00fcksemburg&#8217;dan ibaret de\u011fil \ud83d\ude42  <\/p>\n\n\n\n<p><strong><mark style=\"background-color:rgba(0, 0, 0, 0)\" class=\"has-inline-color has-vivid-red-color\">L\u00fcksemburg\u2019un \u00d6tesine Yolculuk: Ke\u015ffedilecek Kasabalar ve \u015eehirler<\/mark><\/strong><\/p>\n\n\n\n<p>Yukar\u0131da dedi\u011fim gibi bu \u00fclke ayn\u0131 ismi ta\u015f\u0131yan \u015fehrinden ibaret de\u011fil, \u00e7o\u011fu ki\u015finin bildi\u011finin aksine Vatikan veya Monako gibi tek \u015fehir \u00fclkesi de\u011fil, bu sebeple de a\u015fa\u011f\u0131ya \u00fclkede bulunan birka\u00e7 g\u00f6r\u00fclmeye de\u011fer rotay\u0131 ekliyorum. Ayr\u0131ca a\u015fa\u011f\u0131daki \u015fehir ve kasabalara gitmek i\u00e7in yapaca\u011f\u0131n\u0131z yolculuklara hi\u00e7bir \u00fccret \u00f6demiyorsunuz, \u00e7\u00fcnk\u00fc yukar\u0131da da yazd\u0131\u011f\u0131m gibi \u00fclkede <strong><mark style=\"background-color:rgba(0, 0, 0, 0)\" class=\"has-inline-color has-luminous-vivid-orange-color\">ULA\u015eIM \u00dcCRETS\u0130Z!<\/mark><\/strong><\/p>\n\n\n\n<p>\ud83c\udff0 <strong>Vianden<\/strong>: L\u00fcksemburg\u2019un ba\u015fkentinden trenle ula\u015fabilece\u011finiz, masals\u0131 bir atmosfere sahip Vianden, tarihi kalesiyle \u00fcnl\u00fc. Orta \u00c7a\u011f\u2019dan kalma Vianden Kalesi, b\u00f6lgenin tarihine \u0131\u015f\u0131k tutarken nefes kesici manzaralar sunuyor. Victor Hugo\u2019nun bir d\u00f6nem ya\u015fad\u0131\u011f\u0131 bu \u015fehir, hem edebiyat tutkunlar\u0131n\u0131 hem de do\u011fa severleri kendine \u00e7ekiyor. Vianden\u2019a giderken yemye\u015fil vadilerde keyifli bir yolculuk sizi bekliyor.<\/p>\n\n\n\n<p>\ud83c\udfde\ufe0f <strong>Echternach<\/strong>: \u00dclkenin en eski \u015fehri olarak bilinen Echternach, ba\u015fkentten otob\u00fcsle kolayca ula\u015f\u0131labilir. Roma d\u00f6neminden kalma izleri, Arnavut kald\u0131r\u0131ml\u0131 sokaklar\u0131 ve \u00fcnl\u00fc Benediktin Manast\u0131r\u0131 ile tarih tutkunlar\u0131n\u0131 b\u00fcy\u00fcl\u00fcyor. Echternach ayn\u0131 zamanda do\u011faseverler i\u00e7in <strong>Mullerthal B\u00f6lgesi<\/strong>\u2019ne (K\u00fc\u00e7\u00fck \u0130svi\u00e7re) a\u00e7\u0131lan bir kap\u0131; do\u011fa y\u00fcr\u00fcy\u00fc\u015f\u00fc yapmay\u0131 ihmal etmeyin!<\/p>\n\n\n\n<p>\ud83c\udfef <strong>Clervaux<\/strong>: Trenle ula\u015fabilece\u011finiz bu \u015firin kasaba, tarih ve sanat\u0131n i\u00e7 i\u00e7e ge\u00e7ti\u011fi bir durak. \u0130kinci D\u00fcnya Sava\u015f\u0131\u2019ndan kalan etkileyici hikayeleri \u00f6\u011frenebilece\u011finiz Clervaux Kalesi\u2019nin yan\u0131 s\u0131ra, \u00fcnl\u00fc <em>The Family of Man<\/em> foto\u011fraf sergisine ev sahipli\u011fi yap\u0131yor. Bu kasaba, tarihi kadar sakin atmosferiyle de ruhunuzu dinlendirecek.<\/p>\n\n\n\n<p>\ud83c\udfdb\ufe0f <strong>Differdange<\/strong>: Ba\u015fkentten trenle yakla\u015f\u0131k yar\u0131m saat mesafede yer alan Differdange, modern L\u00fcksemburg\u2019un sanayi tarihini ke\u015ffetmek i\u00e7in ideal bir yer. Sanayi miras\u0131n\u0131n izlerini s\u00fcrerken, bug\u00fcn modern sanat galerilerine ev sahipli\u011fi yapan eski fabrikalarla kar\u015f\u0131la\u015fabilirsiniz. Ayr\u0131ca b\u00f6lgedeki do\u011fa parkurlar\u0131 da keyifli bir g\u00fcn ge\u00e7irmenizi sa\u011fl\u0131yor.<\/p>\n\n\n\n<p>\ud83d\udec2 <strong>Schengen<\/strong>: Avrupa\u2019n\u0131n s\u0131n\u0131rlar\u0131n\u0131n anlam\u0131n\u0131 de\u011fi\u015ftiren kasaba Schengen, ba\u015fkentten trenle k\u0131sa s\u00fcrede ula\u015f\u0131labilir. Ad\u0131n\u0131 1985\u2019te imzalanan ve s\u0131n\u0131r kontrollerini kald\u0131ran <em>Schengen Anla\u015fmas\u0131<\/em> ile alan bu kasaba, tarih boyunca Avrupa\u2019n\u0131n birle\u015fmesinde simgesel bir rol oynam\u0131\u015f. Haliyle de Schengen vizesi almak isteyenlerin ba\u015f\u0131na dert olmu\u015f \ud83d\ude02 Moselle Nehri k\u0131y\u0131s\u0131ndaki bu sakin kasabada Avrupa M\u00fczesi\u2019ni gezebilir ve anla\u015fman\u0131n tarihine yak\u0131ndan tan\u0131kl\u0131k edebilirsiniz. Ayr\u0131ca b\u00f6lge, \u00fcz\u00fcm ba\u011flar\u0131 ve \u015farap tad\u0131m\u0131 i\u00e7in de m\u00fckemmel bir destinasyon<\/p>\n\n\n\n<p>L\u00fcksemburg ile ilgili daha detayl\u0131 bilgileri <a href=\"https:\/\/www.instagram.com\/istikametburasi\/\">Instagram profilimde<\/a> \u00f6ne \u00e7\u0131kan hikayeler k\u0131sm\u0131ndaki &#8220;\ud83c\uddf1\ud83c\uddfa LUX&#8221; ba\u015fl\u0131\u011f\u0131 alt\u0131nda bulabilirsiniz (LUX, L\u00fcksemburg&#8217;un uluslararas\u0131 k\u0131saltmas\u0131. Instagram \u00f6ne \u00e7\u0131kanlar i\u00e7in karakter s\u0131n\u0131rlamas\u0131 koydu\u011fundan dolay\u0131 bu \u015fekilde yazd\u0131m).<\/p>\n","protected":false},"excerpt":{"rendered":"<p>L\u00fcksemburg: K\u00fc\u00e7\u00fck \u00dclkenin B\u00fcy\u00fck G\u00fczellikleri \ud83c\udf0d\u2728 Zengin tarihi, modern dokusu ve nefes kesen do\u011fas\u0131yla Avrupa\u2019n\u0131n kalbinde yer alan bir masal<\/p>\n","protected":false},"author":1,"featured_media":0,"parent":0,"menu_order":0,"comment_status":"closed","ping_status":"closed","template":"","meta":{"om_disable_all_campaigns":false,"_mi_skip_tracking":false},"_links":{"self":[{"href":"https:\/\/istikametburasi.com\/index.php\/wp-json\/wp\/v2\/pages\/2205"}],"collection":[{"href":"https:\/\/istikametburasi.com\/index.php\/wp-json\/wp\/v2\/pages"}],"about":[{"href":"https:\/\/istikametburasi.com\/index.php\/wp-json\/wp\/v2\/types\/page"}],"author":[{"embeddable":true,"href":"https:\/\/istikametburasi.com\/index.php\/wp-json\/wp\/v2\/users\/1"}],"replies":[{"embeddable":true,"href":"https:\/\/istikametburasi.com\/index.php\/wp-json\/wp\/v2\/comments?post=2205"}],"version-history":[{"count":2,"href":"https:\/\/istikametburasi.com\/index.php\/wp-json\/wp\/v2\/pages\/2205\/revisions"}],"predecessor-version":[{"id":2217,"href":"https:\/\/istikametburasi.com\/index.php\/wp-json\/wp\/v2\/pages\/2205\/revisions\/2217"}],"wp:attachment":[{"href":"https:\/\/istikametburasi.com\/index.php\/wp-json\/wp\/v2\/media?parent=2205"}],"curies":[{"name":"wp","href":"https:\/\/api.w.org\/{rel}","templated":true}]}}