{"id":2311,"date":"2025-01-02T14:45:33","date_gmt":"2025-01-02T12:45:33","guid":{"rendered":"https:\/\/istikametburasi.com\/?page_id=2311"},"modified":"2025-01-02T15:04:35","modified_gmt":"2025-01-02T13:04:35","slug":"oslo-2","status":"publish","type":"page","link":"https:\/\/istikametburasi.com\/index.php\/oslo-2\/","title":{"rendered":"OSLO"},"content":{"rendered":"\n<figure class=\"is-layout-flex wp-block-gallery-1 wp-block-gallery has-nested-images columns-default is-cropped\">\n<figure class=\"wp-block-image size-large\"><img decoding=\"async\" loading=\"lazy\" width=\"1024\" height=\"1024\" data-id=\"2319\"  src=\"https:\/\/istikametburasi.com\/wp-content\/uploads\/2025\/01\/oslo-1-1024x1024.png\" alt=\"\" class=\"wp-image-2319\" srcset=\"https:\/\/istikametburasi.com\/wp-content\/uploads\/2025\/01\/oslo-1-1024x1024.png 1024w, https:\/\/istikametburasi.com\/wp-content\/uploads\/2025\/01\/oslo-1-300x300.png 300w, https:\/\/istikametburasi.com\/wp-content\/uploads\/2025\/01\/oslo-1-150x150.png 150w, https:\/\/istikametburasi.com\/wp-content\/uploads\/2025\/01\/oslo-1-768x768.png 768w, https:\/\/istikametburasi.com\/wp-content\/uploads\/2025\/01\/oslo-1.png 1080w\" sizes=\"(max-width: 1024px) 100vw, 1024px\" \/><\/figure>\n\n\n\n<figure class=\"wp-block-image size-large\"><img decoding=\"async\" loading=\"lazy\" width=\"1024\" height=\"1024\" data-id=\"2321\"  src=\"https:\/\/istikametburasi.com\/wp-content\/uploads\/2025\/01\/oslo-3-1024x1024.png\" alt=\"\" class=\"wp-image-2321\" srcset=\"https:\/\/istikametburasi.com\/wp-content\/uploads\/2025\/01\/oslo-3-1024x1024.png 1024w, https:\/\/istikametburasi.com\/wp-content\/uploads\/2025\/01\/oslo-3-300x300.png 300w, https:\/\/istikametburasi.com\/wp-content\/uploads\/2025\/01\/oslo-3-150x150.png 150w, https:\/\/istikametburasi.com\/wp-content\/uploads\/2025\/01\/oslo-3-768x768.png 768w, https:\/\/istikametburasi.com\/wp-content\/uploads\/2025\/01\/oslo-3.png 1080w\" sizes=\"(max-width: 1024px) 100vw, 1024px\" \/><\/figure>\n\n\n\n<figure class=\"wp-block-image size-large\"><img decoding=\"async\" loading=\"lazy\" width=\"1024\" height=\"1024\" data-id=\"2320\"  src=\"https:\/\/istikametburasi.com\/wp-content\/uploads\/2025\/01\/oslo-2-1024x1024.png\" alt=\"\" class=\"wp-image-2320\" srcset=\"https:\/\/istikametburasi.com\/wp-content\/uploads\/2025\/01\/oslo-2-1024x1024.png 1024w, https:\/\/istikametburasi.com\/wp-content\/uploads\/2025\/01\/oslo-2-300x300.png 300w, https:\/\/istikametburasi.com\/wp-content\/uploads\/2025\/01\/oslo-2-150x150.png 150w, https:\/\/istikametburasi.com\/wp-content\/uploads\/2025\/01\/oslo-2-768x768.png 768w, https:\/\/istikametburasi.com\/wp-content\/uploads\/2025\/01\/oslo-2.png 1080w\" sizes=\"(max-width: 1024px) 100vw, 1024px\" \/><\/figure>\n<\/figure>\n\n\n\n<p><strong>Oslo: Do\u011fan\u0131n ve Modernizmin Bulu\u015fma Noktas\u0131<\/strong><\/p>\n\n\n\n<p>Norve\u00e7\u2019in ba\u015fkenti Oslo, do\u011fayla i\u00e7 i\u00e7e, modern ve dinamik bir \u015fehir. Etkileyici m\u00fczeleri, sakin fiyort manzaralar\u0131 ve geni\u015f parklar\u0131yla ziyaret\u00e7ilerini kendine hayran b\u0131rak\u0131yor. Vigeland Heykel Park\u0131, Opera Binas\u0131 ve Akershus Kalesi gibi tarihi ve k\u00fclt\u00fcrel mekanlar\u0131n yan\u0131 s\u0131ra, Nordik mutfa\u011f\u0131n\u0131n \u00f6zg\u00fcn tatlar\u0131n\u0131 deneyimlebilirsiniz . Oslo, hem k\u00fclt\u00fcrel hem de do\u011fal bir yolculuk i\u00e7in ideal bir destinasyon.<\/p>\n\n\n\n<p><strong><mark style=\"background-color:rgba(0, 0, 0, 0)\" class=\"has-inline-color has-vivid-red-color\">Oslo Yap\u0131lacaklar Listesi:<br><\/mark><\/strong>\ud83c\udfa8 Munch M\u00fczesi\u2019ni ke\u015ffedin<br>\ud83c\udf33 Vigeland Heykel Park\u0131\u2019nda dola\u015f\u0131n<br>\ud83c\udfad Oslo Opera Binas\u0131\u2019n\u0131n \u00e7at\u0131s\u0131na \u00e7\u0131k\u0131n<br>\ud83c\udff0 Akershus Kalesi\u2019ni ziyaret edin<br>\u26f4\ufe0f Fiyort turuna kat\u0131l\u0131n<br>\ud83d\udecd\ufe0f Karl Johans Gate\u2019te al\u0131\u015fveri\u015f yap\u0131n<br>\ud83d\uddbc\ufe0f Norve\u00e7 Ulusal M\u00fczesi\u2019ni gezin<br>\ud83c\udf72 Yerel lezzetlerden F\u00e5rik\u00e5l veya Gravlaks tad\u0131n<br>\ud83d\udea4 Bygd\u00f8y Yar\u0131madas\u0131\u2019ndaki Viking Gemi M\u00fczesi\u2019ni g\u00f6r\u00fcn<br>\u26ea\ufe0f Oslo Katedrali\u2019ni ziyaret edin<br>\ud83e\udded Fram M\u00fczesi\u2019nde kutup ke\u015fiflerine tan\u0131kl\u0131k edin<br>\ud83d\udcf8 Holmenkollen Kayak Merkezi\u2019nde \u015fehri foto\u011fraflay\u0131n<br>\ud83d\udef6 Akerselva Nehri boyunca y\u00fcr\u00fcy\u00fc\u015f yap\u0131n<br>\ud83c\udf0a Astrup Fearnley Modern Sanat M\u00fczesi\u2019ni gezin<br>\ud83c\udfa8 Ekeberg Heykel Park\u0131\u2019nda sanat ve do\u011fan\u0131n tad\u0131n\u0131 \u00e7\u0131kar\u0131n<br>\ud83c\udf7b Yerel craft biralar\u0131 deneyin<br>\ud83c\udfde\ufe0f Oslofjord \u00e7evresinde g\u00fcn\u00fcbirlik bir y\u00fcr\u00fcy\u00fc\u015f yap\u0131n<br>\ud83d\udeb2 Bisiklet kiralayarak \u015fehir turu yap\u0131n<\/p>\n\n\n\n<p>\ud83d\udcccA\u015fa\u011f\u0131da birka\u00e7 turistik durak i\u00e7in\u00a0<strong>k\u0131sa bilgileri<\/strong>\u00a0ekliyorum, \u015fehri gezerken bu duraklar\u0131n tarihi \u00f6nemi gibi detaylar\u0131 bulabilirsiniz.<\/p>\n\n\n\n<p><strong>\ud83c\udfa8 Munch M\u00fczesi<\/strong><\/p>\n\n\n\n<p>Norve\u00e7li \u00fcnl\u00fc ressam Edvard Munch\u2019un eserlerine adanm\u0131\u015f bu m\u00fcze, sanatseverler i\u00e7in unutulmaz bir durak. <em><strong>\u00c7\u0131\u011fl\u0131k<\/strong><\/em> (The Scream) tablosu ba\u015fta olmak \u00fczere bir\u00e7ok \u00f6nemli eser burada sergileniyor. M\u00fcze, hem mimarisi hem de i\u00e7eri\u011fiyle b\u00fcy\u00fcleyici bir atmosfer sunuyor.<\/p>\n\n\n\n<p><strong>\ud83c\udf33 Vigeland Heykel Park\u0131<\/strong><\/p>\n\n\n\n<p>D\u00fcnyan\u0131n en b\u00fcy\u00fck heykel parklar\u0131ndan biri olan Vigeland, Norve\u00e7li sanat\u00e7\u0131 Gustav Vigeland\u2019\u0131n 200\u2019den fazla heykelini bar\u0131nd\u0131r\u0131yor. Park, insan ya\u015fam\u0131n\u0131n \u00e7e\u015fitli a\u015famalar\u0131n\u0131 betimleyen etkileyici eserleriyle dikkat \u00e7ekiyor. Burada y\u00fcr\u00fcy\u00fc\u015f yaparken sanat ve do\u011fan\u0131n birle\u015fimini hissedebilirsiniz.<\/p>\n\n\n\n<p><strong>\ud83c\udfad Oslo Opera Binas\u0131<\/strong><\/p>\n\n\n\n<p>Oslo\u2019nun simge yap\u0131lar\u0131ndan biri olan Opera Binas\u0131, fiyort manzaral\u0131 etkileyici bir tasar\u0131ma sahip. Binan\u0131n \u00e7at\u0131s\u0131na \u00e7\u0131karak, Oslo\u2019nun panoramik manzaras\u0131n\u0131 izleyebilirsiniz. \u0130\u00e7eride bir opera veya bale performans\u0131 izlemek de unutulmaz bir deneyim sunuyor.<\/p>\n\n\n\n<p><strong>\ud83c\udff0 Akershus Kalesi<\/strong><\/p>\n\n\n\n<p>14. y\u00fczy\u0131ldan kalma bu kale, Oslo\u2019nun tarihi dokusunu yans\u0131tan \u00f6nemli bir yap\u0131. Hem tarihi bir m\u00fcze hem de harika \u015fehir ve fiyort manzaralar\u0131na sahip bir seyir noktas\u0131. Ayr\u0131ca kale, Norve\u00e7\u2019in askeri tarihine dair bilgiler sunuyor.<\/p>\n\n\n\n<p><strong>\u26f4\ufe0f Fiyort Turu<\/strong><\/p>\n\n\n\n<p>Oslo Fiyordu\u2019nu ke\u015ffetmek i\u00e7in bir tekne turuna kat\u0131labilirsiniz. Bu tur s\u0131ras\u0131nda \u015fehrin \u00e7evresindeki adalar\u0131, deniz k\u0131y\u0131s\u0131ndaki kasabalar\u0131 ve sakin do\u011fay\u0131 ke\u015ffetme f\u0131rsat\u0131 bulacaks\u0131n\u0131z. Fiyort turu, Oslo\u2019nun do\u011fal g\u00fczelliklerini anlamak i\u00e7in m\u00fckemmel bir aktivite.<\/p>\n\n\n\n<p><strong>A\u015fa\u011f\u0131da Oslo seyahatinizde ihtiyac\u0131n\u0131z olabilecek giri\u015f biletleri ve turlar i\u00e7in linkleri bulabilirsiniz<\/strong><\/p>\n\n\n\n<p><strong><a href=\"https:\/\/gyg.me\/8yND5DTs\"><mark style=\"background-color:rgba(0, 0, 0, 0)\" class=\"has-inline-color has-vivid-red-color\">REHBERL\u0130 F\u0130YORT GEZ\u0130S\u0130<\/mark><\/a><\/strong><\/p>\n\n\n\n<p><strong><a href=\"https:\/\/gyg.me\/IylxDM2M\"><mark style=\"background-color:rgba(0, 0, 0, 0)\" class=\"has-inline-color has-vivid-red-color\">MUNCH M\u00dcZES\u0130 G\u0130R\u0130\u015e B\u0130LET\u0130<\/mark><\/a><\/strong><\/p>\n","protected":false},"excerpt":{"rendered":"<p>Oslo: Do\u011fan\u0131n ve Modernizmin Bulu\u015fma Noktas\u0131 Norve\u00e7\u2019in ba\u015fkenti Oslo, do\u011fayla i\u00e7 i\u00e7e, modern ve dinamik bir \u015fehir. Etkileyici m\u00fczeleri, sakin<\/p>\n","protected":false},"author":1,"featured_media":0,"parent":0,"menu_order":0,"comment_status":"closed","ping_status":"closed","template":"","meta":{"om_disable_all_campaigns":false,"_mi_skip_tracking":false},"_links":{"self":[{"href":"https:\/\/istikametburasi.com\/index.php\/wp-json\/wp\/v2\/pages\/2311"}],"collection":[{"href":"https:\/\/istikametburasi.com\/index.php\/wp-json\/wp\/v2\/pages"}],"about":[{"href":"https:\/\/istikametburasi.com\/index.php\/wp-json\/wp\/v2\/types\/page"}],"author":[{"embeddable":true,"href":"https:\/\/istikametburasi.com\/index.php\/wp-json\/wp\/v2\/users\/1"}],"replies":[{"embeddable":true,"href":"https:\/\/istikametburasi.com\/index.php\/wp-json\/wp\/v2\/comments?post=2311"}],"version-history":[{"count":2,"href":"https:\/\/istikametburasi.com\/index.php\/wp-json\/wp\/v2\/pages\/2311\/revisions"}],"predecessor-version":[{"id":2322,"href":"https:\/\/istikametburasi.com\/index.php\/wp-json\/wp\/v2\/pages\/2311\/revisions\/2322"}],"wp:attachment":[{"href":"https:\/\/istikametburasi.com\/index.php\/wp-json\/wp\/v2\/media?parent=2311"}],"curies":[{"name":"wp","href":"https:\/\/api.w.org\/{rel}","templated":true}]}}