{"id":2399,"date":"2025-11-16T18:14:15","date_gmt":"2025-11-16T16:14:15","guid":{"rendered":"https:\/\/istikametburasi.com\/?page_id=2399"},"modified":"2025-11-18T12:32:34","modified_gmt":"2025-11-18T10:32:34","slug":"yunanistan-2","status":"publish","type":"page","link":"https:\/\/istikametburasi.com\/index.php\/yunanistan-2\/","title":{"rendered":"YUNAN\u0130STAN"},"content":{"rendered":"\n<p>Yunanistan, hem binlerce y\u0131ll\u0131k tarihi \u015fehirleri hem de Ege&#8217;nin ba\u015f d\u00f6nd\u00fcr\u00fcc\u00fc do\u011fal g\u00fczellikleriyle sizi b\u00fcy\u00fcl\u00fcyor, buras\u0131 kesin bilgi \ud83d\ude42<\/p>\n\n\n\n<p>Antik medeniyetlerin izlerini ta\u015f\u0131yan \u015fehir merkezlerinden, bembeyaz kumsallara ve volkanik ada manzaralar\u0131na kadar her zevke hitap eden bir zenginlik sunuyor.<\/p>\n\n\n\n<p>Ba\u015fkent <strong>Atina<\/strong>, sanat, felsefe ve tarihin bulu\u015fma noktas\u0131. <strong>Akropolis<\/strong>, <strong>Parthenon<\/strong> ve <strong>Eski Agora<\/strong> gibi \u00f6nemli yap\u0131lar, hem tarih merakl\u0131lar\u0131 hem de gezginler i\u00e7in mutlaka g\u00f6r\u00fclmeli. <strong>Selanik<\/strong>, hareketli Kordon&#8217;u ve tarihi <strong>Beyaz Kule&#8217;siyle<\/strong> zengin bir deneyim sunarken, <strong>Aristotelous Meydan\u0131&#8217;nda<\/strong> Akdeniz atmosferinin tad\u0131n\u0131 \u00e7\u0131karabilirsiniz. <strong>Rodos<\/strong>, Ege Denizi k\u0131y\u0131s\u0131ndaki e\u015fsiz <strong>\u015e\u00f6valyeler Kalesi<\/strong> ve tarihi merkeziyle \u00f6ne \u00e7\u0131k\u0131yor.<\/p>\n\n\n\n<p>Romantik adalardan <strong>Santorini<\/strong>, masal kitaplar\u0131ndan f\u0131rlam\u0131\u015f gibi hissettiren beyaz ve mavi evleriyle \u00fcnl\u00fc. <strong>Korfu<\/strong> ise \u0130yon Denizi k\u0131y\u0131s\u0131ndaki Venedik esintili b\u00fcy\u00fcleyici liman\u0131yla, masals\u0131 bir g\u00fczellik sunuyor. <strong>Meteora<\/strong> b\u00f6lgesi, do\u011fa tutkunlar\u0131 i\u00e7in g\u00f6ky\u00fcz\u00fcne as\u0131l\u0131 duran manast\u0131rlar\u0131yla hem y\u00fcr\u00fcy\u00fc\u015f hem de ruhani bir deneyim vaat ediyor. Yunanistan ayr\u0131ca, <strong>Uzo&#8217;su<\/strong>, <strong>zeytinya\u011fl\u0131lar\u0131<\/strong> ve taze deniz \u00fcr\u00fcnleriyle \u00fcnl\u00fc mutfa\u011f\u0131yla da ziyaret\u00e7ilerini kendine hayran b\u0131rak\u0131yor.<\/p>\n\n\n\n<p>Kom\u015fu, antik dokusuyla sizi ge\u00e7mi\u015fe ta\u015f\u0131rken, adalar\u0131n\u0131n canl\u0131 ve g\u00fcne\u015fli y\u00fcz\u00fcyle de yenilik\u00e7i bir deneyim sunuyor. Yunanistan&#8217;da ke\u015ffedilecek say\u0131s\u0131z g\u00fczellik var \ud83c\uddec\ud83c\uddf7<\/p>\n","protected":false},"excerpt":{"rendered":"<p>Yunanistan, hem binlerce y\u0131ll\u0131k tarihi \u015fehirleri hem de Ege&#8217;nin ba\u015f d\u00f6nd\u00fcr\u00fcc\u00fc do\u011fal g\u00fczellikleriyle sizi b\u00fcy\u00fcl\u00fcyor, buras\u0131 kesin bilgi \ud83d\ude42 Antik<\/p>\n","protected":false},"author":1,"featured_media":0,"parent":0,"menu_order":0,"comment_status":"closed","ping_status":"closed","template":"","meta":{"om_disable_all_campaigns":false,"_mi_skip_tracking":false},"_links":{"self":[{"href":"https:\/\/istikametburasi.com\/index.php\/wp-json\/wp\/v2\/pages\/2399"}],"collection":[{"href":"https:\/\/istikametburasi.com\/index.php\/wp-json\/wp\/v2\/pages"}],"about":[{"href":"https:\/\/istikametburasi.com\/index.php\/wp-json\/wp\/v2\/types\/page"}],"author":[{"embeddable":true,"href":"https:\/\/istikametburasi.com\/index.php\/wp-json\/wp\/v2\/users\/1"}],"replies":[{"embeddable":true,"href":"https:\/\/istikametburasi.com\/index.php\/wp-json\/wp\/v2\/comments?post=2399"}],"version-history":[{"count":2,"href":"https:\/\/istikametburasi.com\/index.php\/wp-json\/wp\/v2\/pages\/2399\/revisions"}],"predecessor-version":[{"id":2412,"href":"https:\/\/istikametburasi.com\/index.php\/wp-json\/wp\/v2\/pages\/2399\/revisions\/2412"}],"wp:attachment":[{"href":"https:\/\/istikametburasi.com\/index.php\/wp-json\/wp\/v2\/media?parent=2399"}],"curies":[{"name":"wp","href":"https:\/\/api.w.org\/{rel}","templated":true}]}}