{"id":2417,"date":"2026-01-03T14:20:09","date_gmt":"2026-01-03T12:20:09","guid":{"rendered":"https:\/\/istikametburasi.com\/?page_id=2417"},"modified":"2026-01-03T15:08:40","modified_gmt":"2026-01-03T13:08:40","slug":"londra-2","status":"publish","type":"page","link":"https:\/\/istikametburasi.com\/index.php\/londra-2\/","title":{"rendered":"LONDRA"},"content":{"rendered":"\n<figure class=\"is-layout-flex wp-block-gallery-1 wp-block-gallery has-nested-images columns-default is-cropped\">\n<figure class=\"wp-block-image size-large\"><img decoding=\"async\" loading=\"lazy\" width=\"1024\" height=\"1024\" data-id=\"2426\"  src=\"https:\/\/istikametburasi.com\/wp-content\/uploads\/2026\/01\/londra-1-1024x1024.png\" alt=\"\" class=\"wp-image-2426\" srcset=\"https:\/\/istikametburasi.com\/wp-content\/uploads\/2026\/01\/londra-1-1024x1024.png 1024w, https:\/\/istikametburasi.com\/wp-content\/uploads\/2026\/01\/londra-1-300x300.png 300w, https:\/\/istikametburasi.com\/wp-content\/uploads\/2026\/01\/londra-1-150x150.png 150w, https:\/\/istikametburasi.com\/wp-content\/uploads\/2026\/01\/londra-1-768x768.png 768w, https:\/\/istikametburasi.com\/wp-content\/uploads\/2026\/01\/londra-1.png 1080w\" sizes=\"(max-width: 1024px) 100vw, 1024px\" \/><\/figure>\n\n\n\n<figure class=\"wp-block-image size-large\"><img decoding=\"async\" loading=\"lazy\" width=\"1024\" height=\"1024\" data-id=\"2428\"  src=\"https:\/\/istikametburasi.com\/wp-content\/uploads\/2026\/01\/londra-2-1024x1024.png\" alt=\"\" class=\"wp-image-2428\" srcset=\"https:\/\/istikametburasi.com\/wp-content\/uploads\/2026\/01\/londra-2-1024x1024.png 1024w, https:\/\/istikametburasi.com\/wp-content\/uploads\/2026\/01\/londra-2-300x300.png 300w, https:\/\/istikametburasi.com\/wp-content\/uploads\/2026\/01\/londra-2-150x150.png 150w, https:\/\/istikametburasi.com\/wp-content\/uploads\/2026\/01\/londra-2-768x768.png 768w, https:\/\/istikametburasi.com\/wp-content\/uploads\/2026\/01\/londra-2.png 1080w\" sizes=\"(max-width: 1024px) 100vw, 1024px\" \/><\/figure>\n\n\n\n<figure class=\"wp-block-image size-large\"><img decoding=\"async\" loading=\"lazy\" width=\"1024\" height=\"1024\" data-id=\"2427\"  src=\"https:\/\/istikametburasi.com\/wp-content\/uploads\/2026\/01\/londra-3-1024x1024.png\" alt=\"\" class=\"wp-image-2427\" srcset=\"https:\/\/istikametburasi.com\/wp-content\/uploads\/2026\/01\/londra-3-1024x1024.png 1024w, https:\/\/istikametburasi.com\/wp-content\/uploads\/2026\/01\/londra-3-300x300.png 300w, https:\/\/istikametburasi.com\/wp-content\/uploads\/2026\/01\/londra-3-150x150.png 150w, https:\/\/istikametburasi.com\/wp-content\/uploads\/2026\/01\/londra-3-768x768.png 768w, https:\/\/istikametburasi.com\/wp-content\/uploads\/2026\/01\/londra-3.png 1080w\" sizes=\"(max-width: 1024px) 100vw, 1024px\" \/><\/figure>\n<\/figure>\n\n\n\n<p><strong>Londra: \u0130mparatorluk Miras\u0131, K\u00fclt\u00fcr ve Modernizmin Ba\u015fkenti<\/strong><\/p>\n\n\n\n<p>Londra, ge\u00e7mi\u015fin g\u00f6rkemli krall\u0131k hikayeleriyle modern d\u00fcnyan\u0131n s\u0131n\u0131rs\u0131z enerjisinin kusursuz bir uyum i\u00e7inde ya\u015fad\u0131\u011f\u0131 nadir \u015fehirlerden biri. Thames Nehri\u2019nin k\u0131y\u0131s\u0131nda y\u00fckselen bu metropol, y\u00fczy\u0131llar boyu d\u00fcnyaya y\u00f6n vermi\u015f bir imparatorlu\u011fun kalbi olman\u0131n a\u011f\u0131rl\u0131\u011f\u0131n\u0131 ta\u015f\u0131rken, ayn\u0131 zamanda yenili\u011fin ve \u00e7ok k\u00fclt\u00fcrl\u00fcl\u00fc\u011f\u00fcn \u00f6nc\u00fcs\u00fc olmaya devam ediyor. Ad\u0131m att\u0131\u011f\u0131n\u0131z her meydanda, Big Ben\u2019in sesiyle yank\u0131lanan bir tarihle kar\u015f\u0131la\u015f\u0131rken, birka\u00e7 sokak \u00f6tede d\u00fcnyan\u0131n en modern sanat galerilerine ve g\u00f6ky\u00fcz\u00fcne uzanan f\u00fct\u00fcristik g\u00f6kdelenlere rastlayabilirsiniz.<\/p>\n\n\n\n<p>\u015eehir, bir yanda Buckingham Saray\u0131 ve Westminster Manast\u0131r\u0131 ile asalet ve gelene\u011fi f\u0131s\u0131ldarken; di\u011fer yanda Camden Town\u2019\u0131n ayk\u0131r\u0131 ruhu ve Soho\u2019nun bitmek bilmeyen canl\u0131l\u0131\u011f\u0131yla sizi \u00f6zg\u00fcrle\u015ftiriyor. British Museum\u2019un koridorlar\u0131nda d\u00fcnya tarihine tan\u0131kl\u0131k edebilir, Hyde Park\u2019\u0131n ye\u015fil huzurunda soluklanabilir veya k\u0131rm\u0131z\u0131 \u00e7ift katl\u0131 otob\u00fcslerle bu devasa labirentin tad\u0131n\u0131 \u00e7\u0131karabilirsiniz. Londra, sadece bir yerle\u015fim yeri de\u011fil, d\u00fcnyan\u0131n her k\u00f6\u015fesinden gelen dillerin, mutfaklar\u0131n ve renklerin harmanland\u0131\u011f\u0131 devasa bir sahne gibi. D\u00fcnya mutfa\u011f\u0131 y\u00f6n\u00fcnden bu kadar bol ve en y\u00fcksek kaliteden se\u00e7enekler sunmas\u0131 da benim en sevdi\u011fim \u015fehirlerden biri olmas\u0131nda ciddi rol oynuyor. Belki de en merak etti\u011finiz y\u00f6resel mutfaklar\u0131 ve lezzetleri, sanki o \u00fclkeye gidip de yemi\u015fsiniz hissi yaratan bir kalitede bulaca\u011f\u0131n\u0131z restoranlar ile dolu olan bir \u015fehir diyebilirim. <\/p>\n\n\n\n<p>Londra\u2019n\u0131n enerjisi, her sabah sisli sokaklar\u0131nda uyanan bir nostalji ile her gece \u0131\u015f\u0131l \u0131\u015f\u0131l parlayan bir vizyonun birle\u015fimi. Buras\u0131 size sadece bir \u015fehri gezme imkan\u0131 sunmuyor; ayn\u0131 zamanda d\u00fcnyan\u0131n merkezi olma hissini ya\u015fat\u0131yor. Londra\u2019dan ayr\u0131l\u0131rken, zihninizde hem bir kraliyet masal\u0131n\u0131n zarafetini hem de kozmopolit bir d\u00fcnyan\u0131n sonsuz ritmini ta\u015f\u0131yacaks\u0131n\u0131z.<\/p>\n\n\n\n<p><strong><mark style=\"background-color:rgba(0, 0, 0, 0)\" class=\"has-inline-color has-vivid-red-color\">Londra Yap\u0131lacaklar Listesi:<\/mark><\/strong><\/p>\n\n\n\n<p>\ud83c\udff0 Buckingham Palace\u2019\u0131 g\u00f6r\u00fcn<br>\ud83c\udfa1 London Eye\u2019a binin<br>\ud83c\udf09 Tower Bridge\u2019den y\u00fcr\u00fcyerek ge\u00e7in<br>\ud83c\udfdb British Museum\u2019u gezin<br>\ud83d\uddbc National Gallery\u2019de sanat molas\u0131 verin<br>\ud83d\udd4d Westminster Abbey\u2019i ziyaret edin<br>\u23f0 Big Ben\u2019i foto\u011fraflay\u0131n<br>\ud83c\udf06 Sky Garden manzaras\u0131n\u0131 izleyin<br>\ud83d\udecd Covent Garden sokaklar\u0131nda dola\u015f\u0131n<br>\ud83c\udfad West End\u2019de bir m\u00fczikal izleyin<br>\ud83d\udc63 Chelsea sokaklar\u0131nda y\u00fcr\u00fcy\u00fcn<br>\ud83c\udf54 Borough Market\u2019te d\u00fcnya mutfa\u011f\u0131n\u0131 deneyin<br>\ud83d\uded2 Camden Market\u2019te alternatif Londra\u2019y\u0131 ke\u015ffedin<br>\ud83c\udf33 Hyde Park\u2019ta y\u00fcr\u00fcy\u00fc\u015f yap\u0131n<br>\ud83c\udf7d\ufe0f Hint restoran\u0131nda farkl\u0131 lezzetleri deneyin<br>\u2615 Notting Hill sokaklar\u0131nda kaybolun<br>\ud83c\udf7a Bir pub\u2019a girip fish &amp; chips deneyin<br>\ud83d\ude87 K\u0131rm\u0131z\u0131 metro tabelalar\u0131n\u0131 ve \u201cLook Right \/ Look Left\u201d yaz\u0131lar\u0131n\u0131 fark edin<br>\ud83d\udecd Oxford Street\u2019te al\u0131\u015fveri\u015f yap\u0131n<br>\ud83e\uddf1 Soho &amp; Chinatown\u2019da ak\u015fam saatlerini ge\u00e7irin<br>\ud83d\uded2 Harrods\u2019da dolan\u0131n<br>\ud83d\udcda King\u2019s Cross\u2019ta Platform 9\u00be\u2019\u00fc g\u00f6r\u00fcn<br>\ud83c\udf09 Millennium Bridge\u2019den St. Paul\u2019s y\u00f6n\u00fcne y\u00fcr\u00fcy\u00fcn<br>\ud83d\udef6 Little Venice\u2019ten Camden\u2019a kanal tekne turu<br>\ud83e\uddf1 Leadenhall Market\u2019te k\u0131sa bir mola verin<\/p>\n\n\n\n<p>\ud83d\udccc \u00d6nemli Notlar:<\/p>\n\n\n\n<p>\ud83d\udcb3 Ula\u015f\u0131mda temass\u0131z kredi\/banka kart\u0131 yeterli (ayr\u0131 bilet almaya gerek yok)<br>\ud83d\uddbc Devlet m\u00fczelerinin \u00e7o\u011fu \u00fccretsiz<br>\ud83c\udf9f Sky Garden, pop\u00fcler restoranlar ve m\u00fczikaller i\u00e7in online rezervasyon \u015fart<br>\ud83d\ude87 Metro yo\u011fun ama \u00e7ok d\u00fczenli, Google Maps yeterli<br>\ud83c\udf27 Hava de\u011fi\u015fken; ya\u011fmurluk ve \u015femsiye hayat kurtar\u0131r<\/p>\n\n\n\n<p>Londra\u2019da \u00e7o\u011fu ikonik yeri gezmek \u00fccretsiz, a\u015fa\u011f\u0131da en pop\u00fcler 25 tanesini listeledim \ud83d\ude4c\ud83c\udffc <\/p>\n\n\n\n<p>Yan\u0131nda \u23f0 i\u015fareti olanlar i\u00e7in \u00f6nceden tarih ve saat se\u00e7erek bilet al\u0131n, rezervasyon i\u00e7in de bir \u00fccret \u00f6demiyorsunuz ve uzun s\u0131ralar\u0131 beklemeden saatinizde direkt girip gezebilmenize yard\u0131mc\u0131 oluyor.<\/p>\n\n\n\n<p>\ud83d\uddbc\ufe0fBritish Museum \u23f0<br>\ud83d\uddbc\ufe0fNational Gallery \u23f0<br>\ud83d\uddbc\ufe0fNatural History Museum \u23f0<br>\ud83d\uddbc\ufe0fTate Modern<br>\ud83d\uddbc\ufe0fVictoria and Albert Museum (V&amp;A)<\/p>\n\n\n\n<p>\ud83c\udfd9\ufe0fSky Garden \u23f0<\/p>\n\n\n\n<p>\ud83d\udccdCamden Market \ud83d\udcf8<br>\ud83d\udccdBorough Market \ud83e\udd6a<br>\ud83d\udccdLeadenhall Market \ud83c\udf7b<br>\ud83d\udccdCovent Garden \ud83d\udecd\ufe0f<br>\ud83d\udccdChinatown \u26e9\ufe0f<br>\ud83d\udccdNotting Hill \ud83c\udfd8\ufe0f<br>\ud83d\udccdSoho\ud83e\udd42<\/p>\n\n\n\n<p>\ud83c\udf96\ufe0fBuckingham Saray\u0131 N\u00f6bet De\u011fi\u015fimi<\/p>\n\n\n\n<p>\u2728Millennium K\u00f6pr\u00fcs\u00fc<br>\u2728Westminster K\u00f6pr\u00fcs\u00fc<br>\u2728Abbey Road Yaya Ge\u00e7idi<br>\u2728Platform 9\u00be (Harry Potter noktas\u0131)<br>\u2728Little Venice<br>\u2728South Bank Walk (Thames boyunca y\u00fcr\u00fcy\u00fc\u015f)<br>\u2728Waterloo Graffiti T\u00fcneli<\/p>\n\n\n\n<p>\ud83c\udf33Hyde Park<br>\ud83c\udf33Greenwich Park<br>\ud83c\udf33St. James\u2019s Park<br>\ud83c\udf33Richmond Park<\/p>\n\n\n\n<p>\ud83d\udcccK\u00fc\u00e7\u00fck birka\u00e7 not:<\/p>\n\n\n\n<p>\ud83c\udfab M\u00fczeler \u00fccretsiz, \u00f6zel sergiler \u00fccretli olabilir<br>\ud83d\udcb3 Ula\u015f\u0131mda temass\u0131z kart yeterli, g\u00fcnl\u00fck harcama limiti var<br>\ud83d\udc51 Changing of the Guard her g\u00fcn olmuyor, saatini \u00f6nceden kontrol edin<br>\ud83d\ude87 Metroda \u201ctap in \u2013 tap out\u201d yapmay\u0131 unutmay\u0131n<\/p>\n\n\n\n<p>Londra seyahatiniz i\u00e7in <strong><mark style=\"background-color:rgba(0, 0, 0, 0)\" class=\"has-inline-color has-vivid-red-color\">\u201cBilmeden Olmaz\u201d<\/mark><\/strong> notlar\u0131m\u0131 a\u015fa\u011f\u0131ya ekledim, \u015fehri gezerken akl\u0131n\u0131zda bulundurman\u0131z gereken t\u00fcm tavsiyelerimi burada bulabilirsiniz:<\/p>\n\n\n\n<p><strong>Oyster Card &amp; Temass\u0131z \u00d6deme:<\/strong> Londra\u2019da art\u0131k eski us\u00fcl ka\u011f\u0131t biletler pek kullan\u0131lm\u0131yor. En pratik yol, temass\u0131z kredi kart\u0131n\u0131z\u0131 veya telefonunuzdaki dijital c\u00fczdan\u0131 (Apple\/Google Pay) kullanmak. E\u011fer fiziksel bir kart isterseniz <strong>Oyster Card<\/strong> alabilirsiniz. G\u00fcnl\u00fck harcama limiti (cap) oldu\u011fu i\u00e7in belli bir tutardan sonra o g\u00fcnk\u00fc t\u00fcm yolculuklar\u0131n\u0131z \u00fccretsiz oluyor.<\/p>\n\n\n\n<p><strong>\u00dccretsiz M\u00fczeler:<\/strong> Londra bu konuda tam bir cennet! British Museum, National Gallery, Natural History Museum ve Tate Modern gibi d\u00fcnyan\u0131n en \u00f6nemli m\u00fczelerine giri\u015f <strong>\u00fccretsiz<\/strong>. Ancak kap\u0131da s\u0131ra beklememek i\u00e7in yukar\u0131da da bahsetti\u011fim gibi gitmeden \u00f6nce mutlaka web sitelerinden \u00fccretsiz giri\u015f saati (entry slot) rezervasyonu yapman\u0131z\u0131 \u00f6neririm.<\/p>\n\n\n\n<p><strong>Online Rezervasyon:<\/strong> Pop\u00fcler yerler i\u00e7in rezervasyon Londra&#8217;da alt\u0131n kurald\u0131r. \u00d6zellikle \u00fccretsiz olmas\u0131na ra\u011fmen harika bir \u015fehir manzaras\u0131 sunan <strong>Sky Garden<\/strong> i\u00e7in g\u00fcnler \u00f6ncesinden randevu almal\u0131s\u0131n\u0131z. Ayn\u0131 \u015fekilde <strong>London Eye<\/strong> veya pop\u00fcler &#8220;Afternoon Tea&#8221; (Be\u015f \u00c7ay\u0131) mekanlar\u0131 i\u00e7in de online rezervasyon \u015fart.<\/p>\n\n\n\n<p><strong>Trafik ve Prizler:<\/strong> Unutmay\u0131n, \u0130ngiltere\u2019de trafik <strong>soldan akar!<\/strong> Kar\u015f\u0131dan kar\u015f\u0131ya ge\u00e7erken yerdeki &#8220;Look Right&#8221; (Sa\u011fa Bak) yaz\u0131lar\u0131na mutlaka dikkat edin. Ayr\u0131ca priz giri\u015fleri T\u00fcrkiye&#8217;dekinden farkl\u0131 (\u00fc\u00e7 di\u015fli, Tip G). Yan\u0131n\u0131zda mutlaka bir d\u00f6n\u00fc\u015ft\u00fcr\u00fcc\u00fc (adapt\u00f6r) bulundurun, aksi takdirde marketlerden almak zorunda kalabilirsiniz.<\/p>\n\n\n\n<p><strong>Uluslararas\u0131 Mutfak ve Pub K\u00fclt\u00fcr\u00fc:<\/strong> Londra tam bir d\u00fcnya mutfa\u011f\u0131 mozai\u011fi. Brick Lane\u2019de efsanevi Hint k\u00f6rilerini deneyebilir, Soho\u2019da \u00c7in mutfa\u011f\u0131n\u0131n tad\u0131na bakabilir veya \u015f\u0131k bir restoranda Fish &amp; Chips yiyebilirsiniz. Ayr\u0131ca ak\u015fam\u00fcst\u00fc bir &#8220;Pub&#8221;a gidip yerel bir craft bira i\u00e7mek Londra deneyiminin ayr\u0131lmaz bir par\u00e7as\u0131.<\/p>\n\n\n\n<p><strong>Hava Durumu:<\/strong> Londra&#8217;n\u0131n havas\u0131na asla g\u00fcvenmeyin; bir g\u00fcnde d\u00f6rt mevsimi ya\u015fayabilirsiniz \ud83d\ude42 G\u00fcne\u015fliyken aniden ya\u011fmur bast\u0131rabilir. \u00c7antan\u0131zda her zaman hafif bir ya\u011fmurluk veya katlanabilir \u015femsiye bulundurmak hayat kurtar\u0131r.<\/p>\n\n\n\n<p>\ud83d\udcccA\u015fa\u011f\u0131da Londra\u2019n\u0131n en ikonik duraklar\u0131 i\u00e7in haz\u0131rlad\u0131\u011f\u0131m <strong>k\u0131sa bilgileri<\/strong> bulabilirsiniz; \u015fehri ad\u0131mlarken bu yap\u0131lar\u0131n ard\u0131ndaki hikayeler gezinizi \u00e7ok daha anlaml\u0131 k\u0131lacak.<\/p>\n\n\n\n<p>\u23f0 <strong>Big Ben ve Westminster Saray\u0131<\/strong><\/p>\n\n\n\n<p>Londra denince akla gelen ilk g\u00f6r\u00fcnt\u00fc ku\u015fkusuz Big Ben\u2019dir. Asl\u0131nda &#8220;Big Ben&#8221; kuledeki devasa \u00e7an\u0131n ad\u0131, ancak zamanla kulenin kendisi bu isimle an\u0131lmaya ba\u015flanm\u0131\u015f. Parlamento binas\u0131 olan Westminster Saray\u0131 ile biti\u015fik olan bu g\u00f6rkemli yap\u0131, \u0130ngiliz demokrasisinin ve asaletinin kalbi. Nehir k\u0131y\u0131s\u0131ndan ya da Westminster K\u00f6pr\u00fcs\u00fc \u00fczerinden kulenin ihti\u015fam\u0131n\u0131 izlemek, saatin o me\u015fhur vuru\u015flar\u0131n\u0131 duymak tam bir klasik. Ak\u015fam \u0131\u015f\u0131kland\u0131rmas\u0131yla Thames Nehri \u00fczerindeki yans\u0131mas\u0131 ise tek kelimeyle b\u00fcy\u00fcleyici.<\/p>\n\n\n\n<p>\ud83c\udf09 <strong>Tower Bridge (Kule K\u00f6pr\u00fcs\u00fc)<\/strong><\/p>\n\n\n\n<p>\u00c7o\u011fu zaman Londra K\u00f6pr\u00fcs\u00fc (London Bridge) ile kar\u0131\u015ft\u0131r\u0131lsa da, masals\u0131 kuleleriyle Tower Bridge \u015fehrin en fotojenik yap\u0131lar\u0131ndan biri. 19. y\u00fczy\u0131l\u0131n sonunda in\u015fa edilen bu a\u00e7\u0131l\u0131r-kapan\u0131r k\u00f6pr\u00fc, Victoria d\u00f6nemi m\u00fchendisli\u011finin bir \u015faheseri. E\u011fer \u015fansl\u0131ysan\u0131z b\u00fcy\u00fck gemilerin ge\u00e7i\u015fi i\u00e7in k\u00f6pr\u00fcn\u00fcn kanatlar\u0131n\u0131n a\u00e7\u0131l\u0131\u015f\u0131n\u0131 izleyebilirsiniz. K\u00f6pr\u00fcn\u00fcn \u00fcst k\u0131sm\u0131ndaki cam yollarda (Glass Walkway) y\u00fcr\u00fcyerek ayaklar\u0131n\u0131z\u0131n alt\u0131ndaki trafi\u011fi ve nehri izlemek ise cesaret isteyen ama unutulmaz bir deneyim.<\/p>\n\n\n\n<p>\ud83c\udfdb\ufe0f<strong>Londra Kulesi (Tower of London)<\/strong><\/p>\n\n\n\n<p>Hemen Tower Bridge\u2019in yan\u0131nda yer alan bu kale, yakla\u015f\u0131k bin y\u0131ll\u0131k bir tarihe sahip. Saray, hapishane, cephanelik ve hatta hayvanat bah\u00e7esi olarak kullan\u0131lm\u0131\u015f olan bu yap\u0131, Londra\u2019n\u0131n en karanl\u0131k ve en g\u00f6rkemli s\u0131rlar\u0131n\u0131 sakl\u0131yor. \u0130\u00e7eride \u0130ngiliz Kraliyet M\u00fccevherleri\u2019ni (Crown Jewels) g\u00f6rebilir, me\u015fhur &#8220;Beefeater&#8221; muhaf\u0131zlar\u0131ndan kulenin \u00fcrpertici hikayelerini dinleyebilirsiniz. Kalenin kuleleri aras\u0131nda dola\u015f\u0131rken kendinizi Orta \u00c7a\u011f \u0130ngiltere\u2019sinde hissedeceksiniz.<\/p>\n\n\n\n<p>\ud83d\udcdc <strong>British Museum<\/strong><\/p>\n\n\n\n<p>\u0130nsanl\u0131k tarihinin ve k\u00fclt\u00fcr\u00fcn\u00fcn en kapsaml\u0131 ar\u015fivlerinden biri olan British Museum, sizi k\u0131talararas\u0131 bir yolculu\u011fa \u00e7\u0131kar\u0131yor. Rosetta Ta\u015f\u0131\u2019ndan Antik M\u0131s\u0131r mumyalar\u0131na, Parthenon heykellerinden Anadolu\u2019dan giden e\u015fsiz eserlere kadar milyonlarca par\u00e7a burada sergileniyor. Binan\u0131n devasa cam \u00e7at\u0131l\u0131 avlusu (Great Court) ise modern mimarinin tarihle nas\u0131l bulu\u015ftu\u011funun en g\u00fczel \u00f6rne\u011fi. Giri\u015fin \u00fccretsiz oldu\u011funu ancak bu devasa hazineyi hakk\u0131yla gezmek i\u00e7in en az yar\u0131m g\u00fcn\u00fcn\u00fcz\u00fc ay\u0131rman\u0131z gerekti\u011fini hat\u0131rlatay\u0131m.<\/p>\n\n\n\n<p>\ud83d\udccd<strong>London Eye<\/strong><\/p>\n\n\n\n<p>Londra\u2019y\u0131 bir de ku\u015f bak\u0131\u015f\u0131 g\u00f6rmek istiyorsan\u0131z rotan\u0131z belli! Thames Nehri k\u0131y\u0131s\u0131ndaki bu devasa g\u00f6zlem tekerle\u011fi, \u015fehre modern bir dokunu\u015f kat\u0131yor. Yakla\u015f\u0131k 30 dakika s\u00fcren bir tur boyunca, havan\u0131n a\u00e7\u0131k oldu\u011fu g\u00fcnlerde \u015fehrin t\u00fcm ikonik yap\u0131lar\u0131n\u0131 360 derecelik bir a\u00e7\u0131yla izleyebiliyorsunuz. \u00d6zellikle g\u00fcn bat\u0131m\u0131 saatlerinde \u015fehre \u00e7\u00f6ken k\u0131z\u0131ll\u0131\u011f\u0131 buradan izlemek paha bi\u00e7ilemez. S\u0131ra beklememek i\u00e7in biletinizi mutlaka \u00e7ok \u00f6nceden online olarak almal\u0131s\u0131n\u0131z.<\/p>\n\n\n\n<p>Londra ile ilgili t\u00fcm detaylar\u0131\u00a0<a href=\"https:\/\/www.instagram.com\/istikametburasi\">Instagram profilimde<\/a>\u00a0\u00f6ne \u00e7\u0131kanlar k\u0131sm\u0131ndaki \u201c\ud83c\uddec\ud83c\udde7 Londra\u201d ba\u015fl\u0131\u011f\u0131 alt\u0131nda bulabilirsiniz.<\/p>\n","protected":false},"excerpt":{"rendered":"<p>Londra: \u0130mparatorluk Miras\u0131, K\u00fclt\u00fcr ve Modernizmin Ba\u015fkenti Londra, ge\u00e7mi\u015fin g\u00f6rkemli krall\u0131k hikayeleriyle modern d\u00fcnyan\u0131n s\u0131n\u0131rs\u0131z enerjisinin kusursuz bir uyum i\u00e7inde<\/p>\n","protected":false},"author":1,"featured_media":0,"parent":0,"menu_order":0,"comment_status":"closed","ping_status":"closed","template":"","meta":{"om_disable_all_campaigns":false,"_mi_skip_tracking":false},"_links":{"self":[{"href":"https:\/\/istikametburasi.com\/index.php\/wp-json\/wp\/v2\/pages\/2417"}],"collection":[{"href":"https:\/\/istikametburasi.com\/index.php\/wp-json\/wp\/v2\/pages"}],"about":[{"href":"https:\/\/istikametburasi.com\/index.php\/wp-json\/wp\/v2\/types\/page"}],"author":[{"embeddable":true,"href":"https:\/\/istikametburasi.com\/index.php\/wp-json\/wp\/v2\/users\/1"}],"replies":[{"embeddable":true,"href":"https:\/\/istikametburasi.com\/index.php\/wp-json\/wp\/v2\/comments?post=2417"}],"version-history":[{"count":2,"href":"https:\/\/istikametburasi.com\/index.php\/wp-json\/wp\/v2\/pages\/2417\/revisions"}],"predecessor-version":[{"id":2430,"href":"https:\/\/istikametburasi.com\/index.php\/wp-json\/wp\/v2\/pages\/2417\/revisions\/2430"}],"wp:attachment":[{"href":"https:\/\/istikametburasi.com\/index.php\/wp-json\/wp\/v2\/media?parent=2417"}],"curies":[{"name":"wp","href":"https:\/\/api.w.org\/{rel}","templated":true}]}}