{"id":2418,"date":"2026-01-03T14:20:09","date_gmt":"2026-01-03T12:20:09","guid":{"rendered":"https:\/\/istikametburasi.com\/?page_id=2418"},"modified":"2026-01-03T14:23:26","modified_gmt":"2026-01-03T12:23:26","slug":"ingiltere-2","status":"publish","type":"page","link":"https:\/\/istikametburasi.com\/index.php\/ingiltere-2\/","title":{"rendered":"\u0130NG\u0130LTERE"},"content":{"rendered":"\n<p>k\u00f6kl\u00fc kraliyet gelene\u011fiyle harmanlanm\u0131\u015f tarihi \u015fehirleri ve kartpostallar\u0131 and\u0131ran k\u0131rsal manzaralar\u0131yla sizi zaman yolculu\u011funa \u00e7\u0131karan bir \u00fclke d\u00fc\u015f\u00fcn\u00fcn desem, cevab\u0131n\u0131z kuvvetle muhtemel \u0130ngiltere olacakt\u0131r. G\u00f6rkemli \u015fatolardan hareketli liman kentlerine, ye\u015filin her tonunu bar\u0131nd\u0131ran vadilerden d\u00fcnya miras\u0131 listesindeki antik yap\u0131lara kadar her k\u00f6\u015fesinde ayr\u0131 bir hikaye bar\u0131nd\u0131r\u0131yor.<\/p>\n\n\n\n<p><strong>Ba\u015fkent Londra<\/strong>, modern d\u00fcnyan\u0131n nabz\u0131n\u0131 tutarken tarihle olan ba\u011f\u0131n\u0131 asla koparm\u0131yor. Big Ben, Buckingham Saray\u0131 ve Londra Kulesi gibi ikonik yap\u0131lar, \u015fehrin sil\u00fcetini s\u00fcslerken; British Museum ve Tate Modern sanat tutkunlar\u0131n\u0131 b\u00fcy\u00fclemeyi bekliyor. \u00d6te yandan, kuzeyin gururu <strong>Manchester<\/strong>, end\u00fcstriyel miras\u0131n\u0131 modern k\u00fclt\u00fcr ve canl\u0131 bir m\u00fczik sahnesiyle birle\u015ftiriyor.<\/p>\n\n\n\n<p>Tarihin tozlu sayfalar\u0131nda bir gezinti arayanlar i\u00e7in <strong>Bath<\/strong>, Roma d\u00f6neminden kalma hamamlar\u0131 ve bal rengi ta\u015f binalar\u0131yla b\u00fcy\u00fcleyici bir durak. Akademik ruhun kalbi olan <strong>Oxford<\/strong> ve <strong>Cambridge<\/strong> ise gotik mimarileri ve prestijli kolej avlular\u0131yla adeta birer a\u00e7\u0131k hava m\u00fczesi niteli\u011finde. Do\u011fan\u0131n merkezine ka\u00e7mak isteyenler i\u00e7in <strong>Cotswolds<\/strong> b\u00f6lgesindeki bal rengi k\u00f6yler, masal kitaplar\u0131ndan f\u0131rlam\u0131\u015f gibi duran bir huzur vaat ediyor.<\/p>\n\n\n\n<p>G\u00fcneyde, <strong>White Cliffs of Dover<\/strong> (Dover\u2019\u0131n Beyaz Kayal\u0131klar\u0131) denizden y\u00fckselen devasa birer an\u0131t gibi dururken, kuzeydeki <strong>Lake District<\/strong> (G\u00f6ller B\u00f6lgesi) \u015fairlere ilham veren g\u00f6lleri ve tepeleriyle do\u011fa tutkunlar\u0131n\u0131 kendine \u00e7ekiyor. \u0130ngiltere ayr\u0131ca, geleneksel &#8220;Be\u015f \u00c7ay\u0131&#8221; rit\u00fceli, me\u015fhur &#8220;Fish and Chips&#8221;i ve tarihi pub k\u00fclt\u00fcr\u00fcyle sadece bir gezi de\u011fil, tam bir ya\u015fam deneyimi sunuyor.<\/p>\n\n\n\n<p>Bu \u00fclke, ta\u015f evlerin aras\u0131ndan ge\u00e7erken sizi y\u00fczy\u0131llar \u00f6ncesine g\u00f6t\u00fcr\u00fcrken, kozmopolit yap\u0131s\u0131yla yenilik\u00e7i bir d\u00fcnyan\u0131n kap\u0131lar\u0131n\u0131 aral\u0131yor. Birle\u015fik Krall\u0131k&#8217;\u0131n kalbinde ke\u015ffedilmeyi bekleyen say\u0131s\u0131z rota sizi bekliyor \ud83c\uddec\ud83c\udde7<\/p>\n","protected":false},"excerpt":{"rendered":"<p>k\u00f6kl\u00fc kraliyet gelene\u011fiyle harmanlanm\u0131\u015f tarihi \u015fehirleri ve kartpostallar\u0131 and\u0131ran k\u0131rsal manzaralar\u0131yla sizi zaman yolculu\u011funa \u00e7\u0131karan bir \u00fclke d\u00fc\u015f\u00fcn\u00fcn desem, cevab\u0131n\u0131z<\/p>\n","protected":false},"author":1,"featured_media":0,"parent":0,"menu_order":0,"comment_status":"closed","ping_status":"closed","template":"","meta":{"om_disable_all_campaigns":false,"_mi_skip_tracking":false},"_links":{"self":[{"href":"https:\/\/istikametburasi.com\/index.php\/wp-json\/wp\/v2\/pages\/2418"}],"collection":[{"href":"https:\/\/istikametburasi.com\/index.php\/wp-json\/wp\/v2\/pages"}],"about":[{"href":"https:\/\/istikametburasi.com\/index.php\/wp-json\/wp\/v2\/types\/page"}],"author":[{"embeddable":true,"href":"https:\/\/istikametburasi.com\/index.php\/wp-json\/wp\/v2\/users\/1"}],"replies":[{"embeddable":true,"href":"https:\/\/istikametburasi.com\/index.php\/wp-json\/wp\/v2\/comments?post=2418"}],"version-history":[{"count":2,"href":"https:\/\/istikametburasi.com\/index.php\/wp-json\/wp\/v2\/pages\/2418\/revisions"}],"predecessor-version":[{"id":2425,"href":"https:\/\/istikametburasi.com\/index.php\/wp-json\/wp\/v2\/pages\/2418\/revisions\/2425"}],"wp:attachment":[{"href":"https:\/\/istikametburasi.com\/index.php\/wp-json\/wp\/v2\/media?parent=2418"}],"curies":[{"name":"wp","href":"https:\/\/api.w.org\/{rel}","templated":true}]}}