{"id":485,"date":"2023-02-26T16:32:49","date_gmt":"2023-02-26T14:32:49","guid":{"rendered":"https:\/\/istikametburasi.com\/?page_id=485"},"modified":"2023-10-08T15:54:18","modified_gmt":"2023-10-08T13:54:18","slug":"arnavutluk","status":"publish","type":"page","link":"https:\/\/istikametburasi.com\/index.php\/arnavutluk\/","title":{"rendered":"ARNAVUTLUK"},"content":{"rendered":"\n<p>Vizesiz \u00fclkeler aras\u0131nda favorilerimizden biri tabii ki de Arnavutluk\u00a0\ud83c\udde6\ud83c\uddf1<\/p>\n\n\n\n<p>Maldivleri aratmayan g\u00fczellikte koylara ve atmosfere sahip olan&nbsp;<strong>Saranda<\/strong>&nbsp;ve&nbsp;<strong>Ksamil Adas\u0131<\/strong>, Sokaklar\u0131n\u0131 gezerken tarihi bir filmin setindeymi\u015f gibi hissetti\u011finiz&nbsp;<strong>Gjirokaster<\/strong>, Osmanl\u0131 d\u00f6neminden kalma mimari yap\u0131lar\u0131 ve s\u0131ral\u0131 evleri ile herkesin g\u00f6rmesi gerekti\u011fini d\u00fc\u015f\u00fcnd\u00fc\u011f\u00fcm&nbsp;<strong>Berat<\/strong>, Ba\u015fkent&nbsp;<strong>Tiran<\/strong>&nbsp;\u00f6zellikle kom\u00fcnist d\u00f6nemde halk\u0131n ya\u015fad\u0131\u011f\u0131 zorluklar\u0131 sergileyen ve atmosferiyle hissettiren bunk\u2019art konsepti ile sizleri bekliyor\u2026<\/p>\n","protected":false},"excerpt":{"rendered":"<p>Vizesiz \u00fclkeler aras\u0131nda favorilerimizden biri tabii ki de Arnavutluk\u00a0\ud83c\udde6\ud83c\uddf1 Maldivleri aratmayan g\u00fczellikte koylara ve atmosfere sahip olan&nbsp;Saranda&nbsp;ve&nbsp;Ksamil Adas\u0131, Sokaklar\u0131n\u0131 gezerken<\/p>\n","protected":false},"author":1,"featured_media":0,"parent":0,"menu_order":0,"comment_status":"closed","ping_status":"closed","template":"","meta":{"om_disable_all_campaigns":false,"_mi_skip_tracking":false},"_links":{"self":[{"href":"https:\/\/istikametburasi.com\/index.php\/wp-json\/wp\/v2\/pages\/485"}],"collection":[{"href":"https:\/\/istikametburasi.com\/index.php\/wp-json\/wp\/v2\/pages"}],"about":[{"href":"https:\/\/istikametburasi.com\/index.php\/wp-json\/wp\/v2\/types\/page"}],"author":[{"embeddable":true,"href":"https:\/\/istikametburasi.com\/index.php\/wp-json\/wp\/v2\/users\/1"}],"replies":[{"embeddable":true,"href":"https:\/\/istikametburasi.com\/index.php\/wp-json\/wp\/v2\/comments?post=485"}],"version-history":[{"count":2,"href":"https:\/\/istikametburasi.com\/index.php\/wp-json\/wp\/v2\/pages\/485\/revisions"}],"predecessor-version":[{"id":1321,"href":"https:\/\/istikametburasi.com\/index.php\/wp-json\/wp\/v2\/pages\/485\/revisions\/1321"}],"wp:attachment":[{"href":"https:\/\/istikametburasi.com\/index.php\/wp-json\/wp\/v2\/media?parent=485"}],"curies":[{"name":"wp","href":"https:\/\/api.w.org\/{rel}","templated":true}]}}