{"id":486,"date":"2023-02-26T16:32:49","date_gmt":"2023-02-26T14:32:49","guid":{"rendered":"https:\/\/istikametburasi.com\/?page_id=486"},"modified":"2023-10-08T15:54:45","modified_gmt":"2023-10-08T13:54:45","slug":"makedonya","status":"publish","type":"page","link":"https:\/\/istikametburasi.com\/index.php\/makedonya\/","title":{"rendered":"MAKEDONYA"},"content":{"rendered":"\n<p>Gezerken belki de en rahat \u015fekilde ileti\u015fim kurabilece\u011finiz \u00fclkelerin ba\u015f\u0131nda gelen Makedonya, yo\u011fun T\u00fcrk n\u00fcfusu, ortak tarihimiz ve e\u015fsiz mimari eserleri ile \u00fclkemizden \u00e7ok yo\u011fun turist \u00e7ekmeyi ba\u015far\u0131yor\u00a0\ud83c\uddf2\ud83c\uddf0<\/p>\n\n\n\n<p>Surlar i\u00e7inde korunmay\u0131 ba\u015farm\u0131\u015f ve benim bu zamana kadar gezerken en \u00e7ok keyif ald\u0131\u011f\u0131m \u015fehirlerden biri olan&nbsp;<strong>Ohrid<\/strong>, \u0130ki yakas\u0131nda sundu\u011fu bamba\u015fka tarihi ve mimari doku ile gezerken hayran kalaca\u011f\u0131n\u0131z&nbsp;<strong>\u00dcsk\u00fcp<\/strong>, E\u015fi benzerine zor rastlan\u0131r bir mimariye sahip olan camiisi ile ziyaret\u00e7ileri \u00e7ekmeyi ba\u015faran&nbsp;<strong>Tetovo<\/strong>, Atat\u00fcrk\u2019\u00fcn de bir d\u00f6nem e\u011fitim ald\u0131\u011f\u0131 me\u015fhur Manast\u0131r Askeri \u0130dadisi\u2019ne ev sahipli\u011fi yapan&nbsp;<strong>Bitola<\/strong>&nbsp;(Manast\u0131r) ve daha fazlas\u0131 sizleri bekliyor\u2026<\/p>\n","protected":false},"excerpt":{"rendered":"<p>Gezerken belki de en rahat \u015fekilde ileti\u015fim kurabilece\u011finiz \u00fclkelerin ba\u015f\u0131nda gelen Makedonya, yo\u011fun T\u00fcrk n\u00fcfusu, ortak tarihimiz ve e\u015fsiz mimari<\/p>\n","protected":false},"author":1,"featured_media":0,"parent":0,"menu_order":0,"comment_status":"closed","ping_status":"closed","template":"","meta":{"om_disable_all_campaigns":false,"_mi_skip_tracking":false},"_links":{"self":[{"href":"https:\/\/istikametburasi.com\/index.php\/wp-json\/wp\/v2\/pages\/486"}],"collection":[{"href":"https:\/\/istikametburasi.com\/index.php\/wp-json\/wp\/v2\/pages"}],"about":[{"href":"https:\/\/istikametburasi.com\/index.php\/wp-json\/wp\/v2\/types\/page"}],"author":[{"embeddable":true,"href":"https:\/\/istikametburasi.com\/index.php\/wp-json\/wp\/v2\/users\/1"}],"replies":[{"embeddable":true,"href":"https:\/\/istikametburasi.com\/index.php\/wp-json\/wp\/v2\/comments?post=486"}],"version-history":[{"count":2,"href":"https:\/\/istikametburasi.com\/index.php\/wp-json\/wp\/v2\/pages\/486\/revisions"}],"predecessor-version":[{"id":1322,"href":"https:\/\/istikametburasi.com\/index.php\/wp-json\/wp\/v2\/pages\/486\/revisions\/1322"}],"wp:attachment":[{"href":"https:\/\/istikametburasi.com\/index.php\/wp-json\/wp\/v2\/media?parent=486"}],"curies":[{"name":"wp","href":"https:\/\/api.w.org\/{rel}","templated":true}]}}