{"id":489,"date":"2023-02-26T16:32:49","date_gmt":"2023-02-26T14:32:49","guid":{"rendered":"https:\/\/istikametburasi.com\/?page_id=489"},"modified":"2024-10-12T22:33:14","modified_gmt":"2024-10-12T20:33:14","slug":"karadag","status":"publish","type":"page","link":"https:\/\/istikametburasi.com\/index.php\/karadag\/","title":{"rendered":"KARADA\u011e"},"content":{"rendered":"\n<p>Karada\u011f, Adriyatik Denizi\u2019nin k\u0131y\u0131s\u0131nda yer alan ve b\u00fcy\u00fcleyici do\u011fal g\u00fczellikleri ile tan\u0131nan bir Balkan \u00fclkesi. K\u00fc\u00e7\u00fck bir \u00fclke olmas\u0131na ra\u011fmen, tarihi ve do\u011fas\u0131yla her ziyaret\u00e7isine unutulmaz an\u0131lar sunuyor. Ba\u015fkent Podgorica sakin ve modern bir atmosfere sahipken, \u00fclkenin as\u0131l cazibesi k\u0131y\u0131 \u015fehirleri ve da\u011f kasabalar\u0131nda gizli.<\/p>\n\n\n\n<p><strong>Kotor<\/strong>, Karada\u011f\u2019\u0131n en \u00fcnl\u00fc ve g\u00f6z al\u0131c\u0131 \u015fehirlerinden biri. UNESCO D\u00fcnya Miras\u0131 Listesi\u2019nde yer alan Kotor K\u00f6rfezi, da\u011flar\u0131n denizle bulu\u015ftu\u011fu etkileyici manzaras\u0131 ve dar sokaklar\u0131yla b\u00fcy\u00fcleyici bir Orta \u00c7a\u011f \u015fehri olarak ziyaret\u00e7ilerini kar\u015f\u0131l\u0131yor. Kotor\u2019da yer alan St. John Kalesi\u2019ne \u00e7\u0131karak k\u00f6rfezin e\u015fsiz manzaras\u0131n\u0131 izlemek unutulmaz bir deneyim. Ayr\u0131ca <strong>Budva<\/strong> da Karada\u011f seyahatinize eklemeniz gereken bir di\u011fer g\u00fczel \u015fehir \ud83c\uddf2\ud83c\uddea<\/p>\n","protected":false},"excerpt":{"rendered":"<p>Karada\u011f, Adriyatik Denizi\u2019nin k\u0131y\u0131s\u0131nda yer alan ve b\u00fcy\u00fcleyici do\u011fal g\u00fczellikleri ile tan\u0131nan bir Balkan \u00fclkesi. K\u00fc\u00e7\u00fck bir \u00fclke olmas\u0131na ra\u011fmen,<\/p>\n","protected":false},"author":1,"featured_media":0,"parent":0,"menu_order":0,"comment_status":"closed","ping_status":"closed","template":"","meta":{"om_disable_all_campaigns":false,"_mi_skip_tracking":false},"_links":{"self":[{"href":"https:\/\/istikametburasi.com\/index.php\/wp-json\/wp\/v2\/pages\/489"}],"collection":[{"href":"https:\/\/istikametburasi.com\/index.php\/wp-json\/wp\/v2\/pages"}],"about":[{"href":"https:\/\/istikametburasi.com\/index.php\/wp-json\/wp\/v2\/types\/page"}],"author":[{"embeddable":true,"href":"https:\/\/istikametburasi.com\/index.php\/wp-json\/wp\/v2\/users\/1"}],"replies":[{"embeddable":true,"href":"https:\/\/istikametburasi.com\/index.php\/wp-json\/wp\/v2\/comments?post=489"}],"version-history":[{"count":2,"href":"https:\/\/istikametburasi.com\/index.php\/wp-json\/wp\/v2\/pages\/489\/revisions"}],"predecessor-version":[{"id":2063,"href":"https:\/\/istikametburasi.com\/index.php\/wp-json\/wp\/v2\/pages\/489\/revisions\/2063"}],"wp:attachment":[{"href":"https:\/\/istikametburasi.com\/index.php\/wp-json\/wp\/v2\/media?parent=489"}],"curies":[{"name":"wp","href":"https:\/\/api.w.org\/{rel}","templated":true}]}}