{"id":520,"date":"2023-02-26T16:57:48","date_gmt":"2023-02-26T14:57:48","guid":{"rendered":"https:\/\/istikametburasi.com\/?page_id=520"},"modified":"2024-10-12T22:28:57","modified_gmt":"2024-10-12T20:28:57","slug":"ispanya","status":"publish","type":"page","link":"https:\/\/istikametburasi.com\/index.php\/ispanya\/","title":{"rendered":"\u0130SPANYA"},"content":{"rendered":"\n<p>\u0130spanya, Akdeniz k\u0131y\u0131s\u0131ndaki g\u00fcne\u015fi, tarihi zenginlikleri ve canl\u0131 k\u00fclt\u00fcr\u00fcyle Avrupa\u2019n\u0131n en renkli \u00fclkelerinden biri. <\/p>\n\n\n\n<p>Ba\u015fkent <strong>Madrid<\/strong>, Prado M\u00fczesi ve Kraliyet Saray\u0131 gibi sanat ve tarih dolu duraklara sahip. Plaza Mayor ve Retiro Park\u0131 ise \u015fehrin kalbinde yer alan ve mutlaka g\u00f6r\u00fclmesi gereken yerler aras\u0131nda. <strong>Barselona<\/strong>, Gaudi\u2019nin e\u015fsiz eserleriyle dolu: Sagrada Familia, Park G\u00fcell ve Casa Batll\u00f3, \u015fehri d\u00fcnya \u00e7ap\u0131nda \u00fcnl\u00fc k\u0131lan yap\u0131lar. <strong>End\u00fcl\u00fcs b\u00f6lgesi<\/strong> ise <strong>Granada<\/strong>\u2019daki Elhamra Saray\u0131, <strong>Sevilla<\/strong>\u2019n\u0131n Alc\u00e1zar\u2019\u0131 ve <strong>Cordoba<\/strong>\u2019daki Mezquita ile \u0130slam mimarisinin en g\u00fczel \u00f6rneklerini sergiliyor. Ayr\u0131ca \u0130spanyol mutfa\u011f\u0131, tapas, paella, churros ve gazpacho gibi lezzetlerle zengin bir gastronomi deneyimi sunuyor \ud83c\uddea\ud83c\uddf8<\/p>\n\n\n\n<p><\/p>\n","protected":false},"excerpt":{"rendered":"<p>\u0130spanya, Akdeniz k\u0131y\u0131s\u0131ndaki g\u00fcne\u015fi, tarihi zenginlikleri ve canl\u0131 k\u00fclt\u00fcr\u00fcyle Avrupa\u2019n\u0131n en renkli \u00fclkelerinden biri. Ba\u015fkent Madrid, Prado M\u00fczesi ve Kraliyet<\/p>\n","protected":false},"author":1,"featured_media":0,"parent":0,"menu_order":0,"comment_status":"closed","ping_status":"closed","template":"","meta":{"om_disable_all_campaigns":false,"_mi_skip_tracking":false},"_links":{"self":[{"href":"https:\/\/istikametburasi.com\/index.php\/wp-json\/wp\/v2\/pages\/520"}],"collection":[{"href":"https:\/\/istikametburasi.com\/index.php\/wp-json\/wp\/v2\/pages"}],"about":[{"href":"https:\/\/istikametburasi.com\/index.php\/wp-json\/wp\/v2\/types\/page"}],"author":[{"embeddable":true,"href":"https:\/\/istikametburasi.com\/index.php\/wp-json\/wp\/v2\/users\/1"}],"replies":[{"embeddable":true,"href":"https:\/\/istikametburasi.com\/index.php\/wp-json\/wp\/v2\/comments?post=520"}],"version-history":[{"count":3,"href":"https:\/\/istikametburasi.com\/index.php\/wp-json\/wp\/v2\/pages\/520\/revisions"}],"predecessor-version":[{"id":2059,"href":"https:\/\/istikametburasi.com\/index.php\/wp-json\/wp\/v2\/pages\/520\/revisions\/2059"}],"wp:attachment":[{"href":"https:\/\/istikametburasi.com\/index.php\/wp-json\/wp\/v2\/media?parent=520"}],"curies":[{"name":"wp","href":"https:\/\/api.w.org\/{rel}","templated":true}]}}