{"id":521,"date":"2023-02-26T16:57:48","date_gmt":"2023-02-26T14:57:48","guid":{"rendered":"https:\/\/istikametburasi.com\/?page_id=521"},"modified":"2023-10-07T13:21:03","modified_gmt":"2023-10-07T11:21:03","slug":"fransa","status":"publish","type":"page","link":"https:\/\/istikametburasi.com\/index.php\/fransa\/","title":{"rendered":"FRANSA"},"content":{"rendered":"\n<p>Tarihi, mimarisi ve yemekleri ile her gezginin mutlaka g\u00f6rmesi, ke\u015ffetmesi gereken \u00fclkelerin ba\u015f\u0131nda gelen Fransa\u00a0\ud83c\uddeb\ud83c\uddf7<\/p>\n\n\n\n<p>Gez gez bitmeyen Louvre M\u00fczesi, sanat kokan sokaklar\u0131, tarihi yap\u0131lar\u0131 ve daha bir\u00e7ok g\u00fczelli\u011fiyle sizi bekleyen&nbsp;<strong>Paris<\/strong>, Dillere destan g\u00f6rkemi ile her ziyaret\u00e7isini kendine a\u015f\u0131k eden&nbsp;<strong>Versay<\/strong>&nbsp;Saray\u0131, Masallardan f\u0131rlam\u0131\u015f atmosferi ile Fransa\u2019da g\u00f6r\u00fclmesi gereken en \u00f6zel yerlerden biri olan&nbsp;<strong>Mont-Saint Michel<\/strong>&nbsp;Adas\u0131 ve \u00e7ok daha fazlas\u0131 sizleri bekliyor\u2026<\/p>\n","protected":false},"excerpt":{"rendered":"<p>Tarihi, mimarisi ve yemekleri ile her gezginin mutlaka g\u00f6rmesi, ke\u015ffetmesi gereken \u00fclkelerin ba\u015f\u0131nda gelen Fransa\u00a0\ud83c\uddeb\ud83c\uddf7 Gez gez bitmeyen Louvre M\u00fczesi,<\/p>\n","protected":false},"author":1,"featured_media":0,"parent":0,"menu_order":0,"comment_status":"closed","ping_status":"closed","template":"","meta":{"om_disable_all_campaigns":false,"_mi_skip_tracking":false},"_links":{"self":[{"href":"https:\/\/istikametburasi.com\/index.php\/wp-json\/wp\/v2\/pages\/521"}],"collection":[{"href":"https:\/\/istikametburasi.com\/index.php\/wp-json\/wp\/v2\/pages"}],"about":[{"href":"https:\/\/istikametburasi.com\/index.php\/wp-json\/wp\/v2\/types\/page"}],"author":[{"embeddable":true,"href":"https:\/\/istikametburasi.com\/index.php\/wp-json\/wp\/v2\/users\/1"}],"replies":[{"embeddable":true,"href":"https:\/\/istikametburasi.com\/index.php\/wp-json\/wp\/v2\/comments?post=521"}],"version-history":[{"count":2,"href":"https:\/\/istikametburasi.com\/index.php\/wp-json\/wp\/v2\/pages\/521\/revisions"}],"predecessor-version":[{"id":1291,"href":"https:\/\/istikametburasi.com\/index.php\/wp-json\/wp\/v2\/pages\/521\/revisions\/1291"}],"wp:attachment":[{"href":"https:\/\/istikametburasi.com\/index.php\/wp-json\/wp\/v2\/media?parent=521"}],"curies":[{"name":"wp","href":"https:\/\/api.w.org\/{rel}","templated":true}]}}