{"id":522,"date":"2023-02-26T16:57:48","date_gmt":"2023-02-26T14:57:48","guid":{"rendered":"https:\/\/istikametburasi.com\/?page_id=522"},"modified":"2023-10-07T13:35:21","modified_gmt":"2023-10-07T11:35:21","slug":"portekiz","status":"publish","type":"page","link":"https:\/\/istikametburasi.com\/index.php\/portekiz\/","title":{"rendered":"PORTEK\u0130Z"},"content":{"rendered":"\n<p>Portekiz dendi mi akla ilk Fado gelir. Bir halk m\u00fczi\u011fi olarak bilinen Fado, denizci olan sevgililerini, e\u015flerini denize u\u011furlayan ve onlar\u0131n geri d\u00f6nmesini umutla bekleyen 19. y\u00fczy\u0131l Portekiz kad\u0131nlar\u0131n\u0131n art\u0131k beklenen yak\u0131nlar\u0131n\u0131n geri gelmemesi \u00fczerine denize kar\u015f\u0131 yakt\u0131klar\u0131 a\u011f\u0131tlardan t\u00fcremi\u015f.<\/p>\n\n\n\n<p>Ayr\u0131ca Pastel de Nata, \u00e7ok \u00e7e\u015fitli \u015faraplar\u0131, hareketli hayat\u0131, renkli sokaklar\u0131 ve mimari eserleri ile oldu\u011fu kadar futbol ile de \u00f6zde\u015fle\u015fmi\u015f bir \u00fclke.<\/p>\n\n\n\n<p>Bir Avrupa \u015fehrinin sunabilece\u011fi t\u00fcm g\u00fczellikleri sunan <strong>Porto<\/strong>, Dik ve yoku\u015flu yollar\u0131 ile bilinen ba\u015fkent <strong>Lizbon<\/strong>, Masallardan f\u0131rlam\u0131\u015f gibi hissettiren \u015firin bir kasaba <strong>Sintra<\/strong>, G\u00fcn\u00fcm\u00fcze kadar korunmay\u0131 ba\u015farm\u0131\u015f dokusu ile hi\u00e7li\u011fin ortas\u0131nda kalan bir m\u00fccevher <strong>Obidos<\/strong> ve \u00e7ok daha fazlas\u0131 sizleri bekliyor&#8230;<\/p>\n","protected":false},"excerpt":{"rendered":"<p>Portekiz dendi mi akla ilk Fado gelir. Bir halk m\u00fczi\u011fi olarak bilinen Fado, denizci olan sevgililerini, e\u015flerini denize u\u011furlayan ve<\/p>\n","protected":false},"author":1,"featured_media":0,"parent":0,"menu_order":0,"comment_status":"closed","ping_status":"closed","template":"","meta":{"om_disable_all_campaigns":false,"_mi_skip_tracking":false},"_links":{"self":[{"href":"https:\/\/istikametburasi.com\/index.php\/wp-json\/wp\/v2\/pages\/522"}],"collection":[{"href":"https:\/\/istikametburasi.com\/index.php\/wp-json\/wp\/v2\/pages"}],"about":[{"href":"https:\/\/istikametburasi.com\/index.php\/wp-json\/wp\/v2\/types\/page"}],"author":[{"embeddable":true,"href":"https:\/\/istikametburasi.com\/index.php\/wp-json\/wp\/v2\/users\/1"}],"replies":[{"embeddable":true,"href":"https:\/\/istikametburasi.com\/index.php\/wp-json\/wp\/v2\/comments?post=522"}],"version-history":[{"count":2,"href":"https:\/\/istikametburasi.com\/index.php\/wp-json\/wp\/v2\/pages\/522\/revisions"}],"predecessor-version":[{"id":1310,"href":"https:\/\/istikametburasi.com\/index.php\/wp-json\/wp\/v2\/pages\/522\/revisions\/1310"}],"wp:attachment":[{"href":"https:\/\/istikametburasi.com\/index.php\/wp-json\/wp\/v2\/media?parent=522"}],"curies":[{"name":"wp","href":"https:\/\/api.w.org\/{rel}","templated":true}]}}