{"id":523,"date":"2023-02-26T16:57:48","date_gmt":"2023-02-26T14:57:48","guid":{"rendered":"https:\/\/istikametburasi.com\/?page_id=523"},"modified":"2024-10-12T22:28:03","modified_gmt":"2024-10-12T20:28:03","slug":"hollanda","status":"publish","type":"page","link":"https:\/\/istikametburasi.com\/index.php\/hollanda\/","title":{"rendered":"HOLLANDA"},"content":{"rendered":"\n<p>Hollanda, d\u00fczl\u00fckleri, kanallar\u0131, r\u00fczgar g\u00fclleri ve bisiklet dostu yap\u0131s\u0131yla \u00fcnl\u00fc bir \u00fclke. <\/p>\n\n\n\n<p>Ba\u015fkent <strong>Amsterdam<\/strong>, hem tarihi hem de modern yap\u0131lar\u0131yla ziyaret\u00e7ilerine farkl\u0131 bir deneyim sunuyor. Van Gogh M\u00fczesi, Rijksmuseum ve Anne Frank Evi gibi d\u00fcnya \u00e7ap\u0131nda \u00fcnl\u00fc m\u00fczeler k\u00fclt\u00fcr merakl\u0131lar\u0131 i\u00e7in harika se\u00e7enekler sunarken, \u015fehrin kanallar\u0131 aras\u0131nda yap\u0131lan tekne turlar\u0131 ve bisiklet gezileri turistlerin vazge\u00e7ilmezi. \u015eimdiden h\u0131zl\u0131 bir tavsiye vereyim, Amsterdam\u2019da gezmenin ve kanal dibinde oturup atmosferin tad\u0131n\u0131 \u00e7\u0131karmak istiyorsan\u0131z Dam Meydan\u0131\u2019ndan Red Light Soka\u011f\u0131\u2019na do\u011fru y\u00fcr\u00fcd\u00fckten sonra durmay\u0131n ve devam edin. Paralelde kalan arka yollar resmen bir cennet, kimselerin gelmedi\u011fi kalabal\u0131ktan olduk\u00e7a uzak olan \u00e7ok g\u00fczel sokaklar sizi bekliyor.<\/p>\n\n\n\n<p><strong>Rotterdam<\/strong>, modern mimarisi ve canl\u0131 liman\u0131yla farkl\u0131 bir y\u00fcz\u00fc temsil ederken, <strong>Utrecht<\/strong> ise tarihi dokusuyla daha sakin bir atmosfer sunuyor. K\u00fc\u00e7\u00fck kasabalar olan <strong>Zaanse Schans<\/strong> ve <strong>Giethoorn<\/strong> da Hollanda\u2019n\u0131n masals\u0131 k\u00f6y ya\u015fam\u0131n\u0131 deneyimlemek i\u00e7in ideal yerler. Hollanda, ayn\u0131 zamanda peynirleri, stroopwafels ve pofertjes gibi tatl\u0131lar\u0131yla \u00fcnl\u00fc \ud83c\uddf3\ud83c\uddf1<\/p>\n","protected":false},"excerpt":{"rendered":"<p>Hollanda, d\u00fczl\u00fckleri, kanallar\u0131, r\u00fczgar g\u00fclleri ve bisiklet dostu yap\u0131s\u0131yla \u00fcnl\u00fc bir \u00fclke. Ba\u015fkent Amsterdam, hem tarihi hem de modern yap\u0131lar\u0131yla<\/p>\n","protected":false},"author":1,"featured_media":0,"parent":0,"menu_order":0,"comment_status":"closed","ping_status":"closed","template":"","meta":{"om_disable_all_campaigns":false,"_mi_skip_tracking":false},"_links":{"self":[{"href":"https:\/\/istikametburasi.com\/index.php\/wp-json\/wp\/v2\/pages\/523"}],"collection":[{"href":"https:\/\/istikametburasi.com\/index.php\/wp-json\/wp\/v2\/pages"}],"about":[{"href":"https:\/\/istikametburasi.com\/index.php\/wp-json\/wp\/v2\/types\/page"}],"author":[{"embeddable":true,"href":"https:\/\/istikametburasi.com\/index.php\/wp-json\/wp\/v2\/users\/1"}],"replies":[{"embeddable":true,"href":"https:\/\/istikametburasi.com\/index.php\/wp-json\/wp\/v2\/comments?post=523"}],"version-history":[{"count":3,"href":"https:\/\/istikametburasi.com\/index.php\/wp-json\/wp\/v2\/pages\/523\/revisions"}],"predecessor-version":[{"id":2058,"href":"https:\/\/istikametburasi.com\/index.php\/wp-json\/wp\/v2\/pages\/523\/revisions\/2058"}],"wp:attachment":[{"href":"https:\/\/istikametburasi.com\/index.php\/wp-json\/wp\/v2\/media?parent=523"}],"curies":[{"name":"wp","href":"https:\/\/api.w.org\/{rel}","templated":true}]}}