{"id":526,"date":"2023-02-26T16:57:48","date_gmt":"2023-02-26T14:57:48","guid":{"rendered":"https:\/\/istikametburasi.com\/?page_id=526"},"modified":"2024-10-12T21:53:31","modified_gmt":"2024-10-12T19:53:31","slug":"italya","status":"publish","type":"page","link":"https:\/\/istikametburasi.com\/index.php\/italya\/","title":{"rendered":"\u0130TALYA"},"content":{"rendered":"\n<p>D\u00fcnya\u2019da en \u00e7ok turist \u00e7eken \u00fclkelerin ba\u015f\u0131nda gelen \u0130talya, kuzeyi ve g\u00fcneyi ile apayr\u0131 bir deneyim sunuyor\u00a0\ud83c\uddee\ud83c\uddf9<\/p>\n\n\n\n<p>Tarihi yap\u0131lar\u0131, e\u015fsiz do\u011fas\u0131 ve d\u00fcnya mutfa\u011f\u0131n\u0131n en g\u00fczel \u00f6rnekleri ile tan\u0131n\u0131r. \u0130talya\u2019da ke\u015ffedilmeyi bekleyen bir\u00e7ok \u015fehir var!<\/p>\n\n\n\n<p><strong>Roma<\/strong>, Antik \u0130mparatorluk kal\u0131nt\u0131lar\u0131 ve etkileyici yap\u0131lar\u0131 ile b\u00fcy\u00fclerken, <strong>Venedik<\/strong>\u2019in kanallar\u0131 ve gondollar\u0131 romantik bir atmosfer sunar. Modan\u0131n ba\u015fkenti <strong>Milano<\/strong>, al\u0131\u015fveri\u015f severler i\u00e7in bir cennetken, <strong>Toskana<\/strong>\u2019n\u0131n \u00fcz\u00fcm ba\u011flar\u0131 ve zeytinlikleri do\u011fayla i\u00e7 i\u00e7e bir deneyim ya\u015fat\u0131r. <strong>Napoli<\/strong>\u2019nin lezzetli pizzalar\u0131, <strong>Floransa<\/strong>\u2019n\u0131n R\u00f6nesans izleri ve <strong>Amalfi<\/strong> K\u0131y\u0131lar\u0131\u2019n\u0131n nefes kesen manzaralar\u0131 ise \u0130talya\u2019y\u0131 unutulmaz k\u0131lar. \u0130talya\u2019da her k\u00f6\u015fe, bir ba\u015fka macera ve tat sunuyor!<\/p>\n","protected":false},"excerpt":{"rendered":"<p>D\u00fcnya\u2019da en \u00e7ok turist \u00e7eken \u00fclkelerin ba\u015f\u0131nda gelen \u0130talya, kuzeyi ve g\u00fcneyi ile apayr\u0131 bir deneyim sunuyor\u00a0\ud83c\uddee\ud83c\uddf9 Tarihi yap\u0131lar\u0131, e\u015fsiz<\/p>\n","protected":false},"author":1,"featured_media":0,"parent":0,"menu_order":0,"comment_status":"closed","ping_status":"closed","template":"","meta":{"om_disable_all_campaigns":false,"_mi_skip_tracking":false},"_links":{"self":[{"href":"https:\/\/istikametburasi.com\/index.php\/wp-json\/wp\/v2\/pages\/526"}],"collection":[{"href":"https:\/\/istikametburasi.com\/index.php\/wp-json\/wp\/v2\/pages"}],"about":[{"href":"https:\/\/istikametburasi.com\/index.php\/wp-json\/wp\/v2\/types\/page"}],"author":[{"embeddable":true,"href":"https:\/\/istikametburasi.com\/index.php\/wp-json\/wp\/v2\/users\/1"}],"replies":[{"embeddable":true,"href":"https:\/\/istikametburasi.com\/index.php\/wp-json\/wp\/v2\/comments?post=526"}],"version-history":[{"count":3,"href":"https:\/\/istikametburasi.com\/index.php\/wp-json\/wp\/v2\/pages\/526\/revisions"}],"predecessor-version":[{"id":2045,"href":"https:\/\/istikametburasi.com\/index.php\/wp-json\/wp\/v2\/pages\/526\/revisions\/2045"}],"wp:attachment":[{"href":"https:\/\/istikametburasi.com\/index.php\/wp-json\/wp\/v2\/media?parent=526"}],"curies":[{"name":"wp","href":"https:\/\/api.w.org\/{rel}","templated":true}]}}