{"id":527,"date":"2023-02-26T16:57:48","date_gmt":"2023-02-26T14:57:48","guid":{"rendered":"https:\/\/istikametburasi.com\/?page_id=527"},"modified":"2024-10-12T22:25:54","modified_gmt":"2024-10-12T20:25:54","slug":"cek-cumhuriyeti","status":"publish","type":"page","link":"https:\/\/istikametburasi.com\/index.php\/cek-cumhuriyeti\/","title":{"rendered":"BEL\u00c7\u0130KA"},"content":{"rendered":"\n<p>Bel\u00e7ika, tarihi dokusu ve gastronomi k\u00fclt\u00fcr\u00fcyle Avrupa\u2019n\u0131n en cazip \u00fclkelerinden biri. <\/p>\n\n\n\n<p>Ba\u015fkent <strong>Br\u00fcksel<\/strong>, Avrupa Birli\u011fi\u2019nin merkezi olmas\u0131 nedeniyle kozmopolit bir havaya sahip. Grand Place Meydan\u0131, gotik ve barok tarzda yap\u0131lm\u0131\u015f binalarla \u00e7evrili olup, UNESCO D\u00fcnya Miras\u0131 Listesi\u2019nde yer al\u0131yor. Br\u00fcksel\u2019de ayr\u0131ca Manneken Pis Heykeli, Atomium ve Kraliyet Saray\u0131 gibi simge yap\u0131lar da ke\u015ffedilmeye de\u011fer. <strong>Brugge<\/strong>, Orta \u00c7a\u011f\u2019dan kalma ta\u015f sokaklar\u0131 ve kanallar\u0131yla adeta bir masal \u015fehri gibi. <strong>Gent<\/strong> ise turistler taraf\u0131ndan daha az bilinen bir hazine, ancak tarihi binalar\u0131 ve sessiz atmosferi ile b\u00fcy\u00fcleyici. Bel\u00e7ika, ayn\u0131 zamanda d\u00fcnya \u00e7ap\u0131nda \u00fcnl\u00fc \u00e7ikolatalar\u0131, wafflelar\u0131 ve biralar\u0131yla da gurmelerin ilgisini \u00e7ekiyor \ud83c\udde7\ud83c\uddea<\/p>\n\n\n\n<p><\/p>\n","protected":false},"excerpt":{"rendered":"<p>Bel\u00e7ika, tarihi dokusu ve gastronomi k\u00fclt\u00fcr\u00fcyle Avrupa\u2019n\u0131n en cazip \u00fclkelerinden biri. Ba\u015fkent Br\u00fcksel, Avrupa Birli\u011fi\u2019nin merkezi olmas\u0131 nedeniyle kozmopolit bir<\/p>\n","protected":false},"author":1,"featured_media":0,"parent":0,"menu_order":0,"comment_status":"closed","ping_status":"closed","template":"","meta":{"om_disable_all_campaigns":false,"_mi_skip_tracking":false},"_links":{"self":[{"href":"https:\/\/istikametburasi.com\/index.php\/wp-json\/wp\/v2\/pages\/527"}],"collection":[{"href":"https:\/\/istikametburasi.com\/index.php\/wp-json\/wp\/v2\/pages"}],"about":[{"href":"https:\/\/istikametburasi.com\/index.php\/wp-json\/wp\/v2\/types\/page"}],"author":[{"embeddable":true,"href":"https:\/\/istikametburasi.com\/index.php\/wp-json\/wp\/v2\/users\/1"}],"replies":[{"embeddable":true,"href":"https:\/\/istikametburasi.com\/index.php\/wp-json\/wp\/v2\/comments?post=527"}],"version-history":[{"count":4,"href":"https:\/\/istikametburasi.com\/index.php\/wp-json\/wp\/v2\/pages\/527\/revisions"}],"predecessor-version":[{"id":2055,"href":"https:\/\/istikametburasi.com\/index.php\/wp-json\/wp\/v2\/pages\/527\/revisions\/2055"}],"wp:attachment":[{"href":"https:\/\/istikametburasi.com\/index.php\/wp-json\/wp\/v2\/media?parent=527"}],"curies":[{"name":"wp","href":"https:\/\/api.w.org\/{rel}","templated":true}]}}