{"id":530,"date":"2023-02-26T16:57:48","date_gmt":"2023-02-26T14:57:48","guid":{"rendered":"https:\/\/istikametburasi.com\/?page_id=530"},"modified":"2024-10-12T22:25:09","modified_gmt":"2024-10-12T20:25:09","slug":"avusturya","status":"publish","type":"page","link":"https:\/\/istikametburasi.com\/index.php\/avusturya\/","title":{"rendered":"AVUSTURYA"},"content":{"rendered":"\n<p>Avusturya, hem k\u00fclt\u00fcrel zenginlikleri hem de do\u011fas\u0131yla b\u00fcy\u00fcleyici bir \u00fclke. Alpler\u2019in ihti\u015faml\u0131 manzaralar\u0131, k\u0131\u015f sporlar\u0131 tutkunlar\u0131 i\u00e7in bir cennet sunarken, \u015fehirlerdeki mimari yap\u0131lar ve sanat esintileri tarih ve k\u00fclt\u00fcr merakl\u0131lar\u0131n\u0131 kendine \u00e7ekiyor. <\/p>\n\n\n\n<p>Ba\u015fkent <strong>Viyana<\/strong>, klasik m\u00fczi\u011fin ve sanat\u0131n kalbi olarak bilinir. Sch\u00f6nbrunn Saray\u0131, Hofburg \u0130mparatorluk Saray\u0131 ve Belvedere M\u00fczesi gibi etkileyici yap\u0131lar, Habsburg \u0130mparatorlu\u011fu\u2019nun ihti\u015fam\u0131n\u0131 g\u00f6zler \u00f6n\u00fcne seriyor. <strong>Salzburg<\/strong> ise Mozart\u2019\u0131n do\u011fdu\u011fu \u015fehir olarak, dar sokaklar\u0131 ve barok mimarisiyle ziyaret\u00e7ilere adeta bir m\u00fczik \u015f\u00f6leni sunuyor. <strong>Innsbruck<\/strong>, Alp Da\u011flar\u0131\u2019n\u0131n ete\u011finde konumlanm\u0131\u015f, do\u011fa sporlar\u0131 ve k\u0131\u015f turizmi i\u00e7in m\u00fckemmel bir nokta. Avusturya ayr\u0131ca, Apfelstrudel ve Sachertorte gibi tatl\u0131lar\u0131yla da damak zevkinizi \u015fenlendiriyor. Masallardan f\u0131rlam\u0131\u015f gibi hissettiren\u00a0<strong>Hallstatt<\/strong>\u00a0K\u00f6y\u00fc ise bamba\u015fka bir atmosfer, gidince b\u00fcy\u00fclenece\u011finize eminim \ud83c\udde6\ud83c\uddf9<\/p>\n","protected":false},"excerpt":{"rendered":"<p>Avusturya, hem k\u00fclt\u00fcrel zenginlikleri hem de do\u011fas\u0131yla b\u00fcy\u00fcleyici bir \u00fclke. Alpler\u2019in ihti\u015faml\u0131 manzaralar\u0131, k\u0131\u015f sporlar\u0131 tutkunlar\u0131 i\u00e7in bir cennet sunarken,<\/p>\n","protected":false},"author":1,"featured_media":0,"parent":0,"menu_order":0,"comment_status":"closed","ping_status":"closed","template":"","meta":{"om_disable_all_campaigns":false,"_mi_skip_tracking":false},"_links":{"self":[{"href":"https:\/\/istikametburasi.com\/index.php\/wp-json\/wp\/v2\/pages\/530"}],"collection":[{"href":"https:\/\/istikametburasi.com\/index.php\/wp-json\/wp\/v2\/pages"}],"about":[{"href":"https:\/\/istikametburasi.com\/index.php\/wp-json\/wp\/v2\/types\/page"}],"author":[{"embeddable":true,"href":"https:\/\/istikametburasi.com\/index.php\/wp-json\/wp\/v2\/users\/1"}],"replies":[{"embeddable":true,"href":"https:\/\/istikametburasi.com\/index.php\/wp-json\/wp\/v2\/comments?post=530"}],"version-history":[{"count":3,"href":"https:\/\/istikametburasi.com\/index.php\/wp-json\/wp\/v2\/pages\/530\/revisions"}],"predecessor-version":[{"id":2054,"href":"https:\/\/istikametburasi.com\/index.php\/wp-json\/wp\/v2\/pages\/530\/revisions\/2054"}],"wp:attachment":[{"href":"https:\/\/istikametburasi.com\/index.php\/wp-json\/wp\/v2\/media?parent=530"}],"curies":[{"name":"wp","href":"https:\/\/api.w.org\/{rel}","templated":true}]}}