{"id":534,"date":"2023-02-26T16:57:48","date_gmt":"2023-02-26T14:57:48","guid":{"rendered":"https:\/\/istikametburasi.com\/?page_id=534"},"modified":"2024-10-12T21:52:02","modified_gmt":"2024-10-12T19:52:02","slug":"guney-kore","status":"publish","type":"page","link":"https:\/\/istikametburasi.com\/index.php\/guney-kore\/","title":{"rendered":"G\u00dcNEY KORE"},"content":{"rendered":"\n<p>Geleneksel k\u00fclt\u00fcr\u00fc ve modern ya\u015fam\u0131n i\u00e7 i\u00e7e ge\u00e7ti\u011fi, teknolojinin merkezi G\u00fcney Kore, ke\u015ffedilmeyi bekleyen bir \u00fclke!<\/p>\n\n\n\n<p>Vizesiz seyahat imkan\u0131 ve geli\u015fmi\u015f ula\u015f\u0131m a\u011f\u0131 ile bu dinamik \u00fclkeye gitmek art\u0131k \u00e7ok kolay. Uygun fiyatl\u0131 ve h\u0131zl\u0131 trenlerle \u015fehirler aras\u0131nda gezebilir, G\u00fcney Kore\u2019nin her k\u00f6\u015fesinde yeni bir deneyim ya\u015fayabilirsiniz!<\/p>\n\n\n\n<p>Seul\u2019un hareketli caddeleri, saraylar\u0131 ve tap\u0131naklar\u0131 tarihle modernli\u011fi bulu\u015ftururken, Busan\u2019\u0131n sahil \u015feridi ve da\u011fl\u0131k manzaralar\u0131 do\u011fa severleri b\u00fcy\u00fcl\u00fcyor. UNESCO korumas\u0131ndaki Gyeongju\u2019nun tarihi kal\u0131nt\u0131lar\u0131ndan Jeju Adas\u0131\u2019n\u0131n b\u00fcy\u00fcleyici do\u011fal g\u00fczelliklerine kadar ke\u015ffedilecek say\u0131s\u0131z yer var. K-POP ve Kore mutfa\u011f\u0131yla dolu bir k\u00fclt\u00fcrel ser\u00fcven arayanlar i\u00e7in, G\u00fcney Kore\u2019de sizi bekleyen \u00e7ok \u015fey var! \ud83c\uddf0\ud83c\uddf7<\/p>\n","protected":false},"excerpt":{"rendered":"<p>Geleneksel k\u00fclt\u00fcr\u00fc ve modern ya\u015fam\u0131n i\u00e7 i\u00e7e ge\u00e7ti\u011fi, teknolojinin merkezi G\u00fcney Kore, ke\u015ffedilmeyi bekleyen bir \u00fclke! Vizesiz seyahat imkan\u0131 ve<\/p>\n","protected":false},"author":1,"featured_media":0,"parent":0,"menu_order":0,"comment_status":"closed","ping_status":"closed","template":"","meta":{"om_disable_all_campaigns":false,"_mi_skip_tracking":false},"_links":{"self":[{"href":"https:\/\/istikametburasi.com\/index.php\/wp-json\/wp\/v2\/pages\/534"}],"collection":[{"href":"https:\/\/istikametburasi.com\/index.php\/wp-json\/wp\/v2\/pages"}],"about":[{"href":"https:\/\/istikametburasi.com\/index.php\/wp-json\/wp\/v2\/types\/page"}],"author":[{"embeddable":true,"href":"https:\/\/istikametburasi.com\/index.php\/wp-json\/wp\/v2\/users\/1"}],"replies":[{"embeddable":true,"href":"https:\/\/istikametburasi.com\/index.php\/wp-json\/wp\/v2\/comments?post=534"}],"version-history":[{"count":2,"href":"https:\/\/istikametburasi.com\/index.php\/wp-json\/wp\/v2\/pages\/534\/revisions"}],"predecessor-version":[{"id":2044,"href":"https:\/\/istikametburasi.com\/index.php\/wp-json\/wp\/v2\/pages\/534\/revisions\/2044"}],"wp:attachment":[{"href":"https:\/\/istikametburasi.com\/index.php\/wp-json\/wp\/v2\/media?parent=534"}],"curies":[{"name":"wp","href":"https:\/\/api.w.org\/{rel}","templated":true}]}}