{"id":595,"date":"2024-10-13T21:28:52","date_gmt":"2024-10-13T19:28:52","guid":{"rendered":"https:\/\/istikametburasi.com\/?page_id=595"},"modified":"2024-10-13T21:28:52","modified_gmt":"2024-10-13T19:28:52","slug":"seoul","status":"publish","type":"page","link":"https:\/\/istikametburasi.com\/index.php\/seoul\/","title":{"rendered":"SEOUL"},"content":{"rendered":"\n<figure class=\"is-layout-flex wp-block-gallery-1 wp-block-gallery has-nested-images columns-default is-cropped\">\n<figure class=\"wp-block-image size-large\"><img decoding=\"async\" loading=\"lazy\" width=\"1024\" height=\"1024\" data-id=\"2074\"  src=\"https:\/\/istikametburasi.com\/wp-content\/uploads\/2024\/10\/seoul-1-1024x1024.png\" alt=\"\" class=\"wp-image-2074\" srcset=\"https:\/\/istikametburasi.com\/wp-content\/uploads\/2024\/10\/seoul-1-1024x1024.png 1024w, https:\/\/istikametburasi.com\/wp-content\/uploads\/2024\/10\/seoul-1-300x300.png 300w, https:\/\/istikametburasi.com\/wp-content\/uploads\/2024\/10\/seoul-1-150x150.png 150w, https:\/\/istikametburasi.com\/wp-content\/uploads\/2024\/10\/seoul-1-768x768.png 768w, https:\/\/istikametburasi.com\/wp-content\/uploads\/2024\/10\/seoul-1.png 1080w\" sizes=\"(max-width: 1024px) 100vw, 1024px\" \/><\/figure>\n\n\n\n<figure class=\"wp-block-image size-large\"><img decoding=\"async\" loading=\"lazy\" width=\"1024\" height=\"1024\" data-id=\"2073\"  src=\"https:\/\/istikametburasi.com\/wp-content\/uploads\/2024\/10\/seoul-2-1024x1024.png\" alt=\"\" class=\"wp-image-2073\" srcset=\"https:\/\/istikametburasi.com\/wp-content\/uploads\/2024\/10\/seoul-2-1024x1024.png 1024w, https:\/\/istikametburasi.com\/wp-content\/uploads\/2024\/10\/seoul-2-300x300.png 300w, https:\/\/istikametburasi.com\/wp-content\/uploads\/2024\/10\/seoul-2-150x150.png 150w, https:\/\/istikametburasi.com\/wp-content\/uploads\/2024\/10\/seoul-2-768x768.png 768w, https:\/\/istikametburasi.com\/wp-content\/uploads\/2024\/10\/seoul-2.png 1080w\" sizes=\"(max-width: 1024px) 100vw, 1024px\" \/><\/figure>\n\n\n\n<figure class=\"wp-block-image size-large\"><img decoding=\"async\" loading=\"lazy\" width=\"1024\" height=\"1024\" data-id=\"2072\"  src=\"https:\/\/istikametburasi.com\/wp-content\/uploads\/2024\/10\/seoul-5-1024x1024.png\" alt=\"\" class=\"wp-image-2072\" srcset=\"https:\/\/istikametburasi.com\/wp-content\/uploads\/2024\/10\/seoul-5-1024x1024.png 1024w, https:\/\/istikametburasi.com\/wp-content\/uploads\/2024\/10\/seoul-5-300x300.png 300w, https:\/\/istikametburasi.com\/wp-content\/uploads\/2024\/10\/seoul-5-150x150.png 150w, https:\/\/istikametburasi.com\/wp-content\/uploads\/2024\/10\/seoul-5-768x768.png 768w, https:\/\/istikametburasi.com\/wp-content\/uploads\/2024\/10\/seoul-5.png 1080w\" sizes=\"(max-width: 1024px) 100vw, 1024px\" \/><\/figure>\n<\/figure>\n\n\n\n<p><strong>Seul<\/strong>, G\u00fcney Kore\u2019nin ba\u015fkenti ve en b\u00fcy\u00fck \u015fehri. Tarih ve modernli\u011fin i\u00e7 i\u00e7e ge\u00e7ti\u011fi bu metropol, g\u00f6kdelenleri, saraylar\u0131, al\u0131\u015fveri\u015f b\u00f6lgeleri ve zengin k\u00fclt\u00fcrel miras\u0131yla ziyaret\u00e7ilerine \u00e7ok y\u00f6nl\u00fc bir deneyim sunuyor. Teknoloji ve pop k\u00fclt\u00fcr\u00fcn\u00fcn merkezi olmas\u0131n\u0131n yan\u0131 s\u0131ra, do\u011fal g\u00fczellikleri ve tarihi mekanlar\u0131yla da olduk\u00e7a pop\u00fcler bir \u015fehir.<\/p>\n\n\n\n<p><strong><mark style=\"background-color:rgba(0, 0, 0, 0)\" class=\"has-inline-color has-vivid-red-color\">Seul\u2019da Gezilecek Yerler:<\/mark><\/strong><\/p>\n\n\n\n<p>1. <strong>Gyeongbokgung Saray\u0131<\/strong>: Seul\u2019un en b\u00fcy\u00fck ve en \u00f6nemli saraylar\u0131ndan biri. Joseon Hanedan\u0131\u2019n\u0131n ba\u015fkenti olan Seul\u2019de in\u015fa edilen bu saray, b\u00fcy\u00fcleyici mimarisi ve devasa bah\u00e7eleriyle ziyaret\u00e7ilere tarihi bir yolculuk sunuyor. Saray\u0131n i\u00e7indeki Ulusal Saray M\u00fczesi de g\u00f6r\u00fclmeye de\u011fer.<\/p>\n\n\n\n<p>2. <strong>Bukchon Hanok K\u00f6y\u00fc<\/strong>: Geleneksel Kore evlerinin (Hanok) bulundu\u011fu bu k\u00f6y, Seul\u2019un modern yap\u0131lar\u0131 aras\u0131nda adeta bir zaman yolculu\u011fu gibi. Dar sokaklar aras\u0131nda dola\u015farak geleneksel Kore ya\u015fam\u0131n\u0131 ke\u015ffedebilir, sanat galerilerini ve kafeleri ziyaret edebilirsin.<\/p>\n\n\n\n<p>3. <strong>Namsan Seul Kulesi<\/strong>: Seul\u2019un en y\u00fcksek noktalar\u0131ndan biri olan Namsan Da\u011f\u0131\u2019ndaki bu kule, \u015fehrin panoramik manzaras\u0131n\u0131 sunuyor. \u00d6zellikle gece \u0131\u015f\u0131kland\u0131rmas\u0131yla olduk\u00e7a romantik bir atmosfer yarat\u0131yor.<\/p>\n\n\n\n<p>4. <strong>Myeongdong<\/strong>: Seul\u2019un en hareketli al\u0131\u015fveri\u015f ve sokak yemekleri b\u00f6lgelerinden biri. Kozmetik ma\u011fazalar\u0131, moda butikleri ve lezzetli Kore sokak yemeklerini bulabilece\u011fin bir cennet. Ayr\u0131ca Myeongdong Katedrali de bu b\u00f6lgede yer al\u0131yor.<\/p>\n\n\n\n<p>5. <strong>Changdeokgung Saray\u0131 ve Gizli Bah\u00e7e<\/strong>: UNESCO D\u00fcnya Miras\u0131 listesinde yer alan bu saray, \u00f6zellikle gizli bah\u00e7esi ile \u00fcnl\u00fc. Do\u011fa ile ba\u015f ba\u015fa kalabilece\u011fin huzurlu bir yer ar\u0131yorsan, bu saray\u0131 mutlaka ziyaret etmelisin.<\/p>\n\n\n\n<p>6. <strong>Insadong<\/strong>: Geleneksel Kore \u00e7ay evleri, antika d\u00fckkanlar\u0131 ve sanat galerileriyle dolu olan bu b\u00f6lge, Seul\u2019un k\u00fclt\u00fcrel kalbi diyebiliriz. Burada hem modern hem de geleneksel sanat eserlerine rastlayabilir, sokaklarda dola\u015f\u0131rken keyifli vakit ge\u00e7irebilirsin.<\/p>\n\n\n\n<p>7. <strong><strong>Kral Sejong Heykeli<\/strong>: <\/strong>Seul\u2019un kalbinde yer alan Gwanghwamun Meydan\u0131\u2019nda bulunan, G\u00fcney Kore tarihinin en \u00f6nemli fig\u00fcrlerinden birini onurland\u0131ran an\u0131t. Kral Sejong, Joseon Hanedan\u0131\u2019n\u0131n d\u00f6rd\u00fcnc\u00fc kral\u0131 ve Kore alfabesi Hangul\u2019un yarat\u0131c\u0131s\u0131 olarak biliniyor. Hangul\u2019un halk\u0131n okuma yazma \u00f6\u011frenmesini kolayla\u015ft\u0131ran bir alfabe olmas\u0131, Kral Sejong\u2019u sadece bir h\u00fck\u00fcmdar de\u011fil, ayn\u0131 zamanda halk\u0131n\u0131n k\u00fclt\u00fcrel geli\u015fimine b\u00fcy\u00fck katk\u0131 sa\u011flayan bir lider olarak tarihe ge\u00e7irmi\u015f.<\/p>\n\n\n\n<p>8. <strong>Gwangjang Market<\/strong>: Seul\u2019un en eski ve en \u00fcnl\u00fc geleneksel pazarlar\u0131ndan biri. 1905 y\u0131l\u0131nda a\u00e7\u0131lan bu pazar, hem yerel halk\u0131n hem de turistlerin b\u00fcy\u00fck ilgi g\u00f6sterdi\u011fi, otantik Kore sokak lezzetlerini deneyimleyebilece\u011finiz bir gastronomi cenneti. Geleneksel Kore yemekleri, sokak at\u0131\u015ft\u0131rmal\u0131klar\u0131 ve yerel \u00fcr\u00fcnlerle dolu olan Gwangjang Market, ziyaret\u00e7ilere yerel k\u00fclt\u00fcr\u00fc yak\u0131ndan tan\u0131ma f\u0131rsat\u0131 sunuyor. <strong>Bindaetteok (Mung Fasulyesi Krep)<\/strong>, <strong>Mayak Kimbap<\/strong>, <strong>Tteokbokki<\/strong>, <strong>Mandu<\/strong>, <strong>Sundae (Kore Kan Sosisi)<\/strong> gibi lezzetleri deneyebilirsiniz.<\/p>\n\n\n\n<p>9. <strong>Bukhansan Ulusal Park\u0131<\/strong>: Do\u011fayla i\u00e7 i\u00e7e olmak isteyenler i\u00e7in harika bir se\u00e7enek. \u015eehir merkezine yak\u0131n olmas\u0131na ra\u011fmen, Bukhansan Da\u011f\u0131\u2019nda y\u00fcr\u00fcy\u00fc\u015f yapabilir ve Seul\u2019un muhte\u015fem manzaras\u0131n\u0131 izleyebilirsin.<\/p>\n\n\n\n<p>10. <strong>Lotte World<\/strong>: Seul\u2019un e\u011flence merkezi. Hem kapal\u0131 hem de a\u00e7\u0131k tema park\u0131 bulunan bu devasa kompleks, aileler ve macera severler i\u00e7in keyifli bir deneyim sunuyor.<\/p>\n\n\n\n<p>11. <strong>Kore Sava\u015f An\u0131t\u0131 M\u00fczesi<\/strong>: Seul\u2019de yer alan ve Kore tarihinin en ac\u0131 dolu d\u00f6nemlerinden biri olan Kore Sava\u015f\u0131\u2019n\u0131 anmak amac\u0131yla kurulmu\u015f \u00f6nemli bir m\u00fcze. 1994 y\u0131l\u0131nda a\u00e7\u0131lan bu m\u00fcze, Kore Sava\u015f\u0131\u2019n\u0131n yan\u0131 s\u0131ra Kore\u2019nin askeri tarihini detayl\u0131ca ele al\u0131yor ve ziyaret\u00e7ilerine tarihi olaylar\u0131 daha yak\u0131ndan anlama f\u0131rsat\u0131 sunuyor.<\/p>\n\n\n\n<p>12. <strong>Gangnam<\/strong>: Seul\u2019un modern ve l\u00fcks y\u00fcz\u00fcn\u00fc temsil eden, \u015fehrin en \u00fcnl\u00fc semtlerinden biri. \u201cGangnam Style\u201d \u015fark\u0131s\u0131yla d\u00fcnya \u00e7ap\u0131nda tan\u0131nan bu b\u00f6lge, Seul\u2019un ekonomik ve k\u00fclt\u00fcrel merkezlerinden biri olarak biliniyor. L\u00fcks al\u0131\u015fveri\u015f merkezleri, \u015f\u0131k restoranlar, y\u00fcksek binalar ve hareketli gece hayat\u0131yla Seul\u2019un kozmopolit ya\u015fam\u0131n\u0131 yak\u0131ndan deneyimlemek isteyenler i\u00e7in ideal bir yer.<\/p>\n\n\n\n<p>Seul, zengin tarihi ve k\u00fclt\u00fcrel miras\u0131yla modern bir metropolde aran\u0131lan her \u015feyi sunuyor. Ziyaret\u00e7ilerine tarih, do\u011fa ve e\u011flenceyi bir arada ya\u015fatan bu dinamik \u015fehir, hem k\u0131sa s\u00fcreli geziler hem de uzun ke\u015fifler i\u00e7in ideal bir destinasyon.<\/p>\n\n\n\n<figure class=\"wp-block-image aligncenter size-large is-resized\"><img decoding=\"async\" loading=\"lazy\" src=\"https:\/\/istikametburasi.com\/wp-content\/uploads\/2023\/10\/seoul-1-1024x1024.png\" alt=\"\" class=\"wp-image-1423\" width=\"259\" height=\"259\" srcset=\"https:\/\/istikametburasi.com\/wp-content\/uploads\/2023\/10\/seoul-1-1024x1024.png 1024w, https:\/\/istikametburasi.com\/wp-content\/uploads\/2023\/10\/seoul-1-300x300.png 300w, https:\/\/istikametburasi.com\/wp-content\/uploads\/2023\/10\/seoul-1-150x150.png 150w, https:\/\/istikametburasi.com\/wp-content\/uploads\/2023\/10\/seoul-1-768x768.png 768w, https:\/\/istikametburasi.com\/wp-content\/uploads\/2023\/10\/seoul-1.png 1080w\" sizes=\"(max-width: 259px) 100vw, 259px\" \/><figcaption class=\"wp-element-caption\"><strong>Gyeongbokgung Saray\u0131<\/strong><\/figcaption><\/figure>\n\n\n\n<p>Seoul\u2019 de bulunan saraylar aras\u0131nda en b\u00fcy\u00fc\u011f\u00fc ve pop\u00fcleri olan <strong><mark style=\"background-color:rgba(0, 0, 0, 0)\" class=\"has-inline-color has-vivid-red-color\">Gyeongbokgung Saray<\/mark><\/strong>\u0131. 16.y\u00fczy\u0131lda sava\u015f s\u0131ras\u0131nda zarar g\u00f6r\u00fcnce, 19. y\u00fczy\u0131lda b\u00fcy\u00fck bir k\u0131sm\u0131 onar\u0131lm\u0131\u015f.<br>Bu b\u00fcy\u00fck alan i\u00e7erisinde d\u00f6nemin hanedanl\u0131\u011f\u0131na hizmet i\u00e7in 300\u2019e yak\u0131n yap\u0131 bulunuyor. \u0130\u00e7erisinde bulunan her bir bina Kore mimarisinden kesitler bar\u0131nd\u0131rmakta.<br>B\u00fct\u00fcn bu alan\u0131 detayl\u0131 bir \u015fekilde dola\u015fmak ve binalar\u0131n tarih\u00e7elerini veya kullan\u0131m ama\u00e7lar\u0131n\u0131 \u00f6\u011frenmek isterseniz g\u00fcn\u00fcn\u00fcz\u00fcn 3-4 saatlik bir k\u0131sm\u0131n\u0131 ay\u0131rman\u0131z gerekiyor.<\/p>\n\n\n\n<figure class=\"wp-block-image aligncenter size-large is-resized\"><img decoding=\"async\" loading=\"lazy\" src=\"https:\/\/istikametburasi.com\/wp-content\/uploads\/2023\/10\/seoul-2-1024x1024.png\" alt=\"\" class=\"wp-image-1424\" width=\"269\" height=\"269\" srcset=\"https:\/\/istikametburasi.com\/wp-content\/uploads\/2023\/10\/seoul-2-1024x1024.png 1024w, https:\/\/istikametburasi.com\/wp-content\/uploads\/2023\/10\/seoul-2-300x300.png 300w, https:\/\/istikametburasi.com\/wp-content\/uploads\/2023\/10\/seoul-2-150x150.png 150w, https:\/\/istikametburasi.com\/wp-content\/uploads\/2023\/10\/seoul-2-768x768.png 768w, https:\/\/istikametburasi.com\/wp-content\/uploads\/2023\/10\/seoul-2.png 1080w\" sizes=\"(max-width: 269px) 100vw, 269px\" \/><figcaption class=\"wp-element-caption\"><strong>Changdeokgung Saray\u0131<\/strong><\/figcaption><\/figure>\n\n\n\n<p>Di\u011fer saraylardan fark\u0131, i\u00e7erisinde bulunan ve \u201c<strong>Secret Garden<\/strong>\u201d ( Gizli Bah\u00e7e) olarak bilinen b\u00f6l\u00fcm.<br>Biz gezmeye gitti\u011fimizde ana k\u0131sm\u0131 gezmek \u00fccretsizdi, fakat Secret Garden b\u00f6l\u00fcm\u00fcn\u00fc gezmek i\u00e7in bir tura kat\u0131lman\u0131z gerekiyor ve bunun i\u00e7inde bir miktar para \u00f6demeniz gerekiyor.<br>Yakla\u015f\u0131k 30-40 dakika aras\u0131 s\u00fcren tur, ger\u00e7ekten de gizli tutulmu\u015f ve d\u0131\u015f d\u00fcnya ile ba\u011flar\u0131 kopar\u0131lm\u0131\u015f gibi olan bu bah\u00e7eyi gezmek i\u00e7in olduk\u00e7a yeterli oluyor.<br>Zaman\u0131n h\u00fck\u00fcmdarlar\u0131 genellikle bu bah\u00e7eye giderek dinlenirlermi\u015f ve ayn\u0131 zamanda misafirlerini de bu \u00f6zel alanda a\u011f\u0131rlarlarm\u0131\u015f.<\/p>\n\n\n\n<figure class=\"wp-block-image aligncenter size-large is-resized\"><img decoding=\"async\" loading=\"lazy\" src=\"https:\/\/istikametburasi.com\/wp-content\/uploads\/2023\/10\/seoul-3-1024x1024.png\" alt=\"\" class=\"wp-image-1427\" width=\"275\" height=\"275\" srcset=\"https:\/\/istikametburasi.com\/wp-content\/uploads\/2023\/10\/seoul-3-1024x1024.png 1024w, https:\/\/istikametburasi.com\/wp-content\/uploads\/2023\/10\/seoul-3-300x300.png 300w, https:\/\/istikametburasi.com\/wp-content\/uploads\/2023\/10\/seoul-3-150x150.png 150w, https:\/\/istikametburasi.com\/wp-content\/uploads\/2023\/10\/seoul-3-768x768.png 768w, https:\/\/istikametburasi.com\/wp-content\/uploads\/2023\/10\/seoul-3.png 1080w\" sizes=\"(max-width: 275px) 100vw, 275px\" \/><figcaption class=\"wp-element-caption\"><strong>N Tower &#8211; Namsan Park<\/strong><\/figcaption><\/figure>\n\n\n\n<p><strong>Namsan Park<\/strong>\u2019ta bulunan, Seul \u015fehrinin simgesi haline gelmi\u015f olan kule. \u015eehrin merkezinden bir asans\u00f6r ile park\u0131n bulundu\u011fu alana \u00e7\u0131k\u0131labiliniyor, ard\u0131ndan y\u00fcr\u00fcyerek veya \u00fccret kar\u015f\u0131l\u0131\u011f\u0131 teleferik kullan\u0131larak kuleye ula\u015f\u0131l\u0131yor.<\/p>\n\n\n\n<p><strong>N Tower<\/strong> ise en \u00fcst kat\u0131ndan 360 derecelik bir Seoul manzaras\u0131 sunuyor. Kuleye giri\u015f \u00fccreti 6.000 G\u00fcney Kore Wonu. Kulenin hemen \u00f6n\u00fcndeki geni\u015f alan ise g\u00fcn i\u00e7inde bir\u00e7ok k\u00fclt\u00fcrel g\u00f6steriye ev sahipli\u011fi yap\u0131yor.<\/p>\n\n\n\n<p>Namsan Park ise Seul \u015fehrinin kalabal\u0131\u011f\u0131ndan ve g\u00fcr\u00fclt\u00fcs\u00fcnden uzakla\u015fmak isteyenlerin u\u011frak noktas\u0131. Genellikle aileler taraf\u0131ndan s\u0131k\u00e7a tercih edilen Namsan Park, i\u00e7erisinde bir\u00e7ok kafe, restoran ve hediyelik e\u015fya d\u00fckkan\u0131 bar\u0131nd\u0131r\u0131yor. Parka ula\u015fmak i\u00e7in \u015fehrin i\u00e7inden <strong>\u00fccretsiz<\/strong> olan teleferi\u011fe binmeniz yeterli.<\/p>\n\n\n\n<figure class=\"wp-block-image aligncenter size-large is-resized\"><img decoding=\"async\" loading=\"lazy\" src=\"https:\/\/istikametburasi.com\/wp-content\/uploads\/2023\/10\/seoul-4-1024x1024.png\" alt=\"\" class=\"wp-image-1428\" width=\"275\" height=\"275\" srcset=\"https:\/\/istikametburasi.com\/wp-content\/uploads\/2023\/10\/seoul-4-1024x1024.png 1024w, https:\/\/istikametburasi.com\/wp-content\/uploads\/2023\/10\/seoul-4-300x300.png 300w, https:\/\/istikametburasi.com\/wp-content\/uploads\/2023\/10\/seoul-4-150x150.png 150w, https:\/\/istikametburasi.com\/wp-content\/uploads\/2023\/10\/seoul-4-768x768.png 768w, https:\/\/istikametburasi.com\/wp-content\/uploads\/2023\/10\/seoul-4.png 1080w\" sizes=\"(max-width: 275px) 100vw, 275px\" \/><figcaption class=\"wp-element-caption\"><strong>Namdaemun<\/strong><\/figcaption><\/figure>\n\n\n\n<p>\u015eehrin merkezi noktalar\u0131ndan birinde bulunan kap\u0131, modernli\u011fin merkezinde kendi havas\u0131n\u0131 korumay\u0131 ba\u015farm\u0131\u015f.<br>Bu kap\u0131 \u015fehirde bulunan 8 kap\u0131dan biridir ve \u201c<strong>Namdaemun<\/strong>\u201d (B\u00fcy\u00fck G\u00fcney Kap\u0131s\u0131) olarak biliniyor.<br>Kore sava\u015f\u0131 s\u0131ras\u0131nda b\u00fcy\u00fck hasar g\u00f6ren kap\u0131, 7. Kral taraf\u0131ndan yeniden in\u015fa edilmi\u015f.<br>Kap\u0131 hafta i\u00e7leri ziyarete a\u00e7\u0131k oluyor ve simgesel olarak koruyucular taraf\u0131ndan korunuyor. Bu koruyucular y\u00f6resel Kore k\u0131yafetleri ile kap\u0131da n\u00f6bet tutarken, de\u011fi\u015fim saatleri geldi\u011finde turistlere k\u0131sa bir g\u00f6steri yap\u0131yor.&nbsp;<\/p>\n\n\n\n<figure class=\"wp-block-image aligncenter size-large is-resized\"><img decoding=\"async\" loading=\"lazy\" src=\"https:\/\/istikametburasi.com\/wp-content\/uploads\/2023\/10\/seoul-5-1024x1024.png\" alt=\"\" class=\"wp-image-1429\" width=\"278\" height=\"278\" srcset=\"https:\/\/istikametburasi.com\/wp-content\/uploads\/2023\/10\/seoul-5-1024x1024.png 1024w, https:\/\/istikametburasi.com\/wp-content\/uploads\/2023\/10\/seoul-5-300x300.png 300w, https:\/\/istikametburasi.com\/wp-content\/uploads\/2023\/10\/seoul-5-150x150.png 150w, https:\/\/istikametburasi.com\/wp-content\/uploads\/2023\/10\/seoul-5-768x768.png 768w, https:\/\/istikametburasi.com\/wp-content\/uploads\/2023\/10\/seoul-5.png 1080w\" sizes=\"(max-width: 278px) 100vw, 278px\" \/><figcaption class=\"wp-element-caption\"><strong>Kral Sejong Heykeli<\/strong><\/figcaption><\/figure>\n\n\n\n<p>Gyeongbokgung Saray\u0131n\u0131n bulundu\u011fu Gwanghwamun meydan\u0131nda yer alan heykel, Kore alfabesinin de bulucusu olarak bilinen eski Kore krallar\u0131ndan biri olan Sejong\u2019a ait.<\/p>\n\n\n\n<figure class=\"wp-block-image aligncenter size-large is-resized\"><img decoding=\"async\" loading=\"lazy\" src=\"https:\/\/istikametburasi.com\/wp-content\/uploads\/2023\/10\/seoul-6-1024x1024.png\" alt=\"\" class=\"wp-image-1432\" width=\"281\" height=\"281\" srcset=\"https:\/\/istikametburasi.com\/wp-content\/uploads\/2023\/10\/seoul-6-1024x1024.png 1024w, https:\/\/istikametburasi.com\/wp-content\/uploads\/2023\/10\/seoul-6-300x300.png 300w, https:\/\/istikametburasi.com\/wp-content\/uploads\/2023\/10\/seoul-6-150x150.png 150w, https:\/\/istikametburasi.com\/wp-content\/uploads\/2023\/10\/seoul-6-768x768.png 768w, https:\/\/istikametburasi.com\/wp-content\/uploads\/2023\/10\/seoul-6.png 1080w\" sizes=\"(max-width: 281px) 100vw, 281px\" \/><figcaption class=\"wp-element-caption\"><strong>General Yi-Sun Heykeli<\/strong><\/figcaption><\/figure>\n\n\n\n<p>Kral Sejong Heykeli\u2019nin hemen arkas\u0131nda yer alan heykel, Japon istilas\u0131 s\u0131ras\u0131nda sava\u015fm\u0131\u015f ve kahramanla\u015fm\u0131\u015f General Yi-Sun\u2019a aitmi\u015f. Heykelin \u00f6n\u00fcnde yer alan su kanal\u0131nda ise kronolojik olarak s\u0131ralanm\u0131\u015f hanedanl\u0131\u011f\u0131n krall\u0131klar\u0131n\u0131n isimleri ve neler yapt\u0131klar\u0131 yaz\u0131lm\u0131\u015f.<\/p>\n\n\n\n<figure class=\"wp-block-image aligncenter size-large is-resized\"><img decoding=\"async\" loading=\"lazy\" src=\"https:\/\/istikametburasi.com\/wp-content\/uploads\/2023\/10\/seoul-7-1024x1024.png\" alt=\"\" class=\"wp-image-1433\" width=\"283\" height=\"283\" srcset=\"https:\/\/istikametburasi.com\/wp-content\/uploads\/2023\/10\/seoul-7-1024x1024.png 1024w, https:\/\/istikametburasi.com\/wp-content\/uploads\/2023\/10\/seoul-7-300x300.png 300w, https:\/\/istikametburasi.com\/wp-content\/uploads\/2023\/10\/seoul-7-150x150.png 150w, https:\/\/istikametburasi.com\/wp-content\/uploads\/2023\/10\/seoul-7-768x768.png 768w, https:\/\/istikametburasi.com\/wp-content\/uploads\/2023\/10\/seoul-7.png 1080w\" sizes=\"(max-width: 283px) 100vw, 283px\" \/><figcaption class=\"wp-element-caption\"><strong>Kore Sava\u015f An\u0131t\u0131<\/strong><\/figcaption><\/figure>\n\n\n\n<p>Seul\u2019da gezilecek yerler listenizde ba\u015f s\u0131ralara koyman\u0131z\u0131 tavsiye etti\u011fim bir yer, Kore Sava\u015f An\u0131t\u0131. N Tower\u2019a y\u00fcr\u00fcyerek 10 dakika uzakl\u0131kta olan an\u0131t\u0131n giri\u015fi \u00fccretsiz.<br>Binan\u0131n i\u00e7erisinde 1950-1953 y\u0131llar\u0131nda Kuzey Kore ile G\u00fcney Kore aras\u0131nda ger\u00e7ekle\u015fen Kore sava\u015f\u0131nda G\u00fcney Kore\u2019ye destek vermi\u015f t\u00fcm \u00fclkeler i\u00e7in haz\u0131rlanm\u0131\u015f \u00f6zel b\u00f6l\u00fcmler bulunuyor. Ayr\u0131ca yine t\u00fcm \u00fclkeler i\u00e7in ayr\u0131 ayr\u0131 haz\u0131rlanm\u0131\u015f k\u0131sa filmler sava\u015f d\u00f6neminin ko\u015fullar\u0131n\u0131 olduk\u00e7a iyi aktar\u0131yor.<br>T\u00fcrkiye, G\u00fcney Kore\u2019ye destek veren \u00fclkeler aras\u0131nda Amerika\u2019n\u0131n ard\u0131ndan en \u00e7ok asker g\u00f6nderen \u00fclke konumundaym\u0131\u015f. Bu bilgi an\u0131t\u0131 gezerken g\u00f6rd\u00fc\u011f\u00fcn\u00fcz her T\u00fcrkiye k\u00f6\u015fesinde kar\u015f\u0131n\u0131za \u00e7\u0131k\u0131yor ve bu durumu \u00f6nemle vurguluyorlar.<br>Binada Kore\u2019nin ge\u00e7mi\u015fte yapt\u0131\u011f\u0131 sava\u015flara ait bilgiler ve foto\u011fraflar bulunan k\u0131s\u0131mlar da var.<\/p>\n\n\n\n<p><\/p>\n","protected":false},"excerpt":{"rendered":"<p>Seul, G\u00fcney Kore\u2019nin ba\u015fkenti ve en b\u00fcy\u00fck \u015fehri. Tarih ve modernli\u011fin i\u00e7 i\u00e7e ge\u00e7ti\u011fi bu metropol, g\u00f6kdelenleri, saraylar\u0131, al\u0131\u015fveri\u015f b\u00f6lgeleri<\/p>\n","protected":false},"author":1,"featured_media":0,"parent":0,"menu_order":0,"comment_status":"closed","ping_status":"closed","template":"","meta":{"om_disable_all_campaigns":false,"_mi_skip_tracking":false},"_links":{"self":[{"href":"https:\/\/istikametburasi.com\/index.php\/wp-json\/wp\/v2\/pages\/595"}],"collection":[{"href":"https:\/\/istikametburasi.com\/index.php\/wp-json\/wp\/v2\/pages"}],"about":[{"href":"https:\/\/istikametburasi.com\/index.php\/wp-json\/wp\/v2\/types\/page"}],"author":[{"embeddable":true,"href":"https:\/\/istikametburasi.com\/index.php\/wp-json\/wp\/v2\/users\/1"}],"replies":[{"embeddable":true,"href":"https:\/\/istikametburasi.com\/index.php\/wp-json\/wp\/v2\/comments?post=595"}],"version-history":[{"count":6,"href":"https:\/\/istikametburasi.com\/index.php\/wp-json\/wp\/v2\/pages\/595\/revisions"}],"predecessor-version":[{"id":2075,"href":"https:\/\/istikametburasi.com\/index.php\/wp-json\/wp\/v2\/pages\/595\/revisions\/2075"}],"wp:attachment":[{"href":"https:\/\/istikametburasi.com\/index.php\/wp-json\/wp\/v2\/media?parent=595"}],"curies":[{"name":"wp","href":"https:\/\/api.w.org\/{rel}","templated":true}]}}