{"id":596,"date":"2024-10-13T21:32:11","date_gmt":"2024-10-13T19:32:11","guid":{"rendered":"https:\/\/istikametburasi.com\/?page_id=596"},"modified":"2024-10-13T21:32:12","modified_gmt":"2024-10-13T19:32:12","slug":"daejeon","status":"publish","type":"page","link":"https:\/\/istikametburasi.com\/index.php\/daejeon\/","title":{"rendered":"DAEJEON"},"content":{"rendered":"\n<p><strong>Daejeon<\/strong>, G\u00fcney Kore\u2019nin be\u015finci b\u00fcy\u00fck \u015fehri olup, \u00fclkenin merkezinde yer al\u0131yor. G\u00fcney Kore\u2019nin bilim ve teknoloji merkezi olarak bilinen Daejeon, ayn\u0131 zamanda \u201cKore\u2019nin Silikon Vadisi\u201d olarak an\u0131l\u0131yor. Y\u00fcksek teknoloji ara\u015ft\u0131rma merkezleri, \u00fcniversiteler ve bilim parklar\u0131 ile \u00fcnl\u00fc olan \u015fehir, modern bir yap\u0131ya sahip olsa da do\u011fal g\u00fczellikleri ve tarihi mekanlar\u0131yla da ziyaret\u00e7ilere keyifli deneyimler sunuyor.<\/p>\n\n\n\n<p>Daha \u00e7ok teknoloji ve \u00fcniversite \u015fehri olarak bilinen Daejeon, turistik bir \u015fehir olmaktan \u00e7ok okumaya gelen yabanc\u0131 \u00f6\u011frencilerin ya\u015fad\u0131\u011f\u0131 bir \u015fehir. B\u00fcy\u00fck \u015firketlerin ofislerinin ve \u00fcretim alanlar\u0131n\u0131n da bulundu\u011fu \u015fehir turistik a\u00e7\u0131dan pek fazla ilgi \u00e7ekmese de kariyer geli\u015ftirme a\u00e7\u0131s\u0131ndan \u00f6nemli bir konumda. K\u00fclt\u00fcrel veya tarihi yap\u0131lardan \u00e7ok bar\u0131nd\u0131rd\u0131\u011f\u0131 geleneksel kapl\u0131calar, do\u011fal alanlar ve m\u00fczeler ile biliniyor.<\/p>\n\n\n\n<p>Beni G\u00fcney Kore maceram\u0131n ba\u015flamas\u0131na sebep olan <strong>KAIST<\/strong> ve Chungnam National University gibi d\u00fcnya \u00e7ap\u0131nda da ba\u015far\u0131l\u0131 olan \u00fcniversitelerin bulundu\u011fu bir \u015fehir.<\/p>\n\n\n\n<p><strong><mark style=\"background-color:rgba(0, 0, 0, 0)\" class=\"has-inline-color has-vivid-red-color\">Daejeon\u2019da Gezilecek Yerler:<\/mark><\/strong><\/p>\n\n\n\n<p>1. <strong>Expo Park<\/strong>: Daejeon\u2019un simgelerinden biri olan Expo Park, 1993 y\u0131l\u0131nda d\u00fczenlenen D\u00fcnya Expo\u2019su i\u00e7in in\u015fa edilmi\u015f bir bilim ve e\u011flence park\u0131. \u00d6zellikle bilim ve teknolojiye ilgi duyanlar i\u00e7in hem e\u011flenceli hem de \u00f6\u011fretici bir deneyim sunuyor. Parkta ayr\u0131ca g\u00f6zlem kulesi de bulunuyor, buradan \u015fehri yukar\u0131dan izleyebilirsiniz.<\/p>\n\n\n\n<p>2. <strong>Daejeon Bilim Park\u0131 (National Science Museum)<\/strong>: Kore\u2019nin bilim ve teknoloji tarihini ke\u015ffedebilece\u011finiz bu m\u00fcze, interaktif sergilerle dolu. Hem \u00e7ocuklar hem de yeti\u015fkinler i\u00e7in bilimsel deneyleri \u00f6\u011frenme ve ke\u015ffetme f\u0131rsat\u0131 sunuyor.<\/p>\n\n\n\n<p>3. <strong>Yuseong Kapl\u0131calar\u0131<\/strong>: Daejeon\u2019da yer alan Yuseong, Kore\u2019nin en eski ve en \u00fcnl\u00fc kapl\u0131ca b\u00f6lgelerinden biri. Y\u00fczlerce y\u0131ld\u0131r \u015fifa kayna\u011f\u0131 olarak bilinen bu termal sular, hem Koreliler hem de turistler aras\u0131nda olduk\u00e7a pop\u00fcler. Yuseong\u2019da halka a\u00e7\u0131k kapl\u0131calar\u0131n yan\u0131 s\u0131ra l\u00fcks spa merkezleri de bulunuyor.<\/p>\n\n\n\n<p>4. <strong>Daecheong G\u00f6l\u00fc<\/strong>: Daejeon\u2019un do\u011fal g\u00fczelliklerinden biri olan bu b\u00fcy\u00fck yapay g\u00f6l, \u015fehrin d\u0131\u015f\u0131nda do\u011fa ile i\u00e7 i\u00e7e vakit ge\u00e7irmek isteyenler i\u00e7in ideal. G\u00f6l \u00e7evresinde y\u00fcr\u00fcy\u00fc\u015f yapabilir, bisiklet s\u00fcrebilir ya da piknik yaparak manzaran\u0131n tad\u0131n\u0131 \u00e7\u0131karabilirsin.<\/p>\n\n\n\n<p>5. <strong>Hanbat Arboretumu<\/strong>: G\u00fcney Kore\u2019nin en b\u00fcy\u00fck kentsel arboretumu olan Hanbat, y\u00fczlerce farkl\u0131 bitki t\u00fcr\u00fcne ev sahipli\u011fi yap\u0131yor. \u015eehir merkezinde do\u011fayla i\u00e7 i\u00e7e huzurlu bir g\u00fcn ge\u00e7irmek isteyenler i\u00e7in m\u00fckemmel bir yer. Farkl\u0131 temalara g\u00f6re ayr\u0131lm\u0131\u015f b\u00f6l\u00fcmleriyle olduk\u00e7a geni\u015f ve gezmesi keyifli.<\/p>\n\n\n\n<p>6. <strong>Dunsan Cheongsa Gungjeong (Dunsan Ye\u015fil Alan\u0131)<\/strong>: \u015eehir merkezinde yer alan bu park, ko\u015fu ve y\u00fcr\u00fcy\u00fc\u015f yapmak isteyenler i\u00e7in geni\u015f alanlar sunuyor. \u00d6zellikle sabahlar\u0131 ve ak\u015fam\u00fcst\u00fc serinli\u011finde keyifli bir y\u00fcr\u00fcy\u00fc\u015f yap\u0131labilir.<\/p>\n\n\n\n<p>7. <strong>Gapsa Tap\u0131na\u011f\u0131<\/strong>: Daejeon yak\u0131nlar\u0131nda, Gyeryongsan Da\u011f\u0131\u2019n\u0131n eteklerinde yer alan Gapsa Tap\u0131na\u011f\u0131, \u015fehrin biraz d\u0131\u015f\u0131nda ama kesinlikle g\u00f6r\u00fclmeye de\u011fer bir yer. Budist tap\u0131nak atmosferiyle huzur arayanlar i\u00e7in m\u00fckemmel bir durak. Ayr\u0131ca tap\u0131nak \u00e7evresinde do\u011fa y\u00fcr\u00fcy\u00fc\u015fleri yapma imkan\u0131 da bulunuyor.<\/p>\n\n\n\n<p>8. <strong>Currency Museum<\/strong>: Para birimi ve ekonomi merakl\u0131lar\u0131 i\u00e7in Kore Merkez Bankas\u0131\u2019na ba\u011fl\u0131 olan bu m\u00fcze, tarihi paralar ve G\u00fcney Kore\u2019nin ekonomik geli\u015fimi hakk\u0131nda bilgiler sunuyor.<\/p>\n\n\n\n<p>9. <strong>Skyroad<\/strong>: Daejeon\u2019un en pop\u00fcler cazibe merkezlerinden biri ve \u015fehirdeki e\u011flence dolu al\u0131\u015fveri\u015f b\u00f6lgesi olan Eunhaeng-dong\u2019da yer al\u0131yor. Bu alan\u0131n en dikkat \u00e7ekici \u00f6zelli\u011fi, devasa LED ekranlarla kapl\u0131 tavan\u0131. Yerden birka\u00e7 metre yukar\u0131da bulunan bu LED ekranlar, geceleri g\u00f6z kama\u015ft\u0131r\u0131c\u0131 \u0131\u015f\u0131k g\u00f6sterileri sunarak ziyaret\u00e7ilere adeta bir g\u00f6rsel \u015f\u00f6len ya\u015fat\u0131yor. Skyroad, \u00f6zellikle ak\u015fam saatlerinde \u00e7ok hareketli oluyor ve hem yerel halk\u0131n hem de turistlerin ilgisini \u00e7ekiyor.<\/p>\n\n\n\n<figure class=\"wp-block-image aligncenter size-large is-resized\"><img decoding=\"async\" loading=\"lazy\" src=\"https:\/\/istikametburasi.com\/wp-content\/uploads\/2023\/10\/daejeon-1024x1024.png\" alt=\"\" class=\"wp-image-1445\" width=\"248\" height=\"248\" srcset=\"https:\/\/istikametburasi.com\/wp-content\/uploads\/2023\/10\/daejeon-1024x1024.png 1024w, https:\/\/istikametburasi.com\/wp-content\/uploads\/2023\/10\/daejeon-300x300.png 300w, https:\/\/istikametburasi.com\/wp-content\/uploads\/2023\/10\/daejeon-150x150.png 150w, https:\/\/istikametburasi.com\/wp-content\/uploads\/2023\/10\/daejeon-768x768.png 768w, https:\/\/istikametburasi.com\/wp-content\/uploads\/2023\/10\/daejeon.png 1080w\" sizes=\"(max-width: 248px) 100vw, 248px\" \/><figcaption class=\"wp-element-caption\"><strong><mark style=\"background-color:rgba(0, 0, 0, 0)\" class=\"has-inline-color has-vivid-red-color\">Skyroad<\/mark><\/strong><\/figcaption><\/figure>\n\n\n\n<p>Daejeon\u2019da bulunan en pop\u00fcler e\u011flence ve al\u0131\u015fveri\u015f alanlar\u0131ndan biri olan Skyroad, pek \u00e7ok restoran, kafe ve e\u011flence merkezi bulunduruyor. \u015eehirdeki en kalabal\u0131k noktalardan biri olan alan ismini sokaklar\u0131 birbirine ba\u011flayan uzun cadde \u00fczerinde yer alan barkovizyondan al\u0131yor.<\/p>\n\n\n\n<p>G\u00fcn i\u00e7inde ziyaret\u00e7ilere keyifli zaman ge\u00e7irtmek i\u00e7in \u00e7e\u015fitli g\u00f6rsel \u015fovlar\u0131n yer ald\u0131\u011f\u0131 bu uzun ekranda belirli bir \u00fccret \u00f6deyerek kendi resminizi de yay\u0131nlatabiliyorsunuz. G\u00fcney Kore\u2019de en me\u015fhur e\u011flence noktalar\u0131ndan olan karaoke barlar ve ateri salonlar\u0131, bu alanda gezerken muhakkak kar\u015f\u0131la\u015faca\u011f\u0131n\u0131z yerler.<\/p>\n\n\n\n<p>Ayr\u0131ca Kore\u2019de bir\u00e7ok \u00f6rne\u011fi bulunan \u201cKedi Kafe\u201d yine Skyroad\u2019da gezerken kar\u015f\u0131la\u015fabilece\u011finiz mekanlardan biri. \u0130\u00e7erisinde her t\u00fcrden kedi bulunan bu kafelere girerken \u00f6zellikle dezenfekte edilmeniz ve size verilen ekipmanlar\u0131 giymeniz gerekiyor. Bir \u015feyler at\u0131\u015ft\u0131r\u0131p kahvelerinizi i\u00e7erken etraf\u0131n\u0131zda dola\u015fan, bazen gelip kuca\u011f\u0131n\u0131zda uyuyan kedilerle zaman ge\u00e7irebiliyorsunuz.<\/p>\n\n\n\n<figure class=\"wp-block-image aligncenter size-large is-resized\"><img decoding=\"async\" loading=\"lazy\" src=\"https:\/\/istikametburasi.com\/wp-content\/uploads\/2023\/10\/daejeon-2-1024x1024.png\" alt=\"\" class=\"wp-image-1446\" width=\"262\" height=\"262\" srcset=\"https:\/\/istikametburasi.com\/wp-content\/uploads\/2023\/10\/daejeon-2-1024x1024.png 1024w, https:\/\/istikametburasi.com\/wp-content\/uploads\/2023\/10\/daejeon-2-300x300.png 300w, https:\/\/istikametburasi.com\/wp-content\/uploads\/2023\/10\/daejeon-2-150x150.png 150w, https:\/\/istikametburasi.com\/wp-content\/uploads\/2023\/10\/daejeon-2-768x768.png 768w, https:\/\/istikametburasi.com\/wp-content\/uploads\/2023\/10\/daejeon-2.png 1080w\" sizes=\"(max-width: 262px) 100vw, 262px\" \/><figcaption class=\"wp-element-caption\"><strong><mark style=\"background-color:rgba(0, 0, 0, 0)\" class=\"has-inline-color has-vivid-red-color\">Yumin Park<\/mark><\/strong><\/figcaption><\/figure>\n\n\n\n<p>\u0130\u00e7erisinde \u00e7i\u00e7eklerden yap\u0131lm\u0131\u015f bir\u00e7ok farkl\u0131 heykeli bulunduran ve \u00e7ok geni\u015f bir alan yay\u0131lan park, \u015fehrin merkezinde nefes alma alan\u0131 olarak biliniyor.<\/p>\n\n\n\n<p>Kendi i\u00e7inde bir\u00e7ok b\u00f6lgeye ayr\u0131lan park\u0131n belirli k\u0131s\u0131mlar\u0131nda kurulan tezgahlar, ziyaret\u00e7ilerin ihtiya\u00e7lar\u0131n\u0131 kar\u015f\u0131lamalar\u0131na veya yeni tatlar tatmalar\u0131na yard\u0131mc\u0131 oluyor. Ayr\u0131ca park\u0131n i\u00e7inde bulunan su kaba\u011f\u0131 t\u00fcneli de yolunuz d\u00fc\u015ferse size harika foto\u011fraf kareleri sunacakt\u0131r.<\/p>\n\n\n\n<figure class=\"wp-block-image aligncenter size-large is-resized\"><img decoding=\"async\" loading=\"lazy\" src=\"https:\/\/istikametburasi.com\/wp-content\/uploads\/2023\/10\/daejeon-3-1024x1024.png\" alt=\"\" class=\"wp-image-1447\" width=\"271\" height=\"271\" srcset=\"https:\/\/istikametburasi.com\/wp-content\/uploads\/2023\/10\/daejeon-3-1024x1024.png 1024w, https:\/\/istikametburasi.com\/wp-content\/uploads\/2023\/10\/daejeon-3-300x300.png 300w, https:\/\/istikametburasi.com\/wp-content\/uploads\/2023\/10\/daejeon-3-150x150.png 150w, https:\/\/istikametburasi.com\/wp-content\/uploads\/2023\/10\/daejeon-3-768x768.png 768w, https:\/\/istikametburasi.com\/wp-content\/uploads\/2023\/10\/daejeon-3.png 1080w\" sizes=\"(max-width: 271px) 100vw, 271px\" \/><figcaption class=\"wp-element-caption\"><strong><mark style=\"background-color:rgba(0, 0, 0, 0)\" class=\"has-inline-color has-vivid-red-color\">Gungdong<\/mark><\/strong><\/figcaption><\/figure>\n\n\n\n<p>Daejeon\u2019da bulunan bir ba\u015fka pop\u00fcler alan. \u0130\u00e7erisinde uluslararas\u0131 mutfaklara ait restoranlar bulunduran sokaklarda olan bu alan, Skyroad gibi bir\u00e7ok e\u011flence merkezine de ev sahipli\u011fi yap\u0131yor.<\/p>\n\n\n\n<p>E\u011fer Daejeon seyahatiniz s\u0131ras\u0131nda g\u00fczel bir \u201cChimaek\u201d (tavuk-bira) yapmak istiyorsan\u0131z kesinlikle Gungdong\u2019da yer alan mekanlardan birine gitmelisiniz. Ayr\u0131ca bu alan Kore\u2019nin olduk\u00e7a \u00f6nde oldu\u011fu kozmetik konusunda da bir\u00e7ok ma\u011faza bulunduruyor.<\/p>\n\n\n\n<figure class=\"wp-block-image aligncenter size-large is-resized\"><img decoding=\"async\" loading=\"lazy\" src=\"https:\/\/istikametburasi.com\/wp-content\/uploads\/2023\/10\/daejeon-4-1024x1024.png\" alt=\"\" class=\"wp-image-1448\" width=\"276\" height=\"276\" srcset=\"https:\/\/istikametburasi.com\/wp-content\/uploads\/2023\/10\/daejeon-4-1024x1024.png 1024w, https:\/\/istikametburasi.com\/wp-content\/uploads\/2023\/10\/daejeon-4-300x300.png 300w, https:\/\/istikametburasi.com\/wp-content\/uploads\/2023\/10\/daejeon-4-150x150.png 150w, https:\/\/istikametburasi.com\/wp-content\/uploads\/2023\/10\/daejeon-4-768x768.png 768w, https:\/\/istikametburasi.com\/wp-content\/uploads\/2023\/10\/daejeon-4.png 1080w\" sizes=\"(max-width: 276px) 100vw, 276px\" \/><figcaption class=\"wp-element-caption\"><strong><mark style=\"background-color:rgba(0, 0, 0, 0)\" class=\"has-inline-color has-vivid-red-color\">Kapl\u0131calar<\/mark><\/strong><\/figcaption><\/figure>\n\n\n\n<p>Deajeon kald\u0131r\u0131mlar\u0131nda s\u00fcs havuzu gibi g\u00f6z\u00fcken su alanlar\u0131 asl\u0131nda Korelilerin g\u00fcnl\u00fck ya\u015fant\u0131lar\u0131 aras\u0131nda 5-10 dakika da olsa ayaklar\u0131n\u0131 i\u00e7ine sokarak dinlendikleri kapl\u0131calar\u0131. G\u00fcney Kore\u2019de pop\u00fcler bir k\u00fclt\u00fcr olan kapl\u0131calar i\u00e7in halk\u0131n kullan\u0131m\u0131nda sunulan ve caddelerin kenarlar\u0131nda g\u00f6rebilece\u011finiz bu havuzlar hari\u00e7 para ile giri\u015f yapabilece\u011finiz \u00f6zel yerler de bulunuyor.<\/p>\n\n\n\n<p><strong><mark style=\"background-color:rgba(0, 0, 0, 0)\" class=\"has-inline-color has-vivid-red-color\">National Science Museum<\/mark><\/strong><\/p>\n\n\n\n<p>Bilim \u015fehri Daejeon\u2019da bulunan en kapsaml\u0131 m\u00fcze. \u0130\u00e7erisinde sizin de dahil olarak \u00f6\u011frenebilece\u011finiz pek \u00e7ok aktivite olan m\u00fczede \u00e7ok keyifli zaman ge\u00e7irebilirsiniz. Her ya\u015f grubundan insana hitaben bir b\u00f6l\u00fcm bulunan ve \u00e7ok geni\u015f bir i\u00e7eri\u011fe sahip olan m\u00fcze, insanl\u0131k tarihinden, bilim d\u00fcnyas\u0131nda kan\u0131tlanm\u0131\u015f deneylere ve gelecekte bizi bekleyen D\u00fcnya\u2019ya ait bir\u00e7ok etkinlik bulunduruyor. Gezerken bu etkinliklerden istedi\u011finize kat\u0131larak m\u00fcze turunuzuz daha keyifli hale gelmesini sa\u011flayabilirsiniz.<\/p>\n\n\n\n<p><strong><mark style=\"background-color:rgba(0, 0, 0, 0)\" class=\"has-inline-color has-vivid-red-color\">Home Plus <\/mark><\/strong><\/p>\n\n\n\n<p>\u015eehrin en u\u011frak al\u0131\u015fveri\u015f merkezi olan Home plus i\u00e7erisinde ihtiyac\u0131n\u0131z olan her t\u00fcrl\u00fc \u00fcr\u00fcn\u00fc bulman\u0131z m\u00fcmk\u00fcn. Deniz mahsullerinden, k\u0131yafete her t\u00fcrl\u00fc d\u00fckkan bulunan yer, \u015fehirdeki \u00f6\u011frencilerin de g\u0131da al\u0131\u015fveri\u015fi i\u00e7in en s\u0131k ziyaret etti\u011fi yer.<\/p>\n","protected":false},"excerpt":{"rendered":"<p>Daejeon, G\u00fcney Kore\u2019nin be\u015finci b\u00fcy\u00fck \u015fehri olup, \u00fclkenin merkezinde yer al\u0131yor. G\u00fcney Kore\u2019nin bilim ve teknoloji merkezi olarak bilinen Daejeon,<\/p>\n","protected":false},"author":1,"featured_media":0,"parent":0,"menu_order":0,"comment_status":"closed","ping_status":"closed","template":"","meta":{"om_disable_all_campaigns":false,"_mi_skip_tracking":false},"_links":{"self":[{"href":"https:\/\/istikametburasi.com\/index.php\/wp-json\/wp\/v2\/pages\/596"}],"collection":[{"href":"https:\/\/istikametburasi.com\/index.php\/wp-json\/wp\/v2\/pages"}],"about":[{"href":"https:\/\/istikametburasi.com\/index.php\/wp-json\/wp\/v2\/types\/page"}],"author":[{"embeddable":true,"href":"https:\/\/istikametburasi.com\/index.php\/wp-json\/wp\/v2\/users\/1"}],"replies":[{"embeddable":true,"href":"https:\/\/istikametburasi.com\/index.php\/wp-json\/wp\/v2\/comments?post=596"}],"version-history":[{"count":3,"href":"https:\/\/istikametburasi.com\/index.php\/wp-json\/wp\/v2\/pages\/596\/revisions"}],"predecessor-version":[{"id":2077,"href":"https:\/\/istikametburasi.com\/index.php\/wp-json\/wp\/v2\/pages\/596\/revisions\/2077"}],"wp:attachment":[{"href":"https:\/\/istikametburasi.com\/index.php\/wp-json\/wp\/v2\/media?parent=596"}],"curies":[{"name":"wp","href":"https:\/\/api.w.org\/{rel}","templated":true}]}}