{"id":598,"date":"2023-10-10T11:02:15","date_gmt":"2023-10-10T09:02:15","guid":{"rendered":"https:\/\/istikametburasi.com\/?page_id=598"},"modified":"2023-10-10T11:02:15","modified_gmt":"2023-10-10T09:02:15","slug":"yeongcheon","status":"publish","type":"page","link":"https:\/\/istikametburasi.com\/index.php\/yeongcheon\/","title":{"rendered":"YEONGCHEON"},"content":{"rendered":"\n<p>Di\u011fer \u015fehirlere g\u00f6re \u00f6zellikle turistler taraf\u0131ndan bir pop\u00fclerli\u011fi olmayan G\u00fcney Kore \u015fehri. Bunun en b\u00fcy\u00fck sebebi g\u00fcnl\u00fck hayat\u0131n veya \u015fehir d\u00fczenin de pek geli\u015fmi\u015f olmamas\u0131.<\/p>\n\n\n\n<p>Fakat \u015fehirde yer alan Manbulsa Tap\u0131na\u011f\u0131, her ne kadar gezilecek tek turistik yer olsa da, olduk\u00e7a etkileyici bir atmosfere sahip.<\/p>\n\n\n\n<p>Daegu\u2019ya gitti\u011finiz zaman e\u011fer zaman\u0131n\u0131z olursa kesinlikle u\u011framan\u0131z gereken bir yer. Daegu\u2019dan otob\u00fcs ile Yeongcheon \u015fehrine vard\u0131\u011f\u0131n\u0131zda, otob\u00fcs terminalinden Manbulsa Tap\u0131na\u011f\u0131 yak\u0131nlar\u0131na giden otob\u00fcse bindikten sonra taksi arac\u0131l\u0131\u011f\u0131yla bu tap\u0131na\u011fa varabiliyorsunuz.<\/p>\n\n\n\n<p><strong><mark style=\"background-color:rgba(0, 0, 0, 0)\" class=\"has-inline-color has-vivid-red-color\">Manbulsa Tap\u0131na\u011f\u0131<\/mark><\/strong><\/p>\n\n\n\n<p>Olduk\u00e7a geni\u015f bir alana yay\u0131lan tap\u0131nak turistler taraf\u0131ndan neredeyse hi\u00e7 gidilmeyen bir yer oldu\u011fu i\u00e7in bizi g\u00f6ren Koreliler ilk ba\u015fta \u00e7ok \u015fa\u015f\u0131rm\u0131\u015ft\u0131. Ard\u0131ndan bu tap\u0131na\u011f\u0131n a\u00e7\u0131k alan\u0131nda yer alan Buda heykellerini ve tap\u0131naklar\u0131n i\u00e7lerini gezerken de kimseyle kar\u015f\u0131la\u015fmay\u0131nca herh\u00e2lde o g\u00fcn tek giden bizdik diye d\u00fc\u015f\u00fcnd\u00fck.<\/p>\n\n\n\n<figure class=\"wp-block-image size-large is-resized\"><img decoding=\"async\" loading=\"lazy\" src=\"https:\/\/istikametburasi.com\/wp-content\/uploads\/2023\/10\/yeongcheon-1-1024x1024.png\" alt=\"\" class=\"wp-image-1453\" width=\"266\" height=\"266\" srcset=\"https:\/\/istikametburasi.com\/wp-content\/uploads\/2023\/10\/yeongcheon-1-1024x1024.png 1024w, https:\/\/istikametburasi.com\/wp-content\/uploads\/2023\/10\/yeongcheon-1-300x300.png 300w, https:\/\/istikametburasi.com\/wp-content\/uploads\/2023\/10\/yeongcheon-1-150x150.png 150w, https:\/\/istikametburasi.com\/wp-content\/uploads\/2023\/10\/yeongcheon-1-768x768.png 768w, https:\/\/istikametburasi.com\/wp-content\/uploads\/2023\/10\/yeongcheon-1.png 1080w\" sizes=\"(max-width: 266px) 100vw, 266px\" \/><\/figure>\n\n\n\n<p><strong>32 metrelik Buda heykeli<\/strong>, tap\u0131na\u011f\u0131n daha \u00fcst k\u0131s\u0131mlar\u0131nda bir tepede yer al\u0131yor. Etraf\u0131nda mezarl\u0131klar bulunan bu Buda heykelinin yanlar\u0131n\u0131 da kendisinin daha minyat\u00fcr hallerinden olu\u015fan heykeller donatm\u0131\u015f.<\/p>\n\n\n\n<p>Tap\u0131na\u011f\u0131n giri\u015f k\u0131sm\u0131nda bulunan merdivenler arac\u0131l\u0131\u011f\u0131 ile ula\u015f\u0131lan bu tepeye varmak i\u00e7in neredeyse bir 20 dakikal\u0131k yorucu yolculu\u011fu a\u015fman\u0131z gerekiyor. Fakat bence bu kadar yorgunluk bu harika atmosfer i\u00e7in de\u011fiyor.<\/p>\n\n\n\n<figure class=\"wp-block-image size-large is-resized\"><img decoding=\"async\" loading=\"lazy\" src=\"https:\/\/istikametburasi.com\/wp-content\/uploads\/2023\/10\/yeongcheon-2-1024x1024.png\" alt=\"\" class=\"wp-image-1454\" width=\"270\" height=\"270\" srcset=\"https:\/\/istikametburasi.com\/wp-content\/uploads\/2023\/10\/yeongcheon-2-1024x1024.png 1024w, https:\/\/istikametburasi.com\/wp-content\/uploads\/2023\/10\/yeongcheon-2-300x300.png 300w, https:\/\/istikametburasi.com\/wp-content\/uploads\/2023\/10\/yeongcheon-2-150x150.png 150w, https:\/\/istikametburasi.com\/wp-content\/uploads\/2023\/10\/yeongcheon-2-768x768.png 768w, https:\/\/istikametburasi.com\/wp-content\/uploads\/2023\/10\/yeongcheon-2.png 1080w\" sizes=\"(max-width: 270px) 100vw, 270px\" \/><\/figure>\n\n\n\n<p><strong>Yatan Buda Heykeli<\/strong>, bu zamana kadar rastlad\u0131\u011f\u0131m t\u00fcm Buda heykellerinden farkl\u0131 olarak yatay bir pozisyondayd\u0131. \u0130badet i\u00e7in gelen Koreliler de bu Buda\u2019n\u0131n ayak k\u0131sm\u0131na ge\u00e7erek ve oradaki sembollere dokunarak ibadetlerini ger\u00e7ekle\u015ftiriyorlard\u0131.<\/p>\n\n\n\n<figure class=\"is-layout-flex wp-block-gallery-1 wp-block-gallery has-nested-images columns-default is-cropped\">\n<figure class=\"wp-block-image size-large\"><img decoding=\"async\" loading=\"lazy\" width=\"1024\" height=\"1024\" data-id=\"1455\"  src=\"https:\/\/istikametburasi.com\/wp-content\/uploads\/2023\/10\/yeongcheon-3-1024x1024.png\" alt=\"\" class=\"wp-image-1455\" srcset=\"https:\/\/istikametburasi.com\/wp-content\/uploads\/2023\/10\/yeongcheon-3-1024x1024.png 1024w, https:\/\/istikametburasi.com\/wp-content\/uploads\/2023\/10\/yeongcheon-3-300x300.png 300w, https:\/\/istikametburasi.com\/wp-content\/uploads\/2023\/10\/yeongcheon-3-150x150.png 150w, https:\/\/istikametburasi.com\/wp-content\/uploads\/2023\/10\/yeongcheon-3-768x768.png 768w, https:\/\/istikametburasi.com\/wp-content\/uploads\/2023\/10\/yeongcheon-3.png 1080w\" sizes=\"(max-width: 1024px) 100vw, 1024px\" \/><\/figure>\n\n\n\n<figure class=\"wp-block-image size-large\"><img decoding=\"async\" loading=\"lazy\" width=\"1024\" height=\"1024\" data-id=\"1457\"  src=\"https:\/\/istikametburasi.com\/wp-content\/uploads\/2023\/10\/yeongcheon-4-1024x1024.png\" alt=\"\" class=\"wp-image-1457\" srcset=\"https:\/\/istikametburasi.com\/wp-content\/uploads\/2023\/10\/yeongcheon-4-1024x1024.png 1024w, https:\/\/istikametburasi.com\/wp-content\/uploads\/2023\/10\/yeongcheon-4-300x300.png 300w, https:\/\/istikametburasi.com\/wp-content\/uploads\/2023\/10\/yeongcheon-4-150x150.png 150w, https:\/\/istikametburasi.com\/wp-content\/uploads\/2023\/10\/yeongcheon-4-768x768.png 768w, https:\/\/istikametburasi.com\/wp-content\/uploads\/2023\/10\/yeongcheon-4.png 1080w\" sizes=\"(max-width: 1024px) 100vw, 1024px\" \/><\/figure>\n\n\n\n<figure class=\"wp-block-image size-large\"><img decoding=\"async\" loading=\"lazy\" width=\"1024\" height=\"1024\" data-id=\"1456\"  src=\"https:\/\/istikametburasi.com\/wp-content\/uploads\/2023\/10\/yeongcheon-5-1024x1024.png\" alt=\"\" class=\"wp-image-1456\" srcset=\"https:\/\/istikametburasi.com\/wp-content\/uploads\/2023\/10\/yeongcheon-5-1024x1024.png 1024w, https:\/\/istikametburasi.com\/wp-content\/uploads\/2023\/10\/yeongcheon-5-300x300.png 300w, https:\/\/istikametburasi.com\/wp-content\/uploads\/2023\/10\/yeongcheon-5-150x150.png 150w, https:\/\/istikametburasi.com\/wp-content\/uploads\/2023\/10\/yeongcheon-5-768x768.png 768w, https:\/\/istikametburasi.com\/wp-content\/uploads\/2023\/10\/yeongcheon-5.png 1080w\" sizes=\"(max-width: 1024px) 100vw, 1024px\" \/><\/figure>\n<\/figure>\n\n\n\n<p>Tap\u0131naklar\u0131n i\u00e7i ise en az bu Buda heykelleri kadar etkileyici. Giri\u015finde ayakkab\u0131lar\u0131n\u0131z\u0131 \u00e7\u0131kararak gezebildi\u011finiz tap\u0131na\u011f\u0131n her k\u00f6\u015fesinde ayr\u0131 bir detay g\u00f6z\u00fcn\u00fcze \u00e7arp\u0131yor. \u00c7e\u015fitli Buda heykelleri, duvar s\u00fcsleri ve k\u00e2\u011f\u0131ttan sanat eserleri ile tap\u0131naklar\u0131n i\u00e7i daha etkileyici bir hal al\u0131yor.<\/p>\n","protected":false},"excerpt":{"rendered":"<p>Di\u011fer \u015fehirlere g\u00f6re \u00f6zellikle turistler taraf\u0131ndan bir pop\u00fclerli\u011fi olmayan G\u00fcney Kore \u015fehri. Bunun en b\u00fcy\u00fck sebebi g\u00fcnl\u00fck hayat\u0131n veya \u015fehir<\/p>\n","protected":false},"author":1,"featured_media":0,"parent":0,"menu_order":0,"comment_status":"closed","ping_status":"closed","template":"","meta":{"om_disable_all_campaigns":false,"_mi_skip_tracking":false},"_links":{"self":[{"href":"https:\/\/istikametburasi.com\/index.php\/wp-json\/wp\/v2\/pages\/598"}],"collection":[{"href":"https:\/\/istikametburasi.com\/index.php\/wp-json\/wp\/v2\/pages"}],"about":[{"href":"https:\/\/istikametburasi.com\/index.php\/wp-json\/wp\/v2\/types\/page"}],"author":[{"embeddable":true,"href":"https:\/\/istikametburasi.com\/index.php\/wp-json\/wp\/v2\/users\/1"}],"replies":[{"embeddable":true,"href":"https:\/\/istikametburasi.com\/index.php\/wp-json\/wp\/v2\/comments?post=598"}],"version-history":[{"count":2,"href":"https:\/\/istikametburasi.com\/index.php\/wp-json\/wp\/v2\/pages\/598\/revisions"}],"predecessor-version":[{"id":1458,"href":"https:\/\/istikametburasi.com\/index.php\/wp-json\/wp\/v2\/pages\/598\/revisions\/1458"}],"wp:attachment":[{"href":"https:\/\/istikametburasi.com\/index.php\/wp-json\/wp\/v2\/media?parent=598"}],"curies":[{"name":"wp","href":"https:\/\/api.w.org\/{rel}","templated":true}]}}