{"id":599,"date":"2023-10-06T23:16:32","date_gmt":"2023-10-06T21:16:32","guid":{"rendered":"https:\/\/istikametburasi.com\/?page_id=599"},"modified":"2024-12-27T21:41:52","modified_gmt":"2024-12-27T19:41:52","slug":"viyana","status":"publish","type":"page","link":"https:\/\/istikametburasi.com\/index.php\/viyana\/","title":{"rendered":"V\u0130YANA"},"content":{"rendered":"\n<figure class=\"is-layout-flex wp-block-gallery-1 wp-block-gallery has-nested-images columns-default is-cropped\">\n<figure class=\"wp-block-image size-large\"><img decoding=\"async\" loading=\"lazy\" width=\"1024\" height=\"1024\" data-id=\"1265\"  src=\"https:\/\/istikametburasi.com\/wp-content\/uploads\/2023\/10\/viyana-2-1024x1024.png\" alt=\"\" class=\"wp-image-1265\" srcset=\"https:\/\/istikametburasi.com\/wp-content\/uploads\/2023\/10\/viyana-2-1024x1024.png 1024w, https:\/\/istikametburasi.com\/wp-content\/uploads\/2023\/10\/viyana-2-300x300.png 300w, https:\/\/istikametburasi.com\/wp-content\/uploads\/2023\/10\/viyana-2-150x150.png 150w, https:\/\/istikametburasi.com\/wp-content\/uploads\/2023\/10\/viyana-2-768x768.png 768w, https:\/\/istikametburasi.com\/wp-content\/uploads\/2023\/10\/viyana-2.png 1080w\" sizes=\"(max-width: 1024px) 100vw, 1024px\" \/><\/figure>\n\n\n\n<figure class=\"wp-block-image size-large\"><img decoding=\"async\" loading=\"lazy\" width=\"1024\" height=\"1024\" data-id=\"1266\"  src=\"https:\/\/istikametburasi.com\/wp-content\/uploads\/2023\/10\/viyana-3-1024x1024.png\" alt=\"\" class=\"wp-image-1266\" srcset=\"https:\/\/istikametburasi.com\/wp-content\/uploads\/2023\/10\/viyana-3-1024x1024.png 1024w, https:\/\/istikametburasi.com\/wp-content\/uploads\/2023\/10\/viyana-3-300x300.png 300w, https:\/\/istikametburasi.com\/wp-content\/uploads\/2023\/10\/viyana-3-150x150.png 150w, https:\/\/istikametburasi.com\/wp-content\/uploads\/2023\/10\/viyana-3-768x768.png 768w, https:\/\/istikametburasi.com\/wp-content\/uploads\/2023\/10\/viyana-3.png 1080w\" sizes=\"(max-width: 1024px) 100vw, 1024px\" \/><\/figure>\n\n\n\n<figure class=\"wp-block-image size-large\"><img decoding=\"async\" loading=\"lazy\" width=\"1024\" height=\"1024\" data-id=\"1267\"  src=\"https:\/\/istikametburasi.com\/wp-content\/uploads\/2023\/10\/viyana-4-1024x1024.png\" alt=\"\" class=\"wp-image-1267\" srcset=\"https:\/\/istikametburasi.com\/wp-content\/uploads\/2023\/10\/viyana-4-1024x1024.png 1024w, https:\/\/istikametburasi.com\/wp-content\/uploads\/2023\/10\/viyana-4-300x300.png 300w, https:\/\/istikametburasi.com\/wp-content\/uploads\/2023\/10\/viyana-4-150x150.png 150w, https:\/\/istikametburasi.com\/wp-content\/uploads\/2023\/10\/viyana-4-768x768.png 768w, https:\/\/istikametburasi.com\/wp-content\/uploads\/2023\/10\/viyana-4.png 1080w\" sizes=\"(max-width: 1024px) 100vw, 1024px\" \/><\/figure>\n<\/figure>\n\n\n\n<p><strong>Viyana: Sanat, M\u00fczik ve Kraliyet \u015eehri<\/strong><\/p>\n\n\n\n<p>Viyana, Avrupa\u2019n\u0131n zarif ba\u015fkenti olarak bilinir ve her k\u00f6\u015fesinde kraliyet ihti\u015fam\u0131n\u0131 hissettirir. Mozart, Beethoven ve Strauss\u2019un ayak izlerini takip edebilece\u011finiz bu \u015fehir, m\u00fczikle i\u00e7 i\u00e7e bir ya\u015fam sunar. Ancak Viyana sadece m\u00fczi\u011fiyle de\u011fil, g\u00f6rkemli saraylar\u0131, nefis kahvehane k\u00fclt\u00fcr\u00fc ve sanata olan tutkusu ile de b\u00fcy\u00fcl\u00fcyor. \u015eehrin sokaklar\u0131nda y\u00fcr\u00fcrken tarihin ve modern hayat\u0131n kusursuz bir \u015fekilde harmanland\u0131\u011f\u0131n\u0131 hissedersiniz. Viyana, her ziyaret\u00e7isine farkl\u0131 bir hikaye anlatan, zamans\u0131z bir atmosfer sunar.<\/p>\n\n\n\n<p>Avrupa&#8217;da kalitesi ile nam salm\u0131\u015f olan Viyana, her mevsim ayr\u0131 bir atmosfere sahip. Temiz, g\u00fcvenli ve g\u00f6rsel \u015f\u00f6len niteli\u011findeki sokaklar\u0131 ile bilinen ba\u015fkenti gezmek i\u00e7in <strong>2-3 tam g\u00fcn<\/strong> ay\u0131rman\u0131z yeterli olacakt\u0131r.<\/p>\n\n\n\n<p><strong><mark style=\"background-color:rgba(0, 0, 0, 0)\" class=\"has-inline-color has-vivid-red-color\">Viyana Yap\u0131lacaklar Listesi:<\/mark><\/strong><\/p>\n\n\n\n<p>\ud83c\udf9fSch\u00f6nbrunn Saray\u0131\u2019n\u0131 gezin<br>\ud83d\udcf8Hundertwasser Evi\u2019nde foto\u011fraf \u00e7ekilin<br>\ud83d\udd7012.00\u2019da Ankeruhr Saati ge\u00e7idini izleyin<br>\u2615\ufe0fCafe Central\u2019de kahve &amp; tatl\u0131<br>\ud83e\udd58Figlm\u00fcller\u2019de Schnitzel yiyin<br>\ud83d\udd14Aziz Stefan Katedrali\u2019ne gidin<br>\ud83c\udf6bMozart \u00c7ikolatalar\u0131n\u0131 tad\u0131n<br>\ud83c\udfa8Albertina M\u00fczesi\u2019ni gezin<br>\ud83c\udfdbBelvedere Saray\u0131\u2019n\u0131 ziyaret edin<br>\ud83d\udc63Graben Caddesi\u2019nde y\u00fcr\u00fcy\u00fcn<br>\ud83c\udde6\ud83c\uddf9Viyana Ulusal Tarih M\u00fczesi\u2019ni g\u00f6r\u00fcn<br>\ud83e\udd6aTrzesniewski\u2019de \u00f6zel sandvi\u00e7leri tad\u0131n<br>\ud83e\udd5eKaiserschmarren tatl\u0131s\u0131n\u0131 yiyin<br>\u2728G\u00fcn\u00fcbirlik Hallstatt turu<br>\ud83c\udfa2Prater Park\u2019ta d\u00f6nme dolaba binin<br>\ud83c\udfbbViyana Devlet Operas\u0131\u2019nda performans izleyin<br>\ud83c\udfb6Karlskirche\u2019de klasik m\u00fczik konserine kat\u0131l\u0131n<br>\ud83c\udf09Donauinsel\u2019de y\u00fcr\u00fcy\u00fc\u015f yap\u0131n<br>\ud83d\udcd6Naschmarkt\u2019ta al\u0131\u015fveri\u015f yap\u0131n<br>\ud83c\udff0Hofburg Saray\u0131\u2019n\u0131 gezin<br>\ud83c\udf77Grinzing\u2019de \u015farap tad\u0131m\u0131 yap\u0131n<br>\ud83d\udea4Tuna Nehri\u2019nde tekne turu yap\u0131n<br>\ud83c\udfdeStadtpark\u2019ta dinlenin<br>\ud83c\udfa5Sigmund Freud M\u00fczesi\u2019ni g\u00f6r\u00fcn<br>\ud83d\uddbcKunsthistorisches Museum\u2019da sanat eserlerini inceleyin<br>\ud83c\udf7a7. B\u00f6lge\u2019de yerel birahaneleri ke\u015ffedin<br>\ud83d\ude82G\u00fcn\u00fcbirlik Bratislava turu yap\u0131n<\/p>\n\n\n\n<p><strong>\u00d6nemli notlar:<\/strong><\/p>\n\n\n\n<p>\ud83c\udf5b Figlm\u00fcller&#8217;e\u00a0gitmeden \u00f6nce MUTLAKA rezervasyon yap\u0131n, aksi takdirde\u00a0yer bulamayabilirsiniz.\u00a0<\/p>\n\n\n\n<p>\u2615\ufe0f Cafe Central i\u00e7in de rezervasyon yapabiliyorsunuz, e\u011fer k\u0131s\u0131tl\u0131 vaktiniz varsa s\u0131ra beklememek i\u00e7in rezervasyon yapabilirsiniz.<\/p>\n\n\n\n<p>\ud83e\udd6a Trzesniewski daha \u00e7ok Avusturyal\u0131lar\u0131n tak\u0131ld\u0131\u011f\u0131 bir yer, konsepti ise k\u00fc\u00e7\u00fck sandvi\u00e7ler. Farkl\u0131 lezzette bir\u00e7ok sandvi\u00e7 var, yan\u0131nda genelde bir kadeh \u015fampanya al\u0131n\u0131yor.<\/p>\n\n\n\n<p>\ud83d\udd70\ufe0f Ankeruhr Saati&#8217;ni m\u00fcmk\u00fcnse \u00f6\u011flen 12&#8217;de g\u00f6recek \u015fekilde planlay\u0131n. Her g\u00fcn o saatte \u00fclkenin tan\u0131nm\u0131\u015f isimlerinin fig\u00fcrleri m\u00fczikler e\u015fli\u011finde saatinin \u00f6n\u00fcnden ge\u00e7iyor, izlemesi keyifli oluyor.<\/p>\n\n\n\n<p>\ud83d\udccc A\u015fa\u011f\u0131da birka\u00e7 turistik durak i\u00e7in\u00a0<strong>k\u0131sa bilgileri<\/strong>\u00a0ekliyorum, \u015fehri gezerken bu duraklar\u0131n tarihi \u00f6nemi gibi detaylar\u0131 bulabilirsiniz.<\/p>\n\n\n\n<p><strong>\ud83c\udf9f Sch\u00f6nbrunn Saray\u0131<\/strong><\/p>\n\n\n\n<p>Sch\u00f6nbrunn Saray\u0131, Viyana\u2019n\u0131n en ikonik yap\u0131lar\u0131ndan biri ve Avusturya \u0130mparatorlu\u011fu\u2019nun ihti\u015fam\u0131n\u0131 g\u00f6zler \u00f6n\u00fcne seriyor. 1.441 odal\u0131 bu saray, Habsburg Hanedan\u0131\u2019n\u0131n yazl\u0131k ikametgah\u0131 olarak kullan\u0131lm\u0131\u015f. Saray\u0131n i\u00e7inde yer alan \u201cAyna Salonu\u201d ve Maria Theresa\u2019n\u0131n \u00f6zel odalar\u0131, tarihe adeta bir pencere a\u00e7\u0131yor. Bah\u00e7eleri ise ayr\u0131 bir g\u00fczellikte; \u00f6zellikle Gloriette Tepesi\u2019ne \u00e7\u0131karak hem saray\u0131 hem de Viyana\u2019n\u0131n muhte\u015fem manzaras\u0131n\u0131 izleyebilirsiniz. Ziyaretinizi tam anlam\u0131yla tamamlamak i\u00e7in saray\u0131n i\u00e7inde rehberli bir tura kat\u0131lmay\u0131 unutmay\u0131n.<\/p>\n\n\n\n<p><strong>\ud83d\udd70 Ankeruhr Saati<\/strong><\/p>\n\n\n\n<p>Viyana\u2019n\u0131n en ilgin\u00e7 duraklar\u0131ndan biri olan Ankeruhr Saati, Hoher Markt Meydan\u0131\u2019nda bulunuyor. Art Nouveau tarz\u0131nda tasarlanan bu saat, 12 fig\u00fcrl\u00fck bir ge\u00e7it t\u00f6renine ev sahipli\u011fi yap\u0131yor. Her g\u00fcn saat 12:00\u2019de, Viyana\u2019n\u0131n tarihinden \u00fcnl\u00fc ki\u015filikler s\u0131rayla saatin \u00f6n\u00fcnden ge\u00e7iyor. G\u00f6steriyi izlerken hem sanat\u0131n hem de tarihin e\u015fsiz bir birle\u015fimini hissediyorsunuz. Meydana erkenden gidip g\u00fczel bir yer kapman\u0131z\u0131 \u00f6neririm, \u00e7\u00fcnk\u00fc saat, Viyana\u2019n\u0131n olduk\u00e7a pop\u00fcler cazibe merkezlerinden biri.<\/p>\n\n\n\n<p><strong>\ud83d\udd4a Aziz Stefan Katedrali<\/strong><\/p>\n\n\n\n<p>Viyana\u2019n\u0131n kalbinde y\u00fckselen Aziz Stefan Katedrali, Gotik mimarisiyle b\u00fcy\u00fcleyici bir yap\u0131. 12. y\u00fczy\u0131ldan beri \u015fehrin simgesi olan bu katedral, 136 metre y\u00fcksekli\u011findeki G\u00fcney Kulesi ile \u015fehrin bir\u00e7ok noktas\u0131ndan g\u00f6r\u00fclebilir. \u0130\u00e7erideki detayl\u0131 vitraylar ve tarihi mezarlar, ziyaret\u00e7ileri adeta ge\u00e7mi\u015fe g\u00f6t\u00fcr\u00fcyor. E\u011fer enerjiniz varsa, G\u00fcney Kulesi\u2019ne \u00e7\u0131karak Viyana\u2019n\u0131n panoramik manzaras\u0131n\u0131 g\u00f6rebilirsiniz. Katedral, hem mimarisi hem de dini \u00f6nemiyle Viyana\u2019da g\u00f6r\u00fclmesi gereken yerlerin ba\u015f\u0131nda geliyor.<\/p>\n\n\n\n<p><strong>\ud83c\udfbb Viyana Devlet Operas\u0131<\/strong><\/p>\n\n\n\n<p>Viyana, m\u00fczi\u011fin ba\u015fkenti olarak an\u0131l\u0131r ve Devlet Operas\u0131 bu unvan\u0131 fazlas\u0131yla hak ediyor. 1869 y\u0131l\u0131nda a\u00e7\u0131lan bu g\u00f6rkemli yap\u0131, d\u00fcnyan\u0131n en iyi performanslar\u0131n\u0131n sergilendi\u011fi bir sahne. Operan\u0131n i\u00e7indeki detayl\u0131 dekorasyon, mermer merdivenler ve muhte\u015fem avizeler, ba\u015fl\u0131 ba\u015f\u0131na bir sanat eseri. Burada bir performansa kat\u0131lma \u015fans\u0131n\u0131z varsa, ka\u00e7\u0131rmaman\u0131z gereken bir deneyim. Biletler genellikle h\u0131zl\u0131 t\u00fckeniyor, bu y\u00fczden \u00f6nceden rezervasyon yapt\u0131rman\u0131z faydal\u0131 olur.<\/p>\n\n\n\n<p><strong>\ud83c\udfa2 Prater Park ve D\u00f6nme Dolap<\/strong><\/p>\n\n\n\n<p>Prater Park, Viyana\u2019n\u0131n e\u011flence ve do\u011fa ile bulu\u015ftu\u011fu yer. Park\u0131n simgesi olan dev d\u00f6nme dolap, \u015fehrin en g\u00fczel manzaralar\u0131n\u0131 sunuyor. 1897\u2019den beri hizmet veren bu tarihi d\u00f6nme dolap, Viyana\u2019n\u0131n nostaljik atmosferini hissetmek i\u00e7in m\u00fckemmel bir se\u00e7enek. Parkta sadece d\u00f6nme dolap de\u011fil, ayn\u0131 zamanda \u00e7ocuklar ve yeti\u015fkinler i\u00e7in \u00e7e\u015fitli e\u011flenceler bulabilirsiniz. G\u00fcn\u00fcn\u00fcz\u00fc burada ge\u00e7irmek, Viyana\u2019n\u0131n ne\u015feli y\u00fcz\u00fcn\u00fc g\u00f6rmek i\u00e7in harika bir yol.<\/p>\n\n\n\n<p><strong>\u2615\ufe0f Cafe Central<\/strong><\/p>\n\n\n\n<p>Viyana\u2019n\u0131n kahve k\u00fclt\u00fcr\u00fcn\u00fc deneyimlemek i\u00e7in en iyi adreslerden biri olan Cafe Central, tarihi atmosferiyle b\u00fcy\u00fcleyici bir mekan. 19. y\u00fczy\u0131lda Freud, Trotsky ve Zweig gibi \u00fcnl\u00fc isimlerin bulu\u015fma noktas\u0131 olan bu kafe, hala klasik Viyana kahvesi ve tatl\u0131lar\u0131yla ziyaret\u00e7ilerini cezbediyor. Burada bir Melange kahvesi sipari\u015f edip, yan\u0131nda geleneksel bir Apfelstrudel ya da Sachertorte ile keyifli bir mola verebilirsiniz. \u0130\u00e7 dekorasyonu ve zarafetiyle, kendinizi bir d\u00f6nem filminin i\u00e7indeymi\u015f gibi hissedeceksiniz.<\/p>\n\n\n\n<p><strong>A\u015fa\u011f\u0131da Viyana seyahatinizde ihtiyac\u0131n\u0131z olabilecek Saray giri\u015f biletleri ve turlar i\u00e7in linkleri bulabilirsiniz<\/strong><\/p>\n\n\n\n<p><strong><a href=\"https:\/\/gyg.me\/FJVGh9B5\" target=\"_blank\" rel=\"noreferrer noopener\"><mark style=\"background-color:rgba(0, 0, 0, 0)\" class=\"has-inline-color has-vivid-red-color\">V\u0130YANA&#8217;DAN HALLSTATT&#8217;A G\u00dcN\u00dcB\u0130RL\u0130K TUR L\u0130NK\u0130<\/mark><\/a><\/strong><\/p>\n\n\n\n<p><strong><a href=\"https:\/\/gyg.me\/r5srKWBr\" target=\"_blank\" rel=\"noreferrer noopener\"><mark style=\"background-color:rgba(0, 0, 0, 0)\" class=\"has-inline-color has-vivid-red-color\">SCH\u00d6NBRUNN SARAYI VE BAH\u00c7E REHBERL\u0130 TUR <\/mark><\/a><\/strong><\/p>\n\n\n\n<p><a href=\"https:\/\/gyg.me\/EyOCbR0R\" target=\"_blank\" rel=\"noreferrer noopener\"><strong><mark style=\"background-color:rgba(0, 0, 0, 0)\" class=\"has-inline-color has-vivid-red-color\">BELVEDERE SARAYI G\u0130R\u0130\u015e B\u0130LET\u0130<\/mark><\/strong><\/a><\/p>\n\n\n\n<p><a rel=\"noreferrer noopener\" href=\"https:\/\/gyg.me\/zY2JyDMC\" target=\"_blank\"><strong><mark style=\"background-color:rgba(0, 0, 0, 0)\" class=\"has-inline-color has-vivid-red-color\">VIVALDI&#8217;S FOUR SEASON KONSER\u0130<\/mark><\/strong><\/a> (Viyana seyahatinizden haftalar \u00f6nce kontrol edip bilet alman\u0131z\u0131 \u00f6neririm)<\/p>\n\n\n\n<p>Viyana ile ilgili t\u00fcm detaylar\u0131&nbsp;<a href=\"https:\/\/www.instagram.com\/istikametburasi\">Instagram profilimde<\/a>&nbsp;\u00f6ne \u00e7\u0131kanlar k\u0131sm\u0131ndaki \u201c\ud83c\udde6\ud83c\uddf9 Viyana\u201d ba\u015fl\u0131\u011f\u0131 alt\u0131nda bulabilirsiniz.<\/p>\n","protected":false},"excerpt":{"rendered":"<p>Viyana: Sanat, M\u00fczik ve Kraliyet \u015eehri Viyana, Avrupa\u2019n\u0131n zarif ba\u015fkenti olarak bilinir ve her k\u00f6\u015fesinde kraliyet ihti\u015fam\u0131n\u0131 hissettirir. Mozart, Beethoven<\/p>\n","protected":false},"author":1,"featured_media":0,"parent":0,"menu_order":0,"comment_status":"closed","ping_status":"closed","template":"","meta":{"om_disable_all_campaigns":false,"_mi_skip_tracking":false},"_links":{"self":[{"href":"https:\/\/istikametburasi.com\/index.php\/wp-json\/wp\/v2\/pages\/599"}],"collection":[{"href":"https:\/\/istikametburasi.com\/index.php\/wp-json\/wp\/v2\/pages"}],"about":[{"href":"https:\/\/istikametburasi.com\/index.php\/wp-json\/wp\/v2\/types\/page"}],"author":[{"embeddable":true,"href":"https:\/\/istikametburasi.com\/index.php\/wp-json\/wp\/v2\/users\/1"}],"replies":[{"embeddable":true,"href":"https:\/\/istikametburasi.com\/index.php\/wp-json\/wp\/v2\/comments?post=599"}],"version-history":[{"count":8,"href":"https:\/\/istikametburasi.com\/index.php\/wp-json\/wp\/v2\/pages\/599\/revisions"}],"predecessor-version":[{"id":2244,"href":"https:\/\/istikametburasi.com\/index.php\/wp-json\/wp\/v2\/pages\/599\/revisions\/2244"}],"wp:attachment":[{"href":"https:\/\/istikametburasi.com\/index.php\/wp-json\/wp\/v2\/media?parent=599"}],"curies":[{"name":"wp","href":"https:\/\/api.w.org\/{rel}","templated":true}]}}